{"id":1322,"date":"2024-02-04T14:29:31","date_gmt":"2024-02-04T13:29:31","guid":{"rendered":"https:\/\/nordicstream.tv\/dk\/?page_id=1322"},"modified":"2025-10-25T10:15:06","modified_gmt":"2025-10-25T09:15:06","slug":"betalingsmetoder","status":"publish","type":"page","link":"https:\/\/nordicstream.io\/dk\/betalingsmetoder\/","title":{"rendered":"Betalingsmetoder"},"content":{"rendered":"\t<section class=\"section\" id=\"section_1843828638\">\n\t\t<div class=\"bg section-bg fill bg-fill  bg-loaded\" >\n\n\t\t\t\n\t\t\t\n\t\t\t\n\n\t\t<\/div>\n\n\t\t\n\n\t\t<div class=\"section-content relative\">\n\t\t\t\n<div class=\"row row-full-width align-center\"  id=\"row-146213088\">\n\n\t<div id=\"col-274057273\" class=\"col medium-8 small-12 large-8\"  >\n\t\t\t\t<div class=\"col-inner text-left\"  >\n\t\t\t\n\t\t\t\n<div class=\"container section-title-container\" ><h3 class=\"section-title section-title-normal\"><b><\/b><span class=\"section-title-main\" >S\u00e5dan betaler du<\/span><b><\/b><\/h3><\/div>\n<h3 class=\"accordion_title\">Betalingsmetoder<\/h3><div class=\"accordion\">\n\t<div id=\"accordion-2671690682\" class=\"accordion-item\">\n\t\t<a id=\"accordion-2671690682-label\" class=\"accordion-title plain\" href aria-expanded=\"false\" aria-controls=\"accordion-2671690682-content\" >\n\t\t\t<button class=\"toggle\" aria-label=\"Sl\u00e5 til\/fra\"><i class=\"icon-angle-down\"><\/i><\/button>\n\t\t\t<span>Alternativ 1: BT.CX (Kort)<\/span>\n\t\t<\/a>\n\t\t<div id=\"accordion-2671690682-content\" class=\"accordion-inner\" aria-labelledby=\"accordion-2671690682-label\" >\n\t\t\t\n<ol>\n<li><a href=\"https:\/\/bt.cx\/sv\/express\/\" target=\"_blank\" rel=\"noopener\">Klik her for at logge ind eller oprette en konto hos bt.cx.<\/a><br \/>(https:\/\/bt.cx\/sv\/express\/)<\/li>\n<li>Indtast det bel\u00f8b, du skal betale til Nordicstream, og s\u00f8rg for, at du har omregnet korrekt til EUR.<\/li>\n<li>Indtast derefter dit personnummer nedenfor og forts\u00e6t med enten BankID eller Freja.<br \/><img decoding=\"async\" class=\"alignnone size-medium wp-image-1090\" src=\"https:\/\/nordicstream.io\/dk\/wp-content\/uploads\/2024\/01\/btxc1-342x400.png\" alt=\"\" width=\"342\" height=\"400\" \/><\/li>\n<li>F\u00f8lg instruktionerne p\u00e5 n\u00e6ste side og gennemf\u00f8r<br \/>identifikationen.<\/li>\n<li>Indtast derefter dine personlige oplysninger som vist p\u00e5 billedet<br \/>nedenfor. Udfyld e-mail og mobilnummer, og klik derefter<br \/>n\u00e6ste<img decoding=\"async\" class=\"alignnone size-full wp-image-1091\" src=\"https:\/\/nordicstream.io\/dk\/wp-content\/uploads\/2024\/01\/btcx2.png\" alt=\"\" width=\"629\" height=\"396\" \/><\/li>\n<li>Hvis denne boks dukker op p\u00e5 n\u00e6ste side, udfyld den og<br \/>klik n\u00e6ste \u2014 du er n\u00e6sten f\u00e6rdig<img decoding=\"async\" class=\"alignnone size-medium wp-image-1092\" src=\"https:\/\/nordicstream.io\/dk\/wp-content\/uploads\/2024\/01\/btcx3-647x400.png\" alt=\"\" width=\"647\" height=\"400\" \/><\/li>\n<li>G\u00e5 tilbage til ordren og tryk p\u00e5 denne knap \u201cSEND BITCOIN<br \/>TO THIS ADDRESS.\u201d BEM\u00c6RK! Prioriteret ordre SKAL V\u00c6RE AFKRYDSFET!<img decoding=\"async\" class=\"alignnone size-medium wp-image-1093\" src=\"https:\/\/nordicstream.io\/dk\/wp-content\/uploads\/2024\/01\/btcx4-544x400.png\" alt=\"\" width=\"544\" height=\"400\" \/><\/li>\n<li>Klik derefter p\u00e5 N\u00e6ste.<\/li>\n<li>Vi er n\u00e6sten f\u00e6rdige! Kryds af i \u201cJeg accepterer BTCX\u2019s<br \/>brugerbetingelser\u201d og klik derefter p\u00e5 \u201cBetal med kreditkort.\u201d<img decoding=\"async\" class=\"alignnone size-full wp-image-1095\" src=\"https:\/\/nordicstream.io\/dk\/wp-content\/uploads\/2024\/01\/btcx5.png\" alt=\"\" width=\"670\" height=\"399\" \/><\/li>\n<li>Indtast dine kortoplysninger p\u00e5 n\u00e6ste side og klik<br \/>betal \u2014 betalingen er nu gennemf\u00f8rt.<\/li>\n<\/ol>\n\t\t<\/div>\n\t<\/div>\n\t\n\t<div id=\"accordion-786955293\" class=\"accordion-item\">\n\t\t<a id=\"accordion-786955293-label\" class=\"accordion-title plain\" href=\"#moonpay\" aria-expanded=\"false\" aria-controls=\"accordion-786955293-content\" >\n\t\t\t<button class=\"toggle\" aria-label=\"Sl\u00e5 til\/fra\"><i class=\"icon-angle-down\"><\/i><\/button>\n\t\t\t<span>Alternativ 2: MoonPay<\/span>\n\t\t<\/a>\n\t\t<div id=\"accordion-786955293-content\" class=\"accordion-inner\" aria-labelledby=\"accordion-786955293-label\" >\n\t\t\t\n<ol>\n<li><a href=\"https:\/\/www.moonpay.com\/en-gb\/buy\" target=\"_blank\" rel=\"noopener\">Klik her for at g\u00e5 til MoonPay<\/a><br \/>(<a href=\"https:\/\/www.moonpay.com\/en-gb\/buy\" target=\"_blank\" rel=\"noopener\">https:\/\/www.moonpay.com\/en-gb\/buy<\/a>)<\/li>\n<li>S\u00f8rg for, at SEK er valgt, hvis ikke, skal du \u00e6ndre det til SEK. Indtast det bel\u00f8b, du skal betale i SEK, og klik p\u00e5 &#8220;Forts\u00e6t&#8221;.<br \/><img decoding=\"async\" class=\"alignnone size-medium wp-image-1084\" src=\"https:\/\/nordicstream.io\/wp-content\/uploads\/2024\/01\/moon1-1-290x400.png\" alt=\"\" width=\"290\" height=\"400\" \/><\/li>\n<li>Opret en konto, hvis du ikke allerede har en. F\u00f8lg instruktionerne og bekr\u00e6ft din e-mail.<br \/><img decoding=\"async\" class=\"alignnone size-medium wp-image-1086\" src=\"https:\/\/nordicstream.io\/wp-content\/uploads\/2024\/01\/moon-2-289x400.png\" alt=\"\" width=\"289\" height=\"400\" \/><\/li>\n<li>Bekr\u00e6ft din identitet.<br \/><img decoding=\"async\" class=\"alignnone size-medium wp-image-1087\" src=\"https:\/\/nordicstream.io\/wp-content\/uploads\/2024\/01\/moon-3-285x400.png\" alt=\"\" width=\"285\" height=\"400\" \/><\/li>\n<li>Indtast BTC-adressen til venstre (p\u00e5 computeren) eller over (p\u00e5 mobil). <strong>S\u00f8rg for, at HELE adressen er kopieret.<\/strong><\/li>\n<li>Indtast dine kortoplysninger og klik p\u00e5 &#8220;K\u00f8b nu&#8221;.<\/li>\n<li>Nu er du f\u00e6rdig! Det kan tage op til 2 timer i normale tilf\u00e6lde, f\u00f8r systemet registrerer din betaling.<\/li>\n<\/ol>\n\t\t<\/div>\n\t<\/div>\n\t\n\t<div id=\"accordion-3388396733\" class=\"accordion-item\">\n\t\t<a id=\"accordion-3388396733-label\" class=\"accordion-title plain\" href=\"#paybis\" aria-expanded=\"false\" aria-controls=\"accordion-3388396733-content\" >\n\t\t\t<button class=\"toggle\" aria-label=\"Sl\u00e5 til\/fra\"><i class=\"icon-angle-down\"><\/i><\/button>\n\t\t\t<span>Alternativ 3: PayBis<\/span>\n\t\t<\/a>\n\t\t<div id=\"accordion-3388396733-content\" class=\"accordion-inner\" aria-labelledby=\"accordion-3388396733-label\" >\n\t\t\t\n<div class=\"elementor-element elementor-element-78f449a elementor-widget elementor-widget-text-editor\" data-id=\"78f449a\" data-element_type=\"widget\" data-widget_type=\"text-editor.default\">\n<div class=\"elementor-widget-container\">\n<ol>\n<li>Bes\u00f8g <a href=\"http:\/\/www.paybis.com\/\" target=\"_blank\" rel=\"noopener\">www.paybis.com<\/a><\/li>\n<li>Indtast det bel\u00f8b, du skal overf\u00f8re i SEK, og klik derefter p\u00e5 &#8220;K\u00f8b Bitcoin.&#8221;<br \/><img decoding=\"async\" class=\"alignnone size-medium wp-image-1105\" src=\"https:\/\/nordicstream.io\/wp-content\/uploads\/2024\/01\/Paybis1-381x400.png\" alt=\"\" width=\"381\" height=\"400\" \/><\/li>\n<li>Indtast din e-mail og verificer den (du vil modtage en e-mail med en kode for at bekr\u00e6fte din e-mailadresse).<br \/><img decoding=\"async\" class=\"alignnone size-medium wp-image-1104\" src=\"https:\/\/nordicstream.io\/wp-content\/uploads\/2024\/01\/Paybis2-413x400.png\" alt=\"\" width=\"413\" height=\"400\" \/><\/li>\n<li>S\u00f8rg for, at &#8220;External wallet&#8221; er valgt. Kopier og inds\u00e6t derefter den Bitcoin-adresse, du modtog i forbindelse med din ordre.<br \/><img decoding=\"async\" class=\"alignnone size-medium wp-image-1103\" src=\"https:\/\/nordicstream.io\/wp-content\/uploads\/2024\/01\/Paybis-3-535x400.png\" alt=\"\" width=\"535\" height=\"400\" \/><\/li>\n<li>Klik derefter p\u00e5 &#8220;New Card.&#8221;<br \/><img decoding=\"async\" class=\"alignnone size-medium wp-image-1102\" src=\"https:\/\/nordicstream.io\/wp-content\/uploads\/2024\/01\/Paybis4-244x400.png\" alt=\"\" width=\"244\" height=\"400\" \/><\/li>\n<li>Udfyld dine oplysninger og klik derefter p\u00e5 &#8220;Betal.&#8221; Nu er du f\u00e6rdig.<\/li>\n<\/ol>\n<\/div>\n<\/div>\n\t\t<\/div>\n\t<\/div>\n\t\n\t<div id=\"accordion-3360335117\" class=\"accordion-item\">\n\t\t<a id=\"accordion-3360335117-label\" class=\"accordion-title plain\" href=\"#ramp\" aria-expanded=\"false\" aria-controls=\"accordion-3360335117-content\" >\n\t\t\t<button class=\"toggle\" aria-label=\"Sl\u00e5 til\/fra\"><i class=\"icon-angle-down\"><\/i><\/button>\n\t\t\t<span>Alternativ 4: RAMP<\/span>\n\t\t<\/a>\n\t\t<div id=\"accordion-3360335117-content\" class=\"accordion-inner\" aria-labelledby=\"accordion-3360335117-label\" >\n\t\t\t\n<ol>\n<li>G\u00e5 til <a href=\"https:\/\/ramp.network\/buy\/\" target=\"_blank\" rel=\"noopener\">https:\/\/ramp.network\/buy\/<\/a><\/li>\n<li>S\u00f8rg for, at SEK er valgt. Hvis det ikke er, skal du \u00e6ndre det til SEK. Indtast det bel\u00f8b i SEK, du skal betale, og klik derefter p\u00e5 &#8220;Forts\u00e6t.&#8221;<br \/><img decoding=\"async\" class=\"alignnone size-medium wp-image-1056\" src=\"https:\/\/nordicstream.io\/wp-content\/uploads\/2024\/01\/Skarmavbild-2023-04-30-kl-277x400.webp\" alt=\"\" width=\"277\" height=\"400\" \/><\/li>\n<li>Indtast Bitcoin-adressen, som vises til venstre (p\u00e5 computeren) eller over (p\u00e5 mobil) som vist p\u00e5 billedet nedenfor, og klik derefter p\u00e5 CONFIRM &amp; PROCEED.<br \/><img decoding=\"async\" class=\"alignnone size-medium wp-image-1057\" src=\"https:\/\/nordicstream.io\/wp-content\/uploads\/2024\/01\/Skarmavbild-2023-04-30-kl-1-529x400.webp\" alt=\"\" width=\"529\" height=\"400\" \/><\/li>\n<li>V\u00e6lg CARD og derefter PROCEED.<br \/><img decoding=\"async\" class=\"alignnone size-medium wp-image-1058\" src=\"https:\/\/nordicstream.io\/wp-content\/uploads\/2024\/01\/Skarmavbild-2023-04-30-kl-2-617x400.webp\" alt=\"\" width=\"617\" height=\"400\" \/><\/li>\n<li>Indtast dine oplysninger som vist p\u00e5 billedet nedenfor og klik derefter p\u00e5 save billing address. <br \/><img decoding=\"async\" class=\"alignnone size-medium wp-image-1059\" src=\"https:\/\/nordicstream.io\/wp-content\/uploads\/2024\/01\/Skarmavbild-2023-04-30-kl-3-612x400.webp\" alt=\"\" width=\"612\" height=\"400\" \/><\/li>\n<li>Indtast dine kortoplysninger og klik derefter p\u00e5 add card.<br \/><img decoding=\"async\" class=\"alignnone size-medium wp-image-1060\" src=\"https:\/\/nordicstream.io\/wp-content\/uploads\/2024\/01\/Skarmavbild-2023-04-30-kl-4-647x400.webp\" alt=\"\" width=\"647\" height=\"400\" \/><\/li>\n<li>Klik derefter p\u00e5 BUY NOW. Nu er du f\u00e6rdig.<br \/><img decoding=\"async\" class=\"alignnone size-medium wp-image-1061\" src=\"https:\/\/nordicstream.io\/wp-content\/uploads\/2024\/01\/Skarmavbild-2023-04-30-kl-5-444x400.webp\" alt=\"\" width=\"444\" height=\"400\" \/><\/li>\n<\/ol>\n\t\t<\/div>\n\t<\/div>\n\t\n\t<div id=\"accordion-3068872849\" class=\"accordion-item\">\n\t\t<a id=\"accordion-3068872849-label\" class=\"accordion-title plain\" href=\"#firi\" aria-expanded=\"false\" aria-controls=\"accordion-3068872849-content\" >\n\t\t\t<button class=\"toggle\" aria-label=\"Sl\u00e5 til\/fra\"><i class=\"icon-angle-down\"><\/i><\/button>\n\t\t\t<span>Alternativ 5: Firi Danmark (MitID) - Kun eksisterende Firi-kunder!<\/span>\n\t\t<\/a>\n\t\t<div id=\"accordion-3068872849-content\" class=\"accordion-inner\" aria-labelledby=\"accordion-3068872849-label\" >\n\t\t\t\n<ol>\n<li>G\u00e5 til <a href=\"https:\/\/platform.firi.com\/sign-up\">https:\/\/platform.firi.com\/sign-up<br \/><img decoding=\"async\" class=\"alignnone size-medium wp-image-1205\" src=\"https:\/\/nordicstream.io\/dk\/wp-content\/uploads\/sites\/3\/2024\/01\/image1-575x400.png\" alt=\"\" width=\"575\" height=\"400\" srcset=\"https:\/\/nordicstream.io\/wp-content\/uploads\/sites\/3\/2024\/01\/image1-575x400.png 575w, https:\/\/nordicstream.io\/wp-content\/uploads\/sites\/3\/2024\/01\/image1-1149x800.png 1149w, https:\/\/nordicstream.io\/wp-content\/uploads\/sites\/3\/2024\/01\/image1-768x535.png 768w, https:\/\/nordicstream.io\/wp-content\/uploads\/sites\/3\/2024\/01\/image1-300x209.png 300w, https:\/\/nordicstream.io\/wp-content\/uploads\/sites\/3\/2024\/01\/image1-600x418.png 600w, https:\/\/nordicstream.io\/wp-content\/uploads\/sites\/3\/2024\/01\/image1.png 1346w\" sizes=\"(max-width: 575px) 100vw, 575px\" \/><\/a><\/li>\n<li style=\"font-weight: 400;\" aria-level=\"1\"><span style=\"font-weight: 400;\">Tryk p\u00e5\u00a0<\/span><b>Tilf\u00f8j penge<\/b><span style=\"font-weight: 400;\">.<\/span><\/li>\n<li style=\"font-weight: 400;\" aria-level=\"1\"><span style=\"font-weight: 400;\">Skriv bel\u00f8bet du \u00f8nsker at s\u00e6tte ind.<\/span><\/li>\n<li style=\"font-weight: 400;\" aria-level=\"1\"><span style=\"font-weight: 400;\">Skriv navn p\u00e5 banken du \u00f8nsker at betale fra i s\u00f8gefeltet.<\/span><\/li>\n<li style=\"font-weight: 400;\" aria-level=\"1\"><span style=\"font-weight: 400;\">Giv adgang til den konto du vil betale fra med MitID<\/span><\/li>\n<li style=\"font-weight: 400;\" aria-level=\"1\"><span style=\"font-weight: 400;\">Godkend betalingen med MitID<\/span><\/li>\n<li style=\"font-weight: 400;\" aria-level=\"1\"><span style=\"font-weight: 400;\">G\u00e5 til \u201cHandel\u201d og tryk p\u00e5 \u201cK\u00f8b krypto\u201d.<\/span><\/li>\n<li style=\"font-weight: 400;\" aria-level=\"1\"><span style=\"font-weight: 400;\">V\u00e6lg BTC fra listen over kryptovalutaer.<\/span><\/li>\n<li style=\"font-weight: 400;\" aria-level=\"1\"><span style=\"font-weight: 400;\">Skriv bel\u00f8bet i DKK.<br \/><\/span><\/li>\n<li style=\"font-weight: 400;\" aria-level=\"1\"><span style=\"font-weight: 400;\">V\u00e6lg betalingsmetode \u201cDirekte k\u00f8b med ApplePay eller Kort\u201d fra menuen.<\/span><\/li>\n<li style=\"font-weight: 400;\" aria-level=\"1\"><span style=\"font-weight: 400;\">Tryk p\u00e5 Forh\u00e5ndsvis k\u00f8b.<\/span><\/li>\n<li style=\"font-weight: 400;\" aria-level=\"1\"><span style=\"font-weight: 400;\">Accept\u00e9r betingelser og godkend med MitID<\/span><\/li>\n<li style=\"font-weight: 400;\" aria-level=\"1\"><span style=\"font-weight: 400;\">Dit k\u00f8b er nu gennemf\u00f8rt.<br \/><img decoding=\"async\" class=\"alignnone size-medium wp-image-1207\" src=\"https:\/\/nordicstream.io\/dk\/wp-content\/uploads\/sites\/3\/2024\/01\/image3-740x400.png\" alt=\"\" width=\"740\" height=\"400\" srcset=\"https:\/\/nordicstream.io\/wp-content\/uploads\/sites\/3\/2024\/01\/image3-740x400.png 740w, https:\/\/nordicstream.io\/wp-content\/uploads\/sites\/3\/2024\/01\/image3-768x415.png 768w, https:\/\/nordicstream.io\/wp-content\/uploads\/sites\/3\/2024\/01\/image3-300x162.png 300w, https:\/\/nordicstream.io\/wp-content\/uploads\/sites\/3\/2024\/01\/image3-600x324.png 600w, https:\/\/nordicstream.io\/wp-content\/uploads\/sites\/3\/2024\/01\/image3.png 1337w\" sizes=\"(max-width: 740px) 100vw, 740px\" \/><br \/><\/span><\/li>\n<li><span style=\"font-weight: 400;\"> Tryk p\u00e5 send krypto til venstre p\u00e5 startsiden<\/span><\/li>\n<li><span style=\"font-weight: 400;\"> Kopi\u00e9r og inds\u00e6t bitcoin-adressen fra Nordicstream-kassen<br \/><img decoding=\"async\" class=\"alignnone size-medium wp-image-1206\" src=\"https:\/\/nordicstream.io\/dk\/wp-content\/uploads\/sites\/3\/2024\/01\/image2-569x400.png\" alt=\"\" width=\"569\" height=\"400\" srcset=\"https:\/\/nordicstream.io\/wp-content\/uploads\/sites\/3\/2024\/01\/image2-569x400.png 569w, https:\/\/nordicstream.io\/wp-content\/uploads\/sites\/3\/2024\/01\/image2-1138x800.png 1138w, https:\/\/nordicstream.io\/wp-content\/uploads\/sites\/3\/2024\/01\/image2-768x540.png 768w, https:\/\/nordicstream.io\/wp-content\/uploads\/sites\/3\/2024\/01\/image2-300x211.png 300w, https:\/\/nordicstream.io\/wp-content\/uploads\/sites\/3\/2024\/01\/image2-600x422.png 600w, https:\/\/nordicstream.io\/wp-content\/uploads\/sites\/3\/2024\/01\/image2.png 1331w\" sizes=\"(max-width: 569px) 100vw, 569px\" \/><\/span><\/li>\n<\/ol>\n\t\t<\/div>\n\t<\/div>\n\t\n<\/div>\n\t\t<\/div>\n\t\t\t\t\t<\/div>\n\n\t\n\n<style>\n#row-146213088 > .col > .col-inner {\n  padding: 0px 0px 0px 0px;\n}\n<\/style>\n<\/div>\n\t\t<\/div>\n\n\t\t\n<style>\n#section_1843828638 {\n  padding-top: 30px;\n  padding-bottom: 30px;\n}\n<\/style>\n\t<\/section>\n\t\n","protected":false},"excerpt":{"rendered":"","protected":false},"author":1,"featured_media":0,"parent":0,"menu_order":0,"comment_status":"closed","ping_status":"closed","template":"","meta":{"_seopress_robots_primary_cat":"","_seopress_titles_title":"","_seopress_titles_desc":"","_seopress_robots_index":"","footnotes":""},"class_list":["post-1322","page","type-page","status-publish","hentry"],"_links":{"self":[{"href":"https:\/\/nordicstream.io\/dk\/wp-json\/wp\/v2\/pages\/1322","targetHints":{"allow":["GET"]}}],"collection":[{"href":"https:\/\/nordicstream.io\/dk\/wp-json\/wp\/v2\/pages"}],"about":[{"href":"https:\/\/nordicstream.io\/dk\/wp-json\/wp\/v2\/types\/page"}],"author":[{"embeddable":true,"href":"https:\/\/nordicstream.io\/dk\/wp-json\/wp\/v2\/users\/1"}],"replies":[{"embeddable":true,"href":"https:\/\/nordicstream.io\/dk\/wp-json\/wp\/v2\/comments?post=1322"}],"version-history":[{"count":9,"href":"https:\/\/nordicstream.io\/dk\/wp-json\/wp\/v2\/pages\/1322\/revisions"}],"predecessor-version":[{"id":6482,"href":"https:\/\/nordicstream.io\/dk\/wp-json\/wp\/v2\/pages\/1322\/revisions\/6482"}],"wp:attachment":[{"href":"https:\/\/nordicstream.io\/dk\/wp-json\/wp\/v2\/media?parent=1322"}],"curies":[{"name":"wp","href":"https:\/\/api.w.org\/{rel}","templated":true}]}}