{"id":550,"date":"2023-12-22T12:05:32","date_gmt":"2023-12-22T12:05:32","guid":{"rendered":"https:\/\/nordicstream.tv\/dk\/?page_id=550"},"modified":"2025-07-01T07:40:34","modified_gmt":"2025-07-01T06:40:34","slug":"faq","status":"publish","type":"page","link":"https:\/\/nordicstream.io\/dk\/faq\/","title":{"rendered":"FAQ"},"content":{"rendered":"\t<section class=\"section dark\" id=\"section_1432810417\">\n\t\t<div class=\"bg section-bg fill bg-fill  bg-loaded\" >\n\n\t\t\t\n\t\t\t\n\t\t\t\n\n\t\t<\/div>\n\n\t\t\n\n\t\t<div class=\"section-content relative\">\n\t\t\t\n<div class=\"row align-middle align-center\"  id=\"row-325975555\">\n\n\t<div id=\"col-104010820\" class=\"col medium-4 small-12 large-4\"  >\n\t\t\t\t<div class=\"col-inner\"  >\n\t\t\t\n\t\t\t\n\t<div class=\"img has-hover x md-x lg-x y md-y lg-y\" id=\"image_156063842\">\n\t\t\t\t\t\t\t\t<div class=\"img-inner dark\" >\n\t\t\t<img decoding=\"async\" width=\"1020\" height=\"443\" src=\"https:\/\/nordicstream.io\/wp-content\/uploads\/sites\/3\/2023\/12\/nordic-stream-01-1-1-2048x890-1-1400x608.webp\" class=\"attachment-large size-large\" alt=\"\" srcset=\"https:\/\/nordicstream.io\/wp-content\/uploads\/sites\/3\/2023\/12\/nordic-stream-01-1-1-2048x890-1-1400x608.webp 1400w, https:\/\/nordicstream.io\/wp-content\/uploads\/sites\/3\/2023\/12\/nordic-stream-01-1-1-2048x890-1-300x130.webp 300w, https:\/\/nordicstream.io\/wp-content\/uploads\/sites\/3\/2023\/12\/nordic-stream-01-1-1-2048x890-1-600x261.webp 600w, https:\/\/nordicstream.io\/wp-content\/uploads\/sites\/3\/2023\/12\/nordic-stream-01-1-1-2048x890-1-800x348.webp 800w, https:\/\/nordicstream.io\/wp-content\/uploads\/sites\/3\/2023\/12\/nordic-stream-01-1-1-2048x890-1-768x334.webp 768w, https:\/\/nordicstream.io\/wp-content\/uploads\/sites\/3\/2023\/12\/nordic-stream-01-1-1-2048x890-1-1536x668.webp 1536w, https:\/\/nordicstream.io\/wp-content\/uploads\/sites\/3\/2023\/12\/nordic-stream-01-1-1-2048x890-1.webp 2048w\" sizes=\"(max-width: 1020px) 100vw, 1020px\" \/>\t\t\t\t\t\t\n\t\t\t\t\t<\/div>\n\t\t\t\t\t\t\t\t\n<style>\n#image_156063842 {\n  width: 100%;\n}\n<\/style>\n\t<\/div>\n\t\n\t\t<\/div>\n\t\t\t\t\t<\/div>\n\n\t\n<\/div>\n<div class=\"row align-middle align-center hide-for-small\" style=\"max-width:500px\" id=\"row-860595013\">\n\n\t<div id=\"col-2107331269\" class=\"col medium-4 small-12 large-4\"  >\n\t\t\t\t<div class=\"col-inner\"  >\n\t\t\t\n\t\t\t\n\n\t\t<div class=\"icon-box featured-box icon-box-center text-center is-small\"  >\n\t\t\t\t\t<div class=\"icon-box-img\" style=\"width: 40px\">\n\t\t\t\t<div class=\"icon\">\n\t\t\t\t\t<div class=\"icon-inner\" style=\"color:rgb(255, 255, 255);\">\n\t\t\t\t\t\t<svg xmlns=\"http:\/\/www.w3.org\/2000\/svg\" height=\"48\" viewBox=\"0 -960 960 960\" width=\"48\"><path d=\"M220.091-195.615q-42.783 0-73.053-30.378-30.269-30.379-30.269-73.776H67.692v-404.847q0-23.057 16.164-39.221Q100.019-760 123.077-760h538.231v147.769h85l146 195.615v116.847h-60.231q0 43.397-30.397 73.776-30.396 30.378-73.82 30.378-43.104 0-73.213-30.378-30.109-30.379-30.109-73.776h-300.23q0 43.615-30.717 73.885-30.718 30.269-73.5 30.269Zm.447-30.77q30.539 0 51.77-21.23 21.23-21.231 21.23-51.769 0-30.539-21.23-51.77-21.231-21.23-51.77-21.23-30.538 0-51.769 21.23-21.23 21.231-21.23 51.77 0 30.538 21.23 51.769 21.231 21.23 51.769 21.23ZM98.461-330.539h21.231q8.539-30.076 36.887-51.461 28.349-21.385 63.495-21.385 33.607 0 62.69 21.116 29.082 21.115 37.621 51.73h310.153v-398.692H123.077q-9.231 0-16.923 7.692-7.692 7.693-7.692 16.923v374.077Zm629.847 104.154q30.538 0 51.769-21.23 21.231-21.231 21.231-51.769 0-30.539-21.231-51.77-21.231-21.23-51.769-21.23-30.539 0-51.769 21.23-21.231 21.231-21.231 51.77 0 30.538 21.231 51.769 21.23 21.23 51.769 21.23Zm-67-187.077h196L729.385-581.461h-68.077v167.999ZM364.615-525.154Z\"\/><\/svg>\t\t\t\t\t<\/div>\n\t\t\t\t<\/div>\n\t\t\t<\/div>\n\t\t\t\t<div class=\"icon-box-text last-reset\">\n\t\t\t<h5 class=\"uppercase\">Gratis fragt<\/h5>\t\t\t\t\t\t\n\t\t<\/div>\n\t<\/div>\n\t\n\t\n\t\t<\/div>\n\t\t\t\t\t<\/div>\n\n\t\n\n\t<div id=\"col-1052507820\" class=\"col medium-4 small-12 large-4\"  >\n\t\t\t\t<div class=\"col-inner\"  >\n\t\t\t\n\t\t\t\n\n\t\t<div class=\"icon-box featured-box icon-box-center text-center is-small\"  >\n\t\t\t\t\t<div class=\"icon-box-img\" style=\"width: 40px\">\n\t\t\t\t<div class=\"icon\">\n\t\t\t\t\t<div class=\"icon-inner\" style=\"color:rgb(255, 255, 255);\">\n\t\t\t\t\t\t<svg xmlns=\"http:\/\/www.w3.org\/2000\/svg\" height=\"48\" viewBox=\"0 -960 960 960\" width=\"48\"><path d=\"M470.769-160v-30.769h273.847q10 0 17.307-6.154 7.308-6.154 7.308-16.154v-284.769q0-115.535-85.317-193.075-85.317-77.541-203.833-77.541-118.515 0-203.913 77.541-85.399 77.54-85.399 193.075v227.077H180q-24.539 0-42.269-16.577Q120-303.923 120-328.461v-75.385q0-17.923 11.654-31.808 11.653-13.885 28.346-22.577l.692-49.154q1.846-62.615 28.346-116 26.5-53.384 69.77-92.923 43.269-39.538 100.538-61.615Q416.615-800 480-800t120.539 22.077q57.153 22.077 100.538 61.5t69.769 92.807q26.385 53.385 28.462 116.001l.692 48.153q15.923 7.462 27.962 20.077Q840-426.769 840-409.077v86.616q0 17.692-12.038 30.307-12.039 12.616-27.962 20.077v59q0 22.27-16.471 37.673Q767.058-160 744.616-160H470.769Zm-95.573-263.077q-10.504 0-18.235-7.15-7.73-7.151-7.73-17.654 0-10.504 7.919-17.85 7.92-7.346 18.423-7.346 10.504 0 18.235 7.535 7.73 7.535 7.73 18.039 0 10.503-7.919 17.465-7.92 6.961-18.423 6.961Zm209.231 0q-10.504 0-18.235-7.15-7.73-7.151-7.73-17.654 0-10.504 7.919-17.85 7.92-7.346 18.423-7.346 10.504 0 18.235 7.535 7.73 7.535 7.73 18.039 0 10.503-7.919 17.465-7.92 6.961-18.423 6.961ZM268.692-482q-5.461-89.846 57.846-153.154 63.308-63.308 155.781-63.308 75.912 0 134.143 47.116 58.23 47.115 71.461 121.577-78.231-1-144.808-41.154T440.32-680.308q-14.397 69.231-60.128 121.346-45.731 52.116-111.5 76.962Z\"\/><\/svg>\t\t\t\t\t<\/div>\n\t\t\t\t<\/div>\n\t\t\t<\/div>\n\t\t\t\t<div class=\"icon-box-text last-reset\">\n\t\t\t<h5 class=\"uppercase\">Kundeservice i verdensklasse<\/h5>\t\t\t\t\t\t\n\t\t<\/div>\n\t<\/div>\n\t\n\t\n\t\t<\/div>\n\t\t\t\t\t<\/div>\n\n\t\n\n\t<div id=\"col-1221481204\" class=\"col medium-4 small-12 large-4\"  >\n\t\t\t\t<div class=\"col-inner\"  >\n\t\t\t\n\t\t\t\n\n\t\t<div class=\"icon-box featured-box icon-box-center text-center is-small\"  >\n\t\t\t\t\t<div class=\"icon-box-img\" style=\"width: 40px\">\n\t\t\t\t<div class=\"icon\">\n\t\t\t\t\t<div class=\"icon-inner\" style=\"color:rgb(255, 255, 255);\">\n\t\t\t\t\t\t<svg xmlns=\"http:\/\/www.w3.org\/2000\/svg\" height=\"48\" viewBox=\"0 -960 960 960\" width=\"48\"><path d=\"m315.615-553.692 164.616-267.847 164.615 267.847H315.615Zm386.923 442.923q-62.077 0-104-42.308t-41.923-104.385q0-62.077 41.923-104t104-41.923q62.077 0 104.385 41.923 42.308 41.923 42.308 104t-42.308 104.385q-42.308 42.308-104.385 42.308Zm-551.769-22.692v-250.924h250.923v250.924H150.769Zm552.217-8.077q47.937 0 81.706-33.833 33.77-33.832 33.77-82.153 0-48.322-33.832-81.707-33.833-33.384-82.154-33.384-48.322 0-81.707 33.524-33.384 33.524-33.384 82.077 0 47.937 33.524 81.706 33.524 33.77 82.077 33.77Zm-521.448-22.693h189.385v-189.384H181.538v189.384Zm188.231-420.231h221.693L480.231-761.615 369.769-584.462Zm110.462 0ZM370.923-353.615Zm332 96.538Z\"\/><\/svg>\t\t\t\t\t<\/div>\n\t\t\t\t<\/div>\n\t\t\t<\/div>\n\t\t\t\t<div class=\"icon-box-text last-reset\">\n\t\t\t<h5 class=\"uppercase\">H\u00f8jkvalitetsprodukter<\/h5>\t\t\t\t\t\t\n\t\t<\/div>\n\t<\/div>\n\t\n\t\n\t\t<\/div>\n\t\t\t\t\t<\/div>\n\n\t\n<\/div>\n\t\t<\/div>\n\n\t\t\n<style>\n#section_1432810417 {\n  padding-top: 30px;\n  padding-bottom: 30px;\n  background-color: #0f5479;\n}\n<\/style>\n\t<\/section>\n\t\n\t<section class=\"section dark\" id=\"section_1684855097\">\n\t\t<div class=\"bg section-bg fill bg-fill  bg-loaded\" >\n\n\t\t\t\n\t\t\t\n\t\t\t\n\n\t\t<\/div>\n\n\t\t\n\n\t\t<div class=\"section-content relative\">\n\t\t\t\n<div class=\"row align-center\" style=\"max-width:800px\" id=\"row-1744564289\">\n\n\t<div id=\"col-1435369655\" class=\"col medium-10 small-12 large-10\"  >\n\t\t\t\t<div class=\"col-inner\"  >\n\t\t\t\n\t\t\t\n<div class=\"container section-title-container\" ><h3 class=\"section-title section-title-normal\"><b><\/b><span class=\"section-title-main\" >FAQ - Ofte stillede sp\u00f8rgsm\u00e5l<\/span><b><\/b><\/h3><\/div>\n<h3 class=\"accordion_title\">Her besvares vores mest almindelige sp\u00f8rgsm\u00e5l<\/h3><div class=\"accordion\">\n\t<div id=\"accordion-588221495\" class=\"accordion-item\">\n\t\t<a id=\"accordion-588221495-label\" class=\"accordion-title plain\" href=\"#accordion-item-hvad-er-iptv?\" aria-expanded=\"false\" aria-controls=\"accordion-588221495-content\" >\n\t\t\t<button class=\"toggle\" aria-label=\"Sl\u00e5 til\/fra\"><i class=\"icon-angle-down\"><\/i><\/button>\n\t\t\t<span>Hvad er IPTV?<\/span>\n\t\t<\/a>\n\t\t<div id=\"accordion-588221495-content\" class=\"accordion-inner\" aria-labelledby=\"accordion-588221495-label\" >\n\t\t\t\n<p><a href=\"https:\/\/nordicstream.io\/dk\/\">IPTV<\/a> henviser til internetbaseret protokol-tv, hvor internettet bruges til at levere tv-programmer og videoer, der enten er live eller p\u00e5 foresp\u00f8rgsel. IPTV er et system, hvor digital tv-service leveres til abonnenten via internetprotokolteknologi gennem bredb\u00e5nd eller internetforbindelse.<\/p>\n\t\t<\/div>\n\t<\/div>\n\t\n\t<div id=\"accordion-1481083731\" class=\"accordion-item\">\n\t\t<a id=\"accordion-1481083731-label\" class=\"accordion-title plain\" href=\"#accordion-item-hvordan-fungerer-iptv?\" aria-expanded=\"false\" aria-controls=\"accordion-1481083731-content\" >\n\t\t\t<button class=\"toggle\" aria-label=\"Sl\u00e5 til\/fra\"><i class=\"icon-angle-down\"><\/i><\/button>\n\t\t\t<span>Hvordan fungerer IPTV?<\/span>\n\t\t<\/a>\n\t\t<div id=\"accordion-1481083731-content\" class=\"accordion-inner\" aria-labelledby=\"accordion-1481083731-label\" >\n\t\t\t\n<p>IPTV fungerer meget ligesom at surfe p\u00e5 internettet i forhold til traditionel kanalsurfing. Den bruger kun IP (Internet Protocol), en transportprotokol, der er en leveringsmekanisme til at levere videoer til seeren. N\u00e5r seeren klikker p\u00e5 et TV-program eller anmoder om video, deles videoen fra forskellige kilder (servere) i datatransmissionspakker og sendes over internettet. Videoservere transmitterer programmer via fiberoptisk kabel til eksisterende husstande via internetforbindelse, og anmodninger sendes ud, og shows sendes tilbage.<\/p>\n\t\t<\/div>\n\t<\/div>\n\t\n\t<div id=\"accordion-1936605476\" class=\"accordion-item\">\n\t\t<a id=\"accordion-1936605476-label\" class=\"accordion-title plain\" href=\"#accordion-item-wi-fi-eller-ethernet?\" aria-expanded=\"false\" aria-controls=\"accordion-1936605476-content\" >\n\t\t\t<button class=\"toggle\" aria-label=\"Sl\u00e5 til\/fra\"><i class=\"icon-angle-down\"><\/i><\/button>\n\t\t\t<span>Wi-Fi eller Ethernet?<\/span>\n\t\t<\/a>\n\t\t<div id=\"accordion-1936605476-content\" class=\"accordion-inner\" aria-labelledby=\"accordion-1936605476-label\" >\n\t\t\t\n<p>Vi anbefaler altid at tilslutte enhedens hardware via kabel (Ethernet).<\/p>\n\t\t<\/div>\n\t<\/div>\n\t\n\t<div id=\"accordion-3385715493\" class=\"accordion-item\">\n\t\t<a id=\"accordion-3385715493-label\" class=\"accordion-title plain\" href=\"#accordion-item-jeg-oplever-buffereproblemer-med-min-iptv-tjeneste.-hvad-sker-der?\" aria-expanded=\"false\" aria-controls=\"accordion-3385715493-content\" >\n\t\t\t<button class=\"toggle\" aria-label=\"Sl\u00e5 til\/fra\"><i class=\"icon-angle-down\"><\/i><\/button>\n\t\t\t<span>Jeg oplever buffereproblemer med min IPTV-tjeneste. Hvad sker der?<\/span>\n\t\t<\/a>\n\t\t<div id=\"accordion-3385715493-content\" class=\"accordion-inner\" aria-labelledby=\"accordion-3385715493-label\" >\n\t\t\t\n<p>Tjek f\u00f8rst din internetforbindelse eller router, og genstart den, og kontroller enhedens indstillinger, hvor du bruger din abonnement. Hvis du stadig oplever problemer, ser det ud til, at din internetudbyder (ISP) blokerer for IPTV-trafikken eller har et midlertidigt problem. Pr\u00f8v med en anden ISP-forbindelse. Du b\u00f8r ikke have nogen problemer efter at have gjort dette.<\/p>\n\t\t<\/div>\n\t<\/div>\n\t\n\t<div id=\"accordion-1631328255\" class=\"accordion-item\">\n\t\t<a id=\"accordion-1631328255-label\" class=\"accordion-title plain\" href=\"#accordion-item-kan-jeg-tage-mit-abonnement-eller-min-boks-med-mig-til-udlandet-til-mit-feriested?\" aria-expanded=\"false\" aria-controls=\"accordion-1631328255-content\" >\n\t\t\t<button class=\"toggle\" aria-label=\"Sl\u00e5 til\/fra\"><i class=\"icon-angle-down\"><\/i><\/button>\n\t\t\t<span>Kan jeg tage mit abonnement eller min boks med mig til udlandet til mit feriested?<\/span>\n\t\t<\/a>\n\t\t<div id=\"accordion-1631328255-content\" class=\"accordion-inner\" aria-labelledby=\"accordion-1631328255-label\" >\n\t\t\t\n<p>Ja, helt sikkert, s\u00e5 l\u00e6nge du har en internetforbindelse.<\/p>\n\t\t<\/div>\n\t<\/div>\n\t\n\t<div id=\"accordion-3878290864\" class=\"accordion-item\">\n\t\t<a id=\"accordion-3878290864-label\" class=\"accordion-title plain\" href=\"#accordion-item-ordrer-og-refusioner\" aria-expanded=\"false\" aria-controls=\"accordion-3878290864-content\" >\n\t\t\t<button class=\"toggle\" aria-label=\"Sl\u00e5 til\/fra\"><i class=\"icon-angle-down\"><\/i><\/button>\n\t\t\t<span>Ordrer og refusioner<\/span>\n\t\t<\/a>\n\t\t<div id=\"accordion-3878290864-content\" class=\"accordion-inner\" aria-labelledby=\"accordion-3878290864-label\" >\n\t\t\t\n<p>Du kan afgive en bestilling via vores webshop eller kontakte os direkte i live chat, s\u00e5 hj\u00e6lper vi dig. VI TILBYDER IKKE NOGEN FORM FOR REFUSION, s\u00e5 v\u00e6r sikker, inden du afgiver en bestilling.<\/p>\n\t\t<\/div>\n\t<\/div>\n\t\n\t<div id=\"accordion-4050391768\" class=\"accordion-item\">\n\t\t<a id=\"accordion-4050391768-label\" class=\"accordion-title plain\" href=\"#accordion-item-hvor-lang-tid-er-leveringstiden-p\u00e5-jeres-bokse?\" aria-expanded=\"false\" aria-controls=\"accordion-4050391768-content\" >\n\t\t\t<button class=\"toggle\" aria-label=\"Sl\u00e5 til\/fra\"><i class=\"icon-angle-down\"><\/i><\/button>\n\t\t\t<span>Hvor lang tid er leveringstiden p\u00e5 jeres bokse?<\/span>\n\t\t<\/a>\n\t\t<div id=\"accordion-4050391768-content\" class=\"accordion-inner\" aria-labelledby=\"accordion-4050391768-label\" >\n\t\t\t\n<p>Boksene sendes ud fra vores lager og b\u00f8r n\u00e5 dig inden for 1-3 arbejdsdage, medmindre der opst\u00e5r uforudsete problemer.<\/p>\n\t\t<\/div>\n\t<\/div>\n\t\n\t<div id=\"accordion-1247515034\" class=\"accordion-item\">\n\t\t<a id=\"accordion-1247515034-label\" class=\"accordion-title plain\" href=\"#accordion-item-hvad-er-n\u00f8dvendigt-for-at-pr\u00f8ve-jeres-iptv?\" aria-expanded=\"false\" aria-controls=\"accordion-1247515034-content\" >\n\t\t\t<button class=\"toggle\" aria-label=\"Sl\u00e5 til\/fra\"><i class=\"icon-angle-down\"><\/i><\/button>\n\t\t\t<span>Hvad er n\u00f8dvendigt for at pr\u00f8ve jeres IPTV?<\/span>\n\t\t<\/a>\n\t\t<div id=\"accordion-1247515034-content\" class=\"accordion-inner\" aria-labelledby=\"accordion-1247515034-label\" >\n\t\t\t\n<p>Alt, hvad der kr\u00e6ves, er, at du har en internetforbindelse.<\/p>\n\t\t<\/div>\n\t<\/div>\n\t\n\t<div id=\"accordion-978291781\" class=\"accordion-item\">\n\t\t<a id=\"accordion-978291781-label\" class=\"accordion-title plain\" href=\"#accordion-item-kan-jeg-bruge-mit-abonnement-p\u00e5-flere-enheder-samtidig?\" aria-expanded=\"false\" aria-controls=\"accordion-978291781-content\" >\n\t\t\t<button class=\"toggle\" aria-label=\"Sl\u00e5 til\/fra\"><i class=\"icon-angle-down\"><\/i><\/button>\n\t\t\t<span>Kan jeg bruge mit abonnement p\u00e5 flere enheder samtidig?<\/span>\n\t\t<\/a>\n\t\t<div id=\"accordion-978291781-content\" class=\"accordion-inner\" aria-labelledby=\"accordion-978291781-label\" >\n\t\t\t\n<p>Nej, det kan du ikke. Det er ikke tilladt. Du m\u00e5 kun bruge dit abonnement p\u00e5 \u00e9n enhed ad gangen. Hvis dette ikke overholdes, vil systemet automatisk blokere dig.<\/p>\n\t\t<\/div>\n\t<\/div>\n\t\n\t<div id=\"accordion-1710579416\" class=\"accordion-item\">\n\t\t<a id=\"accordion-1710579416-label\" class=\"accordion-title plain\" href=\"#accordion-item-kan-man-bruge-vpn-hos-jer?\" aria-expanded=\"false\" aria-controls=\"accordion-1710579416-content\" >\n\t\t\t<button class=\"toggle\" aria-label=\"Sl\u00e5 til\/fra\"><i class=\"icon-angle-down\"><\/i><\/button>\n\t\t\t<span>Kan man bruge VPN hos jer?<\/span>\n\t\t<\/a>\n\t\t<div id=\"accordion-1710579416-content\" class=\"accordion-inner\" aria-labelledby=\"accordion-1710579416-label\" >\n\t\t\t\n<p>De fleste VPN-tjenester fungerer hos os, undtagen NORDVPN, som er blokeret af vores servere.<\/p>\n<p>Vi anbefaler nu kraftigt, at man begynder at bruge VPN, p\u00e5 grund af alle de blokeringer, som internetudbydere i Sverige og Norden er begyndt at indf\u00f8re.<\/p>\n<p>Dette vil v\u00e6re et must, for at din IPTV kan forts\u00e6tte med at fungere problemfrit fremover.<\/p>\n<p>T\u00e4m\u00e4 tulee olemaan v\u00e4ltt\u00e4m\u00e4t\u00f6nt\u00e4, jotta IPTV:si toimii jatkossakin h\u00e4iri\u00f6tt\u00e4.<\/p>\n\t\t<\/div>\n\t<\/div>\n\t\n\t<div id=\"accordion-1478199691\" class=\"accordion-item\">\n\t\t<a id=\"accordion-1478199691-label\" class=\"accordion-title plain\" href=\"#accordion-item-kan-man-f\u00e5-en-gratis-pr\u00f8veperiode?\" aria-expanded=\"false\" aria-controls=\"accordion-1478199691-content\" >\n\t\t\t<button class=\"toggle\" aria-label=\"Sl\u00e5 til\/fra\"><i class=\"icon-angle-down\"><\/i><\/button>\n\t\t\t<span>Kan man f\u00e5 en gratis pr\u00f8veperiode?<\/span>\n\t\t<\/a>\n\t\t<div id=\"accordion-1478199691-content\" class=\"accordion-inner\" aria-labelledby=\"accordion-1478199691-label\" >\n\t\t\t\n<p>NEJ! Vi tilbyder ikke gratis test. Hvis du vil pr\u00f8ve IPTV, har vi et 7-dages testtilbud til 99 kr.<\/p>\n\t\t<\/div>\n\t<\/div>\n\t\n<\/div>\n\t<div id=\"text-3355043507\" class=\"text\">\n\t\t\n<p>Har du sp\u00f8rgsm\u00e5l eller bekymringer? T\u00f8v ikke med at skrive til <a href=\"https:\/\/nordicstream.io\/dk\/kundeservice\/\">vores kundeservice!<\/a><br \/>\n\t\t\n<style>\n#text-3355043507 {\n  text-align: center;\n}\n<\/style>\n\t<\/div>\n\t\n\t\t<\/div>\n\t\t\t\t\t<\/div>\n\n\t\n<\/div>\n\t\t<\/div>\n\n\t\t\n<style>\n#section_1684855097 {\n  padding-top: 30px;\n  padding-bottom: 30px;\n  background-color: #0f5479;\n}\n<\/style>\n\t<\/section>\n\t\n","protected":false},"excerpt":{"rendered":"","protected":false},"author":1,"featured_media":0,"parent":0,"menu_order":0,"comment_status":"closed","ping_status":"closed","template":"page-blank.php","meta":{"_seopress_robots_primary_cat":"","_seopress_titles_title":"","_seopress_titles_desc":"","_seopress_robots_index":"","footnotes":""},"class_list":["post-550","page","type-page","status-publish","hentry"],"_links":{"self":[{"href":"https:\/\/nordicstream.io\/dk\/wp-json\/wp\/v2\/pages\/550","targetHints":{"allow":["GET"]}}],"collection":[{"href":"https:\/\/nordicstream.io\/dk\/wp-json\/wp\/v2\/pages"}],"about":[{"href":"https:\/\/nordicstream.io\/dk\/wp-json\/wp\/v2\/types\/page"}],"author":[{"embeddable":true,"href":"https:\/\/nordicstream.io\/dk\/wp-json\/wp\/v2\/users\/1"}],"replies":[{"embeddable":true,"href":"https:\/\/nordicstream.io\/dk\/wp-json\/wp\/v2\/comments?post=550"}],"version-history":[{"count":55,"href":"https:\/\/nordicstream.io\/dk\/wp-json\/wp\/v2\/pages\/550\/revisions"}],"predecessor-version":[{"id":5835,"href":"https:\/\/nordicstream.io\/dk\/wp-json\/wp\/v2\/pages\/550\/revisions\/5835"}],"wp:attachment":[{"href":"https:\/\/nordicstream.io\/dk\/wp-json\/wp\/v2\/media?parent=550"}],"curies":[{"name":"wp","href":"https:\/\/api.w.org\/{rel}","templated":true}]}}