{"id":680,"date":"2023-12-25T13:18:28","date_gmt":"2023-12-25T13:18:28","guid":{"rendered":"https:\/\/nordicstream.tv\/dk\/?page_id=680"},"modified":"2024-01-07T01:43:19","modified_gmt":"2024-01-07T00:43:19","slug":"tvip-s-box-instruktioner","status":"publish","type":"page","link":"https:\/\/nordicstream.io\/dk\/guider\/tvip-s-box-instruktioner\/","title":{"rendered":"TViP S-Box Instruktioner"},"content":{"rendered":"<div class=\"row align-center\"  id=\"row-1856616269\">\n\n\t<div id=\"col-1274278004\" class=\"col medium-7 small-12 large-7\"  >\n\t\t\t\t<div class=\"col-inner\"  >\n\t\t\t\n\t\t\t\n\t<div class=\"img has-hover x md-x lg-x y md-y lg-y\" id=\"image_477632737\">\n\t\t\t\t\t\t\t\t<div class=\"img-inner dark\" >\n\t\t\t<img decoding=\"async\" width=\"1020\" height=\"524\" src=\"https:\/\/nordicstream.io\/wp-content\/uploads\/sites\/3\/2023\/12\/iptv_sverige.webp\" class=\"attachment-large size-large\" alt=\"\" srcset=\"https:\/\/nordicstream.io\/wp-content\/uploads\/sites\/3\/2023\/12\/iptv_sverige.webp 1021w, https:\/\/nordicstream.io\/wp-content\/uploads\/sites\/3\/2023\/12\/iptv_sverige-778x400.webp 778w, https:\/\/nordicstream.io\/wp-content\/uploads\/sites\/3\/2023\/12\/iptv_sverige-768x395.webp 768w, https:\/\/nordicstream.io\/wp-content\/uploads\/sites\/3\/2023\/12\/iptv_sverige-300x154.webp 300w, https:\/\/nordicstream.io\/wp-content\/uploads\/sites\/3\/2023\/12\/iptv_sverige-600x309.webp 600w\" sizes=\"(max-width: 1020px) 100vw, 1020px\" \/>\t\t\t\t\t\t\n\t\t\t\t\t<\/div>\n\t\t\t\t\t\t\t\t\n<style>\n#image_477632737 {\n  width: 100%;\n}\n<\/style>\n\t<\/div>\n\t\n\t\t<\/div>\n\t\t\t\t\t<\/div>\n\n\t\n\n\t<div id=\"col-1585788048\" class=\"col medium-10 small-12 large-10\"  >\n\t\t\t\t<div class=\"col-inner\"  >\n\t\t\t\n\t\t\t\n<h3>TViP S-Box Instruktioner<\/h3>\n<h4 class=\"elementor-heading-title elementor-size-default\">Disse instruktioner er skrevet for 410\/412\/415\/605 m.fl.<\/h4>\n<p>Hvis du har k\u00f8bt en Tvip S412, anbefaler vi, at du tilslutter din boks med ethernetkabel. Hvis du tilslutter dig med WIFI, skal du ogs\u00e5 regne med at opleve lag og frysninger i billedet.<\/p>\n<p>1. Tilslut alt og start boksen<br \/>2. V\u00e6lg sprog og tidszone og fuldf\u00f8r opdateringen af enheden til den nyeste software<br \/>3. Enheden genstarter efter opdateringen<br \/>4. G\u00e5 til Indstillinger og derefter til Netv\u00e6rk<br \/>5. Skriv MAC-adressen ned for aktivering af pr\u00f8vekonto eller k\u00f8b af abonnement<br \/>6. G\u00e5 til TV i venstre menu og \u00e6ndre alle indstillinger, s\u00e5 det bliver s\u00e5ledes:<\/p>\n<p>Streamkilde: Multicast<br \/>UDPXY-server:<br \/>MPEG-TS-buffering, ms: 5000<br \/>DVR-lagring: Ingen lagring<br \/>Timeshift-lagring: Intern lagring<br \/>Automatisk timeshift: TIL<br \/>Indholdskilde: Webportal<\/p>\n<p>Under Indholdskilde: Webportal er der en knap, der st\u00e5r Setup Webportal. Tryk p\u00e5 den og indstil f\u00f8lgende:<\/p>\n<p>Portal URL: http:\/\/dinurl:2095\/c\/<br \/>Portal Manager: Fra<br \/>Brug Webportal: Hele systemet<br \/>API-tilstand: GSTB<\/p>\n<p>Tryk derefter p\u00e5 Anvend.<\/p>\n<p>Nyere TV&#8217;er har sv\u00e6rt ved at synkronisere Opdateringsfrekvens (Hertz\/FPS) med boksen, og s\u00e5 kan I opleve det, der kaldes FPS LAG. Dette l\u00f8ses ved at g\u00e5 til Indstillinger \u2013 Sk\u00e6rm og s\u00e6tte HDMI Auto Framerate til TIL.<\/p>\n<p>GENVEJE P\u00c5 FJERNBETJENINGEN:<\/p>\n<p>Inde i en kanal:<br \/>hvis du trykker p\u00e5 Forst\u00f8rrelsesglasset, kan du \u00e6ndre sprog\/undertekster (hvis det findes p\u00e5 kanalen) eller aktivere 3D<br \/>MENU: Tryk p\u00e5 Aspect Ratio for at \u00e6ndre billedformatet f.eks. 4:3, 16:9 osv.<br \/>Tandhjul: \u00c5bner TVIP-systemindstillinger<br \/>Knappen l\u00e6ngst nede til venstre: Kan ogs\u00e5 \u00e6ndre Aspect ratio i en kanal<\/p>\n\t\t<\/div>\n\t\t\t\t\t<\/div>\n\n\t\n<\/div>\n","protected":false},"excerpt":{"rendered":"","protected":false},"author":1,"featured_media":0,"parent":588,"menu_order":0,"comment_status":"closed","ping_status":"closed","template":"","meta":{"_seopress_robots_primary_cat":"","_seopress_titles_title":"","_seopress_titles_desc":"","_seopress_robots_index":"","footnotes":""},"class_list":["post-680","page","type-page","status-publish","hentry"],"_links":{"self":[{"href":"https:\/\/nordicstream.io\/dk\/wp-json\/wp\/v2\/pages\/680","targetHints":{"allow":["GET"]}}],"collection":[{"href":"https:\/\/nordicstream.io\/dk\/wp-json\/wp\/v2\/pages"}],"about":[{"href":"https:\/\/nordicstream.io\/dk\/wp-json\/wp\/v2\/types\/page"}],"author":[{"embeddable":true,"href":"https:\/\/nordicstream.io\/dk\/wp-json\/wp\/v2\/users\/1"}],"replies":[{"embeddable":true,"href":"https:\/\/nordicstream.io\/dk\/wp-json\/wp\/v2\/comments?post=680"}],"version-history":[{"count":5,"href":"https:\/\/nordicstream.io\/dk\/wp-json\/wp\/v2\/pages\/680\/revisions"}],"predecessor-version":[{"id":946,"href":"https:\/\/nordicstream.io\/dk\/wp-json\/wp\/v2\/pages\/680\/revisions\/946"}],"up":[{"embeddable":true,"href":"https:\/\/nordicstream.io\/dk\/wp-json\/wp\/v2\/pages\/588"}],"wp:attachment":[{"href":"https:\/\/nordicstream.io\/dk\/wp-json\/wp\/v2\/media?parent=680"}],"curies":[{"name":"wp","href":"https:\/\/api.w.org\/{rel}","templated":true}]}}