{"id":684,"date":"2023-12-25T13:21:50","date_gmt":"2023-12-25T13:21:50","guid":{"rendered":"https:\/\/nordicstream.tv\/dk\/?page_id=684"},"modified":"2024-01-07T01:53:44","modified_gmt":"2024-01-07T00:53:44","slug":"mag-box-instruktioner","status":"publish","type":"page","link":"https:\/\/nordicstream.io\/dk\/guider\/mag-box-instruktioner\/","title":{"rendered":"MAG Box Instruktioner"},"content":{"rendered":"<div class=\"row align-center\"  id=\"row-381904190\">\n\n\t<div id=\"col-1598085889\" class=\"col medium-7 small-12 large-7\"  >\n\t\t\t\t<div class=\"col-inner\"  >\n\t\t\t\n\t\t\t\n\t<div class=\"img has-hover x md-x lg-x y md-y lg-y\" id=\"image_234930675\">\n\t\t\t\t\t\t\t\t<div class=\"img-inner image-cover dark\" style=\"padding-top:56.25%;\">\n\t\t\t<img decoding=\"async\" width=\"500\" height=\"350\" src=\"https:\/\/nordicstream.io\/wp-content\/uploads\/sites\/3\/2023\/12\/tvip-set-top-box-v410-3_1-1-1.webp\" class=\"attachment-large size-large\" alt=\"\" srcset=\"https:\/\/nordicstream.io\/wp-content\/uploads\/sites\/3\/2023\/12\/tvip-set-top-box-v410-3_1-1-1.webp 500w, https:\/\/nordicstream.io\/wp-content\/uploads\/sites\/3\/2023\/12\/tvip-set-top-box-v410-3_1-1-1-300x210.webp 300w\" sizes=\"(max-width: 500px) 100vw, 500px\" \/>\t\t\t\t\t\t\n\t\t\t\t\t<\/div>\n\t\t\t\t\t\t\t\t\n<style>\n#image_234930675 {\n  width: 100%;\n}\n<\/style>\n\t<\/div>\n\t\n\t\t<\/div>\n\t\t\t\t\t<\/div>\n\n\t\n\n\t<div id=\"col-388613326\" class=\"col medium-10 small-12 large-10\"  >\n\t\t\t\t<div class=\"col-inner\"  >\n\t\t\t\n\t\t\t\n<h3>MAG Box Instruktioner<\/h3>\n<h4 class=\"elementor-heading-title elementor-size-default\">BEM\u00c6RK! Guiden antager, at du konfigurerer en helt ny enhed.<\/h4>\n<p>FOR DEM, DER HAR MAG256, SPRING TRIN 2 OVER (N\u00c5R DET G\u00d8R DETTE AUTOMATISK VED START) OG SPRING TRIN 4 OVER, N\u00c5R DEN AUTOMATISK F\u00d8LER, HVILKEN KABEL DER ER TILSLUTTET.<\/p>\n<ul>\n<li>G\u00e5 til Indstillinger og derefter Systemindstillinger.<\/li>\n<li>Rul ned til Softwareopdatering, tryk derefter OK og derefter den R\u00f8de knap for at opdatere softwaren. Vent et par minutter, og boksen genstarter.<\/li>\n<li>G\u00e5 til Indstillinger og derefter Systemindstillinger.<\/li>\n<li>G\u00e5 til Video og skift til 1080p og 1920 \u00d7 1080 Tryk OK og g\u00e5 tilbage (SPRING DETTE TRIN OVER FOR MAG256, DA DEN F\u00d8LER DETTE SELV)<\/li>\n<li>G\u00e5 til Servere<\/li>\n<li>G\u00e5 til Generelt og indtast se.pool.ntp.org tryk OK og g\u00e5 tilbage<\/li>\n<li>Tryk p\u00e5 Portaler<\/li>\n<li>P\u00e5 den f\u00f8rste portal, indtast dette:\n<ul>\n<li>Portalnavn: NordicStream<\/li>\n<li>Portal URL: http: \/\/ dinurl: 2095 \/ c \/<\/li>\n<\/ul>\n<\/li>\n<li>Du beh\u00f8ver ikke at udfylde noget for andre Portaler. Tryk OK for at gemme og vende tilbage.<\/li>\n<\/ul>\n<p>G\u00e5 til Avancerede indstillinger og \u00e6ndre tidszonen til Europa \/ Stockholm for at f\u00e5 EPG til at fungere. Tryk OK for at gemme<\/p>\n<p>Nu g\u00e5r du tilbage, indtil du kommer ud, boksen vil sige, at den har brug for at genstarte for at kunne bruge de nye indstillinger. Lad den genstarte. Nu kommer du til vores portal. F\u00f8r du begynder at se TV, g\u00f8r en sidste ting. G\u00e5 til h\u00f8jre, indtil du kommer til Indstillinger, derefter Avancerede indstillinger og \u00e6ndre Bufferst\u00f8rrelsen fra 0 til 15, g\u00e5 ned p\u00e5 listen og tryk OK.<\/p>\n<p>Nu kan du begynde at se alle verdens TV-kanaler.<\/p>\n\t\t<\/div>\n\t\t\t\t\t<\/div>\n\n\t\n<\/div>\n","protected":false},"excerpt":{"rendered":"","protected":false},"author":1,"featured_media":0,"parent":588,"menu_order":0,"comment_status":"closed","ping_status":"closed","template":"","meta":{"_seopress_robots_primary_cat":"","_seopress_titles_title":"","_seopress_titles_desc":"","_seopress_robots_index":"","footnotes":""},"class_list":["post-684","page","type-page","status-publish","hentry"],"_links":{"self":[{"href":"https:\/\/nordicstream.io\/dk\/wp-json\/wp\/v2\/pages\/684","targetHints":{"allow":["GET"]}}],"collection":[{"href":"https:\/\/nordicstream.io\/dk\/wp-json\/wp\/v2\/pages"}],"about":[{"href":"https:\/\/nordicstream.io\/dk\/wp-json\/wp\/v2\/types\/page"}],"author":[{"embeddable":true,"href":"https:\/\/nordicstream.io\/dk\/wp-json\/wp\/v2\/users\/1"}],"replies":[{"embeddable":true,"href":"https:\/\/nordicstream.io\/dk\/wp-json\/wp\/v2\/comments?post=684"}],"version-history":[{"count":5,"href":"https:\/\/nordicstream.io\/dk\/wp-json\/wp\/v2\/pages\/684\/revisions"}],"predecessor-version":[{"id":948,"href":"https:\/\/nordicstream.io\/dk\/wp-json\/wp\/v2\/pages\/684\/revisions\/948"}],"up":[{"embeddable":true,"href":"https:\/\/nordicstream.io\/dk\/wp-json\/wp\/v2\/pages\/588"}],"wp:attachment":[{"href":"https:\/\/nordicstream.io\/dk\/wp-json\/wp\/v2\/media?parent=684"}],"curies":[{"name":"wp","href":"https:\/\/api.w.org\/{rel}","templated":true}]}}