{"id":706,"date":"2023-12-25T13:35:57","date_gmt":"2023-12-25T13:35:57","guid":{"rendered":"https:\/\/nordicstream.tv\/dk\/?page_id=706"},"modified":"2024-01-07T03:00:43","modified_gmt":"2024-01-07T02:00:43","slug":"myiptv-player-instruktioner","status":"publish","type":"page","link":"https:\/\/nordicstream.io\/dk\/guider\/myiptv-player-instruktioner\/","title":{"rendered":"MyIPTV Player Instruktioner"},"content":{"rendered":"<div class=\"row align-center\"  id=\"row-1171705649\">\n\n\t<div id=\"col-411034439\" class=\"col medium-7 small-12 large-7\"  >\n\t\t\t\t<div class=\"col-inner\"  >\n\t\t\t\n\t\t\t\n\t<div class=\"img has-hover x md-x lg-x y md-y lg-y\" id=\"image_647605116\">\n\t\t\t\t\t\t\t\t<div class=\"img-inner image-cover dark\" style=\"padding-top:56.25%;\">\n\t\t\t<img decoding=\"async\" width=\"400\" height=\"250\" src=\"https:\/\/nordicstream.io\/wp-content\/uploads\/sites\/3\/2023\/12\/MyIPTVPlayer01-pguch8kcmyoiztbrebc1f4duyhibfsaig9n1rgk79g.webp\" class=\"attachment-original size-original\" alt=\"\" srcset=\"https:\/\/nordicstream.io\/wp-content\/uploads\/sites\/3\/2023\/12\/MyIPTVPlayer01-pguch8kcmyoiztbrebc1f4duyhibfsaig9n1rgk79g.webp 400w, https:\/\/nordicstream.io\/wp-content\/uploads\/sites\/3\/2023\/12\/MyIPTVPlayer01-pguch8kcmyoiztbrebc1f4duyhibfsaig9n1rgk79g-300x188.webp 300w\" sizes=\"(max-width: 400px) 100vw, 400px\" \/>\t\t\t\t\t\t\n\t\t\t\t\t<\/div>\n\t\t\t\t\t\t\t\t\n<style>\n#image_647605116 {\n  width: 100%;\n}\n<\/style>\n\t<\/div>\n\t\n\t\t<\/div>\n\t\t\t\t\t<\/div>\n\n\t\n\n\t<div id=\"col-285648918\" class=\"col medium-10 small-12 large-10\"  >\n\t\t\t\t<div class=\"col-inner\"  >\n\t\t\t\n\t\t\t\n<h3 class=\"elementor-heading-title elementor-size-default\">MyIPTV Player Instruktioner<\/h3>\n<h4 class=\"elementor-heading-title elementor-size-default\">Kom i gang med MyIPTV<\/h4>\n<p>Installation af MyIPTV Player (Windows 10)<\/p>\n<p>MYIPTV Player (Win 10)<\/p>\n<ul>\n<li>\n<p>\u00c5bn appen og klik p\u00e5 indstillinger.<\/p>\n<\/li>\n<li>\n<p>Klik p\u00e5 &#8216;Tilf\u00f8j ny playliste og EPG-kilde&#8217;.<\/p>\n<\/li>\n<li>\n<p>Under fjernkanalliste:<\/p>\n<ul>\n<li>Navn: Skriv NordicStream<\/li>\n<li>Under URL: Inds\u00e6t m3u-linken, du har modtaget fra os via e-mail, og klik derefter p\u00e5 &#8216;Tilf\u00f8j fjernliste&#8217;.<\/li>\n<\/ul>\n<\/li>\n<li>\n<p>Det samme g\u00e6lder for Programguide (EPG):<\/p>\n<ul>\n<li>Navn: NordicStream EPG<\/li>\n<li>EPG-kilde-URL: Inds\u00e6t EPG-filen, du har modtaget fra os via e-mail, og klik derefter p\u00e5 &#8216;Tilf\u00f8j EPG-kilde&#8217;.<\/li>\n<\/ul>\n<\/li>\n<li>\n<p>G\u00e5 nu tilbage til indstillingerne \u00f8verst til venstre.<\/p>\n<\/li>\n<li>\n<p>V\u00e6lg NordicStream under &#8216;V\u00e6lg kanalliste&#8217; og klik p\u00e5 &#8216;Opdater&#8217;.<\/p>\n<\/li>\n<li>\n<p>Det samme g\u00e6lder for &#8216;V\u00e6lg EPG-kilde&#8217;.<\/p>\n<\/li>\n<\/ul>\n<p>Nu er du klar til at bruge programmet.<\/p>\n\t\t<\/div>\n\t\t\t\t\t<\/div>\n\n\t\n<\/div>\n","protected":false},"excerpt":{"rendered":"","protected":false},"author":1,"featured_media":0,"parent":588,"menu_order":0,"comment_status":"closed","ping_status":"closed","template":"","meta":{"_seopress_robots_primary_cat":"","_seopress_titles_title":"","_seopress_titles_desc":"","_seopress_robots_index":"","footnotes":""},"class_list":["post-706","page","type-page","status-publish","hentry"],"_links":{"self":[{"href":"https:\/\/nordicstream.io\/dk\/wp-json\/wp\/v2\/pages\/706","targetHints":{"allow":["GET"]}}],"collection":[{"href":"https:\/\/nordicstream.io\/dk\/wp-json\/wp\/v2\/pages"}],"about":[{"href":"https:\/\/nordicstream.io\/dk\/wp-json\/wp\/v2\/types\/page"}],"author":[{"embeddable":true,"href":"https:\/\/nordicstream.io\/dk\/wp-json\/wp\/v2\/users\/1"}],"replies":[{"embeddable":true,"href":"https:\/\/nordicstream.io\/dk\/wp-json\/wp\/v2\/comments?post=706"}],"version-history":[{"count":4,"href":"https:\/\/nordicstream.io\/dk\/wp-json\/wp\/v2\/pages\/706\/revisions"}],"predecessor-version":[{"id":950,"href":"https:\/\/nordicstream.io\/dk\/wp-json\/wp\/v2\/pages\/706\/revisions\/950"}],"up":[{"embeddable":true,"href":"https:\/\/nordicstream.io\/dk\/wp-json\/wp\/v2\/pages\/588"}],"wp:attachment":[{"href":"https:\/\/nordicstream.io\/dk\/wp-json\/wp\/v2\/media?parent=706"}],"curies":[{"name":"wp","href":"https:\/\/api.w.org\/{rel}","templated":true}]}}