{"id":798,"date":"2023-12-31T15:53:41","date_gmt":"2023-12-31T15:53:41","guid":{"rendered":"https:\/\/nordicstream.tv\/dk\/?page_id=798"},"modified":"2025-10-24T08:38:39","modified_gmt":"2025-10-24T07:38:39","slug":"formuler-instruktioner","status":"publish","type":"page","link":"https:\/\/nordicstream.io\/dk\/guider\/formuler-instruktioner\/","title":{"rendered":"Formuler Instruktioner"},"content":{"rendered":"<div class=\"row align-center\"  id=\"row-2053571287\">\n\n\t<div id=\"col-183304184\" class=\"col medium-7 small-12 large-7\"  >\n\t\t\t\t<div class=\"col-inner\"  >\n\t\t\t\n\t\t\t\n\t<div class=\"img has-hover x md-x lg-x y md-y lg-y\" id=\"image_1094713911\">\n\t\t\t\t\t\t\t\t<div class=\"img-inner image-cover dark\" style=\"padding-top:56.25%;\">\n\t\t\t<img decoding=\"async\" width=\"640\" height=\"580\" src=\"https:\/\/nordicstream.io\/wp-content\/uploads\/sites\/3\/2023\/12\/82c044_caa04bd5c4a246f6be3b0fd40ecffb29mv2.webp\" class=\"attachment-large size-large\" alt=\"\" srcset=\"https:\/\/nordicstream.io\/wp-content\/uploads\/sites\/3\/2023\/12\/82c044_caa04bd5c4a246f6be3b0fd40ecffb29mv2.webp 640w, https:\/\/nordicstream.io\/wp-content\/uploads\/sites\/3\/2023\/12\/82c044_caa04bd5c4a246f6be3b0fd40ecffb29mv2-441x400.webp 441w, https:\/\/nordicstream.io\/wp-content\/uploads\/sites\/3\/2023\/12\/82c044_caa04bd5c4a246f6be3b0fd40ecffb29mv2-300x272.webp 300w, https:\/\/nordicstream.io\/wp-content\/uploads\/sites\/3\/2023\/12\/82c044_caa04bd5c4a246f6be3b0fd40ecffb29mv2-600x544.webp 600w\" sizes=\"(max-width: 640px) 100vw, 640px\" \/>\t\t\t\t\t\t\n\t\t\t\t\t<\/div>\n\t\t\t\t\t\t\t\t\n<style>\n#image_1094713911 {\n  width: 100%;\n}\n<\/style>\n\t<\/div>\n\t\n\t\t<\/div>\n\t\t\t\t\t<\/div>\n\n\t\n<\/div>\n<h3 class=\"accordion_title\">V\u00e6lg enhed<\/h3><div class=\"accordion\">\n\t<div id=\"accordion-3546752599\" class=\"accordion-item\">\n\t\t<a id=\"accordion-3546752599-label\" class=\"accordion-title plain\" href=\"#accordion-item-formuler-mytvonline-2\" aria-expanded=\"false\" aria-controls=\"accordion-3546752599-content\" >\n\t\t\t<button class=\"toggle\" aria-label=\"Sl\u00e5 til\/fra\"><i class=\"icon-angle-down\"><\/i><\/button>\n\t\t\t<span>Formuler MyTVOnline 2<\/span>\n\t\t<\/a>\n\t\t<div id=\"accordion-3546752599-content\" class=\"accordion-inner\" aria-labelledby=\"accordion-3546752599-label\" >\n\t\t\t\n<div class=\"row align-center\"  id=\"row-645874981\">\n\n\t<div id=\"col-879817527\" class=\"col medium-10 small-12 large-10\"  >\n\t\t\t\t<div class=\"col-inner\"  >\n\t\t\t\n\t\t\t\n<h3>Formuler MyTVOnline 2<\/h3>\n<p><strong>Start Mytvonline2<\/strong><\/p>\n<p>V\u00e6lg <strong>tilf\u00f8j portal<\/strong><\/p>\n<p><strong>Portal Kaldenavn:<\/strong> NordicStream<\/p>\n<div>\u201c<strong>Login kr\u00e6ves<\/strong>\u201d skal v\u00e6re markeret.<\/div>\n<div>\u00a0<\/div>\n<div>Indtast de Xtream Codes-oplysninger, du har modtaget fra os via e-mail.<\/div>\n<div>\u00a0<\/div>\n<div><strong>Portal URL<\/strong>:<\/div>\n<div>\u00a0<\/div>\n<div>Brugernavn:<\/div>\n<div>\u00a0<\/div>\n<div>Adgangskode:<\/div>\n<div>\u00a0<\/div>\n<p>V\u00e6lg nu <strong>OK<\/strong>, og kanalerne vil blive indl\u00e6st!<\/p>\n\t\t<\/div>\n\t\t\t\t\t<\/div>\n\n\t\n<\/div>\n\t\t<\/div>\n\t<\/div>\n\t\n\t<div id=\"accordion-2692617932\" class=\"accordion-item\">\n\t\t<a id=\"accordion-2692617932-label\" class=\"accordion-title plain\" href=\"#accordion-item-formuler-mytvonline-3\" aria-expanded=\"false\" aria-controls=\"accordion-2692617932-content\" >\n\t\t\t<button class=\"toggle\" aria-label=\"Sl\u00e5 til\/fra\"><i class=\"icon-angle-down\"><\/i><\/button>\n\t\t\t<span>Formuler MyTVOnline 3<\/span>\n\t\t<\/a>\n\t\t<div id=\"accordion-2692617932-content\" class=\"accordion-inner\" aria-labelledby=\"accordion-2692617932-label\" >\n\t\t\t\n<div class=\"row align-center\"  id=\"row-376696856\">\n\n\t<div id=\"col-794399096\" class=\"col medium-10 small-12 large-10\"  >\n\t\t\t\t<div class=\"col-inner\"  >\n\t\t\t\n\t\t\t\n<h3>Formuler MyTVOnline 3<\/h3>\n<ul>\n<li>\n<p>Start boksen og indstil sprog og tr\u00e5dl\u00f8st netv\u00e6rk, hvis du bruger tr\u00e5dl\u00f8st.<\/p>\n<\/li>\n<li>\n<p>Ethernet automatiskt eller spring over, hvis du bruger tr\u00e5dl\u00f8st.<\/p>\n<\/li>\n<li>\n<p>V\u00e6lg region og land, indstil tid og dato, og tryk p\u00e5 &#8216;F\u00e6rdig&#8217;.<\/p>\n<\/li>\n<li>\n<p>Start opdateringen, der vises, og vent p\u00e5, at den er f\u00e6rdig.<\/p>\n<\/li>\n<li>\n<p>Download Audio Optimizer-appen fra Markedet og k\u00f8r den, s\u00e5 lyden fungerer fint bagefter.<\/p>\n<\/li>\n<li>\n<p>Start MytvOnline3 og tryk p\u00e5 &#8216;Accepter&#8217;.<\/p>\n<\/li>\n<li>\n<p>V\u00e6lg &#8216;Tilf\u00f8j portal&#8217;.<\/p>\n<\/li>\n<li>\n<p>Portalens kaldenavn.<\/p>\n<\/li>\n<li>\n<p>Hvad du \u00f8nsker.<\/p>\n<\/li>\n<li>\n<p>Portalens webadresse.<\/p>\n<\/li>\n<li>\n<p>Portalens webadresse fra dine abonnementsoplysninger (tjek din e-mail).<\/p>\n<\/li>\n<li>\n<p>V\u00e6lg &#8216;Login p\u00e5kr\u00e6vet&#8217; og udfyld brugernavn og adgangskode fra dit abonnement.<\/p>\n<\/li>\n<li>\n<p>Guide tidskompensation.<\/p>\n<\/li>\n<li>\n<p>Ingen og spring ID og Avanceret over.<\/p>\n<\/li>\n<li>\n<p>Tryk p\u00e5 &#8216;Forbind&#8217; og derefter &#8216;N\u00e6ste&#8217; og &#8216;Start ops\u00e6tningsguiden&#8217;.<\/p>\n<\/li>\n<li>\n<p>V\u00e6lg, om du vil fjerne lande\/kategorier fra din kanalliste, og derefter &#8216;N\u00e6ste trin&#8217;.<\/p>\n<\/li>\n<li>\n<p>Gentag med VOD og Serier &#8211; Alt er klart, tryk p\u00e5 &#8216;Se kanaler&#8217; for at se TV.<\/p>\n<\/li>\n<\/ul>\n\t\t<\/div>\n\t\t\t\t\t<\/div>\n\n\t\n<\/div>\n\t\t<\/div>\n\t<\/div>\n\t\n<\/div>\n","protected":false},"excerpt":{"rendered":"","protected":false},"author":1,"featured_media":0,"parent":588,"menu_order":0,"comment_status":"closed","ping_status":"closed","template":"","meta":{"_seopress_robots_primary_cat":"","_seopress_titles_title":"","_seopress_titles_desc":"","_seopress_robots_index":"","footnotes":""},"class_list":["post-798","page","type-page","status-publish","hentry"],"_links":{"self":[{"href":"https:\/\/nordicstream.io\/dk\/wp-json\/wp\/v2\/pages\/798","targetHints":{"allow":["GET"]}}],"collection":[{"href":"https:\/\/nordicstream.io\/dk\/wp-json\/wp\/v2\/pages"}],"about":[{"href":"https:\/\/nordicstream.io\/dk\/wp-json\/wp\/v2\/types\/page"}],"author":[{"embeddable":true,"href":"https:\/\/nordicstream.io\/dk\/wp-json\/wp\/v2\/users\/1"}],"replies":[{"embeddable":true,"href":"https:\/\/nordicstream.io\/dk\/wp-json\/wp\/v2\/comments?post=798"}],"version-history":[{"count":11,"href":"https:\/\/nordicstream.io\/dk\/wp-json\/wp\/v2\/pages\/798\/revisions"}],"predecessor-version":[{"id":6471,"href":"https:\/\/nordicstream.io\/dk\/wp-json\/wp\/v2\/pages\/798\/revisions\/6471"}],"up":[{"embeddable":true,"href":"https:\/\/nordicstream.io\/dk\/wp-json\/wp\/v2\/pages\/588"}],"wp:attachment":[{"href":"https:\/\/nordicstream.io\/dk\/wp-json\/wp\/v2\/media?parent=798"}],"curies":[{"name":"wp","href":"https:\/\/api.w.org\/{rel}","templated":true}]}}