{"id":812,"date":"2023-12-31T17:41:10","date_gmt":"2023-12-31T17:41:10","guid":{"rendered":"https:\/\/nordicstream.tv\/dk\/?page_id=812"},"modified":"2024-05-23T10:22:32","modified_gmt":"2024-05-23T09:22:32","slug":"samsung-smart-tv-instruktioner","status":"publish","type":"page","link":"https:\/\/nordicstream.io\/dk\/guider\/samsung-smart-tv-instruktioner\/","title":{"rendered":"Samsung Smart TV Instruktioner"},"content":{"rendered":"<div class=\"row align-center\"  id=\"row-622636728\">\n\n\t<div id=\"col-1407274116\" class=\"col medium-7 small-12 large-7\"  >\n\t\t\t\t<div class=\"col-inner\"  >\n\t\t\t\n\t\t\t\n\t<div class=\"img has-hover x md-x lg-x y md-y lg-y\" id=\"image_958974107\">\n\t\t\t\t\t\t\t\t<div class=\"img-inner image-cover dark\" style=\"padding-top:56.25%;\">\n\t\t\t<img decoding=\"async\" width=\"866\" height=\"650\" src=\"https:\/\/nordicstream.io\/wp-content\/uploads\/sites\/3\/2023\/12\/463_samsungsmarttv.jpg\" class=\"attachment-large size-large\" alt=\"\" srcset=\"https:\/\/nordicstream.io\/wp-content\/uploads\/sites\/3\/2023\/12\/463_samsungsmarttv.jpg 866w, https:\/\/nordicstream.io\/wp-content\/uploads\/sites\/3\/2023\/12\/463_samsungsmarttv-533x400.jpg 533w, https:\/\/nordicstream.io\/wp-content\/uploads\/sites\/3\/2023\/12\/463_samsungsmarttv-768x576.jpg 768w, https:\/\/nordicstream.io\/wp-content\/uploads\/sites\/3\/2023\/12\/463_samsungsmarttv-300x225.jpg 300w, https:\/\/nordicstream.io\/wp-content\/uploads\/sites\/3\/2023\/12\/463_samsungsmarttv-600x450.jpg 600w\" sizes=\"(max-width: 866px) 100vw, 866px\" \/>\t\t\t\t\t\t\n\t\t\t\t\t<\/div>\n\t\t\t\t\t\t\t\t\n<style>\n#image_958974107 {\n  width: 100%;\n}\n<\/style>\n\t<\/div>\n\t\n\t\t<\/div>\n\t\t\t\t\t<\/div>\n\n\t\n<\/div>\n<h3 class=\"accordion_title\">V\u00e6lg enhed<\/h3><div class=\"accordion\">\n\t<div id=\"accordion-1544514811\" class=\"accordion-item\">\n\t\t<a id=\"accordion-1544514811-label\" class=\"accordion-title plain\" href=\"#accordion-item-set-iptv\" aria-expanded=\"false\" aria-controls=\"accordion-1544514811-content\" >\n\t\t\t<button class=\"toggle\" aria-label=\"Sl\u00e5 til\/fra\"><i class=\"icon-angle-down\"><\/i><\/button>\n\t\t\t<span>Set IPTV<\/span>\n\t\t<\/a>\n\t\t<div id=\"accordion-1544514811-content\" class=\"accordion-inner\" aria-labelledby=\"accordion-1544514811-label\" >\n\t\t\t\n<div class=\"row align-center\"  id=\"row-1326864424\">\n\n\t<div id=\"col-1049087681\" class=\"col medium-10 small-12 large-10\"  >\n\t\t\t\t<div class=\"col-inner\"  >\n\t\t\t\n\t\t\t\n<h3>Set IPTV<\/h3>\n<ul class=\"list\">\n<li>Start med at downloade appen p\u00e5 dit nuv\u00e6rende TV og s\u00f8g efter SET IPTV.<\/li>\n<li>\u00c5bn appen.<\/li>\n<li>Gem MAC-adressen, som vist.<\/li>\n<\/ul>\n<p><img decoding=\"async\" class=\"alignnone size-full wp-image-995\" src=\"https:\/\/nordicstream.io\/dk\/wp-content\/uploads\/sites\/3\/2024\/01\/5866134984090302435_120.jpg\" alt=\"\" width=\"509\" height=\"282\" srcset=\"https:\/\/nordicstream.io\/wp-content\/uploads\/sites\/3\/2024\/01\/5866134984090302435_120.jpg 509w, https:\/\/nordicstream.io\/wp-content\/uploads\/sites\/3\/2024\/01\/5866134984090302435_120-300x166.jpg 300w\" sizes=\"(max-width: 509px) 100vw, 509px\" \/><\/p>\n<ul class=\"list\">\n<li>G\u00e5 til <a href=\"https:\/\/setsysteme.com\/set.app\" target=\"_new\" rel=\"noopener\">https:\/\/setsysteme.com\/set.app<\/a>.<\/li>\n<li>Udfyld TV MAC med MAC-adressen, du fik ovenfor fra appen.<\/li>\n<li>Inds\u00e6t din M3U-url fra NordicStream.<\/li>\n<li>Klik p\u00e5 &#8220;Jeg er ikke en robot&#8221; og klik p\u00e5 SEND.<\/li>\n<\/ul>\n<p><img decoding=\"async\" class=\"alignnone size-full wp-image-994\" src=\"https:\/\/nordicstream.io\/dk\/wp-content\/uploads\/sites\/3\/2024\/01\/5866134984090302434_120.jpg\" alt=\"\" width=\"605\" height=\"303\" srcset=\"https:\/\/nordicstream.io\/wp-content\/uploads\/sites\/3\/2024\/01\/5866134984090302434_120.jpg 605w, https:\/\/nordicstream.io\/wp-content\/uploads\/sites\/3\/2024\/01\/5866134984090302434_120-300x150.jpg 300w, https:\/\/nordicstream.io\/wp-content\/uploads\/sites\/3\/2024\/01\/5866134984090302434_120-600x300.jpg 600w\" sizes=\"(max-width: 605px) 100vw, 605px\" \/><\/p>\n<ul class=\"list\">\n<li>Genstart derefter din app p\u00e5 dit TV.<\/li>\n<\/ul>\n\t\t<\/div>\n\t\t\t\t\t<\/div>\n\n\t\n<\/div>\n\t\t<\/div>\n\t<\/div>\n\t\n\t<div id=\"accordion-3881878098\" class=\"accordion-item\">\n\t\t<a id=\"accordion-3881878098-label\" class=\"accordion-title plain\" href=\"#accordion-item-iptv-smarters\" aria-expanded=\"false\" aria-controls=\"accordion-3881878098-content\" >\n\t\t\t<button class=\"toggle\" aria-label=\"Sl\u00e5 til\/fra\"><i class=\"icon-angle-down\"><\/i><\/button>\n\t\t\t<span>IPTV Smarters<\/span>\n\t\t<\/a>\n\t\t<div id=\"accordion-3881878098-content\" class=\"accordion-inner\" aria-labelledby=\"accordion-3881878098-label\" >\n\t\t\t\n<p>Trin 1. Tryk p\u00e5 Hjem-knappen p\u00e5 din Smart Remote, og naviger derefter til Apps.<\/p>\n<p>Trin 2. V\u00e6lg derefter S\u00f8geikonet i \u00f8verste h\u00f8jre hj\u00f8rne.<\/p>\n<p>Trin 3. Indtast App-navnet &#8220;IPTV Smarters Pro&#8221; og installer det.<\/p>\n<p>Trin 4. \u00c5bn applikationen og accepter &#8220;Licensaftalen&#8221;.<\/p>\n<p>Trin 5. Indtast dine afspilningslisteroplysninger (brugernavn, adgangskode og server-URL).<\/p>\n<p>Trin 6. N\u00e5r du har indtastet din afspilningsliste, vil den f\u00f8re dig til dashboardet. Nyd IPTV Smarters App.<\/p>\n\t\t<\/div>\n\t<\/div>\n\t\n\t<div id=\"accordion-145672287\" class=\"accordion-item\">\n\t\t<a id=\"accordion-145672287-label\" class=\"accordion-title plain\" href=\"#accordion-item-net-iptv\" aria-expanded=\"false\" aria-controls=\"accordion-145672287-content\" >\n\t\t\t<button class=\"toggle\" aria-label=\"Sl\u00e5 til\/fra\"><i class=\"icon-angle-down\"><\/i><\/button>\n\t\t\t<span>Net IPTV<\/span>\n\t\t<\/a>\n\t\t<div id=\"accordion-145672287-content\" class=\"accordion-inner\" aria-labelledby=\"accordion-145672287-label\" >\n\t\t\t\n<ul class=\"list\">\n<li>Start med at downloade appen p\u00e5 dit nuv\u00e6rende TV, s\u00f8g efter NET IPTV.<\/li>\n<li>\u00c5bn appen.<\/li>\n<li>Gem MAC-adressen nedenfor den r\u00f8de pil.<\/li>\n<\/ul>\n<p><img decoding=\"async\" class=\"alignnone size-full wp-image-999\" src=\"https:\/\/nordicstream.io\/dk\/wp-content\/uploads\/sites\/3\/2024\/01\/5866134984090302431_120.jpg\" alt=\"\" width=\"605\" height=\"286\" srcset=\"https:\/\/nordicstream.io\/wp-content\/uploads\/sites\/3\/2024\/01\/5866134984090302431_120.jpg 605w, https:\/\/nordicstream.io\/wp-content\/uploads\/sites\/3\/2024\/01\/5866134984090302431_120-300x142.jpg 300w, https:\/\/nordicstream.io\/wp-content\/uploads\/sites\/3\/2024\/01\/5866134984090302431_120-600x284.jpg 600w\" sizes=\"(max-width: 605px) 100vw, 605px\" \/><\/p>\n<ul class=\"list\">\n<li>G\u00e5 til <a href=\"https:\/\/netiptv.eu\/Upload\" target=\"_new\" rel=\"noopener\">https:\/\/netiptv.eu\/Upload<\/a>.<\/li>\n<li>Udfyld TV MAC med MAC-adressen, du fik fra appen ovenfor.<\/li>\n<li>Klik derefter p\u00e5 Tilf\u00f8j liste (Add List).<\/li>\n<\/ul>\n<p><img decoding=\"async\" class=\"alignnone size-full wp-image-998\" src=\"https:\/\/nordicstream.io\/dk\/wp-content\/uploads\/sites\/3\/2024\/01\/5866134984090302432_120.jpg\" alt=\"\" width=\"605\" height=\"400\" srcset=\"https:\/\/nordicstream.io\/wp-content\/uploads\/sites\/3\/2024\/01\/5866134984090302432_120.jpg 605w, https:\/\/nordicstream.io\/wp-content\/uploads\/sites\/3\/2024\/01\/5866134984090302432_120-300x198.jpg 300w, https:\/\/nordicstream.io\/wp-content\/uploads\/sites\/3\/2024\/01\/5866134984090302432_120-600x397.jpg 600w\" sizes=\"(max-width: 605px) 100vw, 605px\" \/><\/p>\n<ul class=\"list\">\n<li>Inds\u00e6t din M3U-URL, som er tildelt af NordicStream.<\/li>\n<li>Tryk p\u00e5 Tilf\u00f8j liste (Add List).<\/li>\n<\/ul>\n<p><img decoding=\"async\" class=\"alignnone size-medium wp-image-997\" src=\"https:\/\/nordicstream.io\/dk\/wp-content\/uploads\/sites\/3\/2024\/01\/5866134984090302433_120-255x400.jpg\" alt=\"\" width=\"255\" height=\"400\" srcset=\"https:\/\/nordicstream.io\/wp-content\/uploads\/sites\/3\/2024\/01\/5866134984090302433_120-255x400.jpg 255w, https:\/\/nordicstream.io\/wp-content\/uploads\/sites\/3\/2024\/01\/5866134984090302433_120-300x471.jpg 300w, https:\/\/nordicstream.io\/wp-content\/uploads\/sites\/3\/2024\/01\/5866134984090302433_120.jpg 436w\" sizes=\"(max-width: 255px) 100vw, 255px\" \/><\/p>\n<ul class=\"list\">\n<li>Genstart appen p\u00e5 dit TV.<\/li>\n<\/ul>\n\t\t<\/div>\n\t<\/div>\n\t\n\t<div id=\"accordion-865733352\" class=\"accordion-item\">\n\t\t<a id=\"accordion-865733352-label\" class=\"accordion-title plain\" href=\"#accordion-item-smart-iptv\" aria-expanded=\"false\" aria-controls=\"accordion-865733352-content\" >\n\t\t\t<button class=\"toggle\" aria-label=\"Sl\u00e5 til\/fra\"><i class=\"icon-angle-down\"><\/i><\/button>\n\t\t\t<span>Smart IPTV<\/span>\n\t\t<\/a>\n\t\t<div id=\"accordion-865733352-content\" class=\"accordion-inner\" aria-labelledby=\"accordion-865733352-label\" >\n\t\t\t\n<ul class=\"list\">\n<li>Begynd med at downloade appen p\u00e5 dit nuv\u00e6rende TV og s\u00f8g efter Smart IPTV.<\/li>\n<li>\u00c5bn appen.<\/li>\n<li>Gem MAC-adressen, som vist.<\/li>\n<\/ul>\n<p><img decoding=\"async\" class=\"alignnone size-full wp-image-993\" src=\"https:\/\/nordicstream.io\/dk\/wp-content\/uploads\/sites\/3\/2024\/01\/5866134984090302437_120.jpg\" alt=\"\" width=\"605\" height=\"352\" srcset=\"https:\/\/nordicstream.io\/wp-content\/uploads\/sites\/3\/2024\/01\/5866134984090302437_120.jpg 605w, https:\/\/nordicstream.io\/wp-content\/uploads\/sites\/3\/2024\/01\/5866134984090302437_120-300x175.jpg 300w, https:\/\/nordicstream.io\/wp-content\/uploads\/sites\/3\/2024\/01\/5866134984090302437_120-600x349.jpg 600w\" sizes=\"(max-width: 605px) 100vw, 605px\" \/><\/p>\n<ul class=\"list\">\n<li>G\u00e5 til <a href=\"https:\/\/siptv.app\/mylist\/\" target=\"_new\" rel=\"noopener\">https:\/\/siptv.app\/mylist\/<\/a>.<\/li>\n<li>Udfyld MAC med MAC-adressen, du fik ovenfor fra appen p\u00e5 dit TV.<\/li>\n<li>Inds\u00e6t derefter din m3u-URL, hvor den gule pil viser.<\/li>\n<li>VIGTIGT: Udfyld pr\u00e6cis som den sorte pil viser, IPTV, og deaktiver plist-logoer OG registrer EPG (Detect EPG).<\/li>\n<li>Klik derefter p\u00e5 Send (Submit).<\/li>\n<\/ul>\n<p><img decoding=\"async\" class=\"alignnone size-medium wp-image-992\" src=\"https:\/\/nordicstream.io\/dk\/wp-content\/uploads\/sites\/3\/2024\/01\/5866187017619093775_121-521x400.jpg\" alt=\"\" width=\"521\" height=\"400\" srcset=\"https:\/\/nordicstream.io\/wp-content\/uploads\/sites\/3\/2024\/01\/5866187017619093775_121-521x400.jpg 521w, https:\/\/nordicstream.io\/wp-content\/uploads\/sites\/3\/2024\/01\/5866187017619093775_121-768x590.jpg 768w, https:\/\/nordicstream.io\/wp-content\/uploads\/sites\/3\/2024\/01\/5866187017619093775_121-300x230.jpg 300w, https:\/\/nordicstream.io\/wp-content\/uploads\/sites\/3\/2024\/01\/5866187017619093775_121-600x461.jpg 600w, https:\/\/nordicstream.io\/wp-content\/uploads\/sites\/3\/2024\/01\/5866187017619093775_121.jpg 945w\" sizes=\"(max-width: 521px) 100vw, 521px\" \/><\/p>\n<ul class=\"list\">\n<li>Genstart derefter din app p\u00e5 dit TV.<\/li>\n<\/ul>\n\t\t<\/div>\n\t<\/div>\n\t\n\t<div id=\"accordion-1737018124\" class=\"accordion-item\">\n\t\t<a id=\"accordion-1737018124-label\" class=\"accordion-title plain\" href=\"#accordion-item-smart-stb\" aria-expanded=\"false\" aria-controls=\"accordion-1737018124-content\" >\n\t\t\t<button class=\"toggle\" aria-label=\"Sl\u00e5 til\/fra\"><i class=\"icon-angle-down\"><\/i><\/button>\n\t\t\t<span>Smart STB<\/span>\n\t\t<\/a>\n\t\t<div id=\"accordion-1737018124-content\" class=\"accordion-inner\" aria-labelledby=\"accordion-1737018124-label\" >\n\t\t\t\n<ul>\n<li>Download Smart STB.<\/li>\n<li>Start appen, n\u00e5r du ser &#8220;Indl\u00e6s portal&#8221; p\u00e5 TV&#8217;et, og tryk OK (knappen i midten).<\/li>\n<li>G\u00e5 ned til systemindstillinger.<\/li>\n<li>Skriv Virtual MAC-adressen ned og angiv den, n\u00e5r du anmoder om en test eller k\u00f8ber et abonnement.<\/li>\n<li>G\u00e5 nu til <a href=\"https:\/\/smart-stb.net\/\" target=\"_new\" rel=\"noopener\">https:\/\/smart-stb.net\/<\/a> og opret en konto.<\/li>\n<li>Indtast software-ID p\u00e5 Smart STB&#8217;s hjemmeside.<\/li>\n<li>Under portal skal du indtaste f\u00f8lgende: <a target=\"_new\" rel=\"noopener\">http:\/\/dinurl:2095\/c\/<\/a><\/li>\n<li>V\u00e6lg Gem.<\/li>\n<\/ul>\n\t\t<\/div>\n\t<\/div>\n\t\n\t<div id=\"accordion-3908741896\" class=\"accordion-item\">\n\t\t<a id=\"accordion-3908741896-label\" class=\"accordion-title plain\" href=\"#accordion-item-bay-iptv\" aria-expanded=\"false\" aria-controls=\"accordion-3908741896-content\" >\n\t\t\t<button class=\"toggle\" aria-label=\"Sl\u00e5 til\/fra\"><i class=\"icon-angle-down\"><\/i><\/button>\n\t\t\t<span>Bay IPTV<\/span>\n\t\t<\/a>\n\t\t<div id=\"accordion-3908741896-content\" class=\"accordion-inner\" aria-labelledby=\"accordion-3908741896-label\" >\n\t\t\t\n<ul>\n<li>\n<h3>Bay IPTV<\/h3>\n<ol>\n<li>G\u00e5 til din TVs App Store<\/li>\n<li>S\u00f8g efter Bay IPTV programmet<\/li>\n<li>Bay IPTV er i Samsung apps\/LG-indhold (Android-bokse s\u00f8ger i Google play store). N\u00e5r du har downloadet Bay IPTV, skal du notere din MAC-adresse og enhedsn\u00f8gle<\/li>\n<li>G\u00e5 til denne side <strong><a href=\"https:\/\/iboiptv.com\/device\/login\">https:\/\/iboiptv.com\/device\/login<\/a><\/strong><\/li>\n<li>Udfyld din MAC-adresse og enhedsn\u00f8gle, tryk p\u00e5 login<\/li>\n<li>Tryk p\u00e5<br \/>+ tilf\u00f8j playliste (M3u-link)<br \/>Udfyld M3u- og Epg-link<\/li>\n<li>+ tilf\u00f8j xc playliste (Xtream codes)<br \/>Playlistens navn<br \/>Brugernavn<br \/>Adgangskode<br \/>V\u00e6rt = server-URL<br \/>XMLTV EPG URL<br \/>Mark\u00e9r Beskyt denne playliste<br \/>Tryk p\u00e5 GEM<\/li>\n<li>Genstart Bay IPTV, og nu burde playlisten v\u00e6re downloadet<\/li>\n<\/ol>\n<p>I film- og seriegrupperne kan du spole frem og pause, som du \u00f8nsker. Live TV med uret tillader dig at se op til 72 timer tilbage<\/p>\n<p>Husk, at <strong>Bay IPTV<\/strong>\u00a0er et betalt program, der <strong>koster \u20ac6<\/strong><br \/><strong>Det er gratis i 7 dage<\/strong>, og n\u00e5r din pr\u00f8veperiode er slut, skal du k\u00f8be programmet.<br \/>Du g\u00f8r det her<strong> <a href=\"https:\/\/iboiptv.com\/device\/login\">https:\/\/iboiptv.com\/device\/login<\/a><\/strong><br \/>V\u00e6lg Aktiv\u00e9r<\/p>\n<\/li>\n<\/ul>\n\t\t<\/div>\n\t<\/div>\n\t\n\t<div id=\"accordion-1549377032\" class=\"accordion-item\">\n\t\t<a id=\"accordion-1549377032-label\" class=\"accordion-title plain\" href=\"#accordion-item-ibo-player\" aria-expanded=\"false\" aria-controls=\"accordion-1549377032-content\" >\n\t\t\t<button class=\"toggle\" aria-label=\"Sl\u00e5 til\/fra\"><i class=\"icon-angle-down\"><\/i><\/button>\n\t\t\t<span>IBO Player<\/span>\n\t\t<\/a>\n\t\t<div id=\"accordion-1549377032-content\" class=\"accordion-inner\" aria-labelledby=\"accordion-1549377032-label\" >\n\t\t\t\n<ul>\n<li>\n<h3>IBO Player<\/h3>\n<ol>\n<li>G\u00e5 til din TVs App Store<\/li>\n<li>S\u00f8g efter IBO PLAYER programmet<\/li>\n<li>IBO PLAYER er i Samsung apps\/LG-indhold (Android-bokse s\u00f8ger i Google play store). N\u00e5r du har downloadet IBO PLAYER, skal du notere din MAC-adresse og enhedsn\u00f8gle<\/li>\n<li>G\u00e5 til denne side <strong><a href=\"https:\/\/iboiptv.com\/device\/login\">https:\/\/iboiptv.com\/device\/login<\/a><\/strong><\/li>\n<li>Udfyld din MAC-adresse og enhedsn\u00f8gle, tryk p\u00e5 login<\/li>\n<li>Tryk p\u00e5<br \/>+ tilf\u00f8j playliste (M3u-link)<br \/>Udfyld M3u- og Epg-link<\/li>\n<li>+ tilf\u00f8j xc playliste (Xtream codes)<br \/>Playlistens navn<br \/>Brugernavn<br \/>Adgangskode<br \/>V\u00e6rt = server-URL<br \/>XMLTV EPG URL<br \/>Mark\u00e9r Beskyt denne playliste<br \/>Tryk p\u00e5 GEM<\/li>\n<li>Genstart IBO PLAYER, og nu burde playlisten v\u00e6re downloadet<\/li>\n<\/ol>\n<p>I film- og seriegrupperne kan du spole frem og pause, som du \u00f8nsker. Live TV med uret tillader dig at se op til 72 timer tilbage<\/p>\n<p>Husk, at <strong>IBO PLAYER<\/strong> er et betalt program, der <strong>koster \u20ac6<\/strong><br \/><strong>Det er gratis i 7 dage<\/strong>, og n\u00e5r din pr\u00f8veperiode er slut, skal du k\u00f8be programmet.<br \/>Du g\u00f8r det her<strong> <a href=\"https:\/\/iboiptv.com\/device\/login\">https:\/\/iboiptv.com\/device\/login<\/a><\/strong><br \/>V\u00e6lg Aktiv\u00e9r<\/p>\n<\/li>\n<\/ul>\n\t\t<\/div>\n\t<\/div>\n\t\n<\/div>\n","protected":false},"excerpt":{"rendered":"","protected":false},"author":1,"featured_media":0,"parent":588,"menu_order":0,"comment_status":"closed","ping_status":"closed","template":"","meta":{"_seopress_robots_primary_cat":"","_seopress_titles_title":"","_seopress_titles_desc":"","_seopress_robots_index":"","footnotes":""},"class_list":["post-812","page","type-page","status-publish","hentry"],"_links":{"self":[{"href":"https:\/\/nordicstream.io\/dk\/wp-json\/wp\/v2\/pages\/812","targetHints":{"allow":["GET"]}}],"collection":[{"href":"https:\/\/nordicstream.io\/dk\/wp-json\/wp\/v2\/pages"}],"about":[{"href":"https:\/\/nordicstream.io\/dk\/wp-json\/wp\/v2\/types\/page"}],"author":[{"embeddable":true,"href":"https:\/\/nordicstream.io\/dk\/wp-json\/wp\/v2\/users\/1"}],"replies":[{"embeddable":true,"href":"https:\/\/nordicstream.io\/dk\/wp-json\/wp\/v2\/comments?post=812"}],"version-history":[{"count":15,"href":"https:\/\/nordicstream.io\/dk\/wp-json\/wp\/v2\/pages\/812\/revisions"}],"predecessor-version":[{"id":2591,"href":"https:\/\/nordicstream.io\/dk\/wp-json\/wp\/v2\/pages\/812\/revisions\/2591"}],"up":[{"embeddable":true,"href":"https:\/\/nordicstream.io\/dk\/wp-json\/wp\/v2\/pages\/588"}],"wp:attachment":[{"href":"https:\/\/nordicstream.io\/dk\/wp-json\/wp\/v2\/media?parent=812"}],"curies":[{"name":"wp","href":"https:\/\/api.w.org\/{rel}","templated":true}]}}