{"id":825,"date":"2023-12-31T18:05:09","date_gmt":"2023-12-31T18:05:09","guid":{"rendered":"https:\/\/nordicstream.tv\/dk\/?page_id=825"},"modified":"2024-01-09T04:08:08","modified_gmt":"2024-01-09T03:08:08","slug":"appletv-instruktioner","status":"publish","type":"page","link":"https:\/\/nordicstream.io\/dk\/guider\/appletv-instruktioner\/","title":{"rendered":"AppleTV Instruktioner"},"content":{"rendered":"<div class=\"row align-center\"  id=\"row-1094730191\">\n\n\t<div id=\"col-2060692525\" class=\"col medium-7 small-12 large-7\"  >\n\t\t\t\t<div class=\"col-inner\"  >\n\t\t\t\n\t\t\t\n\t<div class=\"img has-hover x md-x lg-x y md-y lg-y\" id=\"image_2040145650\">\n\t\t\t\t\t\t\t\t<div class=\"img-inner image-cover dark\" style=\"padding-top:56.25%;\">\n\t\t\t<img decoding=\"async\" width=\"500\" height=\"350\" src=\"https:\/\/nordicstream.io\/wp-content\/uploads\/sites\/3\/2023\/12\/tvip-set-top-box-v410-3_1-2.webp\" class=\"attachment-large size-large\" alt=\"\" srcset=\"https:\/\/nordicstream.io\/wp-content\/uploads\/sites\/3\/2023\/12\/tvip-set-top-box-v410-3_1-2.webp 500w, https:\/\/nordicstream.io\/wp-content\/uploads\/sites\/3\/2023\/12\/tvip-set-top-box-v410-3_1-2-300x210.webp 300w\" sizes=\"(max-width: 500px) 100vw, 500px\" \/>\t\t\t\t\t\t\n\t\t\t\t\t<\/div>\n\t\t\t\t\t\t\t\t\n<style>\n#image_2040145650 {\n  width: 100%;\n}\n<\/style>\n\t<\/div>\n\t\n\t\t<\/div>\n\t\t\t\t\t<\/div>\n\n\t\n\n\t<div id=\"col-1605682194\" class=\"col medium-10 small-12 large-10\"  >\n\t\t\t\t<div class=\"col-inner\"  >\n\t\t\t\n\t\t\t\n<h3>AppleTV Instruktioner<\/h3>\n<h4>OBS! Fungerer kun med Apple TV 4 og 4k!<\/h4>\n<ul>\n<li>Download og installer GSE Smart IPTV Pro fra App Store p\u00e5 din enhed. Den professionelle version af GSE Smart IPTV Pro koster i dag cirka SEK 50. Hvis du blot \u00f8nsker at teste, anbefaler vi, at du downloader demo-versionen.<\/li>\n<li>Download appen og \u00e5bn den.<\/li>\n<\/ul>\n<p><img decoding=\"async\" class=\"alignnone size-medium wp-image-989\" src=\"https:\/\/nordicstream.io\/dk\/wp-content\/uploads\/sites\/3\/2024\/01\/IPTV02-184x400.webp\" alt=\"\" width=\"184\" height=\"400\" srcset=\"https:\/\/nordicstream.io\/wp-content\/uploads\/sites\/3\/2024\/01\/IPTV02-184x400.webp 184w, https:\/\/nordicstream.io\/wp-content\/uploads\/sites\/3\/2024\/01\/IPTV02-369x800.webp 369w, https:\/\/nordicstream.io\/wp-content\/uploads\/sites\/3\/2024\/01\/IPTV02-300x651.webp 300w, https:\/\/nordicstream.io\/wp-content\/uploads\/sites\/3\/2024\/01\/IPTV02.webp 461w\" sizes=\"(max-width: 184px) 100vw, 184px\" \/><\/p>\n<ul>\n<li>Tryk p\u00e5 menuen \u00f8verst til venstre.<\/li>\n<\/ul>\n<p><img decoding=\"async\" class=\"alignnone size-medium wp-image-988\" src=\"https:\/\/nordicstream.io\/dk\/wp-content\/uploads\/sites\/3\/2024\/01\/IPTV03-184x400.jpeg\" alt=\"\" width=\"184\" height=\"400\" srcset=\"https:\/\/nordicstream.io\/wp-content\/uploads\/sites\/3\/2024\/01\/IPTV03-184x400.jpeg 184w, https:\/\/nordicstream.io\/wp-content\/uploads\/sites\/3\/2024\/01\/IPTV03-369x800.jpeg 369w, https:\/\/nordicstream.io\/wp-content\/uploads\/sites\/3\/2024\/01\/IPTV03-300x651.jpeg 300w, https:\/\/nordicstream.io\/wp-content\/uploads\/sites\/3\/2024\/01\/IPTV03.jpeg 461w\" sizes=\"(max-width: 184px) 100vw, 184px\" \/><\/p>\n<ul>\n<li>G\u00e5 ned til Xtream Codes Api-fanen.<\/li>\n<\/ul>\n<p><img decoding=\"async\" class=\"alignnone size-medium wp-image-987\" src=\"https:\/\/nordicstream.io\/dk\/wp-content\/uploads\/sites\/3\/2024\/01\/IPTV04-184x400.webp\" alt=\"\" width=\"184\" height=\"400\" srcset=\"https:\/\/nordicstream.io\/wp-content\/uploads\/sites\/3\/2024\/01\/IPTV04-184x400.webp 184w, https:\/\/nordicstream.io\/wp-content\/uploads\/sites\/3\/2024\/01\/IPTV04-369x800.webp 369w, https:\/\/nordicstream.io\/wp-content\/uploads\/sites\/3\/2024\/01\/IPTV04-300x651.webp 300w, https:\/\/nordicstream.io\/wp-content\/uploads\/sites\/3\/2024\/01\/IPTV04.webp 461w\" sizes=\"(max-width: 184px) 100vw, 184px\" \/><\/p>\n<ul>\n<li>Tryk p\u00e5 &#8220;+&#8221;.<\/li>\n<\/ul>\n<p><img decoding=\"async\" class=\"alignnone size-medium wp-image-986\" src=\"https:\/\/nordicstream.io\/dk\/wp-content\/uploads\/sites\/3\/2024\/01\/IPTV05-184x400.webp\" alt=\"\" width=\"184\" height=\"400\" srcset=\"https:\/\/nordicstream.io\/wp-content\/uploads\/sites\/3\/2024\/01\/IPTV05-184x400.webp 184w, https:\/\/nordicstream.io\/wp-content\/uploads\/sites\/3\/2024\/01\/IPTV05-369x800.webp 369w, https:\/\/nordicstream.io\/wp-content\/uploads\/sites\/3\/2024\/01\/IPTV05-300x651.webp 300w, https:\/\/nordicstream.io\/wp-content\/uploads\/sites\/3\/2024\/01\/IPTV05.webp 461w\" sizes=\"(max-width: 184px) 100vw, 184px\" \/><\/p>\n<ul>\n<li>Navngiv listen som NordicStream, indtast de oplysninger, du har modtaget fra os via e-mail (Xtream Codes Log ind). Aktiv\u00e9r automatisk opdatering og tilf\u00f8j. Klik derefter p\u00e5 den liste, du har oprettet (NordicStream).<\/li>\n<\/ul>\n<p><img decoding=\"async\" class=\"alignnone size-medium wp-image-985\" src=\"https:\/\/nordicstream.io\/dk\/wp-content\/uploads\/sites\/3\/2024\/01\/IPTV06-184x400.webp\" alt=\"\" width=\"184\" height=\"400\" srcset=\"https:\/\/nordicstream.io\/wp-content\/uploads\/sites\/3\/2024\/01\/IPTV06-184x400.webp 184w, https:\/\/nordicstream.io\/wp-content\/uploads\/sites\/3\/2024\/01\/IPTV06-369x800.webp 369w, https:\/\/nordicstream.io\/wp-content\/uploads\/sites\/3\/2024\/01\/IPTV06-300x651.webp 300w, https:\/\/nordicstream.io\/wp-content\/uploads\/sites\/3\/2024\/01\/IPTV06.webp 461w\" sizes=\"(max-width: 184px) 100vw, 184px\" \/><\/p>\n<ul>\n<li>Tryk nu p\u00e5 &#8220;Installer EPG-data&#8221;, n\u00e5r det er f\u00e6rdigt med at indl\u00e6se, kan du begynde at se.<\/li>\n<\/ul>\n\t\t<\/div>\n\t\t\t\t\t<\/div>\n\n\t\n<\/div>\n","protected":false},"excerpt":{"rendered":"","protected":false},"author":1,"featured_media":0,"parent":588,"menu_order":0,"comment_status":"closed","ping_status":"closed","template":"","meta":{"_seopress_robots_primary_cat":"","_seopress_titles_title":"","_seopress_titles_desc":"","_seopress_robots_index":"","footnotes":""},"class_list":["post-825","page","type-page","status-publish","hentry"],"_links":{"self":[{"href":"https:\/\/nordicstream.io\/dk\/wp-json\/wp\/v2\/pages\/825","targetHints":{"allow":["GET"]}}],"collection":[{"href":"https:\/\/nordicstream.io\/dk\/wp-json\/wp\/v2\/pages"}],"about":[{"href":"https:\/\/nordicstream.io\/dk\/wp-json\/wp\/v2\/types\/page"}],"author":[{"embeddable":true,"href":"https:\/\/nordicstream.io\/dk\/wp-json\/wp\/v2\/users\/1"}],"replies":[{"embeddable":true,"href":"https:\/\/nordicstream.io\/dk\/wp-json\/wp\/v2\/comments?post=825"}],"version-history":[{"count":6,"href":"https:\/\/nordicstream.io\/dk\/wp-json\/wp\/v2\/pages\/825\/revisions"}],"predecessor-version":[{"id":990,"href":"https:\/\/nordicstream.io\/dk\/wp-json\/wp\/v2\/pages\/825\/revisions\/990"}],"up":[{"embeddable":true,"href":"https:\/\/nordicstream.io\/dk\/wp-json\/wp\/v2\/pages\/588"}],"wp:attachment":[{"href":"https:\/\/nordicstream.io\/dk\/wp-json\/wp\/v2\/media?parent=825"}],"curies":[{"name":"wp","href":"https:\/\/api.w.org\/{rel}","templated":true}]}}