{"id":3727,"date":"2025-01-17T08:22:32","date_gmt":"2025-01-17T07:22:32","guid":{"rendered":"https:\/\/nordicstream.tv\/dk\/?post_type=product&#038;p=3727"},"modified":"2026-01-19T10:13:58","modified_gmt":"2026-01-19T09:13:58","slug":"12-maaneder-iptv-z11-pro-box","status":"publish","type":"product","link":"https:\/\/nordicstream.io\/dk\/bestil\/12-maaneder-iptv-z11-pro-box\/","title":{"rendered":"12 m\u00e5neder IPTV + Z11 PRO Box"},"content":{"rendered":"","protected":false},"excerpt":{"rendered":"<p>K\u00f8b din komplette og forudinstalleret IPTV-pakke her. Formula Z11-boks + 12 m\u00e5neders abonnement inkluderet. IPTV-abonnement med 12.000+ kanaler og mere end 25.000+ film og 5000+ serier.<\/p>\n<ul class=\"et_pb_pricing\">\n<li>Online 24\/7<\/li>\n<li>Premium-servere<\/li>\n<li>12.000+ kanaler<\/li>\n<li>25.000+ VOD-film<\/li>\n<li>5000+ serier<\/li>\n<li>HD- og FHD-kvalitet<\/li>\n<li>Kompatibel med Android, PC og Smart TV<\/li>\n<li>Underst\u00f8ttelse af Mag, Tvip, Formuler, Enigma og mere.<\/li>\n<li><\/li>\n<\/ul>\n","protected":false},"featured_media":877,"template":"","meta":{"_seopress_robots_primary_cat":"none","_seopress_titles_title":"","_seopress_titles_desc":"","_seopress_robots_index":""},"product_brand":[],"product_cat":[78],"product_tag":[],"class_list":{"0":"post-3727","1":"product","2":"type-product","3":"status-publish","4":"has-post-thumbnail","6":"product_cat-tv-boks-abonnement","8":"first","9":"instock","10":"shipping-taxable","11":"purchasable","12":"product-type-variable"},"_links":{"self":[{"href":"https:\/\/nordicstream.io\/dk\/wp-json\/wp\/v2\/product\/3727","targetHints":{"allow":["GET"]}}],"collection":[{"href":"https:\/\/nordicstream.io\/dk\/wp-json\/wp\/v2\/product"}],"about":[{"href":"https:\/\/nordicstream.io\/dk\/wp-json\/wp\/v2\/types\/product"}],"wp:featuredmedia":[{"embeddable":true,"href":"https:\/\/nordicstream.io\/dk\/wp-json\/wp\/v2\/media\/877"}],"wp:attachment":[{"href":"https:\/\/nordicstream.io\/dk\/wp-json\/wp\/v2\/media?parent=3727"}],"wp:term":[{"taxonomy":"product_brand","embeddable":true,"href":"https:\/\/nordicstream.io\/dk\/wp-json\/wp\/v2\/product_brand?post=3727"},{"taxonomy":"product_cat","embeddable":true,"href":"https:\/\/nordicstream.io\/dk\/wp-json\/wp\/v2\/product_cat?post=3727"},{"taxonomy":"product_tag","embeddable":true,"href":"https:\/\/nordicstream.io\/dk\/wp-json\/wp\/v2\/product_tag?post=3727"}],"curies":[{"name":"wp","href":"https:\/\/api.w.org\/{rel}","templated":true}]}}