{"id":695,"date":"2023-12-25T13:27:37","date_gmt":"2023-12-25T13:27:37","guid":{"rendered":"https:\/\/nordicstream.tv\/se\/?page_id=695"},"modified":"2024-01-06T04:57:36","modified_gmt":"2024-01-06T04:57:36","slug":"ios-android-instructions","status":"publish","type":"page","link":"https:\/\/nordicstream.io\/en\/guides\/ios-android-instructions\/","title":{"rendered":"iOS\/Android Intructions"},"content":{"rendered":"<div class=\"row align-center\"  id=\"row-1868660994\">\n\n\t<div id=\"col-368885981\" class=\"col medium-7 small-12 large-7\"  >\n\t\t\t\t<div class=\"col-inner\"  >\n\t\t\t\n\t\t\t\n\t<div class=\"img has-hover x md-x lg-x y md-y lg-y\" id=\"image_836568526\">\n\t\t\t\t\t\t\t\t<div class=\"img-inner image-cover dark\" style=\"padding-top:56.25%;\">\n\t\t\t<img decoding=\"async\" width=\"536\" height=\"479\" src=\"https:\/\/nordicstream.io\/wp-content\/uploads\/sites\/2\/2023\/12\/newappletv_6.webp\" class=\"attachment-original size-original\" alt=\"\" srcset=\"https:\/\/nordicstream.io\/wp-content\/uploads\/sites\/2\/2023\/12\/newappletv_6.webp 536w, https:\/\/nordicstream.io\/wp-content\/uploads\/sites\/2\/2023\/12\/newappletv_6-448x400.webp 448w, https:\/\/nordicstream.io\/wp-content\/uploads\/sites\/2\/2023\/12\/newappletv_6-300x268.webp 300w\" sizes=\"(max-width: 536px) 100vw, 536px\" \/>\t\t\t\t\t\t\n\t\t\t\t\t<\/div>\n\t\t\t\t\t\t\t\t\n<style>\n#image_836568526 {\n  width: 100%;\n}\n<\/style>\n\t<\/div>\n\t\n\t\t<\/div>\n\t\t\t\t\t<\/div>\n\n\t\n\n\t<div id=\"col-2040416224\" class=\"col medium-10 small-12 large-10\"  >\n\t\t\t\t<div class=\"col-inner\"  >\n\t\t\t\n\t\t\t\n<h3 class=\"elementor-heading-title elementor-size-default\">iOS \/ Android<\/h3>\n<h4 class=\"elementor-heading-title elementor-size-default\">Instruktioner f\u00f6r iOS och Android-enheter.<\/h4>\n<div class=\"elementor-element elementor-element-5716076 elementor-widget elementor-widget-text-editor\" data-id=\"5716076\" data-element_type=\"widget\" data-widget_type=\"text-editor.default\">\n<div class=\"elementor-widget-container\">\n<div class=\"elementor-element elementor-element-3c120360 elementor-widget elementor-widget-text-editor\" data-id=\"3c120360\" data-element_type=\"widget\" data-widget_type=\"text-editor.default\">\n<div class=\"elementor-widget-container\">\n<p><strong>Ladda ner och installera GSE SMART IPTV PRO fr\u00e5n app store i din telefon eller surfplatta. Vill man slippa reklam i appen s\u00e5 g\u00e5r det att l\u00e5sa upp den genom k\u00f6p i appen.<\/strong><\/p>\n<\/div>\n<\/div>\n<div class=\"elementor-element elementor-element-04f3188 elementor-widget elementor-widget-text-editor\" data-id=\"04f3188\" data-element_type=\"widget\" data-widget_type=\"text-editor.default\">\n<div class=\"elementor-widget-container\">\n<p>Ladda hem appen och \u00f6ppna den.<\/p>\n<\/div>\n<\/div>\n<div class=\"elementor-element elementor-element-a06b175 elementor-widget elementor-widget-image\" data-id=\"a06b175\" data-element_type=\"widget\" data-widget_type=\"image.default\">\n<div class=\"elementor-widget-container\"><img decoding=\"async\" class=\"attachment-large size-large wp-image-847\" src=\"https:\/\/nordicstream.io\/wp-content\/uploads\/2022\/03\/IPTV02.jpeg\" sizes=\"(max-width: 461px) 100vw, 461px\" srcset=\"https:\/\/nordicstream.io\/wp-content\/uploads\/2022\/03\/IPTV02.jpeg 461w, https:\/\/nordicstream.io\/wp-content\/uploads\/2022\/03\/IPTV02-138x300.jpeg 138w\" alt=\"\" width=\"461\" height=\"1000\" \/><\/div>\n<\/div>\n<div class=\"elementor-element elementor-element-d828409 elementor-widget elementor-widget-text-editor\" data-id=\"d828409\" data-element_type=\"widget\" data-widget_type=\"text-editor.default\">\n<div class=\"elementor-widget-container\">\n<p>Tryck p\u00e5 menyn uppe till v\u00e4nster.<\/p>\n<\/div>\n<\/div>\n<div class=\"elementor-element elementor-element-5fdaea6 elementor-widget elementor-widget-image\" data-id=\"5fdaea6\" data-element_type=\"widget\" data-widget_type=\"image.default\">\n<div class=\"elementor-widget-container\"><img decoding=\"async\" class=\"attachment-large size-large wp-image-848\" src=\"https:\/\/nordicstream.io\/wp-content\/uploads\/2022\/03\/IPTV03.jpeg\" sizes=\"(max-width: 461px) 100vw, 461px\" srcset=\"https:\/\/nordicstream.io\/wp-content\/uploads\/2022\/03\/IPTV03.jpeg 461w, https:\/\/nordicstream.io\/wp-content\/uploads\/2022\/03\/IPTV03-138x300.jpeg 138w\" alt=\"\" width=\"461\" height=\"1000\" \/><\/div>\n<\/div>\n<div class=\"elementor-element elementor-element-3a9a33e elementor-widget elementor-widget-text-editor\" data-id=\"3a9a33e\" data-element_type=\"widget\" data-widget_type=\"text-editor.default\">\n<div class=\"elementor-widget-container\">\n<p>G\u00e5 ner till fliken Xtream Codes Api.<\/p>\n<\/div>\n<\/div>\n<div class=\"elementor-element elementor-element-108f77d elementor-widget elementor-widget-image\" data-id=\"108f77d\" data-element_type=\"widget\" data-widget_type=\"image.default\">\n<div class=\"elementor-widget-container\"><img decoding=\"async\" class=\"attachment-large size-large wp-image-849\" src=\"https:\/\/nordicstream.io\/wp-content\/uploads\/2022\/03\/IPTV04.jpeg\" sizes=\"(max-width: 461px) 100vw, 461px\" srcset=\"https:\/\/nordicstream.io\/wp-content\/uploads\/2022\/03\/IPTV04.jpeg 461w, https:\/\/nordicstream.io\/wp-content\/uploads\/2022\/03\/IPTV04-138x300.jpeg 138w\" alt=\"\" width=\"461\" height=\"1000\" \/><\/div>\n<\/div>\n<div class=\"elementor-element elementor-element-c6394a9 elementor-widget elementor-widget-text-editor\" data-id=\"c6394a9\" data-element_type=\"widget\" data-widget_type=\"text-editor.default\">\n<div class=\"elementor-widget-container\">\n<p>Tryck p\u00e5 +.<\/p>\n<\/div>\n<\/div>\n<div class=\"elementor-element elementor-element-a2a4d82 elementor-widget elementor-widget-image\" data-id=\"a2a4d82\" data-element_type=\"widget\" data-widget_type=\"image.default\">\n<div class=\"elementor-widget-container\"><img decoding=\"async\" class=\"attachment-large size-large wp-image-850\" src=\"https:\/\/nordicstream.io\/wp-content\/uploads\/2022\/03\/IPTV05.jpeg\" sizes=\"(max-width: 461px) 100vw, 461px\" srcset=\"https:\/\/nordicstream.io\/wp-content\/uploads\/2022\/03\/IPTV05.jpeg 461w, https:\/\/nordicstream.io\/wp-content\/uploads\/2022\/03\/IPTV05-138x300.jpeg 138w\" alt=\"\" width=\"461\" height=\"1000\" \/><\/div>\n<\/div>\n<div class=\"elementor-element elementor-element-927d9dc elementor-widget elementor-widget-text-editor\" data-id=\"927d9dc\" data-element_type=\"widget\" data-widget_type=\"text-editor.default\">\n<div class=\"elementor-widget-container\">\n<p>D\u00f6p listan till\u00a0<strong>NordicStream<\/strong>\u00a0ange dom uppgifter du f\u00e5tt av oss p\u00e5 mailen (Xtream Codes Log in). Bocka i auto update och l\u00e4gg till. Klicka sedan p\u00e5 listan du skapat (<strong>NordicStream<\/strong>).<\/p>\n<\/div>\n<\/div>\n<div class=\"elementor-element elementor-element-bd712e8 elementor-widget elementor-widget-image\" data-id=\"bd712e8\" data-element_type=\"widget\" data-widget_type=\"image.default\">\n<div class=\"elementor-widget-container\"><img decoding=\"async\" class=\"attachment-large size-large wp-image-851\" src=\"https:\/\/nordicstream.io\/wp-content\/uploads\/2022\/03\/IPTV06.jpeg\" sizes=\"(max-width: 461px) 100vw, 461px\" srcset=\"https:\/\/nordicstream.io\/wp-content\/uploads\/2022\/03\/IPTV06.jpeg 461w, https:\/\/nordicstream.io\/wp-content\/uploads\/2022\/03\/IPTV06-138x300.jpeg 138w\" alt=\"\" width=\"461\" height=\"1000\" \/><\/div>\n<\/div>\n<div class=\"elementor-element elementor-element-434b3ad elementor-widget elementor-widget-text-editor\" data-id=\"434b3ad\" data-element_type=\"widget\" data-widget_type=\"text-editor.default\">\n<div class=\"elementor-widget-container\">\n<p>Tryck nu p\u00e5 installera epg data n\u00e4r den v\u00e4l laddat klart s\u00e5 \u00e4r det bara att b\u00f6rja titta.<\/p>\n<p>\u2013 Live TV = Alla kanaler.<br \/>\u2013 VOD = Alla ilmer.<br \/>\u2013 Series = Alla serier.<\/p>\n<\/div>\n<\/div>\n<\/div>\n<\/div>\n\t\t<\/div>\n\t\t\t\t\t<\/div>\n\n\t\n<\/div>\n","protected":false},"excerpt":{"rendered":"","protected":false},"author":1,"featured_media":0,"parent":588,"menu_order":0,"comment_status":"closed","ping_status":"closed","template":"","meta":{"_seopress_robots_primary_cat":"","_seopress_titles_title":"","_seopress_titles_desc":"","_seopress_robots_index":"","footnotes":""},"class_list":["post-695","page","type-page","status-publish","hentry"],"_links":{"self":[{"href":"https:\/\/nordicstream.io\/en\/wp-json\/wp\/v2\/pages\/695","targetHints":{"allow":["GET"]}}],"collection":[{"href":"https:\/\/nordicstream.io\/en\/wp-json\/wp\/v2\/pages"}],"about":[{"href":"https:\/\/nordicstream.io\/en\/wp-json\/wp\/v2\/types\/page"}],"author":[{"embeddable":true,"href":"https:\/\/nordicstream.io\/en\/wp-json\/wp\/v2\/users\/1"}],"replies":[{"embeddable":true,"href":"https:\/\/nordicstream.io\/en\/wp-json\/wp\/v2\/comments?post=695"}],"version-history":[{"count":5,"href":"https:\/\/nordicstream.io\/en\/wp-json\/wp\/v2\/pages\/695\/revisions"}],"predecessor-version":[{"id":981,"href":"https:\/\/nordicstream.io\/en\/wp-json\/wp\/v2\/pages\/695\/revisions\/981"}],"up":[{"embeddable":true,"href":"https:\/\/nordicstream.io\/en\/wp-json\/wp\/v2\/pages\/588"}],"wp:attachment":[{"href":"https:\/\/nordicstream.io\/en\/wp-json\/wp\/v2\/media?parent=695"}],"curies":[{"name":"wp","href":"https:\/\/api.w.org\/{rel}","templated":true}]}}