{"id":710,"date":"2023-12-25T13:37:47","date_gmt":"2023-12-25T13:37:47","guid":{"rendered":"https:\/\/nordicstream.tv\/se\/?page_id=710"},"modified":"2024-01-06T04:56:48","modified_gmt":"2024-01-06T04:56:48","slug":"gse-smart-iptv-instructions","status":"publish","type":"page","link":"https:\/\/nordicstream.io\/en\/gse-smart-iptv-instructions\/","title":{"rendered":"GSE Smart IPTV Instructions"},"content":{"rendered":"<div class=\"row align-center\"  id=\"row-538760422\">\n\n\t<div id=\"col-1882674993\" class=\"col medium-7 small-12 large-7\"  >\n\t\t\t\t<div class=\"col-inner\"  >\n\t\t\t\n\t\t\t\n\t<div class=\"img has-hover x md-x lg-x y md-y lg-y\" id=\"image_2027079584\">\n\t\t\t\t\t\t\t\t<div class=\"img-inner image-cover dark\" style=\"padding-top:56.25%;\">\n\t\t\t<img decoding=\"async\" width=\"500\" height=\"501\" src=\"https:\/\/nordicstream.io\/wp-content\/uploads\/sites\/2\/2023\/12\/gse_IPTV01.webp\" class=\"attachment-original size-original\" alt=\"\" srcset=\"https:\/\/nordicstream.io\/wp-content\/uploads\/sites\/2\/2023\/12\/gse_IPTV01.webp 500w, https:\/\/nordicstream.io\/wp-content\/uploads\/sites\/2\/2023\/12\/gse_IPTV01-399x400.webp 399w, https:\/\/nordicstream.io\/wp-content\/uploads\/sites\/2\/2023\/12\/gse_IPTV01-280x280.webp 280w, https:\/\/nordicstream.io\/wp-content\/uploads\/sites\/2\/2023\/12\/gse_IPTV01-300x301.webp 300w, https:\/\/nordicstream.io\/wp-content\/uploads\/sites\/2\/2023\/12\/gse_IPTV01-100x100.webp 100w\" sizes=\"(max-width: 500px) 100vw, 500px\" \/>\t\t\t\t\t\t\n\t\t\t\t\t<\/div>\n\t\t\t\t\t\t\t\t\n<style>\n#image_2027079584 {\n  width: 100%;\n}\n<\/style>\n\t<\/div>\n\t\n\t\t<\/div>\n\t\t\t\t\t<\/div>\n\n\t\n\n\t<div id=\"col-2087679551\" class=\"col medium-10 small-12 large-10\"  >\n\t\t\t\t<div class=\"col-inner\"  >\n\t\t\t\n\t\t\t\n<h3 class=\"elementor-heading-title elementor-size-default\">GSE Smart IPTV Instruktioner<\/h3>\n<h4 class=\"elementor-heading-title elementor-size-default\">Kom ig\u00e5ng med GSE Smart IPTV<\/h4>\n<div class=\"elementor-element elementor-element-d4e74e8 elementor-widget elementor-widget-text-editor\" data-id=\"d4e74e8\" data-element_type=\"widget\" data-widget_type=\"text-editor.default\">\n<div class=\"elementor-widget-container\">\n<p>Ladda hem appen och \u00f6ppna den.<\/p>\n<\/div>\n<\/div>\n<div class=\"elementor-element elementor-element-f87befd elementor-widget elementor-widget-image\" data-id=\"f87befd\" data-element_type=\"widget\" data-widget_type=\"image.default\">\n<div class=\"elementor-widget-container\"><img decoding=\"async\" class=\"attachment-large size-large wp-image-847\" src=\"https:\/\/nordicstream.io\/wp-content\/uploads\/2022\/03\/IPTV02.jpeg\" sizes=\"(max-width: 461px) 100vw, 461px\" srcset=\"https:\/\/nordicstream.io\/wp-content\/uploads\/2022\/03\/IPTV02.jpeg 461w, https:\/\/nordicstream.io\/wp-content\/uploads\/2022\/03\/IPTV02-138x300.jpeg 138w\" alt=\"\" width=\"461\" height=\"1000\" \/><\/div>\n<\/div>\n<div class=\"elementor-element elementor-element-8fa4036 elementor-widget elementor-widget-text-editor\" data-id=\"8fa4036\" data-element_type=\"widget\" data-widget_type=\"text-editor.default\">\n<div class=\"elementor-widget-container\">\n<p>Tryck p\u00e5 menyn uppe till v\u00e4nster.<\/p>\n<\/div>\n<\/div>\n<div class=\"elementor-element elementor-element-e0a8484 elementor-widget elementor-widget-image\" data-id=\"e0a8484\" data-element_type=\"widget\" data-widget_type=\"image.default\">\n<div class=\"elementor-widget-container\"><img decoding=\"async\" class=\"attachment-large size-large wp-image-848\" src=\"https:\/\/nordicstream.io\/wp-content\/uploads\/2022\/03\/IPTV03.jpeg\" sizes=\"(max-width: 461px) 100vw, 461px\" srcset=\"https:\/\/nordicstream.io\/wp-content\/uploads\/2022\/03\/IPTV03.jpeg 461w, https:\/\/nordicstream.io\/wp-content\/uploads\/2022\/03\/IPTV03-138x300.jpeg 138w\" alt=\"\" width=\"461\" height=\"1000\" \/><\/div>\n<\/div>\n<div class=\"elementor-element elementor-element-a162223 elementor-widget elementor-widget-text-editor\" data-id=\"a162223\" data-element_type=\"widget\" data-widget_type=\"text-editor.default\">\n<div class=\"elementor-widget-container\">\n<p>G\u00e5 ner till fliken Xtream Codes Api.<\/p>\n<\/div>\n<\/div>\n<div class=\"elementor-element elementor-element-259ac04 elementor-widget elementor-widget-image\" data-id=\"259ac04\" data-element_type=\"widget\" data-widget_type=\"image.default\">\n<div class=\"elementor-widget-container\"><img decoding=\"async\" class=\"attachment-large size-large wp-image-849\" src=\"https:\/\/nordicstream.io\/wp-content\/uploads\/2022\/03\/IPTV04.jpeg\" sizes=\"(max-width: 461px) 100vw, 461px\" srcset=\"https:\/\/nordicstream.io\/wp-content\/uploads\/2022\/03\/IPTV04.jpeg 461w, https:\/\/nordicstream.io\/wp-content\/uploads\/2022\/03\/IPTV04-138x300.jpeg 138w\" alt=\"\" width=\"461\" height=\"1000\" \/><\/div>\n<\/div>\n<div class=\"elementor-element elementor-element-49078b5 elementor-widget elementor-widget-text-editor\" data-id=\"49078b5\" data-element_type=\"widget\" data-widget_type=\"text-editor.default\">\n<div class=\"elementor-widget-container\">\n<p>Tryck p\u00e5 +.<\/p>\n<\/div>\n<\/div>\n<div class=\"elementor-element elementor-element-844868b elementor-widget elementor-widget-image\" data-id=\"844868b\" data-element_type=\"widget\" data-widget_type=\"image.default\">\n<div class=\"elementor-widget-container\"><img decoding=\"async\" class=\"attachment-large size-large wp-image-850\" src=\"https:\/\/nordicstream.io\/wp-content\/uploads\/2022\/03\/IPTV05.jpeg\" sizes=\"(max-width: 461px) 100vw, 461px\" srcset=\"https:\/\/nordicstream.io\/wp-content\/uploads\/2022\/03\/IPTV05.jpeg 461w, https:\/\/nordicstream.io\/wp-content\/uploads\/2022\/03\/IPTV05-138x300.jpeg 138w\" alt=\"\" width=\"461\" height=\"1000\" \/><\/div>\n<\/div>\n<div class=\"elementor-element elementor-element-e83f1eb elementor-widget elementor-widget-text-editor\" data-id=\"e83f1eb\" data-element_type=\"widget\" data-widget_type=\"text-editor.default\">\n<div class=\"elementor-widget-container\">\n<p>D\u00f6p listan till\u00a0<strong>NordicStream<\/strong>\u00a0ange dom uppgifter du f\u00e5tt av oss p\u00e5 mailen (Xtream Codes Log in). Bocka i auto update och l\u00e4gg till. Klicka sedan p\u00e5 listan du skapat (<strong>NordicStream<\/strong>).<\/p>\n<\/div>\n<\/div>\n<div class=\"elementor-element elementor-element-0f9d176 elementor-widget elementor-widget-image\" data-id=\"0f9d176\" data-element_type=\"widget\" data-widget_type=\"image.default\">\n<div class=\"elementor-widget-container\"><img decoding=\"async\" class=\"attachment-large size-large wp-image-851\" src=\"https:\/\/nordicstream.io\/wp-content\/uploads\/2022\/03\/IPTV06.jpeg\" sizes=\"(max-width: 461px) 100vw, 461px\" srcset=\"https:\/\/nordicstream.io\/wp-content\/uploads\/2022\/03\/IPTV06.jpeg 461w, https:\/\/nordicstream.io\/wp-content\/uploads\/2022\/03\/IPTV06-138x300.jpeg 138w\" alt=\"\" width=\"461\" height=\"1000\" \/><\/div>\n<\/div>\n<div class=\"elementor-element elementor-element-7a459fc elementor-widget elementor-widget-text-editor\" data-id=\"7a459fc\" data-element_type=\"widget\" data-widget_type=\"text-editor.default\">\n<div class=\"elementor-widget-container\">\n<p>Tryck nu p\u00e5 installera epg data n\u00e4r den v\u00e4l laddat klart s\u00e5 \u00e4r det bara att b\u00f6rja titta.<\/p>\n<p>\u2013 Live TV = Alla kanaler.<br \/>\u2013 VOD = Alla ilmer.<br \/>\u2013 Series = Alla serier.<\/p>\n<\/div>\n<\/div>\n\t\t<\/div>\n\t\t\t\t\t<\/div>\n\n\t\n<\/div>\n","protected":false},"excerpt":{"rendered":"","protected":false},"author":1,"featured_media":0,"parent":0,"menu_order":0,"comment_status":"closed","ping_status":"closed","template":"","meta":{"_seopress_robots_primary_cat":"","_seopress_titles_title":"","_seopress_titles_desc":"","_seopress_robots_index":"","footnotes":""},"class_list":["post-710","page","type-page","status-publish","hentry"],"_links":{"self":[{"href":"https:\/\/nordicstream.io\/en\/wp-json\/wp\/v2\/pages\/710","targetHints":{"allow":["GET"]}}],"collection":[{"href":"https:\/\/nordicstream.io\/en\/wp-json\/wp\/v2\/pages"}],"about":[{"href":"https:\/\/nordicstream.io\/en\/wp-json\/wp\/v2\/types\/page"}],"author":[{"embeddable":true,"href":"https:\/\/nordicstream.io\/en\/wp-json\/wp\/v2\/users\/1"}],"replies":[{"embeddable":true,"href":"https:\/\/nordicstream.io\/en\/wp-json\/wp\/v2\/comments?post=710"}],"version-history":[{"count":3,"href":"https:\/\/nordicstream.io\/en\/wp-json\/wp\/v2\/pages\/710\/revisions"}],"predecessor-version":[{"id":979,"href":"https:\/\/nordicstream.io\/en\/wp-json\/wp\/v2\/pages\/710\/revisions\/979"}],"wp:attachment":[{"href":"https:\/\/nordicstream.io\/en\/wp-json\/wp\/v2\/media?parent=710"}],"curies":[{"name":"wp","href":"https:\/\/api.w.org\/{rel}","templated":true}]}}