{"id":1180,"date":"2024-02-04T15:50:32","date_gmt":"2024-02-04T13:50:32","guid":{"rendered":"https:\/\/nordicstream.tv\/fi\/?page_id=1180"},"modified":"2025-10-25T11:04:08","modified_gmt":"2025-10-25T09:04:08","slug":"maksutavat","status":"publish","type":"page","link":"https:\/\/nordicstream.io\/fi\/maksutavat\/","title":{"rendered":"Maksutavat"},"content":{"rendered":"\t<section class=\"section\" id=\"section_362249611\">\n\t\t<div class=\"bg section-bg fill bg-fill  bg-loaded\" >\n\n\t\t\t\n\t\t\t\n\t\t\t\n\n\t\t<\/div>\n\n\t\t\n\n\t\t<div class=\"section-content relative\">\n\t\t\t\n<div class=\"row row-full-width align-center\"  id=\"row-326324027\">\n\n\t<div id=\"col-1597402037\" class=\"col medium-8 small-12 large-8\"  >\n\t\t\t\t<div class=\"col-inner text-left\"  >\n\t\t\t\n\t\t\t\n<div class=\"container section-title-container\" ><h3 class=\"section-title section-title-normal\"><b><\/b><span class=\"section-title-main\" >N\u00e4in maksat<\/span><b><\/b><\/h3><\/div>\n<p>Eik\u00f6 sinulla ole bitcoineja? Alla selit\u00e4mme, miten voit ostaa bitcoineja, jotka sitten l\u00e4hetet\u00e4\u00e4n suoraan meille. J\u00e4rjestelm\u00e4 toimii automaattisesti ja havaitsee, kun maksu on saapunut. On eritt\u00e4in t\u00e4rke\u00e4\u00e4 noudattaa ohjeita tarkasti, kuten kaikkien kryptovaluuttatapahtumien kanssa, emme voi ottaa vastuuta, jos rahat l\u00e4hetet\u00e4\u00e4n v\u00e4\u00e4r\u00e4\u00e4n osoitteeseen. <strong>Varmista, ett\u00e4 BTC-osoite on oikea ja ett\u00e4 koko osoite vasemmalla (tietokoneella) tai ylh\u00e4\u00e4ll\u00e4 (matkapuhelimessa) on kopioitu.<\/strong><\/p>\n<h3 class=\"accordion_title\">Maksutavat<\/h3><div class=\"accordion\">\n\t<div id=\"accordion-4117173911\" class=\"accordion-item\">\n\t\t<a id=\"accordion-4117173911-label\" class=\"accordion-title plain\" href aria-expanded=\"false\" aria-controls=\"accordion-4117173911-content\" >\n\t\t\t<button class=\"toggle\" aria-label=\"Toggle\"><i class=\"icon-angle-down\"><\/i><\/button>\n\t\t\t<span>Vaihtoehdot 1: BT.CX (Suositeltu!)<\/span>\n\t\t<\/a>\n\t\t<div id=\"accordion-4117173911-content\" class=\"accordion-inner\" aria-labelledby=\"accordion-4117173911-label\" >\n\t\t\t\n<ol>\n<li><a href=\"https:\/\/bt.cx\/sv\/express\/\" target=\"_blank\" rel=\"noopener\">Klikkaa t\u00e4st\u00e4 kirjautuaksesi tai luodaksesi tilin bt.cx:ss\u00e4.<\/a><br \/>(https:\/\/bt.cx\/sv\/express\/)<\/li>\n<li>Sy\u00f6t\u00e4 maksettava summa Nordicstreamille ja varmista, ett\u00e4 olet oikein muuntanut summan euroiksi.<\/li>\n<li>Sy\u00f6t\u00e4 sitten henkil\u00f6tunnuksesi alle ja jatka joko BankID:ll\u00e4 tai Freja:lla.<br \/><img decoding=\"async\" class=\"alignnone size-medium wp-image-1090\" src=\"https:\/\/nordicstream.io\/fi\/wp-content\/uploads\/2024\/01\/btxc1-342x400.png\" alt=\"\" width=\"342\" height=\"400\" \/><\/li>\n<li>Seuraa ohjeita seuraavalla sivulla ja suorita<br \/>tunnistautuminen.<\/li>\n<li>Sy\u00f6t\u00e4 sitten henkil\u00f6kohtaiset tietosi kuvan mukaisesti<br \/>alla. T\u00e4yt\u00e4 s\u00e4hk\u00f6posti ja puhelinnumero, ja klikkaa<br \/>seuraava<img decoding=\"async\" class=\"alignnone size-full wp-image-1091\" src=\"https:\/\/nordicstream.io\/fi\/wp-content\/uploads\/2024\/01\/btcx2.png\" alt=\"\" width=\"629\" height=\"396\" \/><\/li>\n<li>Jos t\u00e4m\u00e4 ruutu tulee n\u00e4kyviin seuraavalla sivulla, t\u00e4yt\u00e4 se ja<br \/>klikkaa seuraava \u2014 olet melkein valmis<img decoding=\"async\" class=\"alignnone size-medium wp-image-1092\" src=\"https:\/\/nordicstream.io\/fi\/wp-content\/uploads\/2024\/01\/btcx3-647x400.png\" alt=\"\" width=\"647\" height=\"400\" \/><\/li>\n<li>Palaa tilaukseen ja paina t\u00e4t\u00e4 painiketta \u201cSEND BITCOIN<br \/>TO THIS ADDRESS.\u201d HUOM! Prioriteettitilaus ON oltava POISTETTU valinnasta!<img decoding=\"async\" class=\"alignnone size-medium wp-image-1093\" src=\"https:\/\/nordicstream.io\/fi\/wp-content\/uploads\/2024\/01\/btcx4-544x400.png\" alt=\"\" width=\"544\" height=\"400\" \/><\/li>\n<li>Klikkaa sitten Seuraava.<\/li>\n<li>Olemme melkein valmiita! Ruksaa \u201cHyv\u00e4ksyn BTCX:n<br \/>k\u00e4ytt\u00f6ehdot\u201d ja klikkaa sitten \u201cMaksa luottokortilla.\u201d<img decoding=\"async\" class=\"alignnone size-full wp-image-1095\" src=\"https:\/\/nordicstream.io\/fi\/wp-content\/uploads\/2024\/01\/btcx5.png\" alt=\"\" width=\"670\" height=\"399\" \/><\/li>\n<li>Sy\u00f6t\u00e4 korttitietosi seuraavalla sivulla ja klikkaa<br \/>maksa \u2014 maksu on nyt suoritettu.<\/li>\n<\/ol>\n\t\t<\/div>\n\t<\/div>\n\t\n\t<div id=\"accordion-2360428418\" class=\"accordion-item\">\n\t\t<a id=\"accordion-2360428418-label\" class=\"accordion-title plain\" href aria-expanded=\"false\" aria-controls=\"accordion-2360428418-content\" >\n\t\t\t<button class=\"toggle\" aria-label=\"Toggle\"><i class=\"icon-angle-down\"><\/i><\/button>\n\t\t\t<span>Vaihtoehdot 2: MoonPay<\/span>\n\t\t<\/a>\n\t\t<div id=\"accordion-2360428418-content\" class=\"accordion-inner\" aria-labelledby=\"accordion-2360428418-label\" >\n\t\t\t\n<ol>\n<li><a href=\"https:\/\/www.moonpay.com\/en-gb\/buy\" target=\"_blank\" rel=\"noopener\">Klikkaa t\u00e4st\u00e4 p\u00e4\u00e4st\u00e4ksesi MoonPayhin<\/a><br \/>(<a href=\"https:\/\/www.moonpay.com\/en-gb\/buy\" target=\"_blank\" rel=\"noopener\">https:\/\/www.moonpay.com\/en-gb\/buy<\/a>)<\/li>\n<li>Varmista, ett\u00e4 SEK on valittuna. Jos ei ole, vaihda SEK-valintaan. Sy\u00f6t\u00e4 maksusumma SEK-valuutassa ja klikkaa &#8221;Continue&#8221;<br \/><img decoding=\"async\" class=\"alignnone size-medium wp-image-1084\" src=\"https:\/\/nordicstream.io\/wp-content\/uploads\/2024\/01\/moon1-1-290x400.png\" alt=\"\" width=\"290\" height=\"400\" \/><\/li>\n<li>Luo tili, jos sinulla ei ole jo sellaista. Seuraa ohjeita ja vahvista s\u00e4hk\u00f6postiosoitteesi.<br \/><img decoding=\"async\" class=\"alignnone size-medium wp-image-1086\" src=\"https:\/\/nordicstream.io\/wp-content\/uploads\/2024\/01\/moon-2-289x400.png\" alt=\"\" width=\"289\" height=\"400\" \/><\/li>\n<li>Vahvista henkil\u00f6llisyytesi.<br \/><img decoding=\"async\" class=\"alignnone size-medium wp-image-1087\" src=\"https:\/\/nordicstream.io\/wp-content\/uploads\/2024\/01\/moon-3-285x400.png\" alt=\"\" width=\"285\" height=\"400\" \/><\/li>\n<li>Sy\u00f6t\u00e4 BTC-osoite vasemmalla (tietokoneella) tai yl\u00e4puolella (matkapuhelimella). <strong>Varmista, ett\u00e4 KOKO osoite on kopioitu.<\/strong><\/li>\n<li>Sy\u00f6t\u00e4 maksukorttisi tiedot ja klikkaa Buy now<\/li>\n<li>Nyt olet valmis! J\u00e4rjestelm\u00e4n voi kest\u00e4\u00e4 jopa 2 tuntia tavallisesti ennen kuin se havaitsee maksusi.<\/li>\n<\/ol>\n\t\t<\/div>\n\t<\/div>\n\t\n\t<div id=\"accordion-1288054401\" class=\"accordion-item\">\n\t\t<a id=\"accordion-1288054401-label\" class=\"accordion-title plain\" href aria-expanded=\"false\" aria-controls=\"accordion-1288054401-content\" >\n\t\t\t<button class=\"toggle\" aria-label=\"Toggle\"><i class=\"icon-angle-down\"><\/i><\/button>\n\t\t\t<span>Vaihtoehdot 3: PayBis<\/span>\n\t\t<\/a>\n\t\t<div id=\"accordion-1288054401-content\" class=\"accordion-inner\" aria-labelledby=\"accordion-1288054401-label\" >\n\t\t\t\n<div class=\"elementor-element elementor-element-78f449a elementor-widget elementor-widget-text-editor\" data-id=\"78f449a\" data-element_type=\"widget\" data-widget_type=\"text-editor.default\">\n<div class=\"elementor-widget-container\">\n<ol>\n<li>Mene osoitteeseen <a href=\"http:\/\/www.paybis.com\/\" target=\"_blank\" rel=\"noopener\">www.paybis.com<\/a><\/li>\n<li>Sy\u00f6t\u00e4 SEK-valuutassa siirrett\u00e4v\u00e4 summa ja klikkaa sitten Buy Bitcoin<br \/><img decoding=\"async\" class=\"alignnone size-medium wp-image-1105\" src=\"https:\/\/nordicstream.io\/wp-content\/uploads\/2024\/01\/Paybis1-381x400.png\" alt=\"\" width=\"381\" height=\"400\" \/><\/li>\n<li>Sy\u00f6t\u00e4 s\u00e4hk\u00f6postiosoitteesi ja vahvista se (saat s\u00e4hk\u00f6postin, jossa on vahvistuskoodi s\u00e4hk\u00f6postiosoitteesi varmistamiseksi)<br \/><img decoding=\"async\" class=\"alignnone size-medium wp-image-1104\" src=\"https:\/\/nordicstream.io\/wp-content\/uploads\/2024\/01\/Paybis2-413x400.png\" alt=\"\" width=\"413\" height=\"400\" \/><\/li>\n<li>Varmista, ett\u00e4 &#8221;External wallet&#8221; on valittuna. Kopioi ja liit\u00e4 sitten Bitcoin-osoite, jonka sait tilauksen yhteydess\u00e4.<br \/><img decoding=\"async\" class=\"alignnone size-medium wp-image-1103\" src=\"https:\/\/nordicstream.io\/wp-content\/uploads\/2024\/01\/Paybis-3-535x400.png\" alt=\"\" width=\"535\" height=\"400\" \/><\/li>\n<li>Klikkaa sitten \u201dNew Card\u201d<br \/><img decoding=\"async\" class=\"alignnone size-medium wp-image-1102\" src=\"https:\/\/nordicstream.io\/wp-content\/uploads\/2024\/01\/Paybis4-244x400.png\" alt=\"\" width=\"244\" height=\"400\" \/><\/li>\n<li>T\u00e4yt\u00e4 korttitietosi ja klikkaa sitten Pay. Nyt olet valmis.<\/li>\n<\/ol>\n<\/div>\n<\/div>\n\t\t<\/div>\n\t<\/div>\n\t\n\t<div id=\"accordion-3444197616\" class=\"accordion-item\">\n\t\t<a id=\"accordion-3444197616-label\" class=\"accordion-title plain\" href aria-expanded=\"false\" aria-controls=\"accordion-3444197616-content\" >\n\t\t\t<button class=\"toggle\" aria-label=\"Toggle\"><i class=\"icon-angle-down\"><\/i><\/button>\n\t\t\t<span>Vaihtoehdot 4: RAMP<\/span>\n\t\t<\/a>\n\t\t<div id=\"accordion-3444197616-content\" class=\"accordion-inner\" aria-labelledby=\"accordion-3444197616-label\" >\n\t\t\t\n<ol>\n<li>Mene osoitteeseen <a href=\"https:\/\/ramp.network\/buy\/\" target=\"_blank\" rel=\"noopener\">https:\/\/ramp.network\/buy\/<\/a><\/li>\n<li>Varmista, ett\u00e4 SEK on valittuna. Jos ei ole, vaihda SEK-valintaan. Sy\u00f6t\u00e4 maksusumma SEK-valuutassa ja klikkaa sitten Proceed.<br \/><img decoding=\"async\" class=\"alignnone size-medium wp-image-1056\" src=\"https:\/\/nordicstream.io\/wp-content\/uploads\/2024\/01\/Skarmavbild-2023-04-30-kl-277x400.webp\" alt=\"\" width=\"277\" height=\"400\" \/><\/li>\n<li>Sy\u00f6t\u00e4 Bitcoin-osoite, joka on esitetty joko vasemmalla (tietokoneella) tai ylh\u00e4\u00e4ll\u00e4 (matkapuhelimella) kuvan mukaisesti, ja klikkaa sitten CONFIRM &amp; PROCEED.<br \/><img decoding=\"async\" class=\"alignnone size-medium wp-image-1057\" src=\"https:\/\/nordicstream.io\/wp-content\/uploads\/2024\/01\/Skarmavbild-2023-04-30-kl-1-529x400.webp\" alt=\"\" width=\"529\" height=\"400\" \/><\/li>\n<li>Valitse CARD ja sitten PROCEED<br \/><img decoding=\"async\" class=\"alignnone size-medium wp-image-1058\" src=\"https:\/\/nordicstream.io\/wp-content\/uploads\/2024\/01\/Skarmavbild-2023-04-30-kl-2-617x400.webp\" alt=\"\" width=\"617\" height=\"400\" \/><\/li>\n<li>T\u00e4yt\u00e4 tiedot kuvan mukaisesti ja klikkaa sitten save billing address. <br \/><img decoding=\"async\" class=\"alignnone size-medium wp-image-1059\" src=\"https:\/\/nordicstream.io\/wp-content\/uploads\/2024\/01\/Skarmavbild-2023-04-30-kl-3-612x400.webp\" alt=\"\" width=\"612\" height=\"400\" \/><\/li>\n<li>Sy\u00f6t\u00e4 korttitietosi ja klikkaa sitten add card.<br \/><img decoding=\"async\" class=\"alignnone size-medium wp-image-1060\" src=\"https:\/\/nordicstream.io\/wp-content\/uploads\/2024\/01\/Skarmavbild-2023-04-30-kl-4-647x400.webp\" alt=\"\" width=\"647\" height=\"400\" \/><\/li>\n<li>Lopuksi, klikkaa BUY NOW Nyt olet valmis.<br \/><img decoding=\"async\" class=\"alignnone size-medium wp-image-1061\" src=\"https:\/\/nordicstream.io\/wp-content\/uploads\/2024\/01\/Skarmavbild-2023-04-30-kl-5-444x400.webp\" alt=\"\" width=\"444\" height=\"400\" \/><\/li>\n<\/ol>\n\t\t<\/div>\n\t<\/div>\n\t\n<\/div>\n\t\t<\/div>\n\t\t\t\t\t<\/div>\n\n\t\n\n<style>\n#row-326324027 > .col > .col-inner {\n  padding: 0px 0px 0px 0px;\n}\n<\/style>\n<\/div>\n\t\t<\/div>\n\n\t\t\n<style>\n#section_362249611 {\n  padding-top: 30px;\n  padding-bottom: 30px;\n}\n<\/style>\n\t<\/section>\n\t\n","protected":false},"excerpt":{"rendered":"","protected":false},"author":1,"featured_media":0,"parent":0,"menu_order":0,"comment_status":"closed","ping_status":"closed","template":"","meta":{"_seopress_robots_primary_cat":"","_seopress_titles_title":"","_seopress_titles_desc":"","_seopress_robots_index":"","footnotes":""},"class_list":["post-1180","page","type-page","status-publish","hentry"],"_links":{"self":[{"href":"https:\/\/nordicstream.io\/fi\/wp-json\/wp\/v2\/pages\/1180","targetHints":{"allow":["GET"]}}],"collection":[{"href":"https:\/\/nordicstream.io\/fi\/wp-json\/wp\/v2\/pages"}],"about":[{"href":"https:\/\/nordicstream.io\/fi\/wp-json\/wp\/v2\/types\/page"}],"author":[{"embeddable":true,"href":"https:\/\/nordicstream.io\/fi\/wp-json\/wp\/v2\/users\/1"}],"replies":[{"embeddable":true,"href":"https:\/\/nordicstream.io\/fi\/wp-json\/wp\/v2\/comments?post=1180"}],"version-history":[{"count":4,"href":"https:\/\/nordicstream.io\/fi\/wp-json\/wp\/v2\/pages\/1180\/revisions"}],"predecessor-version":[{"id":2889,"href":"https:\/\/nordicstream.io\/fi\/wp-json\/wp\/v2\/pages\/1180\/revisions\/2889"}],"wp:attachment":[{"href":"https:\/\/nordicstream.io\/fi\/wp-json\/wp\/v2\/media?parent=1180"}],"curies":[{"name":"wp","href":"https:\/\/api.w.org\/{rel}","templated":true}]}}