{"id":2921,"date":"2025-12-11T08:46:32","date_gmt":"2025-12-11T06:46:32","guid":{"rendered":"https:\/\/nordicstream.io\/fi\/?page_id=2921"},"modified":"2025-12-11T08:46:32","modified_gmt":"2025-12-11T06:46:32","slug":"mobile-devices-tablet","status":"publish","type":"page","link":"https:\/\/nordicstream.io\/fi\/sisapiiritietoa\/mobile-devices-tablet\/","title":{"rendered":"Mobile Devices &#038; Tablet"},"content":{"rendered":"<div class=\"row align-center\"  id=\"row-1246467106\">\n\n\t<div id=\"col-774472792\" class=\"col medium-7 small-12 large-7\"  >\n\t\t\t\t<div class=\"col-inner\"  >\n\t\t\t\n\t\t\t\n\t<div class=\"img has-hover x md-x lg-x y md-y lg-y\" id=\"image_75195017\">\n\t\t\t\t\t\t\t\t<div class=\"img-inner image-cover dark\" style=\"padding-top:56.25%;\">\n\t\t\t<img decoding=\"async\" width=\"1020\" height=\"753\" src=\"https:\/\/nordicstream.io\/wp-content\/uploads\/sites\/4\/2025\/12\/WhatsApp-Image-2025-12-09-at-21.42.20_e6ec3ab4-1084x800.jpg\" class=\"attachment-large size-large\" alt=\"\" srcset=\"https:\/\/nordicstream.io\/wp-content\/uploads\/sites\/4\/2025\/12\/WhatsApp-Image-2025-12-09-at-21.42.20_e6ec3ab4-1084x800.jpg 1084w, https:\/\/nordicstream.io\/wp-content\/uploads\/sites\/4\/2025\/12\/WhatsApp-Image-2025-12-09-at-21.42.20_e6ec3ab4-542x400.jpg 542w, https:\/\/nordicstream.io\/wp-content\/uploads\/sites\/4\/2025\/12\/WhatsApp-Image-2025-12-09-at-21.42.20_e6ec3ab4-768x567.jpg 768w, https:\/\/nordicstream.io\/wp-content\/uploads\/sites\/4\/2025\/12\/WhatsApp-Image-2025-12-09-at-21.42.20_e6ec3ab4-300x222.jpg 300w, https:\/\/nordicstream.io\/wp-content\/uploads\/sites\/4\/2025\/12\/WhatsApp-Image-2025-12-09-at-21.42.20_e6ec3ab4-600x443.jpg 600w, https:\/\/nordicstream.io\/wp-content\/uploads\/sites\/4\/2025\/12\/WhatsApp-Image-2025-12-09-at-21.42.20_e6ec3ab4.jpg 1200w\" sizes=\"(max-width: 1020px) 100vw, 1020px\" \/>\t\t\t\t\t\t\n\t\t\t\t\t<\/div>\n\t\t\t\t\t\t\t\t\n<style>\n#image_75195017 {\n  width: 100%;\n}\n<\/style>\n\t<\/div>\n\t\n\t\t<\/div>\n\t\t\t\t\t<\/div>\n\n\t\n<\/div>\n\t<section class=\"section\" id=\"section_1747306537\">\n\t\t<div class=\"bg section-bg fill bg-fill  bg-loaded\" >\n\n\t\t\t\n\t\t\t\n\t\t\t\n\n\t\t<\/div>\n\n\t\t\n\n\t\t<div class=\"section-content relative\">\n\t\t\t\n<p>\n  <strong>HUOM!!<\/strong> N\u00e4m\u00e4 sovellukset eiv\u00e4t kuulu meille, emmek\u00e4 ole niihin mill\u00e4\u00e4n tavalla liittyneet.<br \/>\n  Ne ovat yhteensopivia palvelumme kanssa. Voit tietenkin k\u00e4ytt\u00e4\u00e4 mit\u00e4 tahansa sovellusta haluat; n\u00e4m\u00e4 eiv\u00e4t ole pakollisia.\n<\/p>\n<p>\n  Osa n\u00e4ist\u00e4 sovelluksista maksaa rahaa, joten huomioi t\u00e4m\u00e4!\n<\/p>\n<p>Kun kirjaudut sis\u00e4\u00e4n n\u00e4iden sovellusten kautta, kirjaudu aina Xtream Codes \/ XC API -menetelm\u00e4ll\u00e4.<\/p>\n<p>K\u00e4yt\u00e4 niit\u00e4 tietoja, jotka sait s\u00e4hk\u00f6postitse tai jotka l\u00f6ytyv\u00e4t tililt\u00e4si. N\u00e4it\u00e4 tietoja tulee k\u00e4ytt\u00e4\u00e4:<\/p>\n<p>Palvelimen URL<\/p>\n<p>K\u00e4ytt\u00e4j\u00e4tunnus<\/p>\n<p>Salasana<\/p>\n<p>\u00a0<\/p>\n<div style=\"display:flex; gap:30px; margin-top:20px; flex-wrap:wrap;\">\n<p>  <!-- iOS Column --><\/p>\n<div style=\"flex:1; min-width:250px;\">\n<h2 style=\"display:flex; align-items:center; gap:10px;\">\n      <img decoding=\"async\" src=\"https:\/\/nordicstream.io\/wp-content\/uploads\/2025\/12\/apple-logo-svgrepo-com.svg\" width=\"40\" height=\"40\" alt=\"\"><br \/>\n      <span>IOS<\/span><br \/>\n    <\/h2>\n<ul style=\"margin-left:15px;\">\n<li><a style=\"cursor:pointer;\" href=\"https:\/\/apps.apple.com\/us\/app\/mytvonline-iptv-player\/id6714452886\"><strong>MYTVONLINE<\/strong><\/a><\/li>\n<li><a style=\"cursor:pointer;\" href=\"https:\/\/APPS.APPLE.COM\/US\/APP\/IPLAYTV-AIO\/ID1517121326\"><strong>IPLAYTV<\/strong><\/a><\/li>\n<li><a style=\"cursor:pointer;\" href=\"https:\/\/apps.apple.com\/us\/app\/iptvx\/id1451470024\"><strong>IPTVX<\/strong><\/a><\/li>\n<li><a style=\"cursor:pointer;\" href=\"https:\/\/apps.apple.com\/us\/app\/smarters-pro\/id6450746159\"><strong>IPTV SMARTERS<\/strong><\/a><\/li>\n<li><a style=\"cursor:pointer;\" href=\"https:\/\/apps.apple.com\/us\/app\/uhf-love-your-iptv\/id6443751726\"><strong>UHF<\/strong><\/a><\/li>\n<\/ul>\n<\/div>\n<p>  <!-- Android Column --><\/p>\n<div style=\"flex:1; min-width:250px;\">\n<h2 style=\"display:flex; align-items:center; gap:10px;\">\n      <img decoding=\"async\" src=\"https:\/\/nordicstream.io\/wp-content\/uploads\/2025\/12\/android-logo-svgrepo-com.svg\" width=\"40\" height=\"40\" alt=\"\"><br \/>\n      <span>ANDROID<\/span><br \/>\n    <\/h2>\n<ul style=\"margin-left:15px;\">\n<li><a style=\"cursor:pointer;\" href=\"https:\/\/play.google.com\/store\/apps\/details\/MYTVOnline?id=m.formuler.mol.plus&#038;hl=en_NZ\"><strong>MYTVONLINE<\/strong><\/a><\/li>\n<li><a style=\"cursor:pointer;\" href=\"https:\/\/play.google.com\/store\/apps\/details?id=com.smarters.smarterspro&#038;hl=en&#038;referrer=utm_source%3Dgoogle%26utm_medium%3Dorganic%26utm_term%3Diptv+smarters+android&#038;pcampaignid=APPU_1_YDG4AE7JE8DYWPAP67IP0QM\"><strong>IPTV SMARTERS<\/strong><\/a><\/li>\n<li><a style=\"cursor:pointer;\" href=\"https:\/\/play.google.com\/store\/apps\/details?id=com.divergentftb.xtreamplayeranddownloader&#038;hl=en&#038;referrer=utm_source%3Dgoogle%26utm_medium%3Dorganic%26utm_term%3D9xtream+android+mobile&#038;pcampaignid=APPU_1_Ozk4af-jO_CJwPAPrfeawAY\"><strong>9XTREAM<\/strong><\/a><\/li>\n<li><a style=\"cursor:pointer;\" href=\"https:\/\/play.google.com\/store\/apps\/details?id=com.myiptvonline.implayerm&#038;hl=en&#038;referrer=utm_source%3Dgoogle%26utm_medium%3Dorganic%26utm_term%3Dimplayer+for+mobile&#038;pcampaignid=APPU_1_njk4aeOKGrqbwPAP4Ke1qA8\"><strong>IMPLAYER<\/strong><\/a><\/li>\n<\/ul>\n<\/div>\n<\/div>\n\t\t<\/div>\n\n\t\t\n<style>\n#section_1747306537 {\n  padding-top: 30px;\n  padding-bottom: 30px;\n}\n<\/style>\n\t<\/section>\n\t\n","protected":false},"excerpt":{"rendered":"","protected":false},"author":18046,"featured_media":0,"parent":588,"menu_order":0,"comment_status":"closed","ping_status":"closed","template":"","meta":{"_seopress_robots_primary_cat":"","_seopress_titles_title":"","_seopress_titles_desc":"","_seopress_robots_index":"","footnotes":""},"class_list":["post-2921","page","type-page","status-publish","hentry"],"_links":{"self":[{"href":"https:\/\/nordicstream.io\/fi\/wp-json\/wp\/v2\/pages\/2921","targetHints":{"allow":["GET"]}}],"collection":[{"href":"https:\/\/nordicstream.io\/fi\/wp-json\/wp\/v2\/pages"}],"about":[{"href":"https:\/\/nordicstream.io\/fi\/wp-json\/wp\/v2\/types\/page"}],"author":[{"embeddable":true,"href":"https:\/\/nordicstream.io\/fi\/wp-json\/wp\/v2\/users\/18046"}],"replies":[{"embeddable":true,"href":"https:\/\/nordicstream.io\/fi\/wp-json\/wp\/v2\/comments?post=2921"}],"version-history":[{"count":2,"href":"https:\/\/nordicstream.io\/fi\/wp-json\/wp\/v2\/pages\/2921\/revisions"}],"predecessor-version":[{"id":2924,"href":"https:\/\/nordicstream.io\/fi\/wp-json\/wp\/v2\/pages\/2921\/revisions\/2924"}],"up":[{"embeddable":true,"href":"https:\/\/nordicstream.io\/fi\/wp-json\/wp\/v2\/pages\/588"}],"wp:attachment":[{"href":"https:\/\/nordicstream.io\/fi\/wp-json\/wp\/v2\/media?parent=2921"}],"curies":[{"name":"wp","href":"https:\/\/api.w.org\/{rel}","templated":true}]}}