{"id":550,"date":"2023-12-22T12:05:32","date_gmt":"2023-12-22T12:05:32","guid":{"rendered":"https:\/\/nordicstream.tv\/fi\/?page_id=550"},"modified":"2025-07-01T04:46:44","modified_gmt":"2025-07-01T02:46:44","slug":"yleiset-kysymykset","status":"publish","type":"page","link":"https:\/\/nordicstream.io\/fi\/yleiset-kysymykset\/","title":{"rendered":"Yleiset kysymykset"},"content":{"rendered":"\t<section class=\"section dark\" id=\"section_1346823091\">\n\t\t<div class=\"bg section-bg fill bg-fill  bg-loaded\" >\n\n\t\t\t\n\t\t\t\n\t\t\t\n\n\t\t<\/div>\n\n\t\t\n\n\t\t<div class=\"section-content relative\">\n\t\t\t\n<div class=\"row align-middle align-center\"  id=\"row-1977291364\">\n\n\t<div id=\"col-930827342\" class=\"col medium-4 small-12 large-4\"  >\n\t\t\t\t<div class=\"col-inner\"  >\n\t\t\t\n\t\t\t\n\t<div class=\"img has-hover x md-x lg-x y md-y lg-y\" id=\"image_1463815840\">\n\t\t\t\t\t\t\t\t<div class=\"img-inner dark\" >\n\t\t\t<img decoding=\"async\" width=\"1020\" height=\"443\" src=\"https:\/\/nordicstream.io\/wp-content\/uploads\/sites\/4\/2023\/12\/nordic-stream-01-1-1-2048x890-1-1400x608.webp\" class=\"attachment-large size-large\" alt=\"\" srcset=\"https:\/\/nordicstream.io\/wp-content\/uploads\/sites\/4\/2023\/12\/nordic-stream-01-1-1-2048x890-1-1400x608.webp 1400w, https:\/\/nordicstream.io\/wp-content\/uploads\/sites\/4\/2023\/12\/nordic-stream-01-1-1-2048x890-1-300x130.webp 300w, https:\/\/nordicstream.io\/wp-content\/uploads\/sites\/4\/2023\/12\/nordic-stream-01-1-1-2048x890-1-600x261.webp 600w, https:\/\/nordicstream.io\/wp-content\/uploads\/sites\/4\/2023\/12\/nordic-stream-01-1-1-2048x890-1-800x348.webp 800w, https:\/\/nordicstream.io\/wp-content\/uploads\/sites\/4\/2023\/12\/nordic-stream-01-1-1-2048x890-1-768x334.webp 768w, https:\/\/nordicstream.io\/wp-content\/uploads\/sites\/4\/2023\/12\/nordic-stream-01-1-1-2048x890-1-1536x668.webp 1536w, https:\/\/nordicstream.io\/wp-content\/uploads\/sites\/4\/2023\/12\/nordic-stream-01-1-1-2048x890-1.webp 2048w\" sizes=\"(max-width: 1020px) 100vw, 1020px\" \/>\t\t\t\t\t\t\n\t\t\t\t\t<\/div>\n\t\t\t\t\t\t\t\t\n<style>\n#image_1463815840 {\n  width: 100%;\n}\n<\/style>\n\t<\/div>\n\t\n\t\t<\/div>\n\t\t\t\t\t<\/div>\n\n\t\n<\/div>\n<div class=\"row align-middle align-center hide-for-small\" style=\"max-width:500px\" id=\"row-135359318\">\n\n\t<div id=\"col-2143469544\" class=\"col medium-4 small-12 large-4\"  >\n\t\t\t\t<div class=\"col-inner\"  >\n\t\t\t\n\t\t\t\n\n\t\t<div class=\"icon-box featured-box icon-box-center text-center is-small\"  >\n\t\t\t\t\t<div class=\"icon-box-img\" style=\"width: 40px\">\n\t\t\t\t<div class=\"icon\">\n\t\t\t\t\t<div class=\"icon-inner\" style=\"color:rgb(255, 255, 255);\">\n\t\t\t\t\t\t<svg xmlns=\"http:\/\/www.w3.org\/2000\/svg\" height=\"48\" viewBox=\"0 -960 960 960\" width=\"48\"><path d=\"M220.091-195.615q-42.783 0-73.053-30.378-30.269-30.379-30.269-73.776H67.692v-404.847q0-23.057 16.164-39.221Q100.019-760 123.077-760h538.231v147.769h85l146 195.615v116.847h-60.231q0 43.397-30.397 73.776-30.396 30.378-73.82 30.378-43.104 0-73.213-30.378-30.109-30.379-30.109-73.776h-300.23q0 43.615-30.717 73.885-30.718 30.269-73.5 30.269Zm.447-30.77q30.539 0 51.77-21.23 21.23-21.231 21.23-51.769 0-30.539-21.23-51.77-21.231-21.23-51.77-21.23-30.538 0-51.769 21.23-21.23 21.231-21.23 51.77 0 30.538 21.23 51.769 21.231 21.23 51.769 21.23ZM98.461-330.539h21.231q8.539-30.076 36.887-51.461 28.349-21.385 63.495-21.385 33.607 0 62.69 21.116 29.082 21.115 37.621 51.73h310.153v-398.692H123.077q-9.231 0-16.923 7.692-7.692 7.693-7.692 16.923v374.077Zm629.847 104.154q30.538 0 51.769-21.23 21.231-21.231 21.231-51.769 0-30.539-21.231-51.77-21.231-21.23-51.769-21.23-30.539 0-51.769 21.23-21.231 21.231-21.231 51.77 0 30.538 21.231 51.769 21.23 21.23 51.769 21.23Zm-67-187.077h196L729.385-581.461h-68.077v167.999ZM364.615-525.154Z\"\/><\/svg>\t\t\t\t\t<\/div>\n\t\t\t\t<\/div>\n\t\t\t<\/div>\n\t\t\t\t<div class=\"icon-box-text last-reset\">\n\t\t\t<h5 class=\"uppercase\">Ilmainen toimitus<\/h5>\t\t\t\t\t\t\n\t\t<\/div>\n\t<\/div>\n\t\n\t\n\t\t<\/div>\n\t\t\t\t\t<\/div>\n\n\t\n\n\t<div id=\"col-158992667\" class=\"col medium-4 small-12 large-4\"  >\n\t\t\t\t<div class=\"col-inner\"  >\n\t\t\t\n\t\t\t\n\n\t\t<div class=\"icon-box featured-box icon-box-center text-center is-small\"  >\n\t\t\t\t\t<div class=\"icon-box-img\" style=\"width: 40px\">\n\t\t\t\t<div class=\"icon\">\n\t\t\t\t\t<div class=\"icon-inner\" style=\"color:rgb(255, 255, 255);\">\n\t\t\t\t\t\t<svg xmlns=\"http:\/\/www.w3.org\/2000\/svg\" height=\"48\" viewBox=\"0 -960 960 960\" width=\"48\"><path d=\"M470.769-160v-30.769h273.847q10 0 17.307-6.154 7.308-6.154 7.308-16.154v-284.769q0-115.535-85.317-193.075-85.317-77.541-203.833-77.541-118.515 0-203.913 77.541-85.399 77.54-85.399 193.075v227.077H180q-24.539 0-42.269-16.577Q120-303.923 120-328.461v-75.385q0-17.923 11.654-31.808 11.653-13.885 28.346-22.577l.692-49.154q1.846-62.615 28.346-116 26.5-53.384 69.77-92.923 43.269-39.538 100.538-61.615Q416.615-800 480-800t120.539 22.077q57.153 22.077 100.538 61.5t69.769 92.807q26.385 53.385 28.462 116.001l.692 48.153q15.923 7.462 27.962 20.077Q840-426.769 840-409.077v86.616q0 17.692-12.038 30.307-12.039 12.616-27.962 20.077v59q0 22.27-16.471 37.673Q767.058-160 744.616-160H470.769Zm-95.573-263.077q-10.504 0-18.235-7.15-7.73-7.151-7.73-17.654 0-10.504 7.919-17.85 7.92-7.346 18.423-7.346 10.504 0 18.235 7.535 7.73 7.535 7.73 18.039 0 10.503-7.919 17.465-7.92 6.961-18.423 6.961Zm209.231 0q-10.504 0-18.235-7.15-7.73-7.151-7.73-17.654 0-10.504 7.919-17.85 7.92-7.346 18.423-7.346 10.504 0 18.235 7.535 7.73 7.535 7.73 18.039 0 10.503-7.919 17.465-7.92 6.961-18.423 6.961ZM268.692-482q-5.461-89.846 57.846-153.154 63.308-63.308 155.781-63.308 75.912 0 134.143 47.116 58.23 47.115 71.461 121.577-78.231-1-144.808-41.154T440.32-680.308q-14.397 69.231-60.128 121.346-45.731 52.116-111.5 76.962Z\"\/><\/svg>\t\t\t\t\t<\/div>\n\t\t\t\t<\/div>\n\t\t\t<\/div>\n\t\t\t\t<div class=\"icon-box-text last-reset\">\n\t\t\t<h5 class=\"uppercase\">Maailmanluokan asiakaspalvelu<\/h5>\t\t\t\t\t\t\n\t\t<\/div>\n\t<\/div>\n\t\n\t\n\t\t<\/div>\n\t\t\t\t\t<\/div>\n\n\t\n\n\t<div id=\"col-1734147628\" class=\"col medium-4 small-12 large-4\"  >\n\t\t\t\t<div class=\"col-inner\"  >\n\t\t\t\n\t\t\t\n\n\t\t<div class=\"icon-box featured-box icon-box-center text-center is-small\"  >\n\t\t\t\t\t<div class=\"icon-box-img\" style=\"width: 40px\">\n\t\t\t\t<div class=\"icon\">\n\t\t\t\t\t<div class=\"icon-inner\" style=\"color:rgb(255, 255, 255);\">\n\t\t\t\t\t\t<svg xmlns=\"http:\/\/www.w3.org\/2000\/svg\" height=\"48\" viewBox=\"0 -960 960 960\" width=\"48\"><path d=\"m315.615-553.692 164.616-267.847 164.615 267.847H315.615Zm386.923 442.923q-62.077 0-104-42.308t-41.923-104.385q0-62.077 41.923-104t104-41.923q62.077 0 104.385 41.923 42.308 41.923 42.308 104t-42.308 104.385q-42.308 42.308-104.385 42.308Zm-551.769-22.692v-250.924h250.923v250.924H150.769Zm552.217-8.077q47.937 0 81.706-33.833 33.77-33.832 33.77-82.153 0-48.322-33.832-81.707-33.833-33.384-82.154-33.384-48.322 0-81.707 33.524-33.384 33.524-33.384 82.077 0 47.937 33.524 81.706 33.524 33.77 82.077 33.77Zm-521.448-22.693h189.385v-189.384H181.538v189.384Zm188.231-420.231h221.693L480.231-761.615 369.769-584.462Zm110.462 0ZM370.923-353.615Zm332 96.538Z\"\/><\/svg>\t\t\t\t\t<\/div>\n\t\t\t\t<\/div>\n\t\t\t<\/div>\n\t\t\t\t<div class=\"icon-box-text last-reset\">\n\t\t\t<h5 class=\"uppercase\">Laadukkaita tuotteita<\/h5>\t\t\t\t\t\t\n\t\t<\/div>\n\t<\/div>\n\t\n\t\n\t\t<\/div>\n\t\t\t\t\t<\/div>\n\n\t\n<\/div>\n\t\t<\/div>\n\n\t\t\n<style>\n#section_1346823091 {\n  padding-top: 30px;\n  padding-bottom: 30px;\n  background-color: #0f5479;\n}\n<\/style>\n\t<\/section>\n\t\n\t<section class=\"section dark\" id=\"section_635401742\">\n\t\t<div class=\"bg section-bg fill bg-fill  bg-loaded\" >\n\n\t\t\t\n\t\t\t\n\t\t\t\n\n\t\t<\/div>\n\n\t\t\n\n\t\t<div class=\"section-content relative\">\n\t\t\t\n<div class=\"row align-center\" style=\"max-width:800px\" id=\"row-2137746344\">\n\n\t<div id=\"col-1705770510\" class=\"col medium-10 small-12 large-10\"  >\n\t\t\t\t<div class=\"col-inner\"  >\n\t\t\t\n\t\t\t\n<div class=\"container section-title-container\" ><h3 class=\"section-title section-title-normal\"><b><\/b><span class=\"section-title-main\" >FAQ - Usein Kysytyt Kysymykset<\/span><b><\/b><\/h3><\/div>\n<h3 class=\"accordion_title\">T\u00e4\u00e4ll\u00e4 vastataan yleisimpiin kysymyksiimme<\/h3><div class=\"accordion\">\n\t<div id=\"accordion-1168546942\" class=\"accordion-item\">\n\t\t<a id=\"accordion-1168546942-label\" class=\"accordion-title plain\" href=\"#accordion-item-mik\u00e4-on-iptv?\" aria-expanded=\"false\" aria-controls=\"accordion-1168546942-content\" >\n\t\t\t<button class=\"toggle\" aria-label=\"Toggle\"><i class=\"icon-angle-down\"><\/i><\/button>\n\t\t\t<span>Mik\u00e4 on IPTV?<\/span>\n\t\t<\/a>\n\t\t<div id=\"accordion-1168546942-content\" class=\"accordion-inner\" aria-labelledby=\"accordion-1168546942-label\" >\n\t\t\t\n<p>IPTV tarkoittaa Internet Protocol Televisionia, jossa interneti\u00e4 k\u00e4ytet\u00e4\u00e4n televisio-ohjelmien ja videoiden l\u00e4hett\u00e4miseen joko suorana tai pyynn\u00f6st\u00e4. IPTV on j\u00e4rjestelm\u00e4, jossa digitaalinen televisiopalvelu toimitetaan tilaajalle internetprotokollateknologian avulla laajakaistan tai internet-yhteyden kautta.<\/p>\n\t\t<\/div>\n\t<\/div>\n\t\n\t<div id=\"accordion-2394210479\" class=\"accordion-item\">\n\t\t<a id=\"accordion-2394210479-label\" class=\"accordion-title plain\" href=\"#accordion-item-kuinka-iptv-toimii?\" aria-expanded=\"false\" aria-controls=\"accordion-2394210479-content\" >\n\t\t\t<button class=\"toggle\" aria-label=\"Toggle\"><i class=\"icon-angle-down\"><\/i><\/button>\n\t\t\t<span>Kuinka IPTV toimii?<\/span>\n\t\t<\/a>\n\t\t<div id=\"accordion-2394210479-content\" class=\"accordion-inner\" aria-labelledby=\"accordion-2394210479-label\" >\n\t\t\t\n<p>IPTV toimii hyvin samalla tavalla kuin internetin selailu verrattuna perinteiseen kanavien selailuun. Se k\u00e4ytt\u00e4\u00e4 vain IP:t\u00e4 (Internet Protocol), kuljetusprotokollaa videoiden toimittamiseen katsojalle. Kun katsoja napsauttaa jotakin TV-ohjelmaa tai pyyt\u00e4\u00e4 videota, video jaetaan eri l\u00e4hteist\u00e4 (palvelimista) datapaketeissa ja l\u00e4hetet\u00e4\u00e4n internetin kautta. Videoserverit siirt\u00e4v\u00e4t ohjelmat optisen kuidun avulla olemassa olevaan kotitalouteen Internet-yhteyden kautta, ja pyynn\u00f6t l\u00e4hetet\u00e4\u00e4n ulos ja ohjelmat l\u00e4hetet\u00e4\u00e4n takaisin.<\/p>\n\t\t<\/div>\n\t<\/div>\n\t\n\t<div id=\"accordion-1744427572\" class=\"accordion-item\">\n\t\t<a id=\"accordion-1744427572-label\" class=\"accordion-title plain\" href=\"#accordion-item-wi-fi-vai-ethernet?\" aria-expanded=\"false\" aria-controls=\"accordion-1744427572-content\" >\n\t\t\t<button class=\"toggle\" aria-label=\"Toggle\"><i class=\"icon-angle-down\"><\/i><\/button>\n\t\t\t<span>Wi-Fi vai Ethernet?<\/span>\n\t\t<\/a>\n\t\t<div id=\"accordion-1744427572-content\" class=\"accordion-inner\" aria-labelledby=\"accordion-1744427572-label\" >\n\t\t\t\n<p>Suosittelemme aina laitteen laitteiston liitt\u00e4mist\u00e4 kaapelilla (Ethernet).<\/p>\n\t\t<\/div>\n\t<\/div>\n\t\n\t<div id=\"accordion-1986880305\" class=\"accordion-item\">\n\t\t<a id=\"accordion-1986880305-label\" class=\"accordion-title plain\" href=\"#accordion-item-kokemukseni-iptv-palvelussani-on-puskurointiongelmia.-mit\u00e4-tapahtuu?\" aria-expanded=\"false\" aria-controls=\"accordion-1986880305-content\" >\n\t\t\t<button class=\"toggle\" aria-label=\"Toggle\"><i class=\"icon-angle-down\"><\/i><\/button>\n\t\t\t<span>Kokemukseni IPTV-palvelussani on puskurointiongelmia. Mit\u00e4 tapahtuu?<\/span>\n\t\t<\/a>\n\t\t<div id=\"accordion-1986880305-content\" class=\"accordion-inner\" aria-labelledby=\"accordion-1986880305-label\" >\n\t\t\t\n<p>Tarkista ensin internet-yhteytesi tai reitittimen tila ja k\u00e4ynnist\u00e4 ne uudelleen. Tarkista my\u00f6s laitteen asetukset, jolla k\u00e4yt\u00e4t tilaustasi. Jos ongelmia ilmenee edelleen, n\u00e4ytt\u00e4\u00e4 silt\u00e4, ett\u00e4 ISP (Internet Service Provider) est\u00e4\u00e4 IPTV-liikennett\u00e4 tai sill\u00e4 on tilap\u00e4inen ongelma. Kokeile toista ISP-yhteytt\u00e4. Sinun ei pit\u00e4isi kohdata ongelmia sen j\u00e4lkeen, kun olet tehnyt t\u00e4m\u00e4n.<\/p>\n\t\t<\/div>\n\t<\/div>\n\t\n\t<div id=\"accordion-1962919840\" class=\"accordion-item\">\n\t\t<a id=\"accordion-1962919840-label\" class=\"accordion-title plain\" href=\"#accordion-item-voinko-ottaa-tilaukseni-tai-laitteeni-ulkomaille-lomamajoitukseeni?\" aria-expanded=\"false\" aria-controls=\"accordion-1962919840-content\" >\n\t\t\t<button class=\"toggle\" aria-label=\"Toggle\"><i class=\"icon-angle-down\"><\/i><\/button>\n\t\t\t<span>Voinko ottaa tilaukseni tai laitteeni ulkomaille lomamajoitukseeni?<\/span>\n\t\t<\/a>\n\t\t<div id=\"accordion-1962919840-content\" class=\"accordion-inner\" aria-labelledby=\"accordion-1962919840-label\" >\n\t\t\t\n<p>Kyll\u00e4, ehdottomasti, kunhan sinulla on internet-yhteys.<\/p>\n\t\t<\/div>\n\t<\/div>\n\t\n\t<div id=\"accordion-3985121620\" class=\"accordion-item\">\n\t\t<a id=\"accordion-3985121620-label\" class=\"accordion-title plain\" href=\"#accordion-item-tilaukset-ja-palautukset\" aria-expanded=\"false\" aria-controls=\"accordion-3985121620-content\" >\n\t\t\t<button class=\"toggle\" aria-label=\"Toggle\"><i class=\"icon-angle-down\"><\/i><\/button>\n\t\t\t<span>Tilaukset ja palautukset<\/span>\n\t\t<\/a>\n\t\t<div id=\"accordion-3985121620-content\" class=\"accordion-inner\" aria-labelledby=\"accordion-3985121620-label\" >\n\t\t\t\n<p>Teet tilauksen verkkokauppamme kautta tai otat suoraan yhteytt\u00e4 live-chatin kautta, niin autamme sinua. EMME TARJOA PALAUTUKSIA mill\u00e4\u00e4n tavalla, joten varmista ennen tilausta.<\/p>\n\t\t<\/div>\n\t<\/div>\n\t\n\t<div id=\"accordion-1135217292\" class=\"accordion-item\">\n\t\t<a id=\"accordion-1135217292-label\" class=\"accordion-title plain\" href=\"#accordion-item-kuinka-kauan-toimitusaika-on-laatikoillemme?\" aria-expanded=\"false\" aria-controls=\"accordion-1135217292-content\" >\n\t\t\t<button class=\"toggle\" aria-label=\"Toggle\"><i class=\"icon-angle-down\"><\/i><\/button>\n\t\t\t<span>Kuinka kauan toimitusaika on laatikoillemme?<\/span>\n\t\t<\/a>\n\t\t<div id=\"accordion-1135217292-content\" class=\"accordion-inner\" aria-labelledby=\"accordion-1135217292-label\" >\n\t\t\t\n<p>Laatikot l\u00e4hetet\u00e4\u00e4n varastostamme ja niiden pit\u00e4isi saapua teille 1-3 ty\u00f6p\u00e4iv\u00e4n kuluessa, ellei jotain odottamatonta tapahdu.<\/p>\n\t\t<\/div>\n\t<\/div>\n\t\n\t<div id=\"accordion-3454812770\" class=\"accordion-item\">\n\t\t<a id=\"accordion-3454812770-label\" class=\"accordion-title plain\" href aria-expanded=\"false\" aria-controls=\"accordion-3454812770-content\" >\n\t\t\t<button class=\"toggle\" aria-label=\"Toggle\"><i class=\"icon-angle-down\"><\/i><\/button>\n\t\t\t<span>Mit\u00e4 tarvitaan Nordic Stream IPTV:n kokeilemiseksi?<\/span>\n\t\t<\/a>\n\t\t<div id=\"accordion-3454812770-content\" class=\"accordion-inner\" aria-labelledby=\"accordion-3454812770-label\" >\n\t\t\t\n<p>Kaikki, mit\u00e4 tarvitset, on toimiva internetyhteys.<\/p>\n\t\t<\/div>\n\t<\/div>\n\t\n\t<div id=\"accordion-3261395541\" class=\"accordion-item\">\n\t\t<a id=\"accordion-3261395541-label\" class=\"accordion-title plain\" href=\"#accordion-item-voinko-k\u00e4ytt\u00e4\u00e4-tilaustani-usealla-laitteella-samanaikaisesti?\" aria-expanded=\"false\" aria-controls=\"accordion-3261395541-content\" >\n\t\t\t<button class=\"toggle\" aria-label=\"Toggle\"><i class=\"icon-angle-down\"><\/i><\/button>\n\t\t\t<span>Voinko k\u00e4ytt\u00e4\u00e4 tilaustani usealla laitteella samanaikaisesti?<\/span>\n\t\t<\/a>\n\t\t<div id=\"accordion-3261395541-content\" class=\"accordion-inner\" aria-labelledby=\"accordion-3261395541-label\" >\n\t\t\t\n<p>Ei, et voi, se ei ole sallittua. Voit k\u00e4ytt\u00e4\u00e4 tilaustasi vain yhdell\u00e4 laitteella kerrallaan. Jos t\u00e4t\u00e4 s\u00e4\u00e4nt\u00f6\u00e4 ei noudateta, j\u00e4rjestelm\u00e4 est\u00e4\u00e4 sinut automaattisesti.<\/p>\n\t\t<\/div>\n\t<\/div>\n\t\n\t<div id=\"accordion-3459471842\" class=\"accordion-item\">\n\t\t<a id=\"accordion-3459471842-label\" class=\"accordion-title plain\" href aria-expanded=\"false\" aria-controls=\"accordion-3459471842-content\" >\n\t\t\t<button class=\"toggle\" aria-label=\"Toggle\"><i class=\"icon-angle-down\"><\/i><\/button>\n\t\t\t<span>Voiko VPN:\u00e4\u00e4 k\u00e4ytt\u00e4\u00e4 teill\u00e4?<\/span>\n\t\t<\/a>\n\t\t<div id=\"accordion-3459471842-content\" class=\"accordion-inner\" aria-labelledby=\"accordion-3459471842-label\" >\n\t\t\t\n<p>Useimmat VPN-palvelut toimivat meill\u00e4, mutta NORDVPN on estetty palvelimillamme.<\/p>\n<p>Suosittelemme nyt vahvasti VPN:n k\u00e4ytt\u00f6\u00e4, johtuen kaikista estoista, joita internetpalveluntarjoajat Ruotsissa ja Pohjoismaissa ovat alkaneet ottaa k\u00e4ytt\u00f6\u00f6n.<\/p>\n\t\t<\/div>\n\t<\/div>\n\t\n\t<div id=\"accordion-3339804218\" class=\"accordion-item\">\n\t\t<a id=\"accordion-3339804218-label\" class=\"accordion-title plain\" href=\"#accordion-item-voiko-saada-ilmaisen-kokeilun?\" aria-expanded=\"false\" aria-controls=\"accordion-3339804218-content\" >\n\t\t\t<button class=\"toggle\" aria-label=\"Toggle\"><i class=\"icon-angle-down\"><\/i><\/button>\n\t\t\t<span>Voiko saada ilmaisen kokeilun?<\/span>\n\t\t<\/a>\n\t\t<div id=\"accordion-3339804218-content\" class=\"accordion-inner\" aria-labelledby=\"accordion-3339804218-label\" >\n\t\t\t\n<p>EI! Emme tarjoa ilmaisia testej\u00e4. Jos haluat kokeilla IPTV:\u00e4, meill\u00e4 on 10 p\u00e4iv\u00e4n kokeilutarjous hintaan 99 kruunua.<\/p>\n\t\t<\/div>\n\t<\/div>\n\t\n<\/div>\n\t<div id=\"text-725901402\" class=\"text\">\n\t\t\n<p>Onko sinulla kysymyksi\u00e4 tai huolia? \u00c4l\u00e4 ep\u00e4r\u00f6i ottaa yhteytt\u00e4 <a href=\"https:\/\/nordicstream.io\/fi\/asiakaspalvelu\/\">asiakaspalveluumme!<\/a><\/p>\n\t\t\n<style>\n#text-725901402 {\n  text-align: center;\n}\n<\/style>\n\t<\/div>\n\t\n\t\t<\/div>\n\t\t\t\t\t<\/div>\n\n\t\n<\/div>\n\t\t<\/div>\n\n\t\t\n<style>\n#section_635401742 {\n  padding-top: 30px;\n  padding-bottom: 30px;\n  background-color: #0f5479;\n}\n<\/style>\n\t<\/section>\n\t\n","protected":false},"excerpt":{"rendered":"","protected":false},"author":1,"featured_media":0,"parent":0,"menu_order":0,"comment_status":"closed","ping_status":"closed","template":"page-blank.php","meta":{"_seopress_robots_primary_cat":"","_seopress_titles_title":"","_seopress_titles_desc":"","_seopress_robots_index":"","footnotes":""},"class_list":["post-550","page","type-page","status-publish","hentry"],"_links":{"self":[{"href":"https:\/\/nordicstream.io\/fi\/wp-json\/wp\/v2\/pages\/550","targetHints":{"allow":["GET"]}}],"collection":[{"href":"https:\/\/nordicstream.io\/fi\/wp-json\/wp\/v2\/pages"}],"about":[{"href":"https:\/\/nordicstream.io\/fi\/wp-json\/wp\/v2\/types\/page"}],"author":[{"embeddable":true,"href":"https:\/\/nordicstream.io\/fi\/wp-json\/wp\/v2\/users\/1"}],"replies":[{"embeddable":true,"href":"https:\/\/nordicstream.io\/fi\/wp-json\/wp\/v2\/comments?post=550"}],"version-history":[{"count":51,"href":"https:\/\/nordicstream.io\/fi\/wp-json\/wp\/v2\/pages\/550\/revisions"}],"predecessor-version":[{"id":2754,"href":"https:\/\/nordicstream.io\/fi\/wp-json\/wp\/v2\/pages\/550\/revisions\/2754"}],"wp:attachment":[{"href":"https:\/\/nordicstream.io\/fi\/wp-json\/wp\/v2\/media?parent=550"}],"curies":[{"name":"wp","href":"https:\/\/api.w.org\/{rel}","templated":true}]}}