{"id":571,"date":"2023-12-22T12:17:34","date_gmt":"2023-12-22T12:17:34","guid":{"rendered":"https:\/\/nordicstream.tv\/fi\/?page_id=571"},"modified":"2024-07-30T12:54:01","modified_gmt":"2024-07-30T10:54:01","slug":"asiakaspalvelu","status":"publish","type":"page","link":"https:\/\/nordicstream.io\/fi\/asiakaspalvelu\/","title":{"rendered":"Asiakaspalvelu"},"content":{"rendered":"\t<section class=\"section dark\" id=\"section_1007556473\">\n\t\t<div class=\"bg section-bg fill bg-fill  bg-loaded\" >\n\n\t\t\t\n\t\t\t\n\t\t\t\n\n\t\t<\/div>\n\n\t\t\n\n\t\t<div class=\"section-content relative\">\n\t\t\t\n<div class=\"row\"  id=\"row-697613988\">\n\n\t<div id=\"col-2083613974\" class=\"col medium-6 small-12 large-6\"  >\n\t\t\t\t<div class=\"col-inner\"  >\n\t\t\t\n\t\t\t\n\t<div class=\"img has-hover x md-x lg-x y md-y lg-y\" id=\"image_966240229\">\n\t\t\t\t\t\t\t\t<div class=\"img-inner dark\" >\n\t\t\t<img decoding=\"async\" width=\"599\" height=\"380\" src=\"https:\/\/nordicstream.io\/wp-content\/uploads\/sites\/4\/2023\/12\/nordic_stream_iptv.webp\" class=\"attachment-large size-large\" alt=\"\" srcset=\"https:\/\/nordicstream.io\/wp-content\/uploads\/sites\/4\/2023\/12\/nordic_stream_iptv.webp 599w, https:\/\/nordicstream.io\/wp-content\/uploads\/sites\/4\/2023\/12\/nordic_stream_iptv-300x190.webp 300w\" sizes=\"(max-width: 599px) 100vw, 599px\" \/>\t\t\t\t\t\t\n\t\t\t\t\t<\/div>\n\t\t\t\t\t\t\t\t\n<style>\n#image_966240229 {\n  width: 100%;\n}\n<\/style>\n\t<\/div>\n\t\n\t\t<\/div>\n\t\t\t\t\t<\/div>\n\n\t\n\n\t<div id=\"col-1937160780\" class=\"col medium-6 small-12 large-6\"  >\n\t\t\t\t<div class=\"col-inner\"  >\n\t\t\t\n\t\t\t\n<div class=\"elementor-element elementor-element-2876e88 elementor-widget elementor-widget-heading\" data-id=\"2876e88\" data-element_type=\"widget\" data-widget_type=\"heading.default\">\n<div class=\"elementor-widget-container\">\n<h4 class=\"elementor-heading-title elementor-size-default\">Asiakaspalvelun Aukioloajat &#8211; Nordic Stream IPTV<\/h4>\n<\/div>\n<\/div>\n<div class=\"elementor-element elementor-element-a679af9 elementor-widget elementor-widget-text-editor\" data-id=\"a679af9\" data-element_type=\"widget\" data-widget_type=\"text-editor.default\">\n<div class=\"elementor-widget-container\">\n<p><strong>Maanantai:<\/strong> <em>Suljettu<\/em><br \/><strong>Tiistai &#8211; Perjantai:<\/strong> <em>15:00 \u2013 21:00<\/em><br \/><strong>Lauantai &#8211; Sunnuntai:<\/strong> <em>12:00 \u2013 21:00<\/em><\/p>\n<p>Ennen kuin otat yhteytt\u00e4 Nordic Stream IPTV:hen, varmista, ettei vastausta kysymykseesi l\u00f6ydy FAQ:sta tai BOX:in tai APP:in ohjeista. Aukioloaikojen ulkopuolella voit l\u00e4hett\u00e4\u00e4 kysymyksesi alla olevan yhteydenottolomakkeen kautta, ja otamme sinuun yhteytt\u00e4 niin pian kuin mahdollista. Joissakin tapauksissa voimme vastata kysymyksiin virallisten aukioloaikojemme ulkopuolella. Nordic Stream tekee jatkuvasti t\u00f6it\u00e4 parantaakseen IPTV-kokemustasi.<\/p>\n<\/div>\n<\/div>\n\t\t<\/div>\n\t\t\t\t\t<\/div>\n\n\t\n<\/div>\n<div class=\"row align-middle align-center\"  id=\"row-1660839263\">\n\n\t<div id=\"col-1711996271\" class=\"col medium-6 small-12 large-6\"  >\n\t\t\t\t<div class=\"col-inner\"  >\n\t\t\t\n\t\t\t\n<div class=\"container section-title-container\" ><h4 class=\"section-title section-title-center\"><b><\/b><span class=\"section-title-main\" style=\"font-size:120%;\"><i class=\"icon-chat\" ><\/i>Kirjoita meille<\/span><b><\/b><\/h4><\/div>\n\n<div class=\"wpcf7 no-js\" id=\"wpcf7-f17-o1\" lang=\"en-US\" dir=\"ltr\" data-wpcf7-id=\"17\">\n<div class=\"screen-reader-response\"><p role=\"status\" aria-live=\"polite\" aria-atomic=\"true\"><\/p> <ul><\/ul><\/div>\n<form action=\"\/fi\/wp-json\/wp\/v2\/pages\/571#wpcf7-f17-o1\" method=\"post\" class=\"wpcf7-form init\" aria-label=\"Contact form\" novalidate=\"novalidate\" data-status=\"init\">\n<fieldset class=\"hidden-fields-container\"><input type=\"hidden\" name=\"_wpcf7\" value=\"17\" \/><input type=\"hidden\" name=\"_wpcf7_version\" value=\"6.1.5\" \/><input type=\"hidden\" name=\"_wpcf7_locale\" value=\"en_US\" \/><input type=\"hidden\" name=\"_wpcf7_unit_tag\" value=\"wpcf7-f17-o1\" \/><input type=\"hidden\" name=\"_wpcf7_container_post\" value=\"0\" \/><input type=\"hidden\" name=\"_wpcf7_posted_data_hash\" value=\"\" \/>\n<\/fieldset>\n<p><label>Nimesi*<\/label><br \/>\n<span class=\"wpcf7-form-control-wrap\" data-name=\"your-name\"><input size=\"40\" maxlength=\"400\" class=\"wpcf7-form-control wpcf7-text wpcf7-validates-as-required\" aria-required=\"true\" aria-invalid=\"false\" value=\"\" type=\"text\" name=\"your-name\" \/><\/span>\n<\/p>\n<p><label>S\u00e4hk\u00f6postisi*<\/label><br \/>\n<span class=\"wpcf7-form-control-wrap\" data-name=\"your-email\"><input size=\"40\" maxlength=\"400\" class=\"wpcf7-form-control wpcf7-email wpcf7-validates-as-required wpcf7-text wpcf7-validates-as-email\" aria-required=\"true\" aria-invalid=\"false\" value=\"\" type=\"email\" name=\"your-email\" \/><\/span>\n<\/p>\n<p><label>Tilausnumero tai k\u00e4ytt\u00e4j\u00e4tunnus<\/label><br \/>\n<span class=\"wpcf7-form-control-wrap\" data-name=\"ordernr\"><input size=\"40\" maxlength=\"400\" class=\"wpcf7-form-control wpcf7-text\" aria-invalid=\"false\" value=\"\" type=\"text\" name=\"ordernr\" \/><\/span>\n<\/p>\n<p><label>Viesti*<\/label><br \/>\n<span class=\"wpcf7-form-control-wrap\" data-name=\"your-message\"><textarea cols=\"40\" rows=\"10\" maxlength=\"2000\" class=\"wpcf7-form-control wpcf7-textarea\" aria-invalid=\"false\" name=\"your-message\"><\/textarea><\/span>\n<\/p>\n<p><span class=\"wpcf7-form-control-wrap\" data-name=\"quiz-742\"><label><span class=\"wpcf7-quiz-label\">Mik\u00e4 on 7 + kaksi (Vastaa kirjaimin)*<\/span> <input size=\"40\" class=\"wpcf7-form-control wpcf7-quiz\" autocomplete=\"off\" aria-required=\"true\" aria-invalid=\"false\" type=\"text\" name=\"quiz-742\" \/><\/label><input type=\"hidden\" name=\"_wpcf7_quiz_answer_quiz-742\" value=\"fe724f57bdc2bf463bb50e3d2dcaba31\" \/><\/span>\n<\/p>\n<p><input class=\"wpcf7-form-control wpcf7-submit has-spinner button\" type=\"submit\" value=\"L\u00e4het\u00e4\" \/>\n<\/p><div class=\"wpcf7-response-output\" aria-hidden=\"true\"><\/div>\n<\/form>\n<\/div>\n\n\t\t<\/div>\n\t\t\t\t\t<\/div>\n\n\t\n<\/div>\n\t\t<\/div>\n\n\t\t\n<style>\n#section_1007556473 {\n  padding-top: 30px;\n  padding-bottom: 30px;\n  background-color: #0f5479;\n}\n<\/style>\n\t<\/section>\n\t\n","protected":false},"excerpt":{"rendered":"","protected":false},"author":1,"featured_media":0,"parent":0,"menu_order":0,"comment_status":"closed","ping_status":"closed","template":"page-blank.php","meta":{"_seopress_robots_primary_cat":"","_seopress_titles_title":"","_seopress_titles_desc":"","_seopress_robots_index":"","footnotes":""},"class_list":["post-571","page","type-page","status-publish","hentry"],"_links":{"self":[{"href":"https:\/\/nordicstream.io\/fi\/wp-json\/wp\/v2\/pages\/571","targetHints":{"allow":["GET"]}}],"collection":[{"href":"https:\/\/nordicstream.io\/fi\/wp-json\/wp\/v2\/pages"}],"about":[{"href":"https:\/\/nordicstream.io\/fi\/wp-json\/wp\/v2\/types\/page"}],"author":[{"embeddable":true,"href":"https:\/\/nordicstream.io\/fi\/wp-json\/wp\/v2\/users\/1"}],"replies":[{"embeddable":true,"href":"https:\/\/nordicstream.io\/fi\/wp-json\/wp\/v2\/comments?post=571"}],"version-history":[{"count":16,"href":"https:\/\/nordicstream.io\/fi\/wp-json\/wp\/v2\/pages\/571\/revisions"}],"predecessor-version":[{"id":1975,"href":"https:\/\/nordicstream.io\/fi\/wp-json\/wp\/v2\/pages\/571\/revisions\/1975"}],"wp:attachment":[{"href":"https:\/\/nordicstream.io\/fi\/wp-json\/wp\/v2\/media?parent=571"}],"curies":[{"name":"wp","href":"https:\/\/api.w.org\/{rel}","templated":true}]}}