{"id":588,"date":"2023-12-22T12:39:45","date_gmt":"2023-12-22T12:39:45","guid":{"rendered":"https:\/\/nordicstream.tv\/fi\/?page_id=588"},"modified":"2025-12-11T08:46:53","modified_gmt":"2025-12-11T06:46:53","slug":"sisapiiritietoa","status":"publish","type":"page","link":"https:\/\/nordicstream.io\/fi\/sisapiiritietoa\/","title":{"rendered":"Sis\u00e4piiritietoa"},"content":{"rendered":"\t<section class=\"section dark\" id=\"section_1598090623\">\n\t\t<div class=\"bg section-bg fill bg-fill  bg-loaded\" >\n\n\t\t\t\n\t\t\t\n\t\t\t\n\n\t\t<\/div>\n\n\t\t\n\n\t\t<div class=\"section-content relative\">\n\t\t\t\n<div class=\"row\" style=\"max-width:800px\" id=\"row-734877792\">\n\n\t<div id=\"col-1660894756\" class=\"col small-12 large-12\"  >\n\t\t\t\t<div class=\"col-inner\"  >\n\t\t\t\n\t\t\t\n<div class=\"container section-title-container\" ><h3 class=\"section-title section-title-normal\"><b><\/b><span class=\"section-title-main\" >Oppaat<\/span><b><\/b><\/h3><\/div>\n<div class=\"elementor-element elementor-element-6cd147ce elementor-widget elementor-widget-heading\" data-id=\"6cd147ce\" data-element_type=\"widget\" data-widget_type=\"heading.default\">\n<div class=\"elementor-widget-container\">\n<h3 class=\"elementor-heading-title elementor-size-default\">Saat apua IPTV:n k\u00e4ytt\u00f6\u00f6notossa<\/h3>\n<\/div>\n<\/div>\n<section class=\"elementor-section elementor-inner-section elementor-element elementor-element-38a142a3 elementor-section-boxed elementor-section-height-default elementor-section-height-default\" data-id=\"38a142a3\" data-element_type=\"section\">\n<div class=\"elementor-container elementor-column-gap-no\">\n<div class=\"elementor-column elementor-col-50 elementor-inner-column elementor-element elementor-element-2b139e03\" data-id=\"2b139e03\" data-element_type=\"column\">\n<div class=\"elementor-widget-wrap elementor-element-populated\">\n<div class=\"elementor-element elementor-element-6ab515e8 elementor-widget elementor-widget-text-editor\" data-id=\"6ab515e8\" data-element_type=\"widget\" data-widget_type=\"text-editor.default\">\n<div class=\"elementor-widget-container\">\n<p>Tuemme monia erilaisia laitteita ja ohjelmistoja, mukaan lukien MAG, Formuler, Tvip, Android, Apple TV, iOS, tabletit, puhelimet, tietokoneet ja monet muut. T\u00e4\u00e4lt\u00e4 l\u00f6yd\u00e4t oppaita ja ohjeita siit\u00e4, miten p\u00e4\u00e4set alkuun IPTV:n kanssa laitteellasi. Jos ohjeita ei l\u00f6ydy, voit aina ottaa yhteytt\u00e4 meihin s\u00e4hk\u00f6postitse, Telegramissa tai chatin kautta, niin autamme mielell\u00e4mme!<\/p>\n<\/div>\n<\/div>\n<div class=\"elementor-element elementor-element-910a04e elementor-widget elementor-widget-text-editor\" data-id=\"910a04e\" data-element_type=\"widget\" data-widget_type=\"text-editor.default\">\n<div class=\"elementor-widget-container\">\n<p><em>Huomioithan! Monilla sovelluksilla on v\u00e4liaikainen kokeilujakso, jonka j\u00e4lkeen niit\u00e4 on ostettava. Hinnan voit n\u00e4hd\u00e4 kunkin sovelluksen verkkosivustolla. Sovelluksia ei toimiteta meid\u00e4n kauttamme, vaan kolmannen osapuolen tarjoamia, emmek\u00e4 voi vaikuttaa niiden hintoihin tai ominaisuuksiin.<\/em><\/p>\n<\/div>\n<\/div>\n<\/div>\n<\/div>\n<\/div>\n<\/section>\n\t\t<\/div>\n\t\t\t\t\t<\/div>\n\n\t\n<\/div>\n<div class=\"row align-center row-dashed\" style=\"max-width:800px\" id=\"row-2088412602\">\n\n\t<div id=\"col-1582835726\" class=\"col medium-4 small-12 large-4\"  >\n\t\t\t\t<div class=\"col-inner\"  >\n\t\t\t\n\t\t\t\n\t<div class=\"box has-hover   has-hover box-shadow-2 box-shadow-3-hover box-shade dark box-text-bottom\" >\n\n\t\t<div class=\"box-image\" >\n\t\t\t<a href=\"https:\/\/nordicstream.io\/fi\/sisapiiritietoa\/tvip-s-box-ohjeet\/\" >\t\t\t<div class=\"image-cover\" style=\"padding-top:100%;\">\n\t\t\t\t<img decoding=\"async\" width=\"300\" height=\"300\" src=\"https:\/\/nordicstream.io\/wp-content\/uploads\/sites\/4\/2024\/05\/tvip-logo.png\" class=\"attachment- size-\" alt=\"\" srcset=\"https:\/\/nordicstream.io\/wp-content\/uploads\/sites\/4\/2024\/05\/tvip-logo.png 300w, https:\/\/nordicstream.io\/wp-content\/uploads\/sites\/4\/2024\/05\/tvip-logo-280x280.png 280w, https:\/\/nordicstream.io\/wp-content\/uploads\/sites\/4\/2024\/05\/tvip-logo-100x100.png 100w\" sizes=\"(max-width: 300px) 100vw, 300px\" \/>\t\t\t\t\t\t\t\t<div class=\"shade\"><\/div>\t\t\t<\/div>\n\t\t\t<\/a>\t\t<\/div>\n\n\t\t<div class=\"box-text text-center\" >\n\t\t\t<div class=\"box-text-inner\">\n\t\t\t\t\n<h4>TViP S-Box<\/h4>\n\t\t\t<\/div>\n\t\t<\/div>\n\t<\/div>\n\t\n\t\t<\/div>\n\t\t\t\t\t<\/div>\n\n\t\n\n\t<div id=\"col-22613042\" class=\"col medium-4 small-12 large-4\"  >\n\t\t\t\t<div class=\"col-inner\"  >\n\t\t\t\n\t\t\t\n\t<div class=\"box has-hover   has-hover box-shadow-2 box-shadow-3-hover box-shade dark box-text-bottom\" >\n\n\t\t<div class=\"box-image\" >\n\t\t\t<a href=\"https:\/\/nordicstream.io\/fi\/sisapiiritietoa\/mag-box-ohjeet\/\" >\t\t\t<div class=\"image-cover\" style=\"padding-top:100%;\">\n\t\t\t\t<img decoding=\"async\" width=\"300\" height=\"300\" src=\"https:\/\/nordicstream.io\/wp-content\/uploads\/sites\/4\/2024\/05\/mag-box-logo.png\" class=\"attachment- size-\" alt=\"\" srcset=\"https:\/\/nordicstream.io\/wp-content\/uploads\/sites\/4\/2024\/05\/mag-box-logo.png 300w, https:\/\/nordicstream.io\/wp-content\/uploads\/sites\/4\/2024\/05\/mag-box-logo-280x280.png 280w, https:\/\/nordicstream.io\/wp-content\/uploads\/sites\/4\/2024\/05\/mag-box-logo-100x100.png 100w\" sizes=\"(max-width: 300px) 100vw, 300px\" \/>\t\t\t\t\t\t\t\t<div class=\"shade\"><\/div>\t\t\t<\/div>\n\t\t\t<\/a>\t\t<\/div>\n\n\t\t<div class=\"box-text text-center\" >\n\t\t\t<div class=\"box-text-inner\">\n\t\t\t\t\n<h4>MAG Box<\/h4>\n\t\t\t<\/div>\n\t\t<\/div>\n\t<\/div>\n\t\n\t\t<\/div>\n\t\t\t\t\t<\/div>\n\n\t\n\n\t<div id=\"col-1594321123\" class=\"col medium-4 small-12 large-4\"  >\n\t\t\t\t<div class=\"col-inner\"  >\n\t\t\t\n\t\t\t\n\t<div class=\"box has-hover   has-hover box-shadow-2 box-shadow-3-hover box-shade dark box-text-bottom\" >\n\n\t\t<div class=\"box-image\" >\n\t\t\t<a href=\"https:\/\/nordicstream.io\/fi\/sisapiiritietoa\/formuler-ohjeet\/\" >\t\t\t<div class=\"image-cover\" style=\"padding-top:100%;\">\n\t\t\t\t<img decoding=\"async\" width=\"300\" height=\"300\" src=\"https:\/\/nordicstream.io\/wp-content\/uploads\/sites\/4\/2024\/05\/images-1.png\" class=\"attachment- size-\" alt=\"\" srcset=\"https:\/\/nordicstream.io\/wp-content\/uploads\/sites\/4\/2024\/05\/images-1.png 300w, https:\/\/nordicstream.io\/wp-content\/uploads\/sites\/4\/2024\/05\/images-1-280x280.png 280w, https:\/\/nordicstream.io\/wp-content\/uploads\/sites\/4\/2024\/05\/images-1-100x100.png 100w\" sizes=\"(max-width: 300px) 100vw, 300px\" \/>\t\t\t\t\t\t\t\t<div class=\"shade\"><\/div>\t\t\t<\/div>\n\t\t\t<\/a>\t\t<\/div>\n\n\t\t<div class=\"box-text text-center\" >\n\t\t\t<div class=\"box-text-inner\">\n\t\t\t\t\n<h4>Formuler<\/h4>\n\t\t\t<\/div>\n\t\t<\/div>\n\t<\/div>\n\t\n\t\t<\/div>\n\t\t\t\t\t<\/div>\n\n\t\n\n\t<div id=\"col-2144931714\" class=\"col medium-4 small-12 large-4\"  >\n\t\t\t\t<div class=\"col-inner\"  >\n\t\t\t\n\t\t\t\n\t<div class=\"box has-hover   has-hover box-shadow-2 box-shadow-3-hover box-shade dark box-text-bottom\" >\n\n\t\t<div class=\"box-image\" >\n\t\t\t<a href=\"https:\/\/nordicstream.io\/fi\/sisapiiritietoa\/myiptv-player-ohjeet\/\" >\t\t\t<div class=\"image-cover\" style=\"padding-top:100%;\">\n\t\t\t\t<img decoding=\"async\" width=\"300\" height=\"300\" src=\"https:\/\/nordicstream.io\/wp-content\/uploads\/sites\/4\/2024\/05\/windows-logo.png\" class=\"attachment- size-\" alt=\"\" srcset=\"https:\/\/nordicstream.io\/wp-content\/uploads\/sites\/4\/2024\/05\/windows-logo.png 300w, https:\/\/nordicstream.io\/wp-content\/uploads\/sites\/4\/2024\/05\/windows-logo-280x280.png 280w, https:\/\/nordicstream.io\/wp-content\/uploads\/sites\/4\/2024\/05\/windows-logo-100x100.png 100w\" sizes=\"(max-width: 300px) 100vw, 300px\" \/>\t\t\t\t\t\t\t\t<div class=\"shade\"><\/div>\t\t\t<\/div>\n\t\t\t<\/a>\t\t<\/div>\n\n\t\t<div class=\"box-text text-center\" >\n\t\t\t<div class=\"box-text-inner\">\n\t\t\t\t\n<h4>Windows<\/h4>\n\t\t\t<\/div>\n\t\t<\/div>\n\t<\/div>\n\t\n\t\t<\/div>\n\t\t\t\t\t<\/div>\n\n\t\n\n\t<div id=\"col-918147094\" class=\"col medium-4 small-12 large-4\"  >\n\t\t\t\t<div class=\"col-inner\"  >\n\t\t\t\n\t\t\t\n\t<div class=\"box has-hover   has-hover box-shadow-2 box-shadow-3-hover box-shade dark box-text-bottom\" >\n\n\t\t<div class=\"box-image\" >\n\t\t\t<a href=\"https:\/\/nordicstream.io\/fi\/sisapiiritietoa\/nvidia-shield-ohjeet\/\" >\t\t\t<div class=\"image-cover\" style=\"padding-top:100%;\">\n\t\t\t\t<img decoding=\"async\" width=\"300\" height=\"300\" src=\"https:\/\/nordicstream.io\/wp-content\/uploads\/sites\/4\/2024\/05\/android-logo-ns.png\" class=\"attachment- size-\" alt=\"\" srcset=\"https:\/\/nordicstream.io\/wp-content\/uploads\/sites\/4\/2024\/05\/android-logo-ns.png 300w, https:\/\/nordicstream.io\/wp-content\/uploads\/sites\/4\/2024\/05\/android-logo-ns-280x280.png 280w, https:\/\/nordicstream.io\/wp-content\/uploads\/sites\/4\/2024\/05\/android-logo-ns-100x100.png 100w\" sizes=\"(max-width: 300px) 100vw, 300px\" \/>\t\t\t\t\t\t\t\t<div class=\"shade\"><\/div>\t\t\t<\/div>\n\t\t\t<\/a>\t\t<\/div>\n\n\t\t<div class=\"box-text text-center\" >\n\t\t\t<div class=\"box-text-inner\">\n\t\t\t\t\n<h4>Android<\/h4>\n\t\t\t<\/div>\n\t\t<\/div>\n\t<\/div>\n\t\n\t\t<\/div>\n\t\t\t\t\t<\/div>\n\n\t\n\n\t<div id=\"col-1123610387\" class=\"col medium-4 small-12 large-4\"  >\n\t\t\t\t<div class=\"col-inner\"  >\n\t\t\t\n\t\t\t\n\t<div class=\"box has-hover   has-hover box-shadow-2 box-shadow-3-hover box-shade dark box-text-bottom\" >\n\n\t\t<div class=\"box-image\" >\n\t\t\t<a href=\"https:\/\/nordicstream.io\/fi\/sisapiiritietoa\/appletv-ohjeet\/\" >\t\t\t<div class=\"image-cover\" style=\"padding-top:100%;\">\n\t\t\t\t<img decoding=\"async\" width=\"300\" height=\"300\" src=\"https:\/\/nordicstream.io\/wp-content\/uploads\/sites\/4\/2024\/05\/appletv-logo-ns.png\" class=\"attachment- size-\" alt=\"\" srcset=\"https:\/\/nordicstream.io\/wp-content\/uploads\/sites\/4\/2024\/05\/appletv-logo-ns.png 300w, https:\/\/nordicstream.io\/wp-content\/uploads\/sites\/4\/2024\/05\/appletv-logo-ns-280x280.png 280w, https:\/\/nordicstream.io\/wp-content\/uploads\/sites\/4\/2024\/05\/appletv-logo-ns-100x100.png 100w\" sizes=\"(max-width: 300px) 100vw, 300px\" \/>\t\t\t\t\t\t\t\t<div class=\"shade\"><\/div>\t\t\t<\/div>\n\t\t\t<\/a>\t\t<\/div>\n\n\t\t<div class=\"box-text text-center\" >\n\t\t\t<div class=\"box-text-inner\">\n\t\t\t\t\n<h4>AppleTV<\/h4>\n\t\t\t<\/div>\n\t\t<\/div>\n\t<\/div>\n\t\n\t\t<\/div>\n\t\t\t\t\t<\/div>\n\n\t\n\n\t<div id=\"col-704559696\" class=\"col medium-4 small-12 large-4\"  >\n\t\t\t\t<div class=\"col-inner\"  >\n\t\t\t\n\t\t\t\n\t<div class=\"box has-hover   has-hover box-shadow-2 box-shadow-3-hover box-shade dark box-text-bottom\" >\n\n\t\t<div class=\"box-image\" >\n\t\t\t<a href=\"https:\/\/nordicstream.io\/fi\/sisapiiritietoa\/samsung-smart-tv-ohjeet\/\" >\t\t\t<div class=\"image-cover\" style=\"padding-top:100%;\">\n\t\t\t\t<img decoding=\"async\" width=\"300\" height=\"300\" src=\"https:\/\/nordicstream.io\/wp-content\/uploads\/sites\/4\/2024\/05\/samsung-logo-ns.png\" class=\"attachment- size-\" alt=\"\" srcset=\"https:\/\/nordicstream.io\/wp-content\/uploads\/sites\/4\/2024\/05\/samsung-logo-ns.png 300w, https:\/\/nordicstream.io\/wp-content\/uploads\/sites\/4\/2024\/05\/samsung-logo-ns-280x280.png 280w, https:\/\/nordicstream.io\/wp-content\/uploads\/sites\/4\/2024\/05\/samsung-logo-ns-100x100.png 100w\" sizes=\"(max-width: 300px) 100vw, 300px\" \/>\t\t\t\t\t\t\t\t<div class=\"shade\"><\/div>\t\t\t<\/div>\n\t\t\t<\/a>\t\t<\/div>\n\n\t\t<div class=\"box-text text-center\" >\n\t\t\t<div class=\"box-text-inner\">\n\t\t\t\t\n<h4>Samsung Smart TV<\/h4>\n\t\t\t<\/div>\n\t\t<\/div>\n\t<\/div>\n\t\n\t\t<\/div>\n\t\t\t\t\t<\/div>\n\n\t\n\n\t<div id=\"col-1022213482\" class=\"col medium-4 small-12 large-4\"  >\n\t\t\t\t<div class=\"col-inner\"  >\n\t\t\t\n\t\t\t\n\t<div class=\"box has-hover   has-hover box-shadow-2 box-shadow-3-hover box-shade dark box-text-bottom\" >\n\n\t\t<div class=\"box-image\" >\n\t\t\t<a href=\"https:\/\/nordicstream.io\/fi\/sisapiiritietoa\/lg-webos-ohjeet\/\" >\t\t\t<div class=\"image-cover\" style=\"padding-top:100%;\">\n\t\t\t\t<img decoding=\"async\" width=\"300\" height=\"300\" src=\"https:\/\/nordicstream.io\/wp-content\/uploads\/sites\/4\/2024\/05\/lg-logo-ns.png\" class=\"attachment- size-\" alt=\"\" srcset=\"https:\/\/nordicstream.io\/wp-content\/uploads\/sites\/4\/2024\/05\/lg-logo-ns.png 300w, https:\/\/nordicstream.io\/wp-content\/uploads\/sites\/4\/2024\/05\/lg-logo-ns-280x280.png 280w, https:\/\/nordicstream.io\/wp-content\/uploads\/sites\/4\/2024\/05\/lg-logo-ns-100x100.png 100w\" sizes=\"(max-width: 300px) 100vw, 300px\" \/>\t\t\t\t\t\t\t\t<div class=\"shade\"><\/div>\t\t\t<\/div>\n\t\t\t<\/a>\t\t<\/div>\n\n\t\t<div class=\"box-text text-center\" >\n\t\t\t<div class=\"box-text-inner\">\n\t\t\t\t\n<h4>LG WebOS<\/h4>\n\t\t\t<\/div>\n\t\t<\/div>\n\t<\/div>\n\t\n\t\t<\/div>\n\t\t\t\t\t<\/div>\n\n\t\n\n\t<div id=\"col-1963692167\" class=\"col medium-4 small-12 large-4\"  >\n\t\t\t\t<div class=\"col-inner\"  >\n\t\t\t\n\t\t\t\n\t<div class=\"box has-hover pp-tablet  has-hover box-shadow-2 box-shadow-3-hover box-shade dark box-text-bottom\" >\n\n\t\t<div class=\"box-image\" >\n\t\t\t<a href=\"https:\/\/nordicstream.io\/fi\/sisapiiritietoa\/mobile-devices-tablet\/\" >\t\t\t<div class=\"image-cover\" style=\"padding-top:100%;\">\n\t\t\t\t<img decoding=\"async\" src=\"https:\/\/nordicstream.io\/wp-content\/uploads\/sites\/4\/2025\/12\/tablet-704-1.svg\" class=\"attachment- size-\" alt=\"\" \/>\t\t\t\t\t\t\t\t<div class=\"shade\"><\/div>\t\t\t<\/div>\n\t\t\t<\/a>\t\t<\/div>\n\n\t\t<div class=\"box-text text-center\" >\n\t\t\t<div class=\"box-text-inner\">\n\t\t\t\t\n<h4>Mobile Devices \/ Tablet<\/h4>\n\t\t\t<\/div>\n\t\t<\/div>\n\t<\/div>\n\t\n\t\t<\/div>\n\t\t\t\t\t<\/div>\n\n\t\n<\/div>\n\t\t<\/div>\n\n\t\t\n<style>\n#section_1598090623 {\n  padding-top: 30px;\n  padding-bottom: 30px;\n  background-color: #0f5479;\n}\n<\/style>\n\t<\/section>\n\t\n","protected":false},"excerpt":{"rendered":"","protected":false},"author":1,"featured_media":0,"parent":0,"menu_order":0,"comment_status":"closed","ping_status":"closed","template":"page-blank.php","meta":{"_seopress_robots_primary_cat":"","_seopress_titles_title":"","_seopress_titles_desc":"","_seopress_robots_index":"","footnotes":""},"class_list":["post-588","page","type-page","status-publish","hentry"],"_links":{"self":[{"href":"https:\/\/nordicstream.io\/fi\/wp-json\/wp\/v2\/pages\/588","targetHints":{"allow":["GET"]}}],"collection":[{"href":"https:\/\/nordicstream.io\/fi\/wp-json\/wp\/v2\/pages"}],"about":[{"href":"https:\/\/nordicstream.io\/fi\/wp-json\/wp\/v2\/types\/page"}],"author":[{"embeddable":true,"href":"https:\/\/nordicstream.io\/fi\/wp-json\/wp\/v2\/users\/1"}],"replies":[{"embeddable":true,"href":"https:\/\/nordicstream.io\/fi\/wp-json\/wp\/v2\/comments?post=588"}],"version-history":[{"count":45,"href":"https:\/\/nordicstream.io\/fi\/wp-json\/wp\/v2\/pages\/588\/revisions"}],"predecessor-version":[{"id":2925,"href":"https:\/\/nordicstream.io\/fi\/wp-json\/wp\/v2\/pages\/588\/revisions\/2925"}],"wp:attachment":[{"href":"https:\/\/nordicstream.io\/fi\/wp-json\/wp\/v2\/media?parent=588"}],"curies":[{"name":"wp","href":"https:\/\/api.w.org\/{rel}","templated":true}]}}