{"id":680,"date":"2023-12-25T13:18:28","date_gmt":"2023-12-25T13:18:28","guid":{"rendered":"https:\/\/nordicstream.tv\/fi\/?page_id=680"},"modified":"2024-01-08T05:44:27","modified_gmt":"2024-01-08T03:44:27","slug":"tvip-s-box-ohjeet","status":"publish","type":"page","link":"https:\/\/nordicstream.io\/fi\/sisapiiritietoa\/tvip-s-box-ohjeet\/","title":{"rendered":"TViP S-Box Ohjeet"},"content":{"rendered":"<div class=\"row align-center\"  id=\"row-1110404842\">\n\n\t<div id=\"col-2094342139\" class=\"col medium-7 small-12 large-7\"  >\n\t\t\t\t<div class=\"col-inner\"  >\n\t\t\t\n\t\t\t\n\t<div class=\"img has-hover x md-x lg-x y md-y lg-y\" id=\"image_1774916496\">\n\t\t\t\t\t\t\t\t<div class=\"img-inner dark\" >\n\t\t\t<img decoding=\"async\" width=\"1020\" height=\"524\" src=\"https:\/\/nordicstream.io\/wp-content\/uploads\/sites\/4\/2023\/12\/iptv_sverige.webp\" class=\"attachment-large size-large\" alt=\"\" srcset=\"https:\/\/nordicstream.io\/wp-content\/uploads\/sites\/4\/2023\/12\/iptv_sverige.webp 1021w, https:\/\/nordicstream.io\/wp-content\/uploads\/sites\/4\/2023\/12\/iptv_sverige-778x400.webp 778w, https:\/\/nordicstream.io\/wp-content\/uploads\/sites\/4\/2023\/12\/iptv_sverige-768x395.webp 768w, https:\/\/nordicstream.io\/wp-content\/uploads\/sites\/4\/2023\/12\/iptv_sverige-300x154.webp 300w, https:\/\/nordicstream.io\/wp-content\/uploads\/sites\/4\/2023\/12\/iptv_sverige-600x309.webp 600w\" sizes=\"(max-width: 1020px) 100vw, 1020px\" \/>\t\t\t\t\t\t\n\t\t\t\t\t<\/div>\n\t\t\t\t\t\t\t\t\n<style>\n#image_1774916496 {\n  width: 100%;\n}\n<\/style>\n\t<\/div>\n\t\n\t\t<\/div>\n\t\t\t\t\t<\/div>\n\n\t\n\n\t<div id=\"col-1733756940\" class=\"col medium-10 small-12 large-10\"  >\n\t\t\t\t<div class=\"col-inner\"  >\n\t\t\t\n\t\t\t\n<h3>TViP S-Box Ohjeet<\/h3>\n<h4 class=\"elementor-heading-title elementor-size-default\">N\u00e4m\u00e4 ohjeet on kirjoitettu malleille 410\/412\/415\/605 ja muille vastaaville.<\/h4>\n<p>Jos olet ostanut TVIP S412 -laitteen, suosittelemme liitt\u00e4m\u00e4\u00e4n laitteesi Ethernet-kaapelilla. Jos k\u00e4yt\u00e4t Wi-Fi-yhteytt\u00e4, sinun on otettava huomioon, ett\u00e4 saatat kokea viivett\u00e4 ja kuvan j\u00e4\u00e4dytt\u00e4mist\u00e4.<\/p>\n<ol>\n<li>\n<p>Liit\u00e4 kaikki ja k\u00e4ynnist\u00e4 laite.<\/p>\n<\/li>\n<li>\n<p>Valitse kieli ja aikavy\u00f6hyke ja suorita laitteen p\u00e4ivitys uusimpaan ohjelmistoversioon.<\/p>\n<\/li>\n<li>\n<p>Laite k\u00e4ynnistyy uudelleen p\u00e4ivityksen j\u00e4lkeen.<\/p>\n<\/li>\n<li>\n<p>Siirry Asetuksiin ja sitten Verkko.<\/p>\n<\/li>\n<li>\n<p>Kirjoita MAC-osoite aktivoidaksesi testitilin tai ostaa tilaus.<\/p>\n<\/li>\n<li>\n<p>Mene kohtaan TV vasemmassa valikossa ja muuta kaikki asetukset seuraavasti:<\/p>\n<p>L\u00e4hde: Multicast UDPXY-palvelin: MPEG-TS-puskurointi, ms: 5000 DVR-tallennustila: Ei tallennustilaa Timeshift-tallennus: Sis\u00e4inen tallennustila Automaattinen timeshift: P\u00c4\u00c4LL\u00c4 Sis\u00e4lt\u00f6l\u00e4hteet: Web Portal<\/p>\n<p>Sis\u00e4lt\u00f6l\u00e4hteen alapuolella on painike, jossa lukee &#8221;M\u00e4\u00e4rit\u00e4 Web-portal&#8221;. Paina sit\u00e4 ja aseta seuraavat asetukset:<\/p>\n<p>Portaalin URL: <a href=\"http:\/\/dinurl:2095\/c\/\" target=\"_new\" rel=\"noopener\">http:\/\/dinurl:2095\/c\/<\/a> Portaalin hallinta: Pois p\u00e4\u00e4lt\u00e4 K\u00e4yt\u00e4 Web-portal: Koko j\u00e4rjestelm\u00e4 API-tila: GSTB<\/p>\n<p>Paina sitten &#8221;K\u00e4yt\u00e4&#8221;.<\/p>\n<\/li>\n<\/ol>\n<p>Uusilla televisioilla saattaa olla vaikeuksia synkronoida p\u00e4ivitystiheytt\u00e4 (Hertsi\/FPS) laitteen kanssa, mik\u00e4 voi aiheuttaa FPS-viivett\u00e4. Voit korjata t\u00e4m\u00e4n menem\u00e4ll\u00e4 Asetukset &#8211; N\u00e4ytt\u00f6 ja asettamalla HDMI Auto Frameraten P\u00c4\u00c4LLE.<\/p>\n<p>Kaukos\u00e4\u00e4timen pikan\u00e4pp\u00e4imet:<\/p>\n<p>Kanavalla:<\/p>\n<ul>\n<li>Paina suurennuslasia vaihtaaksesi kielt\u00e4\/tekstityst\u00e4 (jos se on saatavilla kanavalla) tai aktivoidaksesi 3D:n.<\/li>\n<li>VALIKKO: Paina kuvasuhteen muuttamiseksi, esimerkiksi 4:3, 16:9 jne.<\/li>\n<li>Hammasratas: Avaa TVIP-j\u00e4rjestelm\u00e4asetukset.<\/li>\n<li>Vasemman alakulman painike: Voit my\u00f6s muuttaa kuvasuhdetta kanavalla.<\/li>\n<\/ul>\n\t\t<\/div>\n\t\t\t\t\t<\/div>\n\n\t\n<\/div>\n","protected":false},"excerpt":{"rendered":"","protected":false},"author":1,"featured_media":0,"parent":588,"menu_order":0,"comment_status":"closed","ping_status":"closed","template":"","meta":{"_seopress_robots_primary_cat":"","_seopress_titles_title":"","_seopress_titles_desc":"","_seopress_robots_index":"","footnotes":""},"class_list":["post-680","page","type-page","status-publish","hentry"],"_links":{"self":[{"href":"https:\/\/nordicstream.io\/fi\/wp-json\/wp\/v2\/pages\/680","targetHints":{"allow":["GET"]}}],"collection":[{"href":"https:\/\/nordicstream.io\/fi\/wp-json\/wp\/v2\/pages"}],"about":[{"href":"https:\/\/nordicstream.io\/fi\/wp-json\/wp\/v2\/types\/page"}],"author":[{"embeddable":true,"href":"https:\/\/nordicstream.io\/fi\/wp-json\/wp\/v2\/users\/1"}],"replies":[{"embeddable":true,"href":"https:\/\/nordicstream.io\/fi\/wp-json\/wp\/v2\/comments?post=680"}],"version-history":[{"count":6,"href":"https:\/\/nordicstream.io\/fi\/wp-json\/wp\/v2\/pages\/680\/revisions"}],"predecessor-version":[{"id":985,"href":"https:\/\/nordicstream.io\/fi\/wp-json\/wp\/v2\/pages\/680\/revisions\/985"}],"up":[{"embeddable":true,"href":"https:\/\/nordicstream.io\/fi\/wp-json\/wp\/v2\/pages\/588"}],"wp:attachment":[{"href":"https:\/\/nordicstream.io\/fi\/wp-json\/wp\/v2\/media?parent=680"}],"curies":[{"name":"wp","href":"https:\/\/api.w.org\/{rel}","templated":true}]}}