{"id":684,"date":"2023-12-25T13:21:50","date_gmt":"2023-12-25T13:21:50","guid":{"rendered":"https:\/\/nordicstream.tv\/fi\/?page_id=684"},"modified":"2024-01-08T05:47:52","modified_gmt":"2024-01-08T03:47:52","slug":"mag-box-ohjeet","status":"publish","type":"page","link":"https:\/\/nordicstream.io\/fi\/sisapiiritietoa\/mag-box-ohjeet\/","title":{"rendered":"MAG Box Ohjeet"},"content":{"rendered":"<div class=\"row align-center\"  id=\"row-1658060404\">\n\n\t<div id=\"col-539574477\" class=\"col medium-7 small-12 large-7\"  >\n\t\t\t\t<div class=\"col-inner\"  >\n\t\t\t\n\t\t\t\n\t<div class=\"img has-hover x md-x lg-x y md-y lg-y\" id=\"image_1851404442\">\n\t\t\t\t\t\t\t\t<div class=\"img-inner image-cover dark\" style=\"padding-top:56.25%;\">\n\t\t\t<img decoding=\"async\" width=\"500\" height=\"350\" src=\"https:\/\/nordicstream.io\/wp-content\/uploads\/sites\/4\/2023\/12\/tvip-set-top-box-v410-3_1-1-1.webp\" class=\"attachment-large size-large\" alt=\"\" srcset=\"https:\/\/nordicstream.io\/wp-content\/uploads\/sites\/4\/2023\/12\/tvip-set-top-box-v410-3_1-1-1.webp 500w, https:\/\/nordicstream.io\/wp-content\/uploads\/sites\/4\/2023\/12\/tvip-set-top-box-v410-3_1-1-1-300x210.webp 300w\" sizes=\"(max-width: 500px) 100vw, 500px\" \/>\t\t\t\t\t\t\n\t\t\t\t\t<\/div>\n\t\t\t\t\t\t\t\t\n<style>\n#image_1851404442 {\n  width: 100%;\n}\n<\/style>\n\t<\/div>\n\t\n\t\t<\/div>\n\t\t\t\t\t<\/div>\n\n\t\n\n\t<div id=\"col-617984280\" class=\"col medium-10 small-12 large-10\"  >\n\t\t\t\t<div class=\"col-inner\"  >\n\t\t\t\n\t\t\t\n<h3>MAG Box -ohjeet<\/h3>\n<p><strong>HUOM! Ohjattu toiminto olettaa, ett\u00e4 asetat upouuden laitteen.<\/strong><\/p>\n<p>NIILLE, JOILLA ON MAG256, OHITA VAIHE 2 (KUN SE TEKEE T\u00c4M\u00c4N AUTOMAATTISESTI ALOITTAESSA) JA OHITA VAIHE 4, KUN SE TUNTELEE AUTOMAATTISESTI KYTKETYN KAHDENNETUN.<\/p>\n<p>Mene Asetukset ja sitten J\u00e4rjestelm\u00e4asetukset. Selaa alas kohtaan Ohjelmistop\u00e4ivitys, sitten paina OK ja sen j\u00e4lkeen Punainen-painiketta p\u00e4ivitt\u00e4\u00e4ksesi ohjelmiston. Odota muutama minuutti, ja laite k\u00e4ynnistyy uudelleen. Mene Asetukset ja sitten J\u00e4rjestelm\u00e4asetukset. Mene Videoon ja vaihda resoluutioksi 1080p ja 1920 \u00d7 1080. Paina OK ja palaa takaisin. (OHITA T\u00c4M\u00c4 VAIHE MAG256-MALLILLE, KOSKA SE TUNTELEE SEN AUTOMAATTISESTI) Mene Palvelimiin. Mene Yleiset ja sy\u00f6t\u00e4 se.pool.ntp.org ja paina OK ja palaa takaisin. Napauta Portaaleja. Ensimm\u00e4isess\u00e4 portaalin sy\u00f6t\u00e4 seuraavat tiedot: Portaalin nimi: NordicStream Portaalin URL: <a href=\"http:\/\/dinurl:2095\/c\/\" target=\"_new\" rel=\"noopener\">http:\/\/dinurl:2095\/c\/<\/a><\/p>\n<p>Et tarvitse t\u00e4ytt\u00e4\u00e4 mit\u00e4\u00e4n muita portaalikohtia. Paina OK tallentaaksesi ja palataksesi.<\/p>\n<p>Mene Lis\u00e4asetuksiin ja vaihda aikavy\u00f6hyke Europe \/ Stockholmiksi, jotta EPG toimii. Paina OK tallentaaksesi.<\/p>\n<p>Nyt mene takaisin ulos, ja laite kertoo, ett\u00e4 sen on k\u00e4ynnistytt\u00e4v\u00e4 uudelleen uusien asetusten k\u00e4ytt\u00e4miseksi. Anna sen k\u00e4ynnisty\u00e4 uudelleen. Nyt saavut portalillemme. Ennen kuin alat katsella televisiota, tee viel\u00e4 yksi asia. Mene oikealle kohtaan Asetukset ja sitten Lis\u00e4asetukset ja muuta puskurikoko 0:sta 15:een. Siirry alas listalla ja paina OK.<\/p>\n<p>Nyt voit alkaa katsella kaikkia maailman televisiokanavia.<\/p>\n\t\t<\/div>\n\t\t\t\t\t<\/div>\n\n\t\n<\/div>\n","protected":false},"excerpt":{"rendered":"","protected":false},"author":1,"featured_media":0,"parent":588,"menu_order":0,"comment_status":"closed","ping_status":"closed","template":"","meta":{"_seopress_robots_primary_cat":"","_seopress_titles_title":"","_seopress_titles_desc":"","_seopress_robots_index":"","footnotes":""},"class_list":["post-684","page","type-page","status-publish","hentry"],"_links":{"self":[{"href":"https:\/\/nordicstream.io\/fi\/wp-json\/wp\/v2\/pages\/684","targetHints":{"allow":["GET"]}}],"collection":[{"href":"https:\/\/nordicstream.io\/fi\/wp-json\/wp\/v2\/pages"}],"about":[{"href":"https:\/\/nordicstream.io\/fi\/wp-json\/wp\/v2\/types\/page"}],"author":[{"embeddable":true,"href":"https:\/\/nordicstream.io\/fi\/wp-json\/wp\/v2\/users\/1"}],"replies":[{"embeddable":true,"href":"https:\/\/nordicstream.io\/fi\/wp-json\/wp\/v2\/comments?post=684"}],"version-history":[{"count":6,"href":"https:\/\/nordicstream.io\/fi\/wp-json\/wp\/v2\/pages\/684\/revisions"}],"predecessor-version":[{"id":987,"href":"https:\/\/nordicstream.io\/fi\/wp-json\/wp\/v2\/pages\/684\/revisions\/987"}],"up":[{"embeddable":true,"href":"https:\/\/nordicstream.io\/fi\/wp-json\/wp\/v2\/pages\/588"}],"wp:attachment":[{"href":"https:\/\/nordicstream.io\/fi\/wp-json\/wp\/v2\/media?parent=684"}],"curies":[{"name":"wp","href":"https:\/\/api.w.org\/{rel}","templated":true}]}}