{"id":703,"date":"2023-12-25T13:34:04","date_gmt":"2023-12-25T13:34:04","guid":{"rendered":"https:\/\/nordicstream.tv\/fi\/?page_id=703"},"modified":"2024-01-08T05:51:37","modified_gmt":"2024-01-08T03:51:37","slug":"nvidia-shield-ohjeet","status":"publish","type":"page","link":"https:\/\/nordicstream.io\/fi\/sisapiiritietoa\/nvidia-shield-ohjeet\/","title":{"rendered":"NVidia Shield Ohjeet"},"content":{"rendered":"<div class=\"row align-center\"  id=\"row-1376637219\">\n\n\t<div id=\"col-1481797929\" class=\"col medium-7 small-12 large-7\"  >\n\t\t\t\t<div class=\"col-inner\"  >\n\t\t\t\n\t\t\t\n\t<div class=\"img has-hover x md-x lg-x y md-y lg-y\" id=\"image_571992955\">\n\t\t\t\t\t\t\t\t<div class=\"img-inner image-cover dark\" style=\"padding-top:56.25%;\">\n\t\t\t<img decoding=\"async\" width=\"250\" height=\"250\" src=\"https:\/\/nordicstream.io\/wp-content\/uploads\/sites\/4\/2023\/12\/newappletv_7-pg510t2w94rz5izgtpbxcrk3ht5o1md2wcsjnfy8uc.webp\" class=\"attachment-original size-original\" alt=\"\" srcset=\"https:\/\/nordicstream.io\/wp-content\/uploads\/sites\/4\/2023\/12\/newappletv_7-pg510t2w94rz5izgtpbxcrk3ht5o1md2wcsjnfy8uc.webp 250w, https:\/\/nordicstream.io\/wp-content\/uploads\/sites\/4\/2023\/12\/newappletv_7-pg510t2w94rz5izgtpbxcrk3ht5o1md2wcsjnfy8uc-100x100.webp 100w\" sizes=\"(max-width: 250px) 100vw, 250px\" \/>\t\t\t\t\t\t\n\t\t\t\t\t<\/div>\n\t\t\t\t\t\t\t\t\n<style>\n#image_571992955 {\n  width: 100%;\n}\n<\/style>\n\t<\/div>\n\t\n\t\t<\/div>\n\t\t\t\t\t<\/div>\n\n\t\n\n\t<div id=\"col-265188935\" class=\"col medium-10 small-12 large-10\"  >\n\t\t\t\t<div class=\"col-inner\"  >\n\t\t\t\n\t\t\t\n<h3 class=\"elementor-heading-title elementor-size-default\">NVidia Shield Ohjeet<\/h3>\n<p>Ohjeet Android-laatikoille kuten Nvidia Shield, Xiaomi Mi Box ja muut:<\/p>\n<ol>\n<li>\n<p>Lataa haluamasi sovellus Google Play Kaupasta, jota haluat k\u00e4ytt\u00e4\u00e4.<\/p>\n<\/li>\n<li>\n<p>Liit\u00e4 meilt\u00e4 saamasi m3u-linkki sovellukseen tai k\u00e4yt\u00e4 k\u00e4ytt\u00e4j\u00e4nime\u00e4 ja salasanaa kirjautuaksesi sis\u00e4\u00e4n.<\/p>\n<\/li>\n<\/ol>\n<p>Jos k\u00e4yt\u00e4t meid\u00e4n omaa sovellustamme, tarvitset vain k\u00e4ytt\u00e4j\u00e4nimen ja salasanan, jotka l\u00f6yd\u00e4t linkist\u00e4, kun luet sen tarkkaan.<\/p>\n<p>Nyt olet valmis ja voit aloittaa TV:n katselun.<\/p>\n\t\t<\/div>\n\t\t\t\t\t<\/div>\n\n\t\n<\/div>\n","protected":false},"excerpt":{"rendered":"","protected":false},"author":1,"featured_media":0,"parent":588,"menu_order":0,"comment_status":"closed","ping_status":"closed","template":"","meta":{"_seopress_robots_primary_cat":"","_seopress_titles_title":"","_seopress_titles_desc":"","_seopress_robots_index":"","footnotes":""},"class_list":["post-703","page","type-page","status-publish","hentry"],"_links":{"self":[{"href":"https:\/\/nordicstream.io\/fi\/wp-json\/wp\/v2\/pages\/703","targetHints":{"allow":["GET"]}}],"collection":[{"href":"https:\/\/nordicstream.io\/fi\/wp-json\/wp\/v2\/pages"}],"about":[{"href":"https:\/\/nordicstream.io\/fi\/wp-json\/wp\/v2\/types\/page"}],"author":[{"embeddable":true,"href":"https:\/\/nordicstream.io\/fi\/wp-json\/wp\/v2\/users\/1"}],"replies":[{"embeddable":true,"href":"https:\/\/nordicstream.io\/fi\/wp-json\/wp\/v2\/comments?post=703"}],"version-history":[{"count":4,"href":"https:\/\/nordicstream.io\/fi\/wp-json\/wp\/v2\/pages\/703\/revisions"}],"predecessor-version":[{"id":990,"href":"https:\/\/nordicstream.io\/fi\/wp-json\/wp\/v2\/pages\/703\/revisions\/990"}],"up":[{"embeddable":true,"href":"https:\/\/nordicstream.io\/fi\/wp-json\/wp\/v2\/pages\/588"}],"wp:attachment":[{"href":"https:\/\/nordicstream.io\/fi\/wp-json\/wp\/v2\/media?parent=703"}],"curies":[{"name":"wp","href":"https:\/\/api.w.org\/{rel}","templated":true}]}}