{"id":706,"date":"2023-12-25T13:35:57","date_gmt":"2023-12-25T13:35:57","guid":{"rendered":"https:\/\/nordicstream.tv\/fi\/?page_id=706"},"modified":"2024-01-08T05:52:04","modified_gmt":"2024-01-08T03:52:04","slug":"myiptv-player-ohjeet","status":"publish","type":"page","link":"https:\/\/nordicstream.io\/fi\/sisapiiritietoa\/myiptv-player-ohjeet\/","title":{"rendered":"MyIPTV Player Ohjeet"},"content":{"rendered":"<div class=\"row align-center\"  id=\"row-1182030380\">\n\n\t<div id=\"col-50012533\" class=\"col medium-7 small-12 large-7\"  >\n\t\t\t\t<div class=\"col-inner\"  >\n\t\t\t\n\t\t\t\n\t<div class=\"img has-hover x md-x lg-x y md-y lg-y\" id=\"image_1491711345\">\n\t\t\t\t\t\t\t\t<div class=\"img-inner image-cover dark\" style=\"padding-top:56.25%;\">\n\t\t\t<img decoding=\"async\" width=\"400\" height=\"250\" src=\"https:\/\/nordicstream.io\/wp-content\/uploads\/sites\/4\/2023\/12\/MyIPTVPlayer01-pguch8kcmyoiztbrebc1f4duyhibfsaig9n1rgk79g.webp\" class=\"attachment-original size-original\" alt=\"\" srcset=\"https:\/\/nordicstream.io\/wp-content\/uploads\/sites\/4\/2023\/12\/MyIPTVPlayer01-pguch8kcmyoiztbrebc1f4duyhibfsaig9n1rgk79g.webp 400w, https:\/\/nordicstream.io\/wp-content\/uploads\/sites\/4\/2023\/12\/MyIPTVPlayer01-pguch8kcmyoiztbrebc1f4duyhibfsaig9n1rgk79g-300x188.webp 300w\" sizes=\"(max-width: 400px) 100vw, 400px\" \/>\t\t\t\t\t\t\n\t\t\t\t\t<\/div>\n\t\t\t\t\t\t\t\t\n<style>\n#image_1491711345 {\n  width: 100%;\n}\n<\/style>\n\t<\/div>\n\t\n\t\t<\/div>\n\t\t\t\t\t<\/div>\n\n\t\n\n\t<div id=\"col-627154163\" class=\"col medium-10 small-12 large-10\"  >\n\t\t\t\t<div class=\"col-inner\"  >\n\t\t\t\n\t\t\t\n<h3 class=\"elementor-heading-title elementor-size-default\">MyIPTV Player Ohjeet<\/h3>\n<p>T\u00e4ss\u00e4 ovat ohjeet MyIPTV Playerin k\u00e4ynnist\u00e4miseksi Windows 10 -k\u00e4ytt\u00f6j\u00e4rjestelm\u00e4ss\u00e4 suomeksi:<\/p>\n<p>1. Avaa MyIPTV Player -sovellus ja valitse &#8221;Asetukset&#8221; (settings).<\/p>\n<p>2. Valitse &#8221;Lis\u00e4\u00e4 uusi soittolista ja EPG-l\u00e4hde&#8221; (add new Playlist and epg source).<\/p>\n<p>3. &#8221;Et\u00e4kanavaluettelo&#8221; (Remote channel list) -kohdassa kirjoita nimi &#8221;NordicStream&#8221;.<\/p>\n<p>4. &#8221;URL&#8221;-kentt\u00e4\u00e4n liit\u00e4 m3u-linkki, jonka olet saanut s\u00e4hk\u00f6postitse meilt\u00e4. Paina sitten &#8221;Lis\u00e4\u00e4 et\u00e4luettelo&#8221; (add remote list).<\/p>\n<p>5. Sama toistetaan &#8221;Ohjelmaopas&#8221; (EPG) -osalta. Kirjoita nimeksi &#8221;NordicStream EPG&#8221; ja liit\u00e4 EPG-tiedosto, jonka olet saanut s\u00e4hk\u00f6postitse meilt\u00e4, &#8221;EPG-l\u00e4hteen URL&#8221;-kentt\u00e4\u00e4n (Epg Source URL). Paina sitten &#8221;Lis\u00e4\u00e4 EPG-l\u00e4hde&#8221; (Add EPG source).<\/p>\n<p>6. Palaa takaisin asetuksiin (settings) klikkaamalla yl\u00e4laidasta vasemmalla.<\/p>\n<p>7. Valitse nyt &#8221;NordicStream&#8221; kohdassa &#8221;Valitse kanavalista&#8221; (Select channel list) ja paina &#8221;P\u00e4ivit\u00e4&#8221; (refresh).<\/p>\n<p>8. Sama p\u00e4tee &#8221;Valitse EPG-l\u00e4hde&#8221; (Select EPG source).<\/p>\n<p>Nyt olet valmis ja voit k\u00e4ytt\u00e4\u00e4 palvelua.<\/p>\n\t\t<\/div>\n\t\t\t\t\t<\/div>\n\n\t\n<\/div>\n","protected":false},"excerpt":{"rendered":"","protected":false},"author":1,"featured_media":0,"parent":588,"menu_order":0,"comment_status":"closed","ping_status":"closed","template":"","meta":{"_seopress_robots_primary_cat":"","_seopress_titles_title":"","_seopress_titles_desc":"","_seopress_robots_index":"","footnotes":""},"class_list":["post-706","page","type-page","status-publish","hentry"],"_links":{"self":[{"href":"https:\/\/nordicstream.io\/fi\/wp-json\/wp\/v2\/pages\/706","targetHints":{"allow":["GET"]}}],"collection":[{"href":"https:\/\/nordicstream.io\/fi\/wp-json\/wp\/v2\/pages"}],"about":[{"href":"https:\/\/nordicstream.io\/fi\/wp-json\/wp\/v2\/types\/page"}],"author":[{"embeddable":true,"href":"https:\/\/nordicstream.io\/fi\/wp-json\/wp\/v2\/users\/1"}],"replies":[{"embeddable":true,"href":"https:\/\/nordicstream.io\/fi\/wp-json\/wp\/v2\/comments?post=706"}],"version-history":[{"count":6,"href":"https:\/\/nordicstream.io\/fi\/wp-json\/wp\/v2\/pages\/706\/revisions"}],"predecessor-version":[{"id":991,"href":"https:\/\/nordicstream.io\/fi\/wp-json\/wp\/v2\/pages\/706\/revisions\/991"}],"up":[{"embeddable":true,"href":"https:\/\/nordicstream.io\/fi\/wp-json\/wp\/v2\/pages\/588"}],"wp:attachment":[{"href":"https:\/\/nordicstream.io\/fi\/wp-json\/wp\/v2\/media?parent=706"}],"curies":[{"name":"wp","href":"https:\/\/api.w.org\/{rel}","templated":true}]}}