{"id":798,"date":"2023-12-31T15:53:41","date_gmt":"2023-12-31T15:53:41","guid":{"rendered":"https:\/\/nordicstream.tv\/fi\/?page_id=798"},"modified":"2025-10-24T09:41:33","modified_gmt":"2025-10-24T07:41:33","slug":"formuler-ohjeet","status":"publish","type":"page","link":"https:\/\/nordicstream.io\/fi\/sisapiiritietoa\/formuler-ohjeet\/","title":{"rendered":"Formuler Ohjeet"},"content":{"rendered":"<div class=\"row align-center\"  id=\"row-1381762116\">\n\n\t<div id=\"col-1962052423\" class=\"col medium-7 small-12 large-7\"  >\n\t\t\t\t<div class=\"col-inner\"  >\n\t\t\t\n\t\t\t\n\t<div class=\"img has-hover x md-x lg-x y md-y lg-y\" id=\"image_2118849824\">\n\t\t\t\t\t\t\t\t<div class=\"img-inner image-cover dark\" style=\"padding-top:56.25%;\">\n\t\t\t<img decoding=\"async\" width=\"640\" height=\"580\" src=\"https:\/\/nordicstream.io\/wp-content\/uploads\/sites\/4\/2023\/12\/82c044_caa04bd5c4a246f6be3b0fd40ecffb29mv2.webp\" class=\"attachment-large size-large\" alt=\"\" srcset=\"https:\/\/nordicstream.io\/wp-content\/uploads\/sites\/4\/2023\/12\/82c044_caa04bd5c4a246f6be3b0fd40ecffb29mv2.webp 640w, https:\/\/nordicstream.io\/wp-content\/uploads\/sites\/4\/2023\/12\/82c044_caa04bd5c4a246f6be3b0fd40ecffb29mv2-441x400.webp 441w, https:\/\/nordicstream.io\/wp-content\/uploads\/sites\/4\/2023\/12\/82c044_caa04bd5c4a246f6be3b0fd40ecffb29mv2-300x272.webp 300w, https:\/\/nordicstream.io\/wp-content\/uploads\/sites\/4\/2023\/12\/82c044_caa04bd5c4a246f6be3b0fd40ecffb29mv2-600x544.webp 600w\" sizes=\"(max-width: 640px) 100vw, 640px\" \/>\t\t\t\t\t\t\n\t\t\t\t\t<\/div>\n\t\t\t\t\t\t\t\t\n<style>\n#image_2118849824 {\n  width: 100%;\n}\n<\/style>\n\t<\/div>\n\t\n\t\t<\/div>\n\t\t\t\t\t<\/div>\n\n\t\n<\/div>\n<h3 class=\"accordion_title\">Valitse laite<\/h3><div class=\"accordion\">\n\t<div id=\"accordion-97460668\" class=\"accordion-item\">\n\t\t<a id=\"accordion-97460668-label\" class=\"accordion-title plain\" href=\"#accordion-item-formuler-mytvonline-2\" aria-expanded=\"false\" aria-controls=\"accordion-97460668-content\" >\n\t\t\t<button class=\"toggle\" aria-label=\"Toggle\"><i class=\"icon-angle-down\"><\/i><\/button>\n\t\t\t<span>Formuler MyTVOnline 2<\/span>\n\t\t<\/a>\n\t\t<div id=\"accordion-97460668-content\" class=\"accordion-inner\" aria-labelledby=\"accordion-97460668-label\" >\n\t\t\t\n<div class=\"row align-center\"  id=\"row-2020736744\">\n\n\t<div id=\"col-1724536272\" class=\"col medium-10 small-12 large-10\"  >\n\t\t\t\t<div class=\"col-inner\"  >\n\t\t\t\n\t\t\t\n<h3>Formuler MyTVOnline 2<\/h3>\n<p><strong>K\u00e4ynnist\u00e4 Mytvonline2<\/strong><\/p>\n<p>Valitse <strong>lis\u00e4\u00e4 portaali<\/strong><\/p>\n<p><strong>Portaalin lempinimi:<\/strong> NordicStream<\/p>\n<div>\u201c<strong>Kirjautuminen vaaditaan<\/strong>\u201d tulee olla valittuna.<\/div>\n<div>\u00a0<\/div>\n<div>Sy\u00f6t\u00e4 Xtream Codes -tiedot, jotka olet saanut meilt\u00e4 s\u00e4hk\u00f6postitse.<\/div>\n<div>\u00a0<\/div>\n<div><strong>Portaalin URL<\/strong>:<\/div>\n<div>\u00a0<\/div>\n<div>K\u00e4ytt\u00e4j\u00e4nimi:<\/div>\n<div>\u00a0<\/div>\n<div>Salasana:<\/div>\n<div>\u00a0<\/div>\n<p>Valitse nyt <strong>OK<\/strong>, ja kanavat latautuvat!<\/p>\n\t\t<\/div>\n\t\t\t\t\t<\/div>\n\n\t\n<\/div>\n\t\t<\/div>\n\t<\/div>\n\t\n\t<div id=\"accordion-3758629321\" class=\"accordion-item\">\n\t\t<a id=\"accordion-3758629321-label\" class=\"accordion-title plain\" href=\"#accordion-item-formuler-mytvonline-3\" aria-expanded=\"false\" aria-controls=\"accordion-3758629321-content\" >\n\t\t\t<button class=\"toggle\" aria-label=\"Toggle\"><i class=\"icon-angle-down\"><\/i><\/button>\n\t\t\t<span>Formuler MyTVOnline 3<\/span>\n\t\t<\/a>\n\t\t<div id=\"accordion-3758629321-content\" class=\"accordion-inner\" aria-labelledby=\"accordion-3758629321-label\" >\n\t\t\t\n<div class=\"row align-center\"  id=\"row-1404319796\">\n\n\t<div id=\"col-180493090\" class=\"col medium-10 small-12 large-10\"  >\n\t\t\t\t<div class=\"col-inner\"  >\n\t\t\t\n\t\t\t\n<h3>Formuler MyTVOnline 3<\/h3>\n<p>&#8211; K\u00e4ynnist\u00e4 laatikko ja aseta kieli ja langaton verkko, jos k\u00e4yt\u00e4t langatonta yhteytt\u00e4.<\/p>\n<p>&#8211; Ethernet automaattisesti tai ohita, jos k\u00e4yt\u00e4t langatonta yhteytt\u00e4.<\/p>\n<p>&#8211; Valitse alue ja maa, aseta aika ja p\u00e4iv\u00e4m\u00e4\u00e4r\u00e4 ja paina &#8221;Valmis&#8221;.<\/p>\n<p>&#8211; Aloita p\u00e4ivitys, kun se tulee saataville, odota sen valmistumista.<\/p>\n<p>&#8211; Lataa \u00c4\u00e4nioptimointi-sovellus Marketista ja k\u00e4ynnist\u00e4 se, jotta \u00e4\u00e4ni toimii hyvin jatkossa.<\/p>\n<p>&#8211; K\u00e4ynnist\u00e4 MytvOnline3 ja paina &#8221;Hyv\u00e4ksy&#8221;.<\/p>\n<p>&#8211; Valitse &#8221;Lis\u00e4\u00e4 portaali&#8221;.<\/p>\n<p>&#8211; Portaalin lempinimi: Mik\u00e4 tahansa haluamasi.<\/p>\n<p>&#8211; Portaalin URL: Portaalin URL tilauksesi tiedoista (tarkista s\u00e4hk\u00f6postisi).<\/p>\n<p>&#8211; Valitse &#8221;Kirjautuminen vaaditaan&#8221; ja t\u00e4yt\u00e4 k\u00e4ytt\u00e4j\u00e4nimi ja salasana tilauksestasi.<\/p>\n<p>&#8211; Opastusajan korvaus: Ei mit\u00e4\u00e4n ja ohita ID ja Advanced.<\/p>\n<p>&#8211; Paina &#8221;Yhdist\u00e4&#8221; ja sitten &#8221;Seuraava&#8221; ja &#8221;K\u00e4ynnist\u00e4 SetupWizard&#8221;.<\/p>\n<p>&#8211; Valitse, haluatko poistaa maita\/luokkia kanavaluettelostasi ja sitten &#8221;Seuraava vaihe&#8221;.<\/p>\n<p>&#8211; Toista sama VOD:lla ja Sarjoilla &#8211; Kaikki valmista, paina &#8221;Katso kanavia&#8221; katsoaksesi televisiota.<\/p>\n\t\t<\/div>\n\t\t\t\t\t<\/div>\n\n\t\n<\/div>\n\t\t<\/div>\n\t<\/div>\n\t\n<\/div>\n","protected":false},"excerpt":{"rendered":"","protected":false},"author":1,"featured_media":0,"parent":588,"menu_order":0,"comment_status":"closed","ping_status":"closed","template":"","meta":{"_seopress_robots_primary_cat":"","_seopress_titles_title":"","_seopress_titles_desc":"","_seopress_robots_index":"","footnotes":""},"class_list":["post-798","page","type-page","status-publish","hentry"],"_links":{"self":[{"href":"https:\/\/nordicstream.io\/fi\/wp-json\/wp\/v2\/pages\/798","targetHints":{"allow":["GET"]}}],"collection":[{"href":"https:\/\/nordicstream.io\/fi\/wp-json\/wp\/v2\/pages"}],"about":[{"href":"https:\/\/nordicstream.io\/fi\/wp-json\/wp\/v2\/types\/page"}],"author":[{"embeddable":true,"href":"https:\/\/nordicstream.io\/fi\/wp-json\/wp\/v2\/users\/1"}],"replies":[{"embeddable":true,"href":"https:\/\/nordicstream.io\/fi\/wp-json\/wp\/v2\/comments?post=798"}],"version-history":[{"count":13,"href":"https:\/\/nordicstream.io\/fi\/wp-json\/wp\/v2\/pages\/798\/revisions"}],"predecessor-version":[{"id":2882,"href":"https:\/\/nordicstream.io\/fi\/wp-json\/wp\/v2\/pages\/798\/revisions\/2882"}],"up":[{"embeddable":true,"href":"https:\/\/nordicstream.io\/fi\/wp-json\/wp\/v2\/pages\/588"}],"wp:attachment":[{"href":"https:\/\/nordicstream.io\/fi\/wp-json\/wp\/v2\/media?parent=798"}],"curies":[{"name":"wp","href":"https:\/\/api.w.org\/{rel}","templated":true}]}}