{"id":812,"date":"2023-12-31T17:41:10","date_gmt":"2023-12-31T17:41:10","guid":{"rendered":"https:\/\/nordicstream.tv\/fi\/?page_id=812"},"modified":"2024-05-23T11:27:19","modified_gmt":"2024-05-23T09:27:19","slug":"samsung-smart-tv-ohjeet","status":"publish","type":"page","link":"https:\/\/nordicstream.io\/fi\/sisapiiritietoa\/samsung-smart-tv-ohjeet\/","title":{"rendered":"Samsung Smart TV Ohjeet"},"content":{"rendered":"<div class=\"row align-center\"  id=\"row-1708166187\">\n\n\t<div id=\"col-263212211\" class=\"col medium-7 small-12 large-7\"  >\n\t\t\t\t<div class=\"col-inner\"  >\n\t\t\t\n\t\t\t\n\t<div class=\"img has-hover x md-x lg-x y md-y lg-y\" id=\"image_1571544447\">\n\t\t\t\t\t\t\t\t<div class=\"img-inner image-cover dark\" style=\"padding-top:56.25%;\">\n\t\t\t<img decoding=\"async\" width=\"866\" height=\"650\" src=\"https:\/\/nordicstream.io\/wp-content\/uploads\/sites\/4\/2023\/12\/463_samsungsmarttv.jpg\" class=\"attachment-large size-large\" alt=\"\" srcset=\"https:\/\/nordicstream.io\/wp-content\/uploads\/sites\/4\/2023\/12\/463_samsungsmarttv.jpg 866w, https:\/\/nordicstream.io\/wp-content\/uploads\/sites\/4\/2023\/12\/463_samsungsmarttv-533x400.jpg 533w, https:\/\/nordicstream.io\/wp-content\/uploads\/sites\/4\/2023\/12\/463_samsungsmarttv-768x576.jpg 768w, https:\/\/nordicstream.io\/wp-content\/uploads\/sites\/4\/2023\/12\/463_samsungsmarttv-300x225.jpg 300w, https:\/\/nordicstream.io\/wp-content\/uploads\/sites\/4\/2023\/12\/463_samsungsmarttv-600x450.jpg 600w\" sizes=\"(max-width: 866px) 100vw, 866px\" \/>\t\t\t\t\t\t\n\t\t\t\t\t<\/div>\n\t\t\t\t\t\t\t\t\n<style>\n#image_1571544447 {\n  width: 100%;\n}\n<\/style>\n\t<\/div>\n\t\n\t\t<\/div>\n\t\t\t\t\t<\/div>\n\n\t\n<\/div>\n<h3 class=\"accordion_title\">Valitse laite<\/h3><div class=\"accordion\">\n\t<div id=\"accordion-2417279336\" class=\"accordion-item\">\n\t\t<a id=\"accordion-2417279336-label\" class=\"accordion-title plain\" href=\"#accordion-item-set-iptv\" aria-expanded=\"false\" aria-controls=\"accordion-2417279336-content\" >\n\t\t\t<button class=\"toggle\" aria-label=\"Toggle\"><i class=\"icon-angle-down\"><\/i><\/button>\n\t\t\t<span>Set IPTV<\/span>\n\t\t<\/a>\n\t\t<div id=\"accordion-2417279336-content\" class=\"accordion-inner\" aria-labelledby=\"accordion-2417279336-label\" >\n\t\t\t\n<div class=\"row align-center\"  id=\"row-1566541755\">\n\n\t<div id=\"col-1481846530\" class=\"col medium-10 small-12 large-10\"  >\n\t\t\t\t<div class=\"col-inner\"  >\n\t\t\t\n\t\t\t\n<h3>Set IPTV<\/h3>\n<ul class=\"list\">\n<li>\n<p>Aloita lataamalla sovellus nykyiseen televisioosi. Etsi sovellus nimell\u00e4 &#8217;SET IPTV&#8217;.<\/p>\n<ol>\n<li>Avaa sovellus.<\/li>\n<li>Tallenna MAC-osoite, kuten se n\u00e4ytet\u00e4\u00e4n.<\/li>\n<\/ol>\n<\/li>\n<li><img decoding=\"async\" class=\"alignnone size-full wp-image-1012\" src=\"https:\/\/nordicstream.io\/fi\/wp-content\/uploads\/sites\/4\/2024\/01\/5866134984090302435_120.jpg\" alt=\"\" width=\"509\" height=\"282\" srcset=\"https:\/\/nordicstream.io\/wp-content\/uploads\/sites\/4\/2024\/01\/5866134984090302435_120.jpg 509w, https:\/\/nordicstream.io\/wp-content\/uploads\/sites\/4\/2024\/01\/5866134984090302435_120-300x166.jpg 300w\" sizes=\"(max-width: 509px) 100vw, 509px\" \/>\u00a0\n<ol>\n<li>Mene osoitteeseen <a href=\"https:\/\/setsysteme.com\/set.app\" target=\"_new\" rel=\"noopener\">https:\/\/setsysteme.com\/set.app<\/a>.<\/li>\n<li>T\u00e4yt\u00e4 TV MAC MAC-osoitteella, jonka sait edellisest\u00e4 sovelluksesta.<\/li>\n<li>Liit\u00e4 M3U-url NordicStreamista, valitse &#8217;en ole robotti&#8217; ja napsauta &#8217;L\u00c4HET\u00c4&#8217;.<\/li>\n<\/ol>\n<\/li>\n<li><img decoding=\"async\" class=\"alignnone size-full wp-image-1011\" src=\"https:\/\/nordicstream.io\/fi\/wp-content\/uploads\/sites\/4\/2024\/01\/5866134984090302434_120.jpg\" alt=\"\" width=\"605\" height=\"303\" srcset=\"https:\/\/nordicstream.io\/wp-content\/uploads\/sites\/4\/2024\/01\/5866134984090302434_120.jpg 605w, https:\/\/nordicstream.io\/wp-content\/uploads\/sites\/4\/2024\/01\/5866134984090302434_120-300x150.jpg 300w, https:\/\/nordicstream.io\/wp-content\/uploads\/sites\/4\/2024\/01\/5866134984090302434_120-600x300.jpg 600w\" sizes=\"(max-width: 605px) 100vw, 605px\" \/>\u00a0\n<ol>\n<li>K\u00e4ynnist\u00e4 sitten sovellus uudelleen televisiossasi.<\/li>\n<\/ol>\n<\/li>\n<\/ul>\n\t\t<\/div>\n\t\t\t\t\t<\/div>\n\n\t\n<\/div>\n\t\t<\/div>\n\t<\/div>\n\t\n\t<div id=\"accordion-3351261904\" class=\"accordion-item\">\n\t\t<a id=\"accordion-3351261904-label\" class=\"accordion-title plain\" href=\"#accordion-item-iptv-smarters\" aria-expanded=\"false\" aria-controls=\"accordion-3351261904-content\" >\n\t\t\t<button class=\"toggle\" aria-label=\"Toggle\"><i class=\"icon-angle-down\"><\/i><\/button>\n\t\t\t<span>IPTV Smarters<\/span>\n\t\t<\/a>\n\t\t<div id=\"accordion-3351261904-content\" class=\"accordion-inner\" aria-labelledby=\"accordion-3351261904-label\" >\n\t\t\t\n<p>Vaihe 1. Paina kotipainiketta \u00e4lykaukos\u00e4\u00e4timell\u00e4si ja siirry sitten sovelluksiin.<\/p>\n<p>Vaihe 2. Valitse sitten hakukuvake oikeassa yl\u00e4kulmassa.<\/p>\n<p>Vaihe 3. Sy\u00f6t\u00e4 sovelluksen nimi &#8221;IPTV Smarters Pro&#8221; ja asenna se.<\/p>\n<p>Vaihe 4. Avaa sovellus ja hyv\u00e4ksy &#8221;K\u00e4ytt\u00f6oikeussopimus&#8221;.<\/p>\n<p>Vaihe 5. Sy\u00f6t\u00e4 soittolistan tiedot (k\u00e4ytt\u00e4j\u00e4nimi, salasana ja palvelimen URL).<\/p>\n<p>Vaihe 6. Kun olet sy\u00f6tt\u00e4nyt soittolistan, se vie sinut hallintapaneeliin. Nauti IPTV Smarters -sovelluksesta.<\/p>\n\t\t<\/div>\n\t<\/div>\n\t\n\t<div id=\"accordion-972653828\" class=\"accordion-item\">\n\t\t<a id=\"accordion-972653828-label\" class=\"accordion-title plain\" href=\"#accordion-item-net-iptv\" aria-expanded=\"false\" aria-controls=\"accordion-972653828-content\" >\n\t\t\t<button class=\"toggle\" aria-label=\"Toggle\"><i class=\"icon-angle-down\"><\/i><\/button>\n\t\t\t<span>Net IPTV<\/span>\n\t\t<\/a>\n\t\t<div id=\"accordion-972653828-content\" class=\"accordion-inner\" aria-labelledby=\"accordion-972653828-label\" >\n\t\t\t\n<p>Aloita lataamalla sovellus nykyiselle televisiollesi. Etsi sovellus nimell\u00e4 &#8217;NET IPTV&#8217;.<\/p>\n<ul>\n<li>Avaa sovellus.<\/li>\n<li>Tallenna alla oleva MAC-osoite, joka on merkitty punaisella nuolella.<\/li>\n<\/ul>\n<p><img decoding=\"async\" class=\"alignnone size-full wp-image-1016\" src=\"https:\/\/nordicstream.io\/fi\/wp-content\/uploads\/sites\/4\/2024\/01\/5866134984090302431_120.jpg\" alt=\"\" width=\"605\" height=\"286\" srcset=\"https:\/\/nordicstream.io\/wp-content\/uploads\/sites\/4\/2024\/01\/5866134984090302431_120.jpg 605w, https:\/\/nordicstream.io\/wp-content\/uploads\/sites\/4\/2024\/01\/5866134984090302431_120-300x142.jpg 300w, https:\/\/nordicstream.io\/wp-content\/uploads\/sites\/4\/2024\/01\/5866134984090302431_120-600x284.jpg 600w\" sizes=\"(max-width: 605px) 100vw, 605px\" \/><\/p>\n<ul>\n<li>Siirry osoitteeseen <a href=\"https:\/\/netiptv.eu\/Upload\" target=\"_new\" rel=\"noopener\">https:\/\/netiptv.eu\/Upload<\/a>.<\/li>\n<li>T\u00e4yt\u00e4 TV MAC MAC-osoitteella, jonka sait yll\u00e4 olevasta sovelluksesta.<\/li>\n<\/ul>\n<p><img decoding=\"async\" class=\"alignnone size-full wp-image-1015\" src=\"https:\/\/nordicstream.io\/fi\/wp-content\/uploads\/sites\/4\/2024\/01\/5866134984090302432_120.jpg\" alt=\"\" width=\"605\" height=\"400\" srcset=\"https:\/\/nordicstream.io\/wp-content\/uploads\/sites\/4\/2024\/01\/5866134984090302432_120.jpg 605w, https:\/\/nordicstream.io\/wp-content\/uploads\/sites\/4\/2024\/01\/5866134984090302432_120-300x198.jpg 300w, https:\/\/nordicstream.io\/wp-content\/uploads\/sites\/4\/2024\/01\/5866134984090302432_120-600x397.jpg 600w\" sizes=\"(max-width: 605px) 100vw, 605px\" \/><\/p>\n<ul>\n<li>Napsauta sitten &#8217;Lis\u00e4\u00e4 lista&#8217; (Add List).<\/li>\n<li>Liit\u00e4 NordicStreamilta saamasi M3U-URL.<\/li>\n<li>Paina &#8217;Lis\u00e4\u00e4 lista&#8217; (Add List).<\/li>\n<\/ul>\n<p><img decoding=\"async\" class=\"alignnone size-medium wp-image-1014\" src=\"https:\/\/nordicstream.io\/fi\/wp-content\/uploads\/sites\/4\/2024\/01\/5866134984090302433_120-255x400.jpg\" alt=\"\" width=\"255\" height=\"400\" srcset=\"https:\/\/nordicstream.io\/wp-content\/uploads\/sites\/4\/2024\/01\/5866134984090302433_120-255x400.jpg 255w, https:\/\/nordicstream.io\/wp-content\/uploads\/sites\/4\/2024\/01\/5866134984090302433_120-300x471.jpg 300w, https:\/\/nordicstream.io\/wp-content\/uploads\/sites\/4\/2024\/01\/5866134984090302433_120.jpg 436w\" sizes=\"(max-width: 255px) 100vw, 255px\" \/><\/p>\n<ul>\n<li>K\u00e4ynnist\u00e4 sitten sovellus uudelleen televisiossasi.<\/li>\n<\/ul>\n\t\t<\/div>\n\t<\/div>\n\t\n\t<div id=\"accordion-523375508\" class=\"accordion-item\">\n\t\t<a id=\"accordion-523375508-label\" class=\"accordion-title plain\" href=\"#accordion-item-smart-iptv\" aria-expanded=\"false\" aria-controls=\"accordion-523375508-content\" >\n\t\t\t<button class=\"toggle\" aria-label=\"Toggle\"><i class=\"icon-angle-down\"><\/i><\/button>\n\t\t\t<span>Smart IPTV<\/span>\n\t\t<\/a>\n\t\t<div id=\"accordion-523375508-content\" class=\"accordion-inner\" aria-labelledby=\"accordion-523375508-label\" >\n\t\t\t\n<p>Aloita lataamalla sovellus nykyiselle televisiollesi. Etsi sovellus nimell\u00e4 &#8217;Smart IPTV&#8217;.<\/p>\n<ul>\n<li>Avaa sovellus.<\/li>\n<li>Tallenna MAC-osoite kuten se n\u00e4ytet\u00e4\u00e4n.<\/li>\n<\/ul>\n<p><img decoding=\"async\" class=\"alignnone size-full wp-image-1010\" src=\"https:\/\/nordicstream.io\/fi\/wp-content\/uploads\/sites\/4\/2024\/01\/5866134984090302437_120.jpg\" alt=\"\" width=\"605\" height=\"352\" srcset=\"https:\/\/nordicstream.io\/wp-content\/uploads\/sites\/4\/2024\/01\/5866134984090302437_120.jpg 605w, https:\/\/nordicstream.io\/wp-content\/uploads\/sites\/4\/2024\/01\/5866134984090302437_120-300x175.jpg 300w, https:\/\/nordicstream.io\/wp-content\/uploads\/sites\/4\/2024\/01\/5866134984090302437_120-600x349.jpg 600w\" sizes=\"(max-width: 605px) 100vw, 605px\" \/><\/p>\n<ul>\n<li>Siirry osoitteeseen <a href=\"https:\/\/siptv.app\/mylist\/\" target=\"_new\" rel=\"noopener\">https:\/\/siptv.app\/mylist\/<\/a>.<\/li>\n<li>T\u00e4yt\u00e4 MAC MAC-osoitteella, jonka sait yll\u00e4 olevasta sovelluksesta televisiossasi.<\/li>\n<li>Liit\u00e4 sitten M3U-URL sinne, minne keltainen nuoli osoittaa.<\/li>\n<li>T\u00e4rke\u00e4\u00e4: T\u00e4yt\u00e4 tiedot juuri niin kuin musta nuoli n\u00e4ytt\u00e4\u00e4, IPTV ja poista valinta &#8217;plist logos&#8217; sek\u00e4 valitse &#8217;Detect EPG&#8217;.<\/li>\n<li>Klikkaa sitten &#8217;L\u00e4het\u00e4&#8217; (Submit).<\/li>\n<\/ul>\n<p><img decoding=\"async\" class=\"alignnone size-medium wp-image-1009\" src=\"https:\/\/nordicstream.io\/fi\/wp-content\/uploads\/sites\/4\/2024\/01\/5866187017619093775_121-521x400.jpg\" alt=\"\" width=\"521\" height=\"400\" srcset=\"https:\/\/nordicstream.io\/wp-content\/uploads\/sites\/4\/2024\/01\/5866187017619093775_121-521x400.jpg 521w, https:\/\/nordicstream.io\/wp-content\/uploads\/sites\/4\/2024\/01\/5866187017619093775_121-768x590.jpg 768w, https:\/\/nordicstream.io\/wp-content\/uploads\/sites\/4\/2024\/01\/5866187017619093775_121-300x230.jpg 300w, https:\/\/nordicstream.io\/wp-content\/uploads\/sites\/4\/2024\/01\/5866187017619093775_121-600x461.jpg 600w, https:\/\/nordicstream.io\/wp-content\/uploads\/sites\/4\/2024\/01\/5866187017619093775_121.jpg 945w\" sizes=\"(max-width: 521px) 100vw, 521px\" \/><\/p>\n<ul>\n<li>K\u00e4ynnist\u00e4 sitten sovellus uudelleen televisiossasi.<\/li>\n<\/ul>\n\t\t<\/div>\n\t<\/div>\n\t\n\t<div id=\"accordion-3245380341\" class=\"accordion-item\">\n\t\t<a id=\"accordion-3245380341-label\" class=\"accordion-title plain\" href=\"#accordion-item-smart-stb\" aria-expanded=\"false\" aria-controls=\"accordion-3245380341-content\" >\n\t\t\t<button class=\"toggle\" aria-label=\"Toggle\"><i class=\"icon-angle-down\"><\/i><\/button>\n\t\t\t<span>Smart STB<\/span>\n\t\t<\/a>\n\t\t<div id=\"accordion-3245380341-content\" class=\"accordion-inner\" aria-labelledby=\"accordion-3245380341-label\" >\n\t\t\t\n<ul>\n<li>Lataa Smart STB-sovellus.<\/li>\n<li>K\u00e4ynnist\u00e4 sovellus, kun n\u00e4et latausportaalin televisiossasi, ja paina OK (keskell\u00e4 olevaa painiketta).<\/li>\n<li>Siirry j\u00e4rjestelm\u00e4asetuksiin (system settings).<\/li>\n<li>Kirjoita yl\u00f6s virtuaalinen MAC-osoite ja ilmoita se, kun haet testi\u00e4 tai ostaessasi tilauksen.<\/li>\n<li>Siirry nyt osoitteeseen <a href=\"https:\/\/smart-stb.net\/\" target=\"_new\" rel=\"noopener\">https:\/\/smart-stb.net\/<\/a> ja luo tili.<\/li>\n<li>Sy\u00f6t\u00e4 ohjelmiston tunnus Smart STB -verkkosivustolle.<\/li>\n<li>Portaaleissa kirjoita seuraava: http:\/\/ dinurl: 2095 \/ c \/<\/li>\n<li>Valitse Tallenna (Save).<\/li>\n<\/ul>\n\t\t<\/div>\n\t<\/div>\n\t\n\t<div id=\"accordion-3625766134\" class=\"accordion-item\">\n\t\t<a id=\"accordion-3625766134-label\" class=\"accordion-title plain\" href=\"#accordion-item-bay-iptv\" aria-expanded=\"false\" aria-controls=\"accordion-3625766134-content\" >\n\t\t\t<button class=\"toggle\" aria-label=\"Toggle\"><i class=\"icon-angle-down\"><\/i><\/button>\n\t\t\t<span>Bay IPTV<\/span>\n\t\t<\/a>\n\t\t<div id=\"accordion-3625766134-content\" class=\"accordion-inner\" aria-labelledby=\"accordion-3625766134-label\" >\n\t\t\t\n<ul>\n<li>\n<h3>Bay IPTV<\/h3>\n<ul>\n<li>Mene televisioni sovelluskauppaan<\/li>\n<li>Etsi ohjelma nimelt\u00e4 Bay IPTV<\/li>\n<li>Ohjelma on saatavilla televisiosi sovelluskaupassa<br \/>Samsung-sovellukset \/ LG-sis\u00e4ll\u00f6t<br \/>(Android-laitteissa etsi Google Play -kaupasta)<\/li>\n<li>Kun olet ladannut Bay IPTV -sovelluksen<\/li>\n<li>muista MAC-OSOITTEESI<\/li>\n<li>Mene t\u00e4lle sivulle<br \/><a href=\"https:\/\/cms.bayip.tv\/\"><strong>https:\/\/cms.bayip.tv\/<\/strong><\/a><\/li>\n<\/ul>\n<h3>T\u00e4yt\u00e4<\/h3>\n<ul>\n<li>MAC-osoite<\/li>\n<li>Soittolistan nimi<\/li>\n<li>M3u-soittolista<\/li>\n<li>Rastita ruutu<\/li>\n<li>En ole robotti<\/li>\n<li>Napauta Envoyer<\/li>\n<\/ul>\n<p><strong>Muista, ett\u00e4 Bay IPTV on maksullinen ohjelma<\/strong><\/p>\n<ul>\n<li>10 \u20ac 100 vuodeksi<\/li>\n<li>5 \u20ac 2 vuodeksi<\/li>\n<li>Se on ilmainen 7 p\u00e4iv\u00e4n ajan, mutta kokeilujakson p\u00e4\u00e4tytty\u00e4 sinun t\u00e4ytyy ostaa ohjelma.<\/li>\n<li>Tee se t\u00e4\u00e4ll\u00e4<br \/><a href=\"https:\/\/cms.bayip.tv\/packages\"><strong>https:\/\/cms.bayip.tv\/packages<\/strong><\/a><\/li>\n<li>Sy\u00f6t\u00e4 MAC-osoitteesi ja maksa<\/li>\n<\/ul>\n<\/li>\n<\/ul>\n\t\t<\/div>\n\t<\/div>\n\t\n\t<div id=\"accordion-2216225962\" class=\"accordion-item\">\n\t\t<a id=\"accordion-2216225962-label\" class=\"accordion-title plain\" href=\"#accordion-item-ibo-player\" aria-expanded=\"false\" aria-controls=\"accordion-2216225962-content\" >\n\t\t\t<button class=\"toggle\" aria-label=\"Toggle\"><i class=\"icon-angle-down\"><\/i><\/button>\n\t\t\t<span>IBO Player<\/span>\n\t\t<\/a>\n\t\t<div id=\"accordion-2216225962-content\" class=\"accordion-inner\" aria-labelledby=\"accordion-2216225962-label\" >\n\t\t\t\n<ul>\n<li>\n<h3>IBO-soitin<\/h3>\n<ol>\n<li>Mene televisiosi sovelluskauppaan<\/li>\n<li>Etsi IBO PLAYER -ohjelma<\/li>\n<li>IBO PLAYER on saatavilla Samsungin sovelluksissa \/ LG-sis\u00e4ll\u00f6iss\u00e4 (Android-laitteissa etsi Google Play -kaupasta). Kun olet ladannut IBO PLAYER -sovelluksen, merkitse muistiin MAC-osoitteesi ja laitteen avain<\/li>\n<li>Mene t\u00e4lle sivulle <a href=\"https:\/\/iboiptv.com\/device\/login\"><strong>https:\/\/iboiptv.com\/device\/login<\/strong><\/a><\/li>\n<li>T\u00e4yt\u00e4 MAC-osoitteesi ja laitteen avain, paina kirjaudu<\/li>\n<li>Napauta<br \/>+ lis\u00e4\u00e4 soittolista (M3u-linkki)<br \/>T\u00e4yt\u00e4 M3u- ja Epg-linkki<\/li>\n<li>+ lis\u00e4\u00e4 xc-soittolista (Xtream-koodit)<br \/>Soittolistan nimi<br \/>K\u00e4ytt\u00e4j\u00e4nimi<br \/>Salasana<br \/>Is\u00e4nt\u00e4 = palvelimen URL<br \/>XMLTV EPG -osoite<br \/>Tarkista suojaa t\u00e4m\u00e4 soittolista<br \/>Paina TALLENNA<\/li>\n<li>K\u00e4ynnist\u00e4 IBO PLAYER uudelleen, ja nyt soittolista pit\u00e4isi olla ladattu<\/li>\n<\/ol>\n<p>Elokuvaryhmiss\u00e4 ja sarjoissa voit kelata eteen- ja taaksep\u00e4in haluamallasi tavalla. Suoratoisto-TV:n kello mahdollistaa katselun jopa 72 tuntia taaksep\u00e4in<\/p>\n<p>Muista, ett\u00e4 <strong>IBO PLAYER<\/strong> on maksullinen ohjelma, joka <strong>maksaa \u20ac6<\/strong><br \/><strong>Se on ilmainen 7 p\u00e4iv\u00e4n ajan<\/strong>, ja kokeilujakson p\u00e4\u00e4tytty\u00e4 sinun on ostettava ohjelma.<br \/>Tee se t\u00e4\u00e4ll\u00e4 <a href=\"https:\/\/iboiptv.com\/device\/login\"><strong>https:\/\/iboiptv.com\/device\/login<\/strong><\/a><br \/>Valitse Aktivoi<\/p>\n<\/li>\n<\/ul>\n\t\t<\/div>\n\t<\/div>\n\t\n<\/div>\n","protected":false},"excerpt":{"rendered":"","protected":false},"author":1,"featured_media":0,"parent":588,"menu_order":0,"comment_status":"closed","ping_status":"closed","template":"","meta":{"_seopress_robots_primary_cat":"","_seopress_titles_title":"","_seopress_titles_desc":"","_seopress_robots_index":"","footnotes":""},"class_list":["post-812","page","type-page","status-publish","hentry"],"_links":{"self":[{"href":"https:\/\/nordicstream.io\/fi\/wp-json\/wp\/v2\/pages\/812","targetHints":{"allow":["GET"]}}],"collection":[{"href":"https:\/\/nordicstream.io\/fi\/wp-json\/wp\/v2\/pages"}],"about":[{"href":"https:\/\/nordicstream.io\/fi\/wp-json\/wp\/v2\/types\/page"}],"author":[{"embeddable":true,"href":"https:\/\/nordicstream.io\/fi\/wp-json\/wp\/v2\/users\/1"}],"replies":[{"embeddable":true,"href":"https:\/\/nordicstream.io\/fi\/wp-json\/wp\/v2\/comments?post=812"}],"version-history":[{"count":14,"href":"https:\/\/nordicstream.io\/fi\/wp-json\/wp\/v2\/pages\/812\/revisions"}],"predecessor-version":[{"id":1900,"href":"https:\/\/nordicstream.io\/fi\/wp-json\/wp\/v2\/pages\/812\/revisions\/1900"}],"up":[{"embeddable":true,"href":"https:\/\/nordicstream.io\/fi\/wp-json\/wp\/v2\/pages\/588"}],"wp:attachment":[{"href":"https:\/\/nordicstream.io\/fi\/wp-json\/wp\/v2\/media?parent=812"}],"curies":[{"name":"wp","href":"https:\/\/api.w.org\/{rel}","templated":true}]}}