{"id":825,"date":"2023-12-31T18:05:09","date_gmt":"2023-12-31T18:05:09","guid":{"rendered":"https:\/\/nordicstream.tv\/fi\/?page_id=825"},"modified":"2024-01-09T05:10:16","modified_gmt":"2024-01-09T03:10:16","slug":"appletv-ohjeet","status":"publish","type":"page","link":"https:\/\/nordicstream.io\/fi\/sisapiiritietoa\/appletv-ohjeet\/","title":{"rendered":"AppleTV Ohjeet"},"content":{"rendered":"<div class=\"row align-center\"  id=\"row-1898352867\">\n\n\t<div id=\"col-2079761962\" class=\"col medium-7 small-12 large-7\"  >\n\t\t\t\t<div class=\"col-inner\"  >\n\t\t\t\n\t\t\t\n\t<div class=\"img has-hover x md-x lg-x y md-y lg-y\" id=\"image_1420494465\">\n\t\t\t\t\t\t\t\t<div class=\"img-inner image-cover dark\" style=\"padding-top:56.25%;\">\n\t\t\t<img decoding=\"async\" width=\"500\" height=\"350\" src=\"https:\/\/nordicstream.io\/wp-content\/uploads\/sites\/4\/2023\/12\/tvip-set-top-box-v410-3_1-2.webp\" class=\"attachment-large size-large\" alt=\"\" srcset=\"https:\/\/nordicstream.io\/wp-content\/uploads\/sites\/4\/2023\/12\/tvip-set-top-box-v410-3_1-2.webp 500w, https:\/\/nordicstream.io\/wp-content\/uploads\/sites\/4\/2023\/12\/tvip-set-top-box-v410-3_1-2-300x210.webp 300w\" sizes=\"(max-width: 500px) 100vw, 500px\" \/>\t\t\t\t\t\t\n\t\t\t\t\t<\/div>\n\t\t\t\t\t\t\t\t\n<style>\n#image_1420494465 {\n  width: 100%;\n}\n<\/style>\n\t<\/div>\n\t\n\t\t<\/div>\n\t\t\t\t\t<\/div>\n\n\t\n\n\t<div id=\"col-1057274047\" class=\"col medium-10 small-12 large-10\"  >\n\t\t\t\t<div class=\"col-inner\"  >\n\t\t\t\n\t\t\t\n<h3>AppleTV Ohjeet<\/h3>\n<h4>HUOM! Toimii vain Apple TV 4:ss\u00e4 ja 4k:ssa!<\/h4>\n<ul>\n<li>Lataa ja asenna GSE Smart IPTV Pro App Storesta laitteeseesi. GSE Smart IPTV Pro -versio maksaa t\u00e4ll\u00e4 hetkell\u00e4 noin 50 Ruotsin kruunua. Jos haluat vain kokeilla, suosittelemme lataamaan demoversion.<\/li>\n<li>Lataa sovellus ja avaa se.<\/li>\n<\/ul>\n<p><img decoding=\"async\" class=\"alignnone size-medium wp-image-1005\" src=\"https:\/\/nordicstream.io\/fi\/wp-content\/uploads\/sites\/4\/2024\/01\/IPTV02-184x400.webp\" alt=\"\" width=\"184\" height=\"400\" srcset=\"https:\/\/nordicstream.io\/wp-content\/uploads\/sites\/4\/2024\/01\/IPTV02-184x400.webp 184w, https:\/\/nordicstream.io\/wp-content\/uploads\/sites\/4\/2024\/01\/IPTV02-369x800.webp 369w, https:\/\/nordicstream.io\/wp-content\/uploads\/sites\/4\/2024\/01\/IPTV02-300x651.webp 300w, https:\/\/nordicstream.io\/wp-content\/uploads\/sites\/4\/2024\/01\/IPTV02.webp 461w\" sizes=\"(max-width: 184px) 100vw, 184px\" \/><\/p>\n<ul>\n<li>Kosketa valikkoa vasemmassa yl\u00e4kulmassa.<\/li>\n<\/ul>\n<p><img decoding=\"async\" class=\"alignnone size-medium wp-image-1004\" src=\"https:\/\/nordicstream.io\/fi\/wp-content\/uploads\/sites\/4\/2024\/01\/IPTV03-184x400.jpeg\" alt=\"\" width=\"184\" height=\"400\" srcset=\"https:\/\/nordicstream.io\/wp-content\/uploads\/sites\/4\/2024\/01\/IPTV03-184x400.jpeg 184w, https:\/\/nordicstream.io\/wp-content\/uploads\/sites\/4\/2024\/01\/IPTV03-369x800.jpeg 369w, https:\/\/nordicstream.io\/wp-content\/uploads\/sites\/4\/2024\/01\/IPTV03-300x651.jpeg 300w, https:\/\/nordicstream.io\/wp-content\/uploads\/sites\/4\/2024\/01\/IPTV03.jpeg 461w\" sizes=\"(max-width: 184px) 100vw, 184px\" \/><\/p>\n<ul>\n<li>Siirry Xtream Codes Api -v\u00e4lilehteen.<\/li>\n<\/ul>\n<p><img decoding=\"async\" class=\"alignnone size-medium wp-image-1003\" src=\"https:\/\/nordicstream.io\/fi\/wp-content\/uploads\/sites\/4\/2024\/01\/IPTV04-184x400.webp\" alt=\"\" width=\"184\" height=\"400\" srcset=\"https:\/\/nordicstream.io\/wp-content\/uploads\/sites\/4\/2024\/01\/IPTV04-184x400.webp 184w, https:\/\/nordicstream.io\/wp-content\/uploads\/sites\/4\/2024\/01\/IPTV04-369x800.webp 369w, https:\/\/nordicstream.io\/wp-content\/uploads\/sites\/4\/2024\/01\/IPTV04-300x651.webp 300w, https:\/\/nordicstream.io\/wp-content\/uploads\/sites\/4\/2024\/01\/IPTV04.webp 461w\" sizes=\"(max-width: 184px) 100vw, 184px\" \/><\/p>\n<ul>\n<li>Paina +.<\/li>\n<\/ul>\n<p><img decoding=\"async\" class=\"alignnone size-medium wp-image-1002\" src=\"https:\/\/nordicstream.io\/fi\/wp-content\/uploads\/sites\/4\/2024\/01\/IPTV05-184x400.webp\" alt=\"\" width=\"184\" height=\"400\" srcset=\"https:\/\/nordicstream.io\/wp-content\/uploads\/sites\/4\/2024\/01\/IPTV05-184x400.webp 184w, https:\/\/nordicstream.io\/wp-content\/uploads\/sites\/4\/2024\/01\/IPTV05-369x800.webp 369w, https:\/\/nordicstream.io\/wp-content\/uploads\/sites\/4\/2024\/01\/IPTV05-300x651.webp 300w, https:\/\/nordicstream.io\/wp-content\/uploads\/sites\/4\/2024\/01\/IPTV05.webp 461w\" sizes=\"(max-width: 184px) 100vw, 184px\" \/><\/p>\n<ul>\n<li>Nime\u00e4 lista NordicStreamiksi ja sy\u00f6t\u00e4 tiedot, jotka olet saanut meilt\u00e4 s\u00e4hk\u00f6postitse (Xtream Codes Kirjautuminen). Valitse automaattinen p\u00e4ivitys ja lis\u00e4\u00e4. Sitten napsauta luetteloa, jonka olet luonut (NordicStream).<\/li>\n<\/ul>\n<p><img decoding=\"async\" class=\"alignnone size-medium wp-image-1001\" src=\"https:\/\/nordicstream.io\/fi\/wp-content\/uploads\/sites\/4\/2024\/01\/IPTV06-184x400.webp\" alt=\"\" width=\"184\" height=\"400\" srcset=\"https:\/\/nordicstream.io\/wp-content\/uploads\/sites\/4\/2024\/01\/IPTV06-184x400.webp 184w, https:\/\/nordicstream.io\/wp-content\/uploads\/sites\/4\/2024\/01\/IPTV06-369x800.webp 369w, https:\/\/nordicstream.io\/wp-content\/uploads\/sites\/4\/2024\/01\/IPTV06-300x651.webp 300w, https:\/\/nordicstream.io\/wp-content\/uploads\/sites\/4\/2024\/01\/IPTV06.webp 461w\" sizes=\"(max-width: 184px) 100vw, 184px\" \/><\/p>\n<ul>\n<li>Nyt paina &#8217;Asenna EPG-tiedot&#8217;, kun se on ladannut valmiiksi, voit aloittaa katselun.<\/li>\n<\/ul>\n\t\t<\/div>\n\t\t\t\t\t<\/div>\n\n\t\n<\/div>\n","protected":false},"excerpt":{"rendered":"","protected":false},"author":1,"featured_media":0,"parent":588,"menu_order":0,"comment_status":"closed","ping_status":"closed","template":"","meta":{"_seopress_robots_primary_cat":"","_seopress_titles_title":"","_seopress_titles_desc":"","_seopress_robots_index":"","footnotes":""},"class_list":["post-825","page","type-page","status-publish","hentry"],"_links":{"self":[{"href":"https:\/\/nordicstream.io\/fi\/wp-json\/wp\/v2\/pages\/825","targetHints":{"allow":["GET"]}}],"collection":[{"href":"https:\/\/nordicstream.io\/fi\/wp-json\/wp\/v2\/pages"}],"about":[{"href":"https:\/\/nordicstream.io\/fi\/wp-json\/wp\/v2\/types\/page"}],"author":[{"embeddable":true,"href":"https:\/\/nordicstream.io\/fi\/wp-json\/wp\/v2\/users\/1"}],"replies":[{"embeddable":true,"href":"https:\/\/nordicstream.io\/fi\/wp-json\/wp\/v2\/comments?post=825"}],"version-history":[{"count":8,"href":"https:\/\/nordicstream.io\/fi\/wp-json\/wp\/v2\/pages\/825\/revisions"}],"predecessor-version":[{"id":1007,"href":"https:\/\/nordicstream.io\/fi\/wp-json\/wp\/v2\/pages\/825\/revisions\/1007"}],"up":[{"embeddable":true,"href":"https:\/\/nordicstream.io\/fi\/wp-json\/wp\/v2\/pages\/588"}],"wp:attachment":[{"href":"https:\/\/nordicstream.io\/fi\/wp-json\/wp\/v2\/media?parent=825"}],"curies":[{"name":"wp","href":"https:\/\/api.w.org\/{rel}","templated":true}]}}