{"id":1862,"date":"2024-02-04T14:42:47","date_gmt":"2024-02-04T13:42:47","guid":{"rendered":"https:\/\/nordicstream.tv\/no\/?page_id=1862"},"modified":"2025-10-25T09:55:29","modified_gmt":"2025-10-25T08:55:29","slug":"betalingsmetoder","status":"publish","type":"page","link":"https:\/\/nordicstream.io\/no\/betalingsmetoder\/","title":{"rendered":"Betalingsmetoder"},"content":{"rendered":"\t<section class=\"section\" id=\"section_849979814\">\n\t\t<div class=\"bg section-bg fill bg-fill  bg-loaded\" >\n\n\t\t\t\n\t\t\t\n\t\t\t\n\n\t\t<\/div>\n\n\t\t\n\n\t\t<div class=\"section-content relative\">\n\t\t\t\n<div class=\"row row-full-width align-center\"  id=\"row-438534837\">\n\n\t<div id=\"col-744895288\" class=\"col medium-8 small-12 large-8\"  >\n\t\t\t\t<div class=\"col-inner text-left\"  >\n\t\t\t\n\t\t\t\n<div class=\"container section-title-container\" ><h3 class=\"section-title section-title-normal\"><b><\/b><span class=\"section-title-main\" >Slik betaler du<\/span><b><\/b><\/h3><\/div>\n<h3 class=\"accordion_title\">Betalingsmetoder<\/h3><div class=\"accordion\">\n\t<div id=\"accordion-4129108890\" class=\"accordion-item\">\n\t\t<a id=\"accordion-4129108890-label\" class=\"accordion-title plain\" href=\"#btcx\" aria-expanded=\"false\" aria-controls=\"accordion-4129108890-content\" >\n\t\t\t<button class=\"toggle\" aria-label=\"Toggle\"><i class=\"icon-angle-down\"><\/i><\/button>\n\t\t\t<span>Alternativ 1: BT.CX (Anbefales!)<\/span>\n\t\t<\/a>\n\t\t<div id=\"accordion-4129108890-content\" class=\"accordion-inner\" aria-labelledby=\"accordion-4129108890-label\" >\n\t\t\t\n<ol>\n<li><a href=\"https:\/\/bt.cx\/sv\/express\/\" target=\"_blank\" rel=\"noopener\">Klikk her for \u00e5 logge inn eller opprette en konto hos bt.cx.<\/a><br \/>(https:\/\/bt.cx\/sv\/express\/)<\/li>\n<li>Skriv inn bel\u00f8pet du skal betale til Nordicstream, og sjekk n\u00f8ye at du har konvertert riktig til EUR.<\/li>\n<li>Deretter skriver du inn ditt personnummer nedenfor og fortsetter med enten BankID eller Freja.<br \/><img decoding=\"async\" class=\"alignnone size-medium wp-image-1090\" src=\"https:\/\/nordicstream.io\/no\/wp-content\/uploads\/2024\/01\/btxc1-342x400.png\" alt=\"\" width=\"342\" height=\"400\" \/><\/li>\n<li>F\u00f8lg instruksjonene p\u00e5 neste side og fullf\u00f8r<br \/>identifikasjonen.<\/li>\n<li>Deretter fyller du inn din personlige informasjon som vist p\u00e5 bildet<br \/>nedenfor. Fyll inn e-post og mobilnummer, og klikk deretter<br \/>neste<img decoding=\"async\" class=\"alignnone size-full wp-image-1091\" src=\"https:\/\/nordicstream.io\/no\/wp-content\/uploads\/2024\/01\/btcx2.png\" alt=\"\" width=\"629\" height=\"396\" \/><\/li>\n<li>Hvis denne boksen vises p\u00e5 neste side, fyll den ut og<br \/>klikk neste \u2014 du er snart ferdig<img decoding=\"async\" class=\"alignnone size-medium wp-image-1092\" src=\"https:\/\/nordicstream.io\/no\/wp-content\/uploads\/2024\/01\/btcx3-647x400.png\" alt=\"\" width=\"647\" height=\"400\" \/><\/li>\n<li>G\u00e5 tilbake til bestillingen og trykk p\u00e5 knappen \u201cSEND BITCOIN<br \/>TO THIS ADDRESS.\u201d OBS! \u201cPrioritert bestilling\u201d M\u00c5 V\u00c6RE UKRYSSER!<img decoding=\"async\" class=\"alignnone size-medium wp-image-1093\" src=\"https:\/\/nordicstream.io\/no\/wp-content\/uploads\/2024\/01\/btcx4-544x400.png\" alt=\"\" width=\"544\" height=\"400\" \/><\/li>\n<li>Deretter klikker du Neste.<\/li>\n<li>Vi er snart ferdige! Kryss av \u201cJeg godtar BTCX\u2019s<br \/>vilk\u00e5r for bruk\u201d og klikk deretter \u201cBetal med kredittkort.\u201d<img decoding=\"async\" class=\"alignnone size-full wp-image-1095\" src=\"https:\/\/nordicstream.io\/no\/wp-content\/uploads\/2024\/01\/btcx5.png\" alt=\"\" width=\"670\" height=\"399\" \/><\/li>\n<li>Skriv inn kortinformasjonen din p\u00e5 neste side og klikk<br \/>betal \u2014 betalingen er n\u00e5 fullf\u00f8rt.<\/li>\n<\/ol>\n\t\t<\/div>\n\t<\/div>\n\t\n\t<div id=\"accordion-12822271\" class=\"accordion-item\">\n\t\t<a id=\"accordion-12822271-label\" class=\"accordion-title plain\" href=\"#moonpay\" aria-expanded=\"false\" aria-controls=\"accordion-12822271-content\" >\n\t\t\t<button class=\"toggle\" aria-label=\"Toggle\"><i class=\"icon-angle-down\"><\/i><\/button>\n\t\t\t<span>Alternativ 2: MoonPay<\/span>\n\t\t<\/a>\n\t\t<div id=\"accordion-12822271-content\" class=\"accordion-inner\" aria-labelledby=\"accordion-12822271-label\" >\n\t\t\t\n<ol>\n<li>Klikk her for \u00e5 g\u00e5 til MoonPay<br \/>(<a href=\"https:\/\/www.moonpay.com\/en-gb\/buy\" target=\"_blank\" rel=\"noopener\">https:\/\/www.moonpay.com\/en-gb\/buy<\/a>)<\/li>\n<li>S\u00f8rg for at SEK er valgt, hvis ikke, endre til det. Skriv inn bel\u00f8pet du skal betale i SEK og klikk p\u00e5 Continue. <br \/><img decoding=\"async\" class=\"alignnone size-medium wp-image-1084\" src=\"https:\/\/nordicstream.io\/wp-content\/uploads\/2024\/01\/moon1-1-290x400.png\" alt=\"\" width=\"290\" height=\"400\" \/><\/li>\n<li>Opprett en konto hvis du ikke allerede har det. F\u00f8lg instruksjonene og bekreft e-posten din.<br \/><img decoding=\"async\" class=\"alignnone size-medium wp-image-1086\" src=\"https:\/\/nordicstream.io\/wp-content\/uploads\/2024\/01\/moon-2-289x400.png\" alt=\"\" width=\"289\" height=\"400\" \/><\/li>\n<li>Bekreft din identitet.<br \/><img decoding=\"async\" class=\"alignnone size-medium wp-image-1087\" src=\"https:\/\/nordicstream.io\/wp-content\/uploads\/2024\/01\/moon-3-285x400.png\" alt=\"\" width=\"285\" height=\"400\" \/><\/li>\n<li>Skriv inn BTC-adressen til venstre (p\u00e5 datamaskinen) eller over (p\u00e5 mobil). <strong>S\u00f8rg for at HELE adressen er kopiert.<\/strong><\/li>\n<li>Skriv inn kortopplysningene dine og klikk p\u00e5 Buy now<\/li>\n<li>N\u00e5 er du ferdig! Det kan ta opptil 2 timer i normale tilfeller f\u00f8r systemet bekrefter betalingen din<\/li>\n<\/ol>\n\t\t<\/div>\n\t<\/div>\n\t\n\t<div id=\"accordion-820782222\" class=\"accordion-item\">\n\t\t<a id=\"accordion-820782222-label\" class=\"accordion-title plain\" href=\"#paybis\" aria-expanded=\"false\" aria-controls=\"accordion-820782222-content\" >\n\t\t\t<button class=\"toggle\" aria-label=\"Toggle\"><i class=\"icon-angle-down\"><\/i><\/button>\n\t\t\t<span>Alternativ 3: PayBis<\/span>\n\t\t<\/a>\n\t\t<div id=\"accordion-820782222-content\" class=\"accordion-inner\" aria-labelledby=\"accordion-820782222-label\" >\n\t\t\t\n<div class=\"elementor-element elementor-element-78f449a elementor-widget elementor-widget-text-editor\" data-id=\"78f449a\" data-element_type=\"widget\" data-widget_type=\"text-editor.default\">\n<div class=\"elementor-widget-container\">\n<ol>\n<li>G\u00e5 til <a href=\"http:\/\/www.paybis.com\/\" target=\"_blank\" rel=\"nofollow noopener\">www.paybis.com<\/a><\/li>\n<li>Skriv inn bel\u00f8pet du skal overf\u00f8re i SEK, og klikk deretter p\u00e5 Buy Bitcoin<br \/><img decoding=\"async\" class=\"alignnone size-medium wp-image-1105\" src=\"https:\/\/nordicstream.io\/wp-content\/uploads\/2024\/01\/Paybis1-381x400.png\" alt=\"\" width=\"381\" height=\"400\" \/><\/li>\n<li>Skriv inn din e-postadresse og bekreft den (du vil motta en e-post med en bekreftelseskode for \u00e5 verifisere din e-postadresse).<br \/><img decoding=\"async\" class=\"alignnone size-medium wp-image-1104\" src=\"https:\/\/nordicstream.io\/wp-content\/uploads\/2024\/01\/Paybis2-413x400.png\" alt=\"\" width=\"413\" height=\"400\" \/><\/li>\n<li>V\u00e6r sikker p\u00e5 at &laquo;External wallet&raquo; er valgt. Kopier og lim deretter inn Bitcoin-adressen du mottok i forbindelse med din bestilling.<br \/><img decoding=\"async\" class=\"alignnone size-medium wp-image-1103\" src=\"https:\/\/nordicstream.io\/wp-content\/uploads\/2024\/01\/Paybis-3-535x400.png\" alt=\"\" width=\"535\" height=\"400\" \/><\/li>\n<li>Klikk deretter p\u00e5 \u201dNew Card\u201d<img decoding=\"async\" class=\"alignnone size-medium wp-image-1102\" src=\"https:\/\/nordicstream.io\/wp-content\/uploads\/2024\/01\/Paybis4-244x400.png\" alt=\"\" width=\"244\" height=\"400\" \/><\/li>\n<li>Fyll inn dine opplysninger, og klikk deretter p\u00e5 Pay. N\u00e5 er du klar.<\/li>\n<\/ol>\n<\/div>\n<\/div>\n\t\t<\/div>\n\t<\/div>\n\t\n\t<div id=\"accordion-3024115898\" class=\"accordion-item\">\n\t\t<a id=\"accordion-3024115898-label\" class=\"accordion-title plain\" href=\"#ramp\" aria-expanded=\"false\" aria-controls=\"accordion-3024115898-content\" >\n\t\t\t<button class=\"toggle\" aria-label=\"Toggle\"><i class=\"icon-angle-down\"><\/i><\/button>\n\t\t\t<span>Alternativ 4: RAMP<\/span>\n\t\t<\/a>\n\t\t<div id=\"accordion-3024115898-content\" class=\"accordion-inner\" aria-labelledby=\"accordion-3024115898-label\" >\n\t\t\t\n<ol>\n<li>G\u00e5 til <a href=\"https:\/\/ramp.network\/buy\/\" target=\"_blank\" rel=\"noopener\">https:\/\/ramp.network\/buy\/<\/a><\/li>\n<li>S\u00f8rg for at SEK er valgt. Hvis ikke, bytt til det. Skriv inn bel\u00f8pet du skal betale i SEK og klikk deretter p\u00e5 Proceed.<br \/><img decoding=\"async\" class=\"alignnone size-medium wp-image-1056\" src=\"https:\/\/nordicstream.io\/wp-content\/uploads\/2024\/01\/Skarmavbild-2023-04-30-kl-277x400.webp\" alt=\"\" width=\"277\" height=\"400\" \/><\/li>\n<li>Skriv inn Bitcoin-adressen som vises til venstre (p\u00e5 datamaskinen) eller over (p\u00e5 mobil) i henhold til bildet nedenfor, og klikk deretter p\u00e5 CONFIRM &amp; PROCEED.<br \/><img decoding=\"async\" class=\"alignnone size-medium wp-image-1057\" src=\"https:\/\/nordicstream.io\/wp-content\/uploads\/2024\/01\/Skarmavbild-2023-04-30-kl-1-529x400.webp\" alt=\"\" width=\"529\" height=\"400\" \/><\/li>\n<li>Velg CARD og deretter PROCEED.<br \/><img decoding=\"async\" class=\"alignnone size-medium wp-image-1058\" src=\"https:\/\/nordicstream.io\/wp-content\/uploads\/2024\/01\/Skarmavbild-2023-04-30-kl-2-617x400.webp\" alt=\"\" width=\"617\" height=\"400\" \/><\/li>\n<li>Fyll ut informasjonen din i henhold til bildet nedenfor, og klikk deretter p\u00e5 save billing address. <br \/><img decoding=\"async\" class=\"alignnone size-medium wp-image-1059\" src=\"https:\/\/nordicstream.io\/wp-content\/uploads\/2024\/01\/Skarmavbild-2023-04-30-kl-3-612x400.webp\" alt=\"\" width=\"612\" height=\"400\" \/><\/li>\n<li>Skriv inn kortopplysningene dine, og klikk deretter p\u00e5 add card.<br \/><img decoding=\"async\" class=\"alignnone size-medium wp-image-1060\" src=\"https:\/\/nordicstream.io\/wp-content\/uploads\/2024\/01\/Skarmavbild-2023-04-30-kl-4-647x400.webp\" alt=\"\" width=\"647\" height=\"400\" \/><\/li>\n<li>Klikk deretter p\u00e5 BUY NOW. N\u00e5 er du klar.<br \/><img decoding=\"async\" class=\"alignnone size-medium wp-image-1061\" src=\"https:\/\/nordicstream.io\/wp-content\/uploads\/2024\/01\/Skarmavbild-2023-04-30-kl-5-444x400.webp\" alt=\"\" width=\"444\" height=\"400\" \/><\/li>\n<\/ol>\n\t\t<\/div>\n\t<\/div>\n\t\n\t<div id=\"accordion-3243773624\" class=\"accordion-item\">\n\t\t<a id=\"accordion-3243773624-label\" class=\"accordion-title plain\" href=\"#firi\" aria-expanded=\"false\" aria-controls=\"accordion-3243773624-content\" >\n\t\t\t<button class=\"toggle\" aria-label=\"Toggle\"><i class=\"icon-angle-down\"><\/i><\/button>\n\t\t\t<span>Alternativ 5: Firi (Vipps)<\/span>\n\t\t<\/a>\n\t\t<div id=\"accordion-3243773624-content\" class=\"accordion-inner\" aria-labelledby=\"accordion-3243773624-label\" >\n\t\t\t\n<ol>\n<li>G\u00e5 til <a href=\"https:\/\/platform.firi.com\/sign-up\" target=\"_blank\" rel=\"nofollow noopener\">https:\/\/platform.firi.com\/sign-up<img decoding=\"async\" class=\"alignnone size-medium wp-image-1472\" src=\"https:\/\/nordicstream.io\/no\/wp-content\/uploads\/sites\/5\/2024\/01\/image1-570x400.png\" alt=\"\" width=\"570\" height=\"400\" srcset=\"https:\/\/nordicstream.io\/wp-content\/uploads\/sites\/5\/2024\/01\/image1-570x400.png 570w, https:\/\/nordicstream.io\/wp-content\/uploads\/sites\/5\/2024\/01\/image1-1140x800.png 1140w, https:\/\/nordicstream.io\/wp-content\/uploads\/sites\/5\/2024\/01\/image1-768x539.png 768w, https:\/\/nordicstream.io\/wp-content\/uploads\/sites\/5\/2024\/01\/image1-300x210.png 300w, https:\/\/nordicstream.io\/wp-content\/uploads\/sites\/5\/2024\/01\/image1-600x421.png 600w, https:\/\/nordicstream.io\/wp-content\/uploads\/sites\/5\/2024\/01\/image1.png 1277w\" sizes=\"(max-width: 570px) 100vw, 570px\" \/><\/a><\/li>\n<li><span style=\"font-weight: 400;\">F\u00f8r du kan kj\u00f8pe DAI, m\u00e5 du opprette en Firi konto med din e-post eller Vipps.<\/span><\/li>\n<li><span style=\"font-weight: 400;\">For \u00e5 kunne handle p\u00e5 Firi, m\u00e5 du verifisere din konto. Dette gj\u00f8r du enkelt ved \u00e5 koble til din BankID og fullf\u00f8re et enkelt skjema for kundekontroll.<\/span><\/li>\n<li><span style=\"font-weight: 400;\">For \u00e5 kunne kj\u00f8pe BTC via Firi, m\u00e5 du gj\u00f8re et innskudd i NOK. <img decoding=\"async\" class=\"alignnone size-medium wp-image-1484\" src=\"https:\/\/nordicstream.io\/no\/wp-content\/uploads\/sites\/5\/2024\/01\/image3-1-800x374.png\" alt=\"\" width=\"800\" height=\"374\" srcset=\"https:\/\/nordicstream.io\/wp-content\/uploads\/sites\/5\/2024\/01\/image3-1-800x374.png 800w, https:\/\/nordicstream.io\/wp-content\/uploads\/sites\/5\/2024\/01\/image3-1-768x359.png 768w, https:\/\/nordicstream.io\/wp-content\/uploads\/sites\/5\/2024\/01\/image3-1-300x140.png 300w, https:\/\/nordicstream.io\/wp-content\/uploads\/sites\/5\/2024\/01\/image3-1-600x281.png 600w, https:\/\/nordicstream.io\/wp-content\/uploads\/sites\/5\/2024\/01\/image3-1.png 1342w\" sizes=\"(max-width: 800px) 100vw, 800px\" \/><\/span><\/li>\n<li style=\"font-weight: 400;\" aria-level=\"1\"><span style=\"font-weight: 400;\">Trykk p\u00e5\u00a0<\/span><b>Sett inn penger.<\/b><\/li>\n<li style=\"font-weight: 400;\" aria-level=\"1\"><span style=\"font-weight: 400;\">Skriv inn bel\u00f8p.<\/span><\/li>\n<li style=\"font-weight: 400;\" aria-level=\"1\"><span style=\"font-weight: 400;\">Skriv inn banken du \u00f8nsker \u00e5 betale fra i s\u00f8kefeltet.<\/span><\/li>\n<li style=\"font-weight: 400;\" aria-level=\"1\"><span style=\"font-weight: 400;\">Gi tilgang til konto du vil betale fra med BankID.<\/span><\/li>\n<li style=\"font-weight: 400;\" aria-level=\"1\"><span style=\"font-weight: 400;\">\u00a0Signer betalingen med BankID.<\/span><\/li>\n<li style=\"font-weight: 400;\" aria-level=\"1\"><span style=\"font-weight: 400;\">Trykk p\u00e5 Send krypto<img decoding=\"async\" class=\"alignnone size-full wp-image-1485\" src=\"https:\/\/nordicstream.io\/no\/wp-content\/uploads\/sites\/5\/2024\/01\/image2-1.png\" alt=\"\" width=\"436\" height=\"226\" srcset=\"https:\/\/nordicstream.io\/wp-content\/uploads\/sites\/5\/2024\/01\/image2-1.png 436w, https:\/\/nordicstream.io\/wp-content\/uploads\/sites\/5\/2024\/01\/image2-1-300x156.png 300w\" sizes=\"(max-width: 436px) 100vw, 436px\" \/><\/span><\/li>\n<li style=\"font-weight: 400;\" aria-level=\"1\"><span style=\"font-weight: 400;\">\u00a0Skriv inn bitcoin-adressen fra NordicStream.<img decoding=\"async\" class=\"alignnone size-full wp-image-1486\" src=\"https:\/\/nordicstream.io\/no\/wp-content\/uploads\/sites\/5\/2024\/01\/image4-1.png\" alt=\"\" width=\"327\" height=\"138\" srcset=\"https:\/\/nordicstream.io\/wp-content\/uploads\/sites\/5\/2024\/01\/image4-1.png 327w, https:\/\/nordicstream.io\/wp-content\/uploads\/sites\/5\/2024\/01\/image4-1-300x127.png 300w\" sizes=\"(max-width: 327px) 100vw, 327px\" \/><\/span><\/li>\n<\/ol>\n\t\t<\/div>\n\t<\/div>\n\t\n<\/div>\n\t\t<\/div>\n\t\t\t\t\t<\/div>\n\n\t\n\n<style>\n#row-438534837 > .col > .col-inner {\n  padding: 0px 0px 0px 0px;\n}\n<\/style>\n<\/div>\n\t\t<\/div>\n\n\t\t\n<style>\n#section_849979814 {\n  padding-top: 30px;\n  padding-bottom: 30px;\n}\n<\/style>\n\t<\/section>\n\t\n","protected":false},"excerpt":{"rendered":"","protected":false},"author":1,"featured_media":0,"parent":0,"menu_order":0,"comment_status":"closed","ping_status":"closed","template":"","meta":{"_seopress_robots_primary_cat":"","_seopress_titles_title":"","_seopress_titles_desc":"","_seopress_robots_index":"","footnotes":""},"class_list":["post-1862","page","type-page","status-publish","hentry"],"_links":{"self":[{"href":"https:\/\/nordicstream.io\/no\/wp-json\/wp\/v2\/pages\/1862","targetHints":{"allow":["GET"]}}],"collection":[{"href":"https:\/\/nordicstream.io\/no\/wp-json\/wp\/v2\/pages"}],"about":[{"href":"https:\/\/nordicstream.io\/no\/wp-json\/wp\/v2\/types\/page"}],"author":[{"embeddable":true,"href":"https:\/\/nordicstream.io\/no\/wp-json\/wp\/v2\/users\/1"}],"replies":[{"embeddable":true,"href":"https:\/\/nordicstream.io\/no\/wp-json\/wp\/v2\/comments?post=1862"}],"version-history":[{"count":8,"href":"https:\/\/nordicstream.io\/no\/wp-json\/wp\/v2\/pages\/1862\/revisions"}],"predecessor-version":[{"id":10580,"href":"https:\/\/nordicstream.io\/no\/wp-json\/wp\/v2\/pages\/1862\/revisions\/10580"}],"wp:attachment":[{"href":"https:\/\/nordicstream.io\/no\/wp-json\/wp\/v2\/media?parent=1862"}],"curies":[{"name":"wp","href":"https:\/\/api.w.org\/{rel}","templated":true}]}}