{"id":550,"date":"2023-12-22T12:05:32","date_gmt":"2023-12-22T12:05:32","guid":{"rendered":"https:\/\/nordicstream.tv\/no\/?page_id=550"},"modified":"2025-07-01T07:41:49","modified_gmt":"2025-07-01T06:41:49","slug":"vanlige-sporsmal","status":"publish","type":"page","link":"https:\/\/nordicstream.io\/no\/vanlige-sporsmal\/","title":{"rendered":"Vanlige sp\u00f8rsm\u00e5l"},"content":{"rendered":"\t<section class=\"section dark\" id=\"section_1827147288\">\n\t\t<div class=\"bg section-bg fill bg-fill  bg-loaded\" >\n\n\t\t\t\n\t\t\t\n\t\t\t\n\n\t\t<\/div>\n\n\t\t\n\n\t\t<div class=\"section-content relative\">\n\t\t\t\n<div class=\"row align-middle align-center\"  id=\"row-457192433\">\n\n\t<div id=\"col-985572279\" class=\"col medium-4 small-12 large-4\"  >\n\t\t\t\t<div class=\"col-inner\"  >\n\t\t\t\n\t\t\t\n\t<div class=\"img has-hover x md-x lg-x y md-y lg-y\" id=\"image_193340606\">\n\t\t\t\t\t\t\t\t<div class=\"img-inner dark\" >\n\t\t\t<img decoding=\"async\" width=\"1020\" height=\"443\" src=\"https:\/\/nordicstream.io\/wp-content\/uploads\/sites\/5\/2023\/12\/nordic-stream-01-1-1-2048x890-1-1400x608.webp\" class=\"attachment-large size-large\" alt=\"\" srcset=\"https:\/\/nordicstream.io\/wp-content\/uploads\/sites\/5\/2023\/12\/nordic-stream-01-1-1-2048x890-1-1400x608.webp 1400w, https:\/\/nordicstream.io\/wp-content\/uploads\/sites\/5\/2023\/12\/nordic-stream-01-1-1-2048x890-1-300x130.webp 300w, https:\/\/nordicstream.io\/wp-content\/uploads\/sites\/5\/2023\/12\/nordic-stream-01-1-1-2048x890-1-600x261.webp 600w, https:\/\/nordicstream.io\/wp-content\/uploads\/sites\/5\/2023\/12\/nordic-stream-01-1-1-2048x890-1-800x348.webp 800w, https:\/\/nordicstream.io\/wp-content\/uploads\/sites\/5\/2023\/12\/nordic-stream-01-1-1-2048x890-1-768x334.webp 768w, https:\/\/nordicstream.io\/wp-content\/uploads\/sites\/5\/2023\/12\/nordic-stream-01-1-1-2048x890-1-1536x668.webp 1536w, https:\/\/nordicstream.io\/wp-content\/uploads\/sites\/5\/2023\/12\/nordic-stream-01-1-1-2048x890-1.webp 2048w\" sizes=\"(max-width: 1020px) 100vw, 1020px\" \/>\t\t\t\t\t\t\n\t\t\t\t\t<\/div>\n\t\t\t\t\t\t\t\t\n<style>\n#image_193340606 {\n  width: 100%;\n}\n<\/style>\n\t<\/div>\n\t\n\t\t<\/div>\n\t\t\t\t\t<\/div>\n\n\t\n<\/div>\n<div class=\"row align-middle align-center hide-for-small\" style=\"max-width:500px\" id=\"row-1545308393\">\n\n\t<div id=\"col-1216657287\" class=\"col medium-4 small-12 large-4\"  >\n\t\t\t\t<div class=\"col-inner\"  >\n\t\t\t\n\t\t\t\n\n\t\t<div class=\"icon-box featured-box icon-box-center text-center is-small\"  >\n\t\t\t\t\t<div class=\"icon-box-img\" style=\"width: 40px\">\n\t\t\t\t<div class=\"icon\">\n\t\t\t\t\t<div class=\"icon-inner\" style=\"color:rgb(255, 255, 255);\">\n\t\t\t\t\t\t<svg xmlns=\"http:\/\/www.w3.org\/2000\/svg\" height=\"48\" viewBox=\"0 -960 960 960\" width=\"48\"><path d=\"M220.091-195.615q-42.783 0-73.053-30.378-30.269-30.379-30.269-73.776H67.692v-404.847q0-23.057 16.164-39.221Q100.019-760 123.077-760h538.231v147.769h85l146 195.615v116.847h-60.231q0 43.397-30.397 73.776-30.396 30.378-73.82 30.378-43.104 0-73.213-30.378-30.109-30.379-30.109-73.776h-300.23q0 43.615-30.717 73.885-30.718 30.269-73.5 30.269Zm.447-30.77q30.539 0 51.77-21.23 21.23-21.231 21.23-51.769 0-30.539-21.23-51.77-21.231-21.23-51.77-21.23-30.538 0-51.769 21.23-21.23 21.231-21.23 51.77 0 30.538 21.23 51.769 21.231 21.23 51.769 21.23ZM98.461-330.539h21.231q8.539-30.076 36.887-51.461 28.349-21.385 63.495-21.385 33.607 0 62.69 21.116 29.082 21.115 37.621 51.73h310.153v-398.692H123.077q-9.231 0-16.923 7.692-7.692 7.693-7.692 16.923v374.077Zm629.847 104.154q30.538 0 51.769-21.23 21.231-21.231 21.231-51.769 0-30.539-21.231-51.77-21.231-21.23-51.769-21.23-30.539 0-51.769 21.23-21.231 21.231-21.231 51.77 0 30.538 21.231 51.769 21.23 21.23 51.769 21.23Zm-67-187.077h196L729.385-581.461h-68.077v167.999ZM364.615-525.154Z\"\/><\/svg>\t\t\t\t\t<\/div>\n\t\t\t\t<\/div>\n\t\t\t<\/div>\n\t\t\t\t<div class=\"icon-box-text last-reset\">\n\t\t\t<h5 class=\"uppercase\">Gratis frakt<\/h5>\t\t\t\t\t\t\n\t\t<\/div>\n\t<\/div>\n\t\n\t\n\t\t<\/div>\n\t\t\t\t\t<\/div>\n\n\t\n\n\t<div id=\"col-1320837652\" class=\"col medium-4 small-12 large-4\"  >\n\t\t\t\t<div class=\"col-inner\"  >\n\t\t\t\n\t\t\t\n\n\t\t<div class=\"icon-box featured-box icon-box-center text-center is-small\"  >\n\t\t\t\t\t<div class=\"icon-box-img\" style=\"width: 40px\">\n\t\t\t\t<div class=\"icon\">\n\t\t\t\t\t<div class=\"icon-inner\" style=\"color:rgb(255, 255, 255);\">\n\t\t\t\t\t\t<svg xmlns=\"http:\/\/www.w3.org\/2000\/svg\" height=\"48\" viewBox=\"0 -960 960 960\" width=\"48\"><path d=\"M470.769-160v-30.769h273.847q10 0 17.307-6.154 7.308-6.154 7.308-16.154v-284.769q0-115.535-85.317-193.075-85.317-77.541-203.833-77.541-118.515 0-203.913 77.541-85.399 77.54-85.399 193.075v227.077H180q-24.539 0-42.269-16.577Q120-303.923 120-328.461v-75.385q0-17.923 11.654-31.808 11.653-13.885 28.346-22.577l.692-49.154q1.846-62.615 28.346-116 26.5-53.384 69.77-92.923 43.269-39.538 100.538-61.615Q416.615-800 480-800t120.539 22.077q57.153 22.077 100.538 61.5t69.769 92.807q26.385 53.385 28.462 116.001l.692 48.153q15.923 7.462 27.962 20.077Q840-426.769 840-409.077v86.616q0 17.692-12.038 30.307-12.039 12.616-27.962 20.077v59q0 22.27-16.471 37.673Q767.058-160 744.616-160H470.769Zm-95.573-263.077q-10.504 0-18.235-7.15-7.73-7.151-7.73-17.654 0-10.504 7.919-17.85 7.92-7.346 18.423-7.346 10.504 0 18.235 7.535 7.73 7.535 7.73 18.039 0 10.503-7.919 17.465-7.92 6.961-18.423 6.961Zm209.231 0q-10.504 0-18.235-7.15-7.73-7.151-7.73-17.654 0-10.504 7.919-17.85 7.92-7.346 18.423-7.346 10.504 0 18.235 7.535 7.73 7.535 7.73 18.039 0 10.503-7.919 17.465-7.92 6.961-18.423 6.961ZM268.692-482q-5.461-89.846 57.846-153.154 63.308-63.308 155.781-63.308 75.912 0 134.143 47.116 58.23 47.115 71.461 121.577-78.231-1-144.808-41.154T440.32-680.308q-14.397 69.231-60.128 121.346-45.731 52.116-111.5 76.962Z\"\/><\/svg>\t\t\t\t\t<\/div>\n\t\t\t\t<\/div>\n\t\t\t<\/div>\n\t\t\t\t<div class=\"icon-box-text last-reset\">\n\t\t\t<h5 class=\"uppercase\">Kundeservice i verdensklasse<\/h5>\t\t\t\t\t\t\n\t\t<\/div>\n\t<\/div>\n\t\n\t\n\t\t<\/div>\n\t\t\t\t\t<\/div>\n\n\t\n\n\t<div id=\"col-2047486277\" class=\"col medium-4 small-12 large-4\"  >\n\t\t\t\t<div class=\"col-inner\"  >\n\t\t\t\n\t\t\t\n\n\t\t<div class=\"icon-box featured-box icon-box-center text-center is-small\"  >\n\t\t\t\t\t<div class=\"icon-box-img\" style=\"width: 40px\">\n\t\t\t\t<div class=\"icon\">\n\t\t\t\t\t<div class=\"icon-inner\" style=\"color:rgb(255, 255, 255);\">\n\t\t\t\t\t\t<svg xmlns=\"http:\/\/www.w3.org\/2000\/svg\" height=\"48\" viewBox=\"0 -960 960 960\" width=\"48\"><path d=\"m315.615-553.692 164.616-267.847 164.615 267.847H315.615Zm386.923 442.923q-62.077 0-104-42.308t-41.923-104.385q0-62.077 41.923-104t104-41.923q62.077 0 104.385 41.923 42.308 41.923 42.308 104t-42.308 104.385q-42.308 42.308-104.385 42.308Zm-551.769-22.692v-250.924h250.923v250.924H150.769Zm552.217-8.077q47.937 0 81.706-33.833 33.77-33.832 33.77-82.153 0-48.322-33.832-81.707-33.833-33.384-82.154-33.384-48.322 0-81.707 33.524-33.384 33.524-33.384 82.077 0 47.937 33.524 81.706 33.524 33.77 82.077 33.77Zm-521.448-22.693h189.385v-189.384H181.538v189.384Zm188.231-420.231h221.693L480.231-761.615 369.769-584.462Zm110.462 0ZM370.923-353.615Zm332 96.538Z\"\/><\/svg>\t\t\t\t\t<\/div>\n\t\t\t\t<\/div>\n\t\t\t<\/div>\n\t\t\t\t<div class=\"icon-box-text last-reset\">\n\t\t\t<h5 class=\"uppercase\">H\u00f8ykvalitetsprodukter<\/h5>\t\t\t\t\t\t\n\t\t<\/div>\n\t<\/div>\n\t\n\t\n\t\t<\/div>\n\t\t\t\t\t<\/div>\n\n\t\n<\/div>\n\t\t<\/div>\n\n\t\t\n<style>\n#section_1827147288 {\n  padding-top: 30px;\n  padding-bottom: 30px;\n  background-color: #0f5479;\n}\n<\/style>\n\t<\/section>\n\t\n\t<section class=\"section dark\" id=\"section_1459949193\">\n\t\t<div class=\"bg section-bg fill bg-fill  bg-loaded\" >\n\n\t\t\t\n\t\t\t\n\t\t\t\n\n\t\t<\/div>\n\n\t\t\n\n\t\t<div class=\"section-content relative\">\n\t\t\t\n<div class=\"row align-center\" style=\"max-width:800px\" id=\"row-68503666\">\n\n\t<div id=\"col-1672449865\" class=\"col medium-10 small-12 large-10\"  >\n\t\t\t\t<div class=\"col-inner\"  >\n\t\t\t\n\t\t\t\n<div class=\"container section-title-container\" ><h3 class=\"section-title section-title-normal\"><b><\/b><span class=\"section-title-main\" >FAQ - Vanlige sp\u00f8rsm\u00e5l<\/span><b><\/b><\/h3><\/div>\n<h3 class=\"accordion_title\">Her besvares v\u00e5re vanligste sp\u00f8rsm\u00e5l.<\/h3><div class=\"accordion\">\n\t<div id=\"accordion-4273278784\" class=\"accordion-item\">\n\t\t<a id=\"accordion-4273278784-label\" class=\"accordion-title plain\" href=\"#accordion-item-hva-er-iptv?\" aria-expanded=\"false\" aria-controls=\"accordion-4273278784-content\" >\n\t\t\t<button class=\"toggle\" aria-label=\"Toggle\"><i class=\"icon-angle-down\"><\/i><\/button>\n\t\t\t<span>Hva er IPTV?<\/span>\n\t\t<\/a>\n\t\t<div id=\"accordion-4273278784-content\" class=\"accordion-inner\" aria-labelledby=\"accordion-4273278784-label\" >\n\t\t\t\n<p><a href=\"https:\/\/nordicstream.io\/no\/\">IPTV<\/a> refererer til internettbasert protokoll-TV der internett brukes til \u00e5 levere TV-programmer og videoer enten live eller p\u00e5 foresp\u00f8rsel. IPTV er et system der digital TV-tjeneste leveres til abonnenten via internettprotokollteknologi via bredb\u00e5nd eller internettforbindelse.<\/p>\n\t\t<\/div>\n\t<\/div>\n\t\n\t<div id=\"accordion-54087816\" class=\"accordion-item\">\n\t\t<a id=\"accordion-54087816-label\" class=\"accordion-title plain\" href=\"#accordion-item-hvordan-fungerer-iptv?\" aria-expanded=\"false\" aria-controls=\"accordion-54087816-content\" >\n\t\t\t<button class=\"toggle\" aria-label=\"Toggle\"><i class=\"icon-angle-down\"><\/i><\/button>\n\t\t\t<span>Hvordan fungerer IPTV?<\/span>\n\t\t<\/a>\n\t\t<div id=\"accordion-54087816-content\" class=\"accordion-inner\" aria-labelledby=\"accordion-54087816-label\" >\n\t\t\t\n<p>IPTV fungerer veldig likt nettsurfing enn tradisjonell kanalsurfing. Den bruker bare IP (Internet Protocol), en transportprotokoll som er en leveringsmekanisme for \u00e5 levere videoene til seeren. N\u00e5r seeren klikker p\u00e5 et TV-program eller ber om video, deles videoen fra ulike kilder (servere) i datamaskinpakker og sendes over internett. Videotjenere overf\u00f8rer programmer via fiberoptisk kabel til eksisterende husholdninger via internettforbindelse, og foresp\u00f8rsler sendes ut, og programmer sendes tilbake.<\/p>\n\t\t<\/div>\n\t<\/div>\n\t\n\t<div id=\"accordion-2578190503\" class=\"accordion-item\">\n\t\t<a id=\"accordion-2578190503-label\" class=\"accordion-title plain\" href=\"#accordion-item-wi-fi-eller-ethernet?\" aria-expanded=\"false\" aria-controls=\"accordion-2578190503-content\" >\n\t\t\t<button class=\"toggle\" aria-label=\"Toggle\"><i class=\"icon-angle-down\"><\/i><\/button>\n\t\t\t<span>Wi-Fi eller Ethernet?<\/span>\n\t\t<\/a>\n\t\t<div id=\"accordion-2578190503-content\" class=\"accordion-inner\" aria-labelledby=\"accordion-2578190503-label\" >\n\t\t\t\n<p>Vi anbefaler alltid \u00e5 koble enhetens maskinvare via kabel (Ethernet).<\/p>\n\t\t<\/div>\n\t<\/div>\n\t\n\t<div id=\"accordion-4045599561\" class=\"accordion-item\">\n\t\t<a id=\"accordion-4045599561-label\" class=\"accordion-title plain\" href=\"#accordion-item-jeg-opplever-buffringproblemer-med-iptv-tjenesten-min.-hva-skjer?\" aria-expanded=\"false\" aria-controls=\"accordion-4045599561-content\" >\n\t\t\t<button class=\"toggle\" aria-label=\"Toggle\"><i class=\"icon-angle-down\"><\/i><\/button>\n\t\t\t<span>Jeg opplever buffringproblemer med IPTV-tjenesten min. Hva skjer?<\/span>\n\t\t<\/a>\n\t\t<div id=\"accordion-4045599561-content\" class=\"accordion-inner\" aria-labelledby=\"accordion-4045599561-label\" >\n\t\t\t\n<p>Sjekk f\u00f8rst internettforbindelsen eller ruteren din, og start den p\u00e5 nytt. Kontroller ogs\u00e5 enhetens innstillinger der du bruker abonnementet ditt. Hvis du fortsatt opplever problemer, kan det virke som om internettleverand\u00f8ren (ISP) blokkerer IPTV-trafikken eller har et midlertidig problem. Pr\u00f8v med en annen ISP-tilkobling. Etter \u00e5 ha gjort dette, b\u00f8r du ikke oppleve problemer.<\/p>\n\t\t<\/div>\n\t<\/div>\n\t\n\t<div id=\"accordion-750280197\" class=\"accordion-item\">\n\t\t<a id=\"accordion-750280197-label\" class=\"accordion-title plain\" href=\"#accordion-item-kan-jeg-ta-med-meg-abonnementet-mitt-eller-boksen-til-ferieboligen-min-i-utlandet?\" aria-expanded=\"false\" aria-controls=\"accordion-750280197-content\" >\n\t\t\t<button class=\"toggle\" aria-label=\"Toggle\"><i class=\"icon-angle-down\"><\/i><\/button>\n\t\t\t<span>Kan jeg ta med meg abonnementet mitt eller boksen til ferieboligen min i utlandet?<\/span>\n\t\t<\/a>\n\t\t<div id=\"accordion-750280197-content\" class=\"accordion-inner\" aria-labelledby=\"accordion-750280197-label\" >\n\t\t\t\n<p>Ja, absolutt, s\u00e5 lenge du har en internettforbindelse.<\/p>\n\t\t<\/div>\n\t<\/div>\n\t\n\t<div id=\"accordion-2451171654\" class=\"accordion-item\">\n\t\t<a id=\"accordion-2451171654-label\" class=\"accordion-title plain\" href=\"#accordion-item-bestillinger-og-refusjoner\" aria-expanded=\"false\" aria-controls=\"accordion-2451171654-content\" >\n\t\t\t<button class=\"toggle\" aria-label=\"Toggle\"><i class=\"icon-angle-down\"><\/i><\/button>\n\t\t\t<span>Bestillinger og refusjoner<\/span>\n\t\t<\/a>\n\t\t<div id=\"accordion-2451171654-content\" class=\"accordion-inner\" aria-labelledby=\"accordion-2451171654-label\" >\n\t\t\t\n<p>Du kan plassere en bestilling via v\u00e5r nettbutikk eller kontakte oss direkte via livechat s\u00e5 hjelper vi deg. VI TILBYR IKKE REFUSJONER av noen slag, s\u00e5 v\u00e6r sikker f\u00f8r du legger inn en bestilling.<\/p>\n\t\t<\/div>\n\t<\/div>\n\t\n\t<div id=\"accordion-1771954606\" class=\"accordion-item\">\n\t\t<a id=\"accordion-1771954606-label\" class=\"accordion-title plain\" href=\"#accordion-item-hvor-lang-tid-tar-levering-av-boksene-deres?\" aria-expanded=\"false\" aria-controls=\"accordion-1771954606-content\" >\n\t\t\t<button class=\"toggle\" aria-label=\"Toggle\"><i class=\"icon-angle-down\"><\/i><\/button>\n\t\t\t<span>Hvor lang tid tar levering av boksene deres?<\/span>\n\t\t<\/a>\n\t\t<div id=\"accordion-1771954606-content\" class=\"accordion-inner\" aria-labelledby=\"accordion-1771954606-label\" >\n\t\t\t\n<p>Boksene sendes fra v\u00e5rt lager og b\u00f8r n\u00e5 deg innen 1-3 arbeidsdager, med mindre noe uforutsett skjer.<\/p>\n\t\t<\/div>\n\t<\/div>\n\t\n\t<div id=\"accordion-1007267722\" class=\"accordion-item\">\n\t\t<a id=\"accordion-1007267722-label\" class=\"accordion-title plain\" href=\"#accordion-item-hva-trenger-jeg-for-\u00e5-pr\u00f8ve-iptv-en-deres?\" aria-expanded=\"false\" aria-controls=\"accordion-1007267722-content\" >\n\t\t\t<button class=\"toggle\" aria-label=\"Toggle\"><i class=\"icon-angle-down\"><\/i><\/button>\n\t\t\t<span>Hva trenger jeg for \u00e5 pr\u00f8ve IPTV-en deres?<\/span>\n\t\t<\/a>\n\t\t<div id=\"accordion-1007267722-content\" class=\"accordion-inner\" aria-labelledby=\"accordion-1007267722-label\" >\n\t\t\t\n<p>Alt som kreves, er at du har en internettoppkobling.<\/p>\n\t\t<\/div>\n\t<\/div>\n\t\n\t<div id=\"accordion-4279843331\" class=\"accordion-item\">\n\t\t<a id=\"accordion-4279843331-label\" class=\"accordion-title plain\" href=\"#accordion-item-kan-jeg-bruke-abonnementet-mitt-p\u00e5-flere-enheter-samtidig?\" aria-expanded=\"false\" aria-controls=\"accordion-4279843331-content\" >\n\t\t\t<button class=\"toggle\" aria-label=\"Toggle\"><i class=\"icon-angle-down\"><\/i><\/button>\n\t\t\t<span>Kan jeg bruke abonnementet mitt p\u00e5 flere enheter samtidig?<\/span>\n\t\t<\/a>\n\t\t<div id=\"accordion-4279843331-content\" class=\"accordion-inner\" aria-labelledby=\"accordion-4279843331-label\" >\n\t\t\t\n<p>Nei, det er ikke tillatt. Du kan bare bruke abonnementet ditt p\u00e5 \u00e9n enhet om gangen. Hvis du ikke f\u00f8lger dette, vil systemet automatisk blokkere deg.<\/p>\n\t\t<\/div>\n\t<\/div>\n\t\n\t<div id=\"accordion-3762918977\" class=\"accordion-item\">\n\t\t<a id=\"accordion-3762918977-label\" class=\"accordion-title plain\" href=\"#accordion-item-kan-man-bruke-vpn-hos-dere?\" aria-expanded=\"false\" aria-controls=\"accordion-3762918977-content\" >\n\t\t\t<button class=\"toggle\" aria-label=\"Toggle\"><i class=\"icon-angle-down\"><\/i><\/button>\n\t\t\t<span>Kan man bruke VPN hos dere?<\/span>\n\t\t<\/a>\n\t\t<div id=\"accordion-3762918977-content\" class=\"accordion-inner\" aria-labelledby=\"accordion-3762918977-label\" >\n\t\t\t\n<p>De fleste VPN-tjenester fungerer hos oss, bortsett fra NORDVPN, den er blokkert av v\u00e5re servere.<\/p>\n<p>Vi anbefaler n\u00e5 p\u00e5 det sterkeste \u00e5 begynne \u00e5 bruke VPN, p\u00e5 grunn av alle blokkeringene som internettleverand\u00f8rer i Sverige og Norden har begynt \u00e5 innf\u00f8re.<\/p>\n<p>Dette vil v\u00e6re et must for at IPTV-en din skal fortsette \u00e5 fungere problemfritt fremover.<\/p>\n\t\t<\/div>\n\t<\/div>\n\t\n\t<div id=\"accordion-362709207\" class=\"accordion-item\">\n\t\t<a id=\"accordion-362709207-label\" class=\"accordion-title plain\" href=\"#accordion-item-kan-man-f\u00e5-pr\u00f8ve-gratis?\" aria-expanded=\"false\" aria-controls=\"accordion-362709207-content\" >\n\t\t\t<button class=\"toggle\" aria-label=\"Toggle\"><i class=\"icon-angle-down\"><\/i><\/button>\n\t\t\t<span>Kan man f\u00e5 pr\u00f8ve gratis?<\/span>\n\t\t<\/a>\n\t\t<div id=\"accordion-362709207-content\" class=\"accordion-inner\" aria-labelledby=\"accordion-362709207-label\" >\n\t\t\t\n<p>NEI! Vi tilbyr ikke gratis tester. Hvis du vil pr\u00f8ve IPTV, har vi et 7-dagers pr\u00f8vetilbud for 99 kr.<\/p>\n\t\t<\/div>\n\t<\/div>\n\t\n<\/div>\n\t<div id=\"text-1577565556\" class=\"text\">\n\t\t\n<p>Har du sp\u00f8rsm\u00e5l eller bekymringer? Ikke n\u00f8l med \u00e5 kontakte <a href=\"https:\/\/nordicstream.io\/no\/kundservice\/\">v\u00e5r kundeservice!<\/a><br \/>\n\t\t\n<style>\n#text-1577565556 {\n  text-align: center;\n}\n<\/style>\n\t<\/div>\n\t\n\t\t<\/div>\n\t\t\t\t\t<\/div>\n\n\t\n<\/div>\n\t\t<\/div>\n\n\t\t\n<style>\n#section_1459949193 {\n  padding-top: 30px;\n  padding-bottom: 30px;\n  background-color: #0f5479;\n}\n<\/style>\n\t<\/section>\n\t\n","protected":false},"excerpt":{"rendered":"","protected":false},"author":1,"featured_media":0,"parent":0,"menu_order":0,"comment_status":"closed","ping_status":"closed","template":"page-blank.php","meta":{"_seopress_robots_primary_cat":"","_seopress_titles_title":"","_seopress_titles_desc":"","_seopress_robots_index":"","footnotes":""},"class_list":["post-550","page","type-page","status-publish","hentry"],"_links":{"self":[{"href":"https:\/\/nordicstream.io\/no\/wp-json\/wp\/v2\/pages\/550","targetHints":{"allow":["GET"]}}],"collection":[{"href":"https:\/\/nordicstream.io\/no\/wp-json\/wp\/v2\/pages"}],"about":[{"href":"https:\/\/nordicstream.io\/no\/wp-json\/wp\/v2\/types\/page"}],"author":[{"embeddable":true,"href":"https:\/\/nordicstream.io\/no\/wp-json\/wp\/v2\/users\/1"}],"replies":[{"embeddable":true,"href":"https:\/\/nordicstream.io\/no\/wp-json\/wp\/v2\/comments?post=550"}],"version-history":[{"count":54,"href":"https:\/\/nordicstream.io\/no\/wp-json\/wp\/v2\/pages\/550\/revisions"}],"predecessor-version":[{"id":9394,"href":"https:\/\/nordicstream.io\/no\/wp-json\/wp\/v2\/pages\/550\/revisions\/9394"}],"wp:attachment":[{"href":"https:\/\/nordicstream.io\/no\/wp-json\/wp\/v2\/media?parent=550"}],"curies":[{"name":"wp","href":"https:\/\/api.w.org\/{rel}","templated":true}]}}