{"id":571,"date":"2023-12-22T12:17:34","date_gmt":"2023-12-22T12:17:34","guid":{"rendered":"https:\/\/nordicstream.tv\/no\/?page_id=571"},"modified":"2024-07-30T11:54:42","modified_gmt":"2024-07-30T10:54:42","slug":"kundeservice","status":"publish","type":"page","link":"https:\/\/nordicstream.io\/no\/kundeservice\/","title":{"rendered":"Kundeservice"},"content":{"rendered":"\t<section class=\"section dark\" id=\"section_1322211802\">\n\t\t<div class=\"bg section-bg fill bg-fill  bg-loaded\" >\n\n\t\t\t\n\t\t\t\n\t\t\t\n\n\t\t<\/div>\n\n\t\t\n\n\t\t<div class=\"section-content relative\">\n\t\t\t\n<div class=\"row\"  id=\"row-636464325\">\n\n\t<div id=\"col-771731516\" class=\"col medium-6 small-12 large-6\"  >\n\t\t\t\t<div class=\"col-inner\"  >\n\t\t\t\n\t\t\t\n\t<div class=\"img has-hover x md-x lg-x y md-y lg-y\" id=\"image_1291764229\">\n\t\t\t\t\t\t\t\t<div class=\"img-inner dark\" >\n\t\t\t<img decoding=\"async\" width=\"599\" height=\"380\" src=\"https:\/\/nordicstream.io\/wp-content\/uploads\/sites\/5\/2023\/12\/nordic_stream_iptv.webp\" class=\"attachment-large size-large\" alt=\"\" \/>\t\t\t\t\t\t\n\t\t\t\t\t<\/div>\n\t\t\t\t\t\t\t\t\n<style>\n#image_1291764229 {\n  width: 100%;\n}\n<\/style>\n\t<\/div>\n\t\n\t\t<\/div>\n\t\t\t\t\t<\/div>\n\n\t\n\n\t<div id=\"col-92295864\" class=\"col medium-6 small-12 large-6\"  >\n\t\t\t\t<div class=\"col-inner\"  >\n\t\t\t\n\t\t\t\n<div class=\"elementor-element elementor-element-2876e88 elementor-widget elementor-widget-heading\" data-id=\"2876e88\" data-element_type=\"widget\" data-widget_type=\"heading.default\">\n<div class=\"elementor-widget-container\">\n<h4 class=\"elementor-heading-title elementor-size-default\">\u00c5pningstider kundeservice &#8211; Nordic Stream IPTV<\/h4>\n<\/div>\n<\/div>\n<div class=\"elementor-element elementor-element-a679af9 elementor-widget elementor-widget-text-editor\" data-id=\"a679af9\" data-element_type=\"widget\" data-widget_type=\"text-editor.default\">\n<div class=\"elementor-widget-container\">\n<p><strong>Man:<\/strong> <em>Stengt<\/em><br \/><strong>Tirs \u2013 Fre:<\/strong>\u00a0<em>15:00 \u2013 21:00<\/em><br \/><strong>L\u00f8r \u2013 S\u00f8n:<\/strong>\u00a0<em>12:00 \u2013 21:00<\/em><\/p>\n<p>F\u00f8r du kontakter Nordic Stream IPTV, sjekk om svaret p\u00e5 sp\u00f8rsm\u00e5let ditt finnes i FAQ eller i instruksjonene for din BOX eller APP. Utenfor \u00e5pningstidene kan du sende inn sp\u00f8rsm\u00e5let ditt via kontaktskjemaet nedenfor, og vi vil kontakte deg s\u00e5 snart som mulig. I noen tilfeller kan vi svare p\u00e5 sp\u00f8rsm\u00e5l utenfor v\u00e5re offisielle \u00e5pningstider. Vi hos Nordic Stream jobber kontinuerlig for \u00e5 forbedre din IPTV-opplevelse.<\/p>\n<\/div>\n<\/div>\n\t\t<\/div>\n\t\t\t\t\t<\/div>\n\n\t\n<\/div>\n<div class=\"row align-middle align-center\"  id=\"row-1957211106\">\n\n\t<div id=\"col-798390659\" class=\"col medium-6 small-12 large-6\"  >\n\t\t\t\t<div class=\"col-inner\"  >\n\t\t\t\n\t\t\t\n<div class=\"container section-title-container\" ><h4 class=\"section-title section-title-center\"><b><\/b><span class=\"section-title-main\" style=\"font-size:120%;\"><i class=\"icon-chat\" ><\/i>Kontakt oss<\/span><b><\/b><\/h4><\/div>\n\n<div class=\"wpcf7 no-js\" id=\"wpcf7-f17-o1\" lang=\"en-US\" dir=\"ltr\" data-wpcf7-id=\"17\">\n<div class=\"screen-reader-response\"><p role=\"status\" aria-live=\"polite\" aria-atomic=\"true\"><\/p> <ul><\/ul><\/div>\n<form action=\"\/no\/wp-json\/wp\/v2\/pages\/571#wpcf7-f17-o1\" method=\"post\" class=\"wpcf7-form init\" aria-label=\"Contact form\" novalidate=\"novalidate\" data-status=\"init\">\n<fieldset class=\"hidden-fields-container\"><input type=\"hidden\" name=\"_wpcf7\" value=\"17\" \/><input type=\"hidden\" name=\"_wpcf7_version\" value=\"6.1.5\" \/><input type=\"hidden\" name=\"_wpcf7_locale\" value=\"en_US\" \/><input type=\"hidden\" name=\"_wpcf7_unit_tag\" value=\"wpcf7-f17-o1\" \/><input type=\"hidden\" name=\"_wpcf7_container_post\" value=\"0\" \/><input type=\"hidden\" name=\"_wpcf7_posted_data_hash\" value=\"\" \/>\n<\/fieldset>\n<p><label>Ditt navn*<\/label><br \/>\n<span class=\"wpcf7-form-control-wrap\" data-name=\"your-name\"><input size=\"40\" maxlength=\"400\" class=\"wpcf7-form-control wpcf7-text wpcf7-validates-as-required\" aria-required=\"true\" aria-invalid=\"false\" value=\"\" type=\"text\" name=\"your-name\" \/><\/span>\n<\/p>\n<p><label>Din e-post*<\/label><br \/>\n<span class=\"wpcf7-form-control-wrap\" data-name=\"your-email\"><input size=\"40\" maxlength=\"400\" class=\"wpcf7-form-control wpcf7-email wpcf7-validates-as-required wpcf7-text wpcf7-validates-as-email\" aria-required=\"true\" aria-invalid=\"false\" value=\"\" type=\"email\" name=\"your-email\" \/><\/span>\n<\/p>\n<p><label>Ordrenummer eller brukernavn<\/label><br \/>\n<span class=\"wpcf7-form-control-wrap\" data-name=\"ordernr\"><input size=\"40\" maxlength=\"400\" class=\"wpcf7-form-control wpcf7-text\" aria-invalid=\"false\" value=\"\" type=\"text\" name=\"ordernr\" \/><\/span>\n<\/p>\n<p><label>Melding*<\/label><br \/>\n<span class=\"wpcf7-form-control-wrap\" data-name=\"your-message\"><textarea cols=\"40\" rows=\"10\" maxlength=\"2000\" class=\"wpcf7-form-control wpcf7-textarea\" aria-invalid=\"false\" name=\"your-message\"><\/textarea><\/span>\n<\/p>\n<p><span class=\"wpcf7-form-control-wrap\" data-name=\"quiz-742\"><label><span class=\"wpcf7-quiz-label\">Hva er 7 + to (Svar med bokstaver)*<\/span> <input size=\"40\" class=\"wpcf7-form-control wpcf7-quiz\" autocomplete=\"off\" aria-required=\"true\" aria-invalid=\"false\" type=\"text\" name=\"quiz-742\" \/><\/label><input type=\"hidden\" name=\"_wpcf7_quiz_answer_quiz-742\" value=\"c955a0d6bc0d7c121e4eb781ae9b51c8\" \/><\/span>\n<\/p>\n<p><input class=\"wpcf7-form-control wpcf7-submit has-spinner button\" type=\"submit\" value=\"Send\" \/>\n<\/p><div class=\"wpcf7-response-output\" aria-hidden=\"true\"><\/div>\n<\/form>\n<\/div>\n\n\t\t<\/div>\n\t\t\t\t\t<\/div>\n\n\t\n<\/div>\n\t\t<\/div>\n\n\t\t\n<style>\n#section_1322211802 {\n  padding-top: 30px;\n  padding-bottom: 30px;\n  background-color: #0f5479;\n}\n<\/style>\n\t<\/section>\n\t\n","protected":false},"excerpt":{"rendered":"","protected":false},"author":1,"featured_media":0,"parent":0,"menu_order":0,"comment_status":"closed","ping_status":"closed","template":"page-blank.php","meta":{"_seopress_robots_primary_cat":"","_seopress_titles_title":"","_seopress_titles_desc":"","_seopress_robots_index":"","footnotes":""},"class_list":["post-571","page","type-page","status-publish","hentry"],"_links":{"self":[{"href":"https:\/\/nordicstream.io\/no\/wp-json\/wp\/v2\/pages\/571","targetHints":{"allow":["GET"]}}],"collection":[{"href":"https:\/\/nordicstream.io\/no\/wp-json\/wp\/v2\/pages"}],"about":[{"href":"https:\/\/nordicstream.io\/no\/wp-json\/wp\/v2\/types\/page"}],"author":[{"embeddable":true,"href":"https:\/\/nordicstream.io\/no\/wp-json\/wp\/v2\/users\/1"}],"replies":[{"embeddable":true,"href":"https:\/\/nordicstream.io\/no\/wp-json\/wp\/v2\/comments?post=571"}],"version-history":[{"count":15,"href":"https:\/\/nordicstream.io\/no\/wp-json\/wp\/v2\/pages\/571\/revisions"}],"predecessor-version":[{"id":4981,"href":"https:\/\/nordicstream.io\/no\/wp-json\/wp\/v2\/pages\/571\/revisions\/4981"}],"wp:attachment":[{"href":"https:\/\/nordicstream.io\/no\/wp-json\/wp\/v2\/media?parent=571"}],"curies":[{"name":"wp","href":"https:\/\/api.w.org\/{rel}","templated":true}]}}