{"id":588,"date":"2023-12-22T12:39:45","date_gmt":"2023-12-22T12:39:45","guid":{"rendered":"https:\/\/nordicstream.tv\/no\/?page_id=588"},"modified":"2025-12-11T07:50:32","modified_gmt":"2025-12-11T06:50:32","slug":"guider","status":"publish","type":"page","link":"https:\/\/nordicstream.io\/no\/guider\/","title":{"rendered":"Guider"},"content":{"rendered":"\t<section class=\"section dark\" id=\"section_27482686\">\n\t\t<div class=\"bg section-bg fill bg-fill  bg-loaded\" >\n\n\t\t\t\n\t\t\t\n\t\t\t\n\n\t\t<\/div>\n\n\t\t\n\n\t\t<div class=\"section-content relative\">\n\t\t\t\n<div class=\"row\" style=\"max-width:800px\" id=\"row-135604984\">\n\n\t<div id=\"col-1920319819\" class=\"col small-12 large-12\"  >\n\t\t\t\t<div class=\"col-inner\"  >\n\t\t\t\n\t\t\t\n<div class=\"container section-title-container\" ><h3 class=\"section-title section-title-normal\"><b><\/b><span class=\"section-title-main\" >Guider<\/span><b><\/b><\/h3><\/div>\n<div class=\"elementor-element elementor-element-6cd147ce elementor-widget elementor-widget-heading\" data-id=\"6cd147ce\" data-element_type=\"widget\" data-widget_type=\"heading.default\">\n<div class=\"elementor-widget-container\">\n<h3 class=\"elementor-heading-title elementor-size-default\">F\u00e5 hjelp til \u00e5 komme i gang med din IPTV<\/h3>\n<\/div>\n<\/div>\n<section class=\"elementor-section elementor-inner-section elementor-element elementor-element-38a142a3 elementor-section-boxed elementor-section-height-default elementor-section-height-default\" data-id=\"38a142a3\" data-element_type=\"section\">\n<div class=\"elementor-container elementor-column-gap-no\">\n<div class=\"elementor-column elementor-col-50 elementor-inner-column elementor-element elementor-element-2b139e03\" data-id=\"2b139e03\" data-element_type=\"column\">\n<div class=\"elementor-widget-wrap elementor-element-populated\">\n<div class=\"elementor-element elementor-element-6ab515e8 elementor-widget elementor-widget-text-editor\" data-id=\"6ab515e8\" data-element_type=\"widget\" data-widget_type=\"text-editor.default\">\n<div class=\"elementor-widget-container\">\n<p>Vi st\u00f8tter en rekke forskjellige enheter og programvare, inkludert MAG, Formuler, Tvip, Android, Apple TV, iOS, nettbrett, mobiltelefoner, PC og mange flere. Her finner du guider og instruksjoner for hvordan du kommer i gang med <a href=\"https:\/\/nordicstream.io\/no\/\">IPTV<\/a> p\u00e5 enheten din. Hvis det mangler instruksjoner, kan du alltid kontakte oss via e-post, Telegram eller chat, s\u00e5 hjelper vi deg!<\/p>\n<\/div>\n<\/div>\n<div class=\"elementor-element elementor-element-910a04e elementor-widget elementor-widget-text-editor\" data-id=\"910a04e\" data-element_type=\"widget\" data-widget_type=\"text-editor.default\">\n<div class=\"elementor-widget-container\">\n<p><em>V\u00e6r oppmerksom p\u00e5 at mange apper har en midlertidig testperiode, og deretter m\u00e5 du kj\u00f8pe dem. Prisen kan du se p\u00e5 den aktuelle appens hjemmeside. Appene tilbys ikke av oss, men av tredjeparter, og prisene\/funksjonene kan vi ikke p\u00e5virke.<\/em><\/p>\n<\/div>\n<\/div>\n<\/div>\n<\/div>\n<\/div>\n<\/section>\n\t\t<\/div>\n\t\t\t\t\t<\/div>\n\n\t\n<\/div>\n<div class=\"row align-center row-dashed\" style=\"max-width:800px\" id=\"row-1083108276\">\n\n\t<div id=\"col-1761231312\" class=\"col medium-4 small-12 large-4\"  >\n\t\t\t\t<div class=\"col-inner\"  >\n\t\t\t\n\t\t\t\n\t<div class=\"box has-hover   has-hover box-shadow-2 box-shadow-3-hover box-shade dark box-text-bottom\" >\n\n\t\t<div class=\"box-image\" >\n\t\t\t<a href=\"https:\/\/nordicstream.io\/no\/guider\/tvip-s-box-instruksjoner\/\" >\t\t\t<div class=\"image-cover\" style=\"padding-top:100%;\">\n\t\t\t\t<img decoding=\"async\" width=\"300\" height=\"300\" src=\"https:\/\/nordicstream.io\/wp-content\/uploads\/sites\/5\/2024\/05\/tvip-logo.png\" class=\"attachment- size-\" alt=\"\" srcset=\"https:\/\/nordicstream.io\/wp-content\/uploads\/sites\/5\/2024\/05\/tvip-logo.png 300w, https:\/\/nordicstream.io\/wp-content\/uploads\/sites\/5\/2024\/05\/tvip-logo-280x280.png 280w, https:\/\/nordicstream.io\/wp-content\/uploads\/sites\/5\/2024\/05\/tvip-logo-100x100.png 100w\" sizes=\"(max-width: 300px) 100vw, 300px\" \/>\t\t\t\t\t\t\t\t<div class=\"shade\"><\/div>\t\t\t<\/div>\n\t\t\t<\/a>\t\t<\/div>\n\n\t\t<div class=\"box-text text-center\" >\n\t\t\t<div class=\"box-text-inner\">\n\t\t\t\t\n<h4>TViP S-Box<\/h4>\n\t\t\t<\/div>\n\t\t<\/div>\n\t<\/div>\n\t\n\t\t<\/div>\n\t\t\t\t\t<\/div>\n\n\t\n\n\t<div id=\"col-552615465\" class=\"col medium-4 small-12 large-4\"  >\n\t\t\t\t<div class=\"col-inner\"  >\n\t\t\t\n\t\t\t\n\t<div class=\"box has-hover   has-hover box-shadow-2 box-shadow-3-hover box-shade dark box-text-bottom\" >\n\n\t\t<div class=\"box-image\" >\n\t\t\t<a href=\"https:\/\/nordicstream.io\/no\/guider\/mag-box-instruksjoner\/\" >\t\t\t<div class=\"image-cover\" style=\"padding-top:100%;\">\n\t\t\t\t<img decoding=\"async\" width=\"300\" height=\"300\" src=\"https:\/\/nordicstream.io\/wp-content\/uploads\/sites\/5\/2024\/05\/mag-box-logo.png\" class=\"attachment- size-\" alt=\"\" srcset=\"https:\/\/nordicstream.io\/wp-content\/uploads\/sites\/5\/2024\/05\/mag-box-logo.png 300w, https:\/\/nordicstream.io\/wp-content\/uploads\/sites\/5\/2024\/05\/mag-box-logo-280x280.png 280w, https:\/\/nordicstream.io\/wp-content\/uploads\/sites\/5\/2024\/05\/mag-box-logo-100x100.png 100w\" sizes=\"(max-width: 300px) 100vw, 300px\" \/>\t\t\t\t\t\t\t\t<div class=\"shade\"><\/div>\t\t\t<\/div>\n\t\t\t<\/a>\t\t<\/div>\n\n\t\t<div class=\"box-text text-center\" >\n\t\t\t<div class=\"box-text-inner\">\n\t\t\t\t\n<h4>MAG Box<\/h4>\n\t\t\t<\/div>\n\t\t<\/div>\n\t<\/div>\n\t\n\t\t<\/div>\n\t\t\t\t\t<\/div>\n\n\t\n\n\t<div id=\"col-1959075611\" class=\"col medium-4 small-12 large-4\"  >\n\t\t\t\t<div class=\"col-inner\"  >\n\t\t\t\n\t\t\t\n\t<div class=\"box has-hover   has-hover box-shadow-2 box-shadow-3-hover box-shade dark box-text-bottom\" >\n\n\t\t<div class=\"box-image\" >\n\t\t\t<a href=\"https:\/\/nordicstream.io\/no\/guider\/formuler-instruksjoner\/\" >\t\t\t<div class=\"image-cover\" style=\"padding-top:100%;\">\n\t\t\t\t<img decoding=\"async\" width=\"300\" height=\"300\" src=\"https:\/\/nordicstream.io\/wp-content\/uploads\/sites\/5\/2024\/05\/images-1.png\" class=\"attachment- size-\" alt=\"\" srcset=\"https:\/\/nordicstream.io\/wp-content\/uploads\/sites\/5\/2024\/05\/images-1.png 300w, https:\/\/nordicstream.io\/wp-content\/uploads\/sites\/5\/2024\/05\/images-1-280x280.png 280w, https:\/\/nordicstream.io\/wp-content\/uploads\/sites\/5\/2024\/05\/images-1-100x100.png 100w\" sizes=\"(max-width: 300px) 100vw, 300px\" \/>\t\t\t\t\t\t\t\t<div class=\"shade\"><\/div>\t\t\t<\/div>\n\t\t\t<\/a>\t\t<\/div>\n\n\t\t<div class=\"box-text text-center\" >\n\t\t\t<div class=\"box-text-inner\">\n\t\t\t\t\n<h4>Formuler<\/h4>\n\t\t\t<\/div>\n\t\t<\/div>\n\t<\/div>\n\t\n\t\t<\/div>\n\t\t\t\t\t<\/div>\n\n\t\n\n\t<div id=\"col-1062675758\" class=\"col medium-4 small-12 large-4\"  >\n\t\t\t\t<div class=\"col-inner\"  >\n\t\t\t\n\t\t\t\n\t<div class=\"box has-hover   has-hover box-shadow-2 box-shadow-3-hover box-shade dark box-text-bottom\" >\n\n\t\t<div class=\"box-image\" >\n\t\t\t<a href=\"https:\/\/nordicstream.io\/no\/guider\/myiptv-player-instruksjoner\/\" >\t\t\t<div class=\"image-cover\" style=\"padding-top:100%;\">\n\t\t\t\t<img decoding=\"async\" width=\"300\" height=\"300\" src=\"https:\/\/nordicstream.io\/wp-content\/uploads\/sites\/5\/2024\/05\/windows-logo.png\" class=\"attachment- size-\" alt=\"\" srcset=\"https:\/\/nordicstream.io\/wp-content\/uploads\/sites\/5\/2024\/05\/windows-logo.png 300w, https:\/\/nordicstream.io\/wp-content\/uploads\/sites\/5\/2024\/05\/windows-logo-280x280.png 280w, https:\/\/nordicstream.io\/wp-content\/uploads\/sites\/5\/2024\/05\/windows-logo-100x100.png 100w\" sizes=\"(max-width: 300px) 100vw, 300px\" \/>\t\t\t\t\t\t\t\t<div class=\"shade\"><\/div>\t\t\t<\/div>\n\t\t\t<\/a>\t\t<\/div>\n\n\t\t<div class=\"box-text text-center\" >\n\t\t\t<div class=\"box-text-inner\">\n\t\t\t\t\n<h4>Windows<\/h4>\n\t\t\t<\/div>\n\t\t<\/div>\n\t<\/div>\n\t\n\t\t<\/div>\n\t\t\t\t\t<\/div>\n\n\t\n\n\t<div id=\"col-80287664\" class=\"col medium-4 small-12 large-4\"  >\n\t\t\t\t<div class=\"col-inner\"  >\n\t\t\t\n\t\t\t\n\t<div class=\"box has-hover   has-hover box-shadow-2 box-shadow-3-hover box-shade dark box-text-bottom\" >\n\n\t\t<div class=\"box-image\" >\n\t\t\t<a href=\"https:\/\/nordicstream.io\/no\/guider\/nvidia-shield-instruksjoner\/\" >\t\t\t<div class=\"image-cover\" style=\"padding-top:100%;\">\n\t\t\t\t<img decoding=\"async\" width=\"300\" height=\"300\" src=\"https:\/\/nordicstream.io\/wp-content\/uploads\/sites\/5\/2024\/05\/android-logo-ns.png\" class=\"attachment- size-\" alt=\"\" srcset=\"https:\/\/nordicstream.io\/wp-content\/uploads\/sites\/5\/2024\/05\/android-logo-ns.png 300w, https:\/\/nordicstream.io\/wp-content\/uploads\/sites\/5\/2024\/05\/android-logo-ns-280x280.png 280w, https:\/\/nordicstream.io\/wp-content\/uploads\/sites\/5\/2024\/05\/android-logo-ns-100x100.png 100w\" sizes=\"(max-width: 300px) 100vw, 300px\" \/>\t\t\t\t\t\t\t\t<div class=\"shade\"><\/div>\t\t\t<\/div>\n\t\t\t<\/a>\t\t<\/div>\n\n\t\t<div class=\"box-text text-center\" >\n\t\t\t<div class=\"box-text-inner\">\n\t\t\t\t\n<h4>Android<\/h4>\n\t\t\t<\/div>\n\t\t<\/div>\n\t<\/div>\n\t\n\t\t<\/div>\n\t\t\t\t\t<\/div>\n\n\t\n\n\t<div id=\"col-1886965844\" class=\"col medium-4 small-12 large-4\"  >\n\t\t\t\t<div class=\"col-inner\"  >\n\t\t\t\n\t\t\t\n\t<div class=\"box has-hover   has-hover box-shadow-2 box-shadow-3-hover box-shade dark box-text-bottom\" >\n\n\t\t<div class=\"box-image\" >\n\t\t\t<a href=\"https:\/\/nordicstream.io\/no\/guider\/appletv-instruksjoner\/\" >\t\t\t<div class=\"image-cover\" style=\"padding-top:100%;\">\n\t\t\t\t<img decoding=\"async\" width=\"300\" height=\"300\" src=\"https:\/\/nordicstream.io\/wp-content\/uploads\/sites\/5\/2024\/05\/appletv-logo-ns.png\" class=\"attachment- size-\" alt=\"\" srcset=\"https:\/\/nordicstream.io\/wp-content\/uploads\/sites\/5\/2024\/05\/appletv-logo-ns.png 300w, https:\/\/nordicstream.io\/wp-content\/uploads\/sites\/5\/2024\/05\/appletv-logo-ns-280x280.png 280w, https:\/\/nordicstream.io\/wp-content\/uploads\/sites\/5\/2024\/05\/appletv-logo-ns-100x100.png 100w\" sizes=\"(max-width: 300px) 100vw, 300px\" \/>\t\t\t\t\t\t\t\t<div class=\"shade\"><\/div>\t\t\t<\/div>\n\t\t\t<\/a>\t\t<\/div>\n\n\t\t<div class=\"box-text text-center\" >\n\t\t\t<div class=\"box-text-inner\">\n\t\t\t\t\n<h4>AppleTV<\/h4>\n\t\t\t<\/div>\n\t\t<\/div>\n\t<\/div>\n\t\n\t\t<\/div>\n\t\t\t\t\t<\/div>\n\n\t\n\n\t<div id=\"col-675854200\" class=\"col medium-4 small-12 large-4\"  >\n\t\t\t\t<div class=\"col-inner\"  >\n\t\t\t\n\t\t\t\n\t<div class=\"box has-hover   has-hover box-shadow-2 box-shadow-3-hover box-shade dark box-text-bottom\" >\n\n\t\t<div class=\"box-image\" >\n\t\t\t<a href=\"https:\/\/nordicstream.io\/no\/guider\/samsung-smart-tv-instruksjoner\/\" >\t\t\t<div class=\"image-cover\" style=\"padding-top:100%;\">\n\t\t\t\t<img decoding=\"async\" width=\"300\" height=\"300\" src=\"https:\/\/nordicstream.io\/wp-content\/uploads\/sites\/5\/2024\/05\/samsung-logo-ns.png\" class=\"attachment- size-\" alt=\"\" srcset=\"https:\/\/nordicstream.io\/wp-content\/uploads\/sites\/5\/2024\/05\/samsung-logo-ns.png 300w, https:\/\/nordicstream.io\/wp-content\/uploads\/sites\/5\/2024\/05\/samsung-logo-ns-280x280.png 280w, https:\/\/nordicstream.io\/wp-content\/uploads\/sites\/5\/2024\/05\/samsung-logo-ns-100x100.png 100w\" sizes=\"(max-width: 300px) 100vw, 300px\" \/>\t\t\t\t\t\t\t\t<div class=\"shade\"><\/div>\t\t\t<\/div>\n\t\t\t<\/a>\t\t<\/div>\n\n\t\t<div class=\"box-text text-center\" >\n\t\t\t<div class=\"box-text-inner\">\n\t\t\t\t\n<h4>Samsung Smart TV<\/h4>\n\t\t\t<\/div>\n\t\t<\/div>\n\t<\/div>\n\t\n\t\t<\/div>\n\t\t\t\t\t<\/div>\n\n\t\n\n\t<div id=\"col-1840566745\" class=\"col medium-4 small-12 large-4\"  >\n\t\t\t\t<div class=\"col-inner\"  >\n\t\t\t\n\t\t\t\n\t<div class=\"box has-hover   has-hover box-shadow-2 box-shadow-3-hover box-shade dark box-text-bottom\" >\n\n\t\t<div class=\"box-image\" >\n\t\t\t<a href=\"https:\/\/nordicstream.io\/no\/guider\/lg-webos-instruksjoner\/\" >\t\t\t<div class=\"image-cover\" style=\"padding-top:100%;\">\n\t\t\t\t<img decoding=\"async\" width=\"300\" height=\"300\" src=\"https:\/\/nordicstream.io\/wp-content\/uploads\/sites\/5\/2024\/05\/lg-logo-ns.png\" class=\"attachment- size-\" alt=\"\" srcset=\"https:\/\/nordicstream.io\/wp-content\/uploads\/sites\/5\/2024\/05\/lg-logo-ns.png 300w, https:\/\/nordicstream.io\/wp-content\/uploads\/sites\/5\/2024\/05\/lg-logo-ns-280x280.png 280w, https:\/\/nordicstream.io\/wp-content\/uploads\/sites\/5\/2024\/05\/lg-logo-ns-100x100.png 100w\" sizes=\"(max-width: 300px) 100vw, 300px\" \/>\t\t\t\t\t\t\t\t<div class=\"shade\"><\/div>\t\t\t<\/div>\n\t\t\t<\/a>\t\t<\/div>\n\n\t\t<div class=\"box-text text-center\" >\n\t\t\t<div class=\"box-text-inner\">\n\t\t\t\t\n<h4>LG WebOS<\/h4>\n\t\t\t<\/div>\n\t\t<\/div>\n\t<\/div>\n\t\n\t\t<\/div>\n\t\t\t\t\t<\/div>\n\n\t\n\n\t<div id=\"col-1039750381\" class=\"col medium-4 small-12 large-4\"  >\n\t\t\t\t<div class=\"col-inner\"  >\n\t\t\t\n\t\t\t\n\t<div class=\"box has-hover pp-tablet  has-hover box-shadow-2 box-shadow-3-hover box-shade dark box-text-bottom\" >\n\n\t\t<div class=\"box-image\" >\n\t\t\t<a href=\"https:\/\/nordicstream.io\/no\/guider\/mobile-devices-tablet\/\" >\t\t\t<div class=\"image-cover\" style=\"padding-top:100%;\">\n\t\t\t\t<img decoding=\"async\" src=\"https:\/\/nordicstream.io\/wp-content\/uploads\/sites\/5\/2025\/12\/tablet-704-1.svg\" class=\"attachment- size-\" alt=\"\" \/>\t\t\t\t\t\t\t\t<div class=\"shade\"><\/div>\t\t\t<\/div>\n\t\t\t<\/a>\t\t<\/div>\n\n\t\t<div class=\"box-text text-center\" >\n\t\t\t<div class=\"box-text-inner\">\n\t\t\t\t\n<h4>Mobile Devices \/ Tablet<\/h4>\n\t\t\t<\/div>\n\t\t<\/div>\n\t<\/div>\n\t\n\t\t<\/div>\n\t\t\t\t\t<\/div>\n\n\t\n<\/div>\n\t\t<\/div>\n\n\t\t\n<style>\n#section_27482686 {\n  padding-top: 30px;\n  padding-bottom: 30px;\n  background-color: #0f5479;\n}\n<\/style>\n\t<\/section>\n\t\n","protected":false},"excerpt":{"rendered":"","protected":false},"author":1,"featured_media":0,"parent":0,"menu_order":0,"comment_status":"closed","ping_status":"closed","template":"page-blank.php","meta":{"_seopress_robots_primary_cat":"","_seopress_titles_title":"","_seopress_titles_desc":"","_seopress_robots_index":"","footnotes":""},"class_list":["post-588","page","type-page","status-publish","hentry"],"_links":{"self":[{"href":"https:\/\/nordicstream.io\/no\/wp-json\/wp\/v2\/pages\/588","targetHints":{"allow":["GET"]}}],"collection":[{"href":"https:\/\/nordicstream.io\/no\/wp-json\/wp\/v2\/pages"}],"about":[{"href":"https:\/\/nordicstream.io\/no\/wp-json\/wp\/v2\/types\/page"}],"author":[{"embeddable":true,"href":"https:\/\/nordicstream.io\/no\/wp-json\/wp\/v2\/users\/1"}],"replies":[{"embeddable":true,"href":"https:\/\/nordicstream.io\/no\/wp-json\/wp\/v2\/comments?post=588"}],"version-history":[{"count":45,"href":"https:\/\/nordicstream.io\/no\/wp-json\/wp\/v2\/pages\/588\/revisions"}],"predecessor-version":[{"id":10868,"href":"https:\/\/nordicstream.io\/no\/wp-json\/wp\/v2\/pages\/588\/revisions\/10868"}],"wp:attachment":[{"href":"https:\/\/nordicstream.io\/no\/wp-json\/wp\/v2\/media?parent=588"}],"curies":[{"name":"wp","href":"https:\/\/api.w.org\/{rel}","templated":true}]}}