{"id":680,"date":"2023-12-25T13:18:28","date_gmt":"2023-12-25T13:18:28","guid":{"rendered":"https:\/\/nordicstream.tv\/no\/?page_id=680"},"modified":"2024-01-09T04:14:05","modified_gmt":"2024-01-09T03:14:05","slug":"tvip-s-box-instruksjoner","status":"publish","type":"page","link":"https:\/\/nordicstream.io\/no\/guider\/tvip-s-box-instruksjoner\/","title":{"rendered":"TViP S-Box Instruksjoner"},"content":{"rendered":"<div class=\"row align-center\"  id=\"row-946291380\">\n\n\t<div id=\"col-765376636\" class=\"col medium-7 small-12 large-7\"  >\n\t\t\t\t<div class=\"col-inner\"  >\n\t\t\t\n\t\t\t\n\t<div class=\"img has-hover x md-x lg-x y md-y lg-y\" id=\"image_2128070436\">\n\t\t\t\t\t\t\t\t<div class=\"img-inner dark\" >\n\t\t\t<img decoding=\"async\" width=\"1020\" height=\"524\" src=\"https:\/\/nordicstream.io\/wp-content\/uploads\/sites\/5\/2023\/12\/iptv_sverige.webp\" class=\"attachment-large size-large\" alt=\"\" srcset=\"https:\/\/nordicstream.io\/wp-content\/uploads\/sites\/5\/2023\/12\/iptv_sverige.webp 1021w, https:\/\/nordicstream.io\/wp-content\/uploads\/sites\/5\/2023\/12\/iptv_sverige-778x400.webp 778w, https:\/\/nordicstream.io\/wp-content\/uploads\/sites\/5\/2023\/12\/iptv_sverige-768x395.webp 768w, https:\/\/nordicstream.io\/wp-content\/uploads\/sites\/5\/2023\/12\/iptv_sverige-300x154.webp 300w, https:\/\/nordicstream.io\/wp-content\/uploads\/sites\/5\/2023\/12\/iptv_sverige-600x309.webp 600w\" sizes=\"(max-width: 1020px) 100vw, 1020px\" \/>\t\t\t\t\t\t\n\t\t\t\t\t<\/div>\n\t\t\t\t\t\t\t\t\n<style>\n#image_2128070436 {\n  width: 100%;\n}\n<\/style>\n\t<\/div>\n\t\n\t\t<\/div>\n\t\t\t\t\t<\/div>\n\n\t\n\n\t<div id=\"col-2140238008\" class=\"col medium-10 small-12 large-10\"  >\n\t\t\t\t<div class=\"col-inner\"  >\n\t\t\t\n\t\t\t\n<h3>TViP S-Box Instruksjoner<\/h3>\n<h4 class=\"elementor-heading-title elementor-size-default\">Disse instruksjonene er skrevet for 410\/412\/415\/605 og lignende.<\/h4>\n<p>Har du kj\u00f8pt en Tvip S412 anbefaler vi at du kobler til boksen din med en ethernet-kabel. Kobler du deg opp med WIFI, m\u00e5 du ogs\u00e5 regne med at du vil oppleve lag og frysninger i bildet.<\/p>\n<ol>\n<li>Koble til alt og start boksen<\/li>\n<li>Velg spr\u00e5k og tidssone og fullf\u00f8r oppdateringen av enheten til den nyeste programvaren<\/li>\n<li>Enheten starter p\u00e5 nytt etter oppdateringen<\/li>\n<li>G\u00e5 til Innstillinger og deretter til Nettverk<\/li>\n<li>Skriv ned MAC-adressen for aktivering av pr\u00f8vekonto eller kj\u00f8p av abonnement<\/li>\n<li>G\u00e5 til TV i venstremenyen og endre alle innstillingene slik at det blir slik:<\/li>\n<\/ol>\n<p>Streamkilde: Multicast UDPXY Server: MPEG-TS Buffering, msec: 5000 DVR-lagring: Ingen lagring Timeshift-lagring: Intern lagring Automatisk timeshift: P\u00c5 Innholdskilde: Webportal<\/p>\n<p>Under Innholdskilde: Webportal er det en knapp som det st\u00e5r Sett opp webportal p\u00e5. Trykk p\u00e5 den og sett f\u00f8lgende innstillinger:<\/p>\n<p>Portal-URL: <a href=\"http:\/\/dinurl:2095\/c\/\" target=\"_new\" rel=\"noopener\">http:\/\/dinurl:2095\/c\/<\/a> Portal Manager: Av Bruk webportal: Hele systemet API-modus: GSTB<\/p>\n<p>Deretter trykker du p\u00e5 Bruk.<\/p>\n<p>Nyere TV-er har vanskeligheter med \u00e5 synkronisere Oppdateringsfrekvens (Hertz\/FPS) med boksen, og da kan dere oppleve s\u00e5kalt FPS LAG. Dette l\u00f8ser dere ved \u00e5 g\u00e5 til Innstillinger \u2013 Skjerm og sette HDMI Auto Framerate til P\u00c5.<\/p>\n<p>FJERNKONTROLLSNARVEIER:<\/p>\n<p>Inne i en kanal: trykk p\u00e5 Forst\u00f8rrelsesglasset for \u00e5 endre spr\u00e5k\/undertekst (hvis det er tilgjengelig p\u00e5 kanalen) eller aktivere 3D MENY: Trykk p\u00e5 Aspect Ratio for \u00e5 endre bildeforhold, for eksempel 4:3, 16:9 osv. Tannhjul: \u00c5pner TVIP Systeminnstillinger Knappen nederst til venstre: Kan ogs\u00e5 endre Aspect Ratio i en kanal<\/p>\n\t\t<\/div>\n\t\t\t\t\t<\/div>\n\n\t\n<\/div>\n","protected":false},"excerpt":{"rendered":"","protected":false},"author":1,"featured_media":0,"parent":588,"menu_order":0,"comment_status":"closed","ping_status":"closed","template":"","meta":{"_seopress_robots_primary_cat":"","_seopress_titles_title":"","_seopress_titles_desc":"","_seopress_robots_index":"","footnotes":""},"class_list":["post-680","page","type-page","status-publish","hentry"],"_links":{"self":[{"href":"https:\/\/nordicstream.io\/no\/wp-json\/wp\/v2\/pages\/680","targetHints":{"allow":["GET"]}}],"collection":[{"href":"https:\/\/nordicstream.io\/no\/wp-json\/wp\/v2\/pages"}],"about":[{"href":"https:\/\/nordicstream.io\/no\/wp-json\/wp\/v2\/types\/page"}],"author":[{"embeddable":true,"href":"https:\/\/nordicstream.io\/no\/wp-json\/wp\/v2\/users\/1"}],"replies":[{"embeddable":true,"href":"https:\/\/nordicstream.io\/no\/wp-json\/wp\/v2\/comments?post=680"}],"version-history":[{"count":6,"href":"https:\/\/nordicstream.io\/no\/wp-json\/wp\/v2\/pages\/680\/revisions"}],"predecessor-version":[{"id":983,"href":"https:\/\/nordicstream.io\/no\/wp-json\/wp\/v2\/pages\/680\/revisions\/983"}],"up":[{"embeddable":true,"href":"https:\/\/nordicstream.io\/no\/wp-json\/wp\/v2\/pages\/588"}],"wp:attachment":[{"href":"https:\/\/nordicstream.io\/no\/wp-json\/wp\/v2\/media?parent=680"}],"curies":[{"name":"wp","href":"https:\/\/api.w.org\/{rel}","templated":true}]}}