{"id":684,"date":"2023-12-25T13:21:50","date_gmt":"2023-12-25T13:21:50","guid":{"rendered":"https:\/\/nordicstream.tv\/no\/?page_id=684"},"modified":"2024-01-09T04:16:51","modified_gmt":"2024-01-09T03:16:51","slug":"mag-box-instruksjoner","status":"publish","type":"page","link":"https:\/\/nordicstream.io\/no\/guider\/mag-box-instruksjoner\/","title":{"rendered":"MAG Box Instruksjoner"},"content":{"rendered":"<div class=\"row align-center\"  id=\"row-2109607731\">\n\n\t<div id=\"col-2092319466\" class=\"col medium-7 small-12 large-7\"  >\n\t\t\t\t<div class=\"col-inner\"  >\n\t\t\t\n\t\t\t\n\t<div class=\"img has-hover x md-x lg-x y md-y lg-y\" id=\"image_1127804101\">\n\t\t\t\t\t\t\t\t<div class=\"img-inner image-cover dark\" style=\"padding-top:56.25%;\">\n\t\t\t<img decoding=\"async\" width=\"500\" height=\"350\" src=\"https:\/\/nordicstream.io\/wp-content\/uploads\/sites\/5\/2023\/12\/tvip-set-top-box-v410-3_1-1-1.webp\" class=\"attachment-large size-large\" alt=\"\" srcset=\"https:\/\/nordicstream.io\/wp-content\/uploads\/sites\/5\/2023\/12\/tvip-set-top-box-v410-3_1-1-1.webp 500w, https:\/\/nordicstream.io\/wp-content\/uploads\/sites\/5\/2023\/12\/tvip-set-top-box-v410-3_1-1-1-300x210.webp 300w\" sizes=\"(max-width: 500px) 100vw, 500px\" \/>\t\t\t\t\t\t\n\t\t\t\t\t<\/div>\n\t\t\t\t\t\t\t\t\n<style>\n#image_1127804101 {\n  width: 100%;\n}\n<\/style>\n\t<\/div>\n\t\n\t\t<\/div>\n\t\t\t\t\t<\/div>\n\n\t\n\n\t<div id=\"col-1898212670\" class=\"col medium-10 small-12 large-10\"  >\n\t\t\t\t<div class=\"col-inner\"  >\n\t\t\t\n\t\t\t\n<h3>MAG Box Instruksjoner<\/h3>\n<h4 class=\"elementor-heading-title elementor-size-default\">MERK! Guiden forutsetter at du konfigurerer en helt ny enhet.<\/h4>\n<p>FOR DEG SOM HAR MAG256, HOPP OVER TRINN 2 (DA DEN GJ\u00d8R DETTE AUTOMATISK VED OPPSTART) OG HOPP OVER TRINN 4, DA DEN AUTOMATISK IDENTIFISERER KABELEN SOM ER TILKOBLET.<\/p>\n<p>G\u00e5 til Innstillinger, deretter Systeminnstillinger.<br \/>G\u00e5 ned til Programvareoppdatering, trykk OK og deretter den r\u00f8de knappen for \u00e5 oppdatere programvaren. Vent noen minutter, og boksen starter p\u00e5 nytt.<br \/>G\u00e5 til Innstillinger, deretter Systeminnstillinger.<br \/>G\u00e5 til Video og endre til 1080p og 1920&#215;1080. Trykk OK og g\u00e5 tilbake. (HOPP OVER DETTE TRINNET FOR MAG256 DA DEN AUTOMATISK GJENKJENNER DETTE)<br \/>G\u00e5 til Servere.<br \/>G\u00e5 til Generelt og skriv inn se.pool.ntp.org, trykk OK og g\u00e5 tilbake.<br \/>Trykk p\u00e5 Porter.<br \/>P\u00e5 den f\u00f8rste portalen skriver du inn f\u00f8lgende:<br \/>Portalnavn: NordicStream<br \/>Portal-URL: http:\/\/dinurl:2095\/c\/<br \/>Du trenger ikke \u00e5 fylle ut noe for de andre portalene. Trykk OK for \u00e5 lagre og g\u00e5 tilbake.<\/p>\n<p>G\u00e5 til Avanserte innstillinger og endre tidssonen til Europe\/Stockholm for \u00e5 f\u00e5 EPG til \u00e5 fungere. Trykk OK for \u00e5 lagre.<\/p>\n<p>G\u00e5 tilbake til startskjermbildet. Boksen vil si at den m\u00e5 starte p\u00e5 nytt for \u00e5 bruke de nye innstillingene. La den starte p\u00e5 nytt.<br \/>N\u00e5 vil du komme til v\u00e5r portal. F\u00f8r du begynner \u00e5 se p\u00e5 TV, m\u00e5 du gj\u00f8re \u00e9n siste ting. G\u00e5 til h\u00f8yre til du kommer til Innstillinger, deretter Avanserte innstillinger, og endre bufferst\u00f8rrelsen fra 0 til 15. G\u00e5 ned i listen og trykk OK.<\/p>\n<p>N\u00e5 kan du begynne \u00e5 se TV-kanaler fra hele verden.<\/p>\n\t\t<\/div>\n\t\t\t\t\t<\/div>\n\n\t\n<\/div>\n","protected":false},"excerpt":{"rendered":"","protected":false},"author":1,"featured_media":0,"parent":588,"menu_order":0,"comment_status":"closed","ping_status":"closed","template":"","meta":{"_seopress_robots_primary_cat":"","_seopress_titles_title":"","_seopress_titles_desc":"","_seopress_robots_index":"","footnotes":""},"class_list":["post-684","page","type-page","status-publish","hentry"],"_links":{"self":[{"href":"https:\/\/nordicstream.io\/no\/wp-json\/wp\/v2\/pages\/684","targetHints":{"allow":["GET"]}}],"collection":[{"href":"https:\/\/nordicstream.io\/no\/wp-json\/wp\/v2\/pages"}],"about":[{"href":"https:\/\/nordicstream.io\/no\/wp-json\/wp\/v2\/types\/page"}],"author":[{"embeddable":true,"href":"https:\/\/nordicstream.io\/no\/wp-json\/wp\/v2\/users\/1"}],"replies":[{"embeddable":true,"href":"https:\/\/nordicstream.io\/no\/wp-json\/wp\/v2\/comments?post=684"}],"version-history":[{"count":6,"href":"https:\/\/nordicstream.io\/no\/wp-json\/wp\/v2\/pages\/684\/revisions"}],"predecessor-version":[{"id":985,"href":"https:\/\/nordicstream.io\/no\/wp-json\/wp\/v2\/pages\/684\/revisions\/985"}],"up":[{"embeddable":true,"href":"https:\/\/nordicstream.io\/no\/wp-json\/wp\/v2\/pages\/588"}],"wp:attachment":[{"href":"https:\/\/nordicstream.io\/no\/wp-json\/wp\/v2\/media?parent=684"}],"curies":[{"name":"wp","href":"https:\/\/api.w.org\/{rel}","templated":true}]}}