{"id":703,"date":"2023-12-25T13:34:04","date_gmt":"2023-12-25T13:34:04","guid":{"rendered":"https:\/\/nordicstream.tv\/no\/?page_id=703"},"modified":"2024-01-09T04:21:44","modified_gmt":"2024-01-09T03:21:44","slug":"nvidia-shield-instruksjoner","status":"publish","type":"page","link":"https:\/\/nordicstream.io\/no\/guider\/nvidia-shield-instruksjoner\/","title":{"rendered":"NVidia Shield Instruksjoner"},"content":{"rendered":"<div class=\"row align-center\"  id=\"row-1294631901\">\n\n\t<div id=\"col-617562712\" class=\"col medium-7 small-12 large-7\"  >\n\t\t\t\t<div class=\"col-inner\"  >\n\t\t\t\n\t\t\t\n\t<div class=\"img has-hover x md-x lg-x y md-y lg-y\" id=\"image_1058917440\">\n\t\t\t\t\t\t\t\t<div class=\"img-inner image-cover dark\" style=\"padding-top:56.25%;\">\n\t\t\t<img decoding=\"async\" width=\"250\" height=\"250\" src=\"https:\/\/nordicstream.io\/wp-content\/uploads\/sites\/5\/2023\/12\/newappletv_7-pg510t2w94rz5izgtpbxcrk3ht5o1md2wcsjnfy8uc.webp\" class=\"attachment-original size-original\" alt=\"\" srcset=\"https:\/\/nordicstream.io\/wp-content\/uploads\/sites\/5\/2023\/12\/newappletv_7-pg510t2w94rz5izgtpbxcrk3ht5o1md2wcsjnfy8uc.webp 250w, https:\/\/nordicstream.io\/wp-content\/uploads\/sites\/5\/2023\/12\/newappletv_7-pg510t2w94rz5izgtpbxcrk3ht5o1md2wcsjnfy8uc-100x100.webp 100w\" sizes=\"(max-width: 250px) 100vw, 250px\" \/>\t\t\t\t\t\t\n\t\t\t\t\t<\/div>\n\t\t\t\t\t\t\t\t\n<style>\n#image_1058917440 {\n  width: 100%;\n}\n<\/style>\n\t<\/div>\n\t\n\t\t<\/div>\n\t\t\t\t\t<\/div>\n\n\t\n\n\t<div id=\"col-1763210308\" class=\"col medium-10 small-12 large-10\"  >\n\t\t\t\t<div class=\"col-inner\"  >\n\t\t\t\n\t\t\t\n<h3 class=\"elementor-heading-title elementor-size-default\">NVidia Shield Instruksjoner<\/h3>\n<h4 class=\"elementor-heading-title elementor-size-default\">Nvidia Shield, Xiaomi Mi-boks og andre Android TV-bokser.<\/h4>\n<p>Instruksjoner for Android-boks:<\/p>\n<ol>\n<li>\n<p>Last ned en hvilken som helst app fra Play Store som du \u00f8nsker \u00e5 bruke.<\/p>\n<\/li>\n<li>\n<p>Lim inn m3u-lenken du har mottatt fra oss i appen, eller bruk brukernavn og passord for \u00e5 logge inn.<\/p>\n<\/li>\n<\/ol>\n<p>Hvis du bruker v\u00e5r app, trenger du bare \u00e5 angi brukernavn og passord som du finner i lenken, hvis du leser den grundig.<\/p>\n<p>N\u00e5 er du klar til \u00e5 begynne \u00e5 se p\u00e5 TV.<\/p>\n\t\t<\/div>\n\t\t\t\t\t<\/div>\n\n\t\n<\/div>\n","protected":false},"excerpt":{"rendered":"","protected":false},"author":1,"featured_media":0,"parent":588,"menu_order":0,"comment_status":"closed","ping_status":"closed","template":"","meta":{"_seopress_robots_primary_cat":"","_seopress_titles_title":"","_seopress_titles_desc":"","_seopress_robots_index":"","footnotes":""},"class_list":["post-703","page","type-page","status-publish","hentry"],"_links":{"self":[{"href":"https:\/\/nordicstream.io\/no\/wp-json\/wp\/v2\/pages\/703","targetHints":{"allow":["GET"]}}],"collection":[{"href":"https:\/\/nordicstream.io\/no\/wp-json\/wp\/v2\/pages"}],"about":[{"href":"https:\/\/nordicstream.io\/no\/wp-json\/wp\/v2\/types\/page"}],"author":[{"embeddable":true,"href":"https:\/\/nordicstream.io\/no\/wp-json\/wp\/v2\/users\/1"}],"replies":[{"embeddable":true,"href":"https:\/\/nordicstream.io\/no\/wp-json\/wp\/v2\/comments?post=703"}],"version-history":[{"count":4,"href":"https:\/\/nordicstream.io\/no\/wp-json\/wp\/v2\/pages\/703\/revisions"}],"predecessor-version":[{"id":988,"href":"https:\/\/nordicstream.io\/no\/wp-json\/wp\/v2\/pages\/703\/revisions\/988"}],"up":[{"embeddable":true,"href":"https:\/\/nordicstream.io\/no\/wp-json\/wp\/v2\/pages\/588"}],"wp:attachment":[{"href":"https:\/\/nordicstream.io\/no\/wp-json\/wp\/v2\/media?parent=703"}],"curies":[{"name":"wp","href":"https:\/\/api.w.org\/{rel}","templated":true}]}}