{"id":706,"date":"2023-12-25T13:35:57","date_gmt":"2023-12-25T13:35:57","guid":{"rendered":"https:\/\/nordicstream.tv\/no\/?page_id=706"},"modified":"2024-01-09T04:20:27","modified_gmt":"2024-01-09T03:20:27","slug":"myiptv-player-instruksjoner","status":"publish","type":"page","link":"https:\/\/nordicstream.io\/no\/guider\/myiptv-player-instruksjoner\/","title":{"rendered":"MyIPTV Player Instruksjoner"},"content":{"rendered":"<div class=\"row align-center\"  id=\"row-1966685324\">\n\n\t<div id=\"col-2023245659\" class=\"col medium-7 small-12 large-7\"  >\n\t\t\t\t<div class=\"col-inner\"  >\n\t\t\t\n\t\t\t\n\t<div class=\"img has-hover x md-x lg-x y md-y lg-y\" id=\"image_476058030\">\n\t\t\t\t\t\t\t\t<div class=\"img-inner image-cover dark\" style=\"padding-top:56.25%;\">\n\t\t\t<img decoding=\"async\" width=\"400\" height=\"250\" src=\"https:\/\/nordicstream.io\/wp-content\/uploads\/sites\/5\/2023\/12\/MyIPTVPlayer01-pguch8kcmyoiztbrebc1f4duyhibfsaig9n1rgk79g.webp\" class=\"attachment-original size-original\" alt=\"\" srcset=\"https:\/\/nordicstream.io\/wp-content\/uploads\/sites\/5\/2023\/12\/MyIPTVPlayer01-pguch8kcmyoiztbrebc1f4duyhibfsaig9n1rgk79g.webp 400w, https:\/\/nordicstream.io\/wp-content\/uploads\/sites\/5\/2023\/12\/MyIPTVPlayer01-pguch8kcmyoiztbrebc1f4duyhibfsaig9n1rgk79g-300x188.webp 300w\" sizes=\"(max-width: 400px) 100vw, 400px\" \/>\t\t\t\t\t\t\n\t\t\t\t\t<\/div>\n\t\t\t\t\t\t\t\t\n<style>\n#image_476058030 {\n  width: 100%;\n}\n<\/style>\n\t<\/div>\n\t\n\t\t<\/div>\n\t\t\t\t\t<\/div>\n\n\t\n\n\t<div id=\"col-1068986221\" class=\"col medium-10 small-12 large-10\"  >\n\t\t\t\t<div class=\"col-inner\"  >\n\t\t\t\n\t\t\t\n<h3 class=\"elementor-heading-title elementor-size-default\">MyIPTV Player Instruksjoner<\/h3>\n<h4 class=\"elementor-heading-title elementor-size-default\">Kom i gang med MyIPTV<\/h4>\n<p>Installasjon av MyIPTV Player (Windows 10)<\/p>\n<p>MYIPTV Player (Windows 10) \u00c5pne appen og trykk p\u00e5 innstillinger (settings).<\/p>\n<p>Klikk p\u00e5 &laquo;Legg til ny spilleliste og EPG-kilde&raquo; (add new Playlist and epg source).<\/p>\n<p>Under fjernkanallisten (remote channel list):<\/p>\n<ul>\n<li>Navn: Skriv NordicStream<\/li>\n<li>Under URL: Lim inn m3u-lenken du har mottatt via e-post fra oss og trykk deretter p\u00e5 &laquo;Legg til fjernliste&raquo; (add remote list).<\/li>\n<\/ul>\n<p>Samme prosess gjelder for Programguide (EPG):<\/p>\n<ul>\n<li>Navn: NordicStream EPG<\/li>\n<li>EPG-kilde-URL: Lim inn EPG-filen du har mottatt via e-post fra oss og trykk deretter p\u00e5 &laquo;Legg til EPG-kilde&raquo; (Add EPG source).<\/li>\n<\/ul>\n<p>G\u00e5 n\u00e5 tilbake til innstillingene (settings) \u00f8verst til venstre.<\/p>\n<p>Velg n\u00e5 NordicStream under &laquo;Velg kanalliste&raquo; (Select channel list) og trykk p\u00e5 &laquo;Oppdater&raquo; (refresh).<\/p>\n<p>Samme prosess gjelder for \u00e5 velge EPG-kilde (select EPG source).<\/p>\n<p>N\u00e5 er du klar og kan begynne \u00e5 bruke IPTV-en din.<\/p>\n\t\t<\/div>\n\t\t\t\t\t<\/div>\n\n\t\n<\/div>\n","protected":false},"excerpt":{"rendered":"","protected":false},"author":1,"featured_media":0,"parent":588,"menu_order":0,"comment_status":"closed","ping_status":"closed","template":"","meta":{"_seopress_robots_primary_cat":"","_seopress_titles_title":"","_seopress_titles_desc":"","_seopress_robots_index":"","footnotes":""},"class_list":["post-706","page","type-page","status-publish","hentry"],"_links":{"self":[{"href":"https:\/\/nordicstream.io\/no\/wp-json\/wp\/v2\/pages\/706","targetHints":{"allow":["GET"]}}],"collection":[{"href":"https:\/\/nordicstream.io\/no\/wp-json\/wp\/v2\/pages"}],"about":[{"href":"https:\/\/nordicstream.io\/no\/wp-json\/wp\/v2\/types\/page"}],"author":[{"embeddable":true,"href":"https:\/\/nordicstream.io\/no\/wp-json\/wp\/v2\/users\/1"}],"replies":[{"embeddable":true,"href":"https:\/\/nordicstream.io\/no\/wp-json\/wp\/v2\/comments?post=706"}],"version-history":[{"count":5,"href":"https:\/\/nordicstream.io\/no\/wp-json\/wp\/v2\/pages\/706\/revisions"}],"predecessor-version":[{"id":987,"href":"https:\/\/nordicstream.io\/no\/wp-json\/wp\/v2\/pages\/706\/revisions\/987"}],"up":[{"embeddable":true,"href":"https:\/\/nordicstream.io\/no\/wp-json\/wp\/v2\/pages\/588"}],"wp:attachment":[{"href":"https:\/\/nordicstream.io\/no\/wp-json\/wp\/v2\/media?parent=706"}],"curies":[{"name":"wp","href":"https:\/\/api.w.org\/{rel}","templated":true}]}}