{"id":798,"date":"2023-12-31T15:53:41","date_gmt":"2023-12-31T15:53:41","guid":{"rendered":"https:\/\/nordicstream.tv\/no\/?page_id=798"},"modified":"2025-10-24T08:43:00","modified_gmt":"2025-10-24T07:43:00","slug":"formuler-instruksjoner","status":"publish","type":"page","link":"https:\/\/nordicstream.io\/no\/guider\/formuler-instruksjoner\/","title":{"rendered":"Formuler Instruksjoner"},"content":{"rendered":"<div class=\"row align-center\"  id=\"row-1025134107\">\n\n\t<div id=\"col-750930767\" class=\"col medium-7 small-12 large-7\"  >\n\t\t\t\t<div class=\"col-inner\"  >\n\t\t\t\n\t\t\t\n\t<div class=\"img has-hover x md-x lg-x y md-y lg-y\" id=\"image_513733378\">\n\t\t\t\t\t\t\t\t<div class=\"img-inner image-cover dark\" style=\"padding-top:56.25%;\">\n\t\t\t<img decoding=\"async\" width=\"640\" height=\"580\" src=\"https:\/\/nordicstream.io\/wp-content\/uploads\/sites\/5\/2023\/12\/82c044_caa04bd5c4a246f6be3b0fd40ecffb29mv2.webp\" class=\"attachment-large size-large\" alt=\"\" srcset=\"https:\/\/nordicstream.io\/wp-content\/uploads\/sites\/5\/2023\/12\/82c044_caa04bd5c4a246f6be3b0fd40ecffb29mv2.webp 640w, https:\/\/nordicstream.io\/wp-content\/uploads\/sites\/5\/2023\/12\/82c044_caa04bd5c4a246f6be3b0fd40ecffb29mv2-441x400.webp 441w, https:\/\/nordicstream.io\/wp-content\/uploads\/sites\/5\/2023\/12\/82c044_caa04bd5c4a246f6be3b0fd40ecffb29mv2-300x272.webp 300w, https:\/\/nordicstream.io\/wp-content\/uploads\/sites\/5\/2023\/12\/82c044_caa04bd5c4a246f6be3b0fd40ecffb29mv2-600x544.webp 600w\" sizes=\"(max-width: 640px) 100vw, 640px\" \/>\t\t\t\t\t\t\n\t\t\t\t\t<\/div>\n\t\t\t\t\t\t\t\t\n<style>\n#image_513733378 {\n  width: 100%;\n}\n<\/style>\n\t<\/div>\n\t\n\t\t<\/div>\n\t\t\t\t\t<\/div>\n\n\t\n<\/div>\n<h3 class=\"accordion_title\">Velg enhet.<\/h3><div class=\"accordion\">\n\t<div id=\"accordion-3290785896\" class=\"accordion-item\">\n\t\t<a id=\"accordion-3290785896-label\" class=\"accordion-title plain\" href=\"#accordion-item-formuler-mytvonline-2\" aria-expanded=\"false\" aria-controls=\"accordion-3290785896-content\" >\n\t\t\t<button class=\"toggle\" aria-label=\"Toggle\"><i class=\"icon-angle-down\"><\/i><\/button>\n\t\t\t<span>Formuler MyTVOnline 2<\/span>\n\t\t<\/a>\n\t\t<div id=\"accordion-3290785896-content\" class=\"accordion-inner\" aria-labelledby=\"accordion-3290785896-label\" >\n\t\t\t\n<div class=\"row align-center\"  id=\"row-1392190015\">\n\n\t<div id=\"col-1217562516\" class=\"col medium-10 small-12 large-10\"  >\n\t\t\t\t<div class=\"col-inner\"  >\n\t\t\t\n\t\t\t\n<h3>Formuler MyTVOnline 2<\/h3>\n<p><strong>Start Mytvonline2<\/strong><\/p>\n<p>Velg <strong>legg til portal<\/strong><\/p>\n<p><strong>Portal Kallenavn:<\/strong> NordicStream<\/p>\n<div>\u201c<strong>Innlogging kreves<\/strong>\u201d m\u00e5 v\u00e6re krysset av.<\/div>\n<div>\u00a0<\/div>\n<div>Skriv inn Xtream Codes-detaljene du mottok fra oss p\u00e5 e-post.<\/div>\n<div>\u00a0<\/div>\n<div><strong>Portal URL<\/strong>:<\/div>\n<div>\u00a0<\/div>\n<div>Brukernavn:<\/div>\n<div>\u00a0<\/div>\n<div>Passord:<\/div>\n<div>\u00a0<\/div>\n<p>Velg n\u00e5 <strong>OK<\/strong>, og kanalene skal lastes inn!<\/p>\n\t\t<\/div>\n\t\t\t\t\t<\/div>\n\n\t\n<\/div>\n\t\t<\/div>\n\t<\/div>\n\t\n\t<div id=\"accordion-1032579710\" class=\"accordion-item\">\n\t\t<a id=\"accordion-1032579710-label\" class=\"accordion-title plain\" href=\"#accordion-item-formuler-mytvonline-3\" aria-expanded=\"false\" aria-controls=\"accordion-1032579710-content\" >\n\t\t\t<button class=\"toggle\" aria-label=\"Toggle\"><i class=\"icon-angle-down\"><\/i><\/button>\n\t\t\t<span>Formuler MyTVOnline 3<\/span>\n\t\t<\/a>\n\t\t<div id=\"accordion-1032579710-content\" class=\"accordion-inner\" aria-labelledby=\"accordion-1032579710-label\" >\n\t\t\t\n<div class=\"row align-center\"  id=\"row-1137629890\">\n\n\t<div id=\"col-1828336050\" class=\"col medium-10 small-12 large-10\"  >\n\t\t\t\t<div class=\"col-inner\"  >\n\t\t\t\n\t\t\t\n<h3>Formuler MyTVOnline 3<\/h3>\n<p>&#8211; Start boksen og sett spr\u00e5ket og tr\u00e5dl\u00f8st nettverk hvis du bruker tr\u00e5dl\u00f8st.<\/p>\n<p>&#8211; Ethernet automatisk eller hopp over hvis du bruker tr\u00e5dl\u00f8st.<\/p>\n<p>&#8211; Velg region og land, sett tid og dato, og trykk p\u00e5 &laquo;Ferdig&raquo;.<\/p>\n<p>&#8211; Start oppdateringen som kommer opp, vent til den er fullf\u00f8rt.<\/p>\n<p>&#8211; Last ned Audio Optimizer-appen fra Market og kj\u00f8r den for at lyden skal fungere bra etterp\u00e5.<\/p>\n<p>&#8211; Start MytvOnline3 og trykk &laquo;Aksepter&raquo;.<\/p>\n<p>&#8211; Velg &laquo;Legg til portal&raquo;.<\/p>\n<p>&#8211; Portal Nickname<\/p>\n<p>&#8211; Hva du vil.<\/p>\n<p>&#8211; Portal URL<\/p>\n<p>&#8211; Portal-URL fra abonnementsopplysningene dine (sjekk e-posten din).<\/p>\n<p>&#8211; Velg &laquo;P\u00e5loggingsp\u00e5krevd&raquo; og fyll inn brukernavn og passord fra abonnementet ditt.<\/p>\n<p>&#8211; Guidetidskompensasjon<\/p>\n<p>&#8211; Ingen og hopp over ID og Avansert.<\/p>\n<p>&#8211; Trykk &laquo;Koble til&raquo;, deretter &laquo;Neste&raquo; og &laquo;Start SetupWizard&raquo;.<\/p>\n<p>&#8211; Velg om du vil fjerne land\/kategorier fra kanallisten din og deretter &laquo;Neste trinn&raquo;.<\/p>\n<p>&#8211; Gjenta med VOD og Serier &#8211; Alt ferdig, trykk &laquo;Se kanaler&raquo; for \u00e5 se p\u00e5 TV.<\/p>\n\t\t<\/div>\n\t\t\t\t\t<\/div>\n\n\t\n<\/div>\n\t\t<\/div>\n\t<\/div>\n\t\n<\/div>\n","protected":false},"excerpt":{"rendered":"","protected":false},"author":1,"featured_media":0,"parent":588,"menu_order":0,"comment_status":"closed","ping_status":"closed","template":"","meta":{"_seopress_robots_primary_cat":"","_seopress_titles_title":"","_seopress_titles_desc":"","_seopress_robots_index":"","footnotes":""},"class_list":["post-798","page","type-page","status-publish","hentry"],"_links":{"self":[{"href":"https:\/\/nordicstream.io\/no\/wp-json\/wp\/v2\/pages\/798","targetHints":{"allow":["GET"]}}],"collection":[{"href":"https:\/\/nordicstream.io\/no\/wp-json\/wp\/v2\/pages"}],"about":[{"href":"https:\/\/nordicstream.io\/no\/wp-json\/wp\/v2\/types\/page"}],"author":[{"embeddable":true,"href":"https:\/\/nordicstream.io\/no\/wp-json\/wp\/v2\/users\/1"}],"replies":[{"embeddable":true,"href":"https:\/\/nordicstream.io\/no\/wp-json\/wp\/v2\/comments?post=798"}],"version-history":[{"count":12,"href":"https:\/\/nordicstream.io\/no\/wp-json\/wp\/v2\/pages\/798\/revisions"}],"predecessor-version":[{"id":10572,"href":"https:\/\/nordicstream.io\/no\/wp-json\/wp\/v2\/pages\/798\/revisions\/10572"}],"up":[{"embeddable":true,"href":"https:\/\/nordicstream.io\/no\/wp-json\/wp\/v2\/pages\/588"}],"wp:attachment":[{"href":"https:\/\/nordicstream.io\/no\/wp-json\/wp\/v2\/media?parent=798"}],"curies":[{"name":"wp","href":"https:\/\/api.w.org\/{rel}","templated":true}]}}