{"id":820,"date":"2023-12-31T17:48:44","date_gmt":"2023-12-31T17:48:44","guid":{"rendered":"https:\/\/nordicstream.tv\/no\/?page_id=820"},"modified":"2024-05-23T10:31:43","modified_gmt":"2024-05-23T09:31:43","slug":"lg-webos-instruksjoner","status":"publish","type":"page","link":"https:\/\/nordicstream.io\/no\/guider\/lg-webos-instruksjoner\/","title":{"rendered":"LG WebOS Instruksjoner"},"content":{"rendered":"<div class=\"row align-center\"  id=\"row-1587560973\">\n\n\t<div id=\"col-1240069461\" class=\"col medium-7 small-12 large-7\"  >\n\t\t\t\t<div class=\"col-inner\"  >\n\t\t\t\n\t\t\t\n\t<div class=\"img has-hover x md-x lg-x y md-y lg-y\" id=\"image_69008337\">\n\t\t\t\t\t\t\t\t<div class=\"img-inner image-cover dark\" style=\"padding-top:56.25%;\">\n\t\t\t<img decoding=\"async\" width=\"866\" height=\"650\" src=\"https:\/\/nordicstream.io\/wp-content\/uploads\/sites\/5\/2023\/12\/200_lg.jpg\" class=\"attachment-large size-large\" alt=\"\" srcset=\"https:\/\/nordicstream.io\/wp-content\/uploads\/sites\/5\/2023\/12\/200_lg.jpg 866w, https:\/\/nordicstream.io\/wp-content\/uploads\/sites\/5\/2023\/12\/200_lg-533x400.jpg 533w, https:\/\/nordicstream.io\/wp-content\/uploads\/sites\/5\/2023\/12\/200_lg-768x576.jpg 768w, https:\/\/nordicstream.io\/wp-content\/uploads\/sites\/5\/2023\/12\/200_lg-300x225.jpg 300w, https:\/\/nordicstream.io\/wp-content\/uploads\/sites\/5\/2023\/12\/200_lg-600x450.jpg 600w\" sizes=\"(max-width: 866px) 100vw, 866px\" \/>\t\t\t\t\t\t\n\t\t\t\t\t<\/div>\n\t\t\t\t\t\t\t\t\n<style>\n#image_69008337 {\n  width: 100%;\n}\n<\/style>\n\t<\/div>\n\t\n\t\t<\/div>\n\t\t\t\t\t<\/div>\n\n\t\n<\/div>\n<h3 class=\"accordion_title\">Velg enhet<\/h3><div class=\"accordion\">\n\t<div id=\"accordion-3714118108\" class=\"accordion-item\">\n\t\t<a id=\"accordion-3714118108-label\" class=\"accordion-title plain\" href=\"#accordion-item-set-iptv\" aria-expanded=\"false\" aria-controls=\"accordion-3714118108-content\" >\n\t\t\t<button class=\"toggle\" aria-label=\"Toggle\"><i class=\"icon-angle-down\"><\/i><\/button>\n\t\t\t<span>Set IPTV<\/span>\n\t\t<\/a>\n\t\t<div id=\"accordion-3714118108-content\" class=\"accordion-inner\" aria-labelledby=\"accordion-3714118108-label\" >\n\t\t\t\n<div class=\"row align-center\"  id=\"row-2082134625\">\n\n\t<div id=\"col-213241796\" class=\"col medium-10 small-12 large-10\"  >\n\t\t\t\t<div class=\"col-inner\"  >\n\t\t\t\n\t\t\t\n<h3>Set IPTV<\/h3>\n<ul class=\"list\">\n<li>Last ned appen p\u00e5 din n\u00e5v\u00e6rende TV. S\u00f8k etter &laquo;SET IPTV&raquo;.<\/li>\n<li>\u00c5pne appen.<\/li>\n<li>Lagre MAC-adressen som vises.<\/li>\n<\/ul>\n<p><img decoding=\"async\" class=\"alignnone size-full wp-image-1006\" src=\"https:\/\/nordicstream.io\/no\/wp-content\/uploads\/sites\/5\/2024\/01\/5866134984090302435_120.jpg\" alt=\"\" width=\"509\" height=\"282\" srcset=\"https:\/\/nordicstream.io\/wp-content\/uploads\/sites\/5\/2024\/01\/5866134984090302435_120.jpg 509w, https:\/\/nordicstream.io\/wp-content\/uploads\/sites\/5\/2024\/01\/5866134984090302435_120-300x166.jpg 300w\" sizes=\"(max-width: 509px) 100vw, 509px\" \/><\/p>\n<ul class=\"list\">\n<li>G\u00e5 til <a href=\"https:\/\/setsysteme.com\/set.app\" target=\"_new\" rel=\"noopener\">https:\/\/setsysteme.com\/set.app<\/a>.<\/li>\n<li>Fyll inn TV MAC med MAC-adressen du fikk ovenfor fra appen.<\/li>\n<li>Lim inn M3U URL fra NordicStream, klikk p\u00e5 &laquo;I&#8217;m not a robot&raquo; og deretter p\u00e5 &laquo;SEND&raquo;.<\/li>\n<\/ul>\n<p><img decoding=\"async\" class=\"alignnone size-full wp-image-1005\" src=\"https:\/\/nordicstream.io\/no\/wp-content\/uploads\/sites\/5\/2024\/01\/5866134984090302434_120.jpg\" alt=\"\" width=\"605\" height=\"303\" srcset=\"https:\/\/nordicstream.io\/wp-content\/uploads\/sites\/5\/2024\/01\/5866134984090302434_120.jpg 605w, https:\/\/nordicstream.io\/wp-content\/uploads\/sites\/5\/2024\/01\/5866134984090302434_120-300x150.jpg 300w, https:\/\/nordicstream.io\/wp-content\/uploads\/sites\/5\/2024\/01\/5866134984090302434_120-600x300.jpg 600w\" sizes=\"(max-width: 605px) 100vw, 605px\" \/><\/p>\n<ul class=\"list\">\n<li>Start deretter appen p\u00e5 TV-en p\u00e5 nytt.<\/li>\n<\/ul>\n\t\t<\/div>\n\t\t\t\t\t<\/div>\n\n\t\n<\/div>\n\t\t<\/div>\n\t<\/div>\n\t\n\t<div id=\"accordion-3522091501\" class=\"accordion-item\">\n\t\t<a id=\"accordion-3522091501-label\" class=\"accordion-title plain\" href=\"#accordion-item-iptv-smarters\" aria-expanded=\"false\" aria-controls=\"accordion-3522091501-content\" >\n\t\t\t<button class=\"toggle\" aria-label=\"Toggle\"><i class=\"icon-angle-down\"><\/i><\/button>\n\t\t\t<span>IPTV Smarters<\/span>\n\t\t<\/a>\n\t\t<div id=\"accordion-3522091501-content\" class=\"accordion-inner\" aria-labelledby=\"accordion-3522091501-label\" >\n\t\t\t\n<p>Trinn 1. Trykk p\u00e5 Hjem-knappen p\u00e5 den smarte fjernkontrollen, naviger deretter til Apps.<\/p>\n<p>Trinn 2. Velg deretter S\u00f8k-ikonet i \u00f8verste h\u00f8yre hj\u00f8rne.<\/p>\n<p>Trinn 3. Skriv inn appnavnet &laquo;IPTV Smarters Pro&raquo; og installer det.<\/p>\n<p>Trinn 4. \u00c5pne applikasjonen og godta &laquo;Lisensavtalen&raquo;.<\/p>\n<p>Trinn 4. Angi dine spillelistdetaljer (brukernavn, passord og server-URL).<\/p>\n<p>Trinn 5. N\u00e5r du har lagt inn spillelisten din, vil den ta deg til dashbordet. Nyt IPTV Smarters-appen.<\/p>\n<p>Merk: Vi tilbyr ikke noen spilleliste eller medieinnhold.<\/p>\n\t\t<\/div>\n\t<\/div>\n\t\n\t<div id=\"accordion-3417207645\" class=\"accordion-item\">\n\t\t<a id=\"accordion-3417207645-label\" class=\"accordion-title plain\" href=\"#accordion-item-net-iptv\" aria-expanded=\"false\" aria-controls=\"accordion-3417207645-content\" >\n\t\t\t<button class=\"toggle\" aria-label=\"Toggle\"><i class=\"icon-angle-down\"><\/i><\/button>\n\t\t\t<span>Net IPTV<\/span>\n\t\t<\/a>\n\t\t<div id=\"accordion-3417207645-content\" class=\"accordion-inner\" aria-labelledby=\"accordion-3417207645-label\" >\n\t\t\t\n<ul class=\"list\">\n<li>Start med \u00e5 laste ned appen p\u00e5 din n\u00e5v\u00e6rende TV. S\u00f8k etter &laquo;NET IPTV&raquo;.<\/li>\n<li>\u00c5pne appen.<\/li>\n<li>Lagre MAC-adressen, som er plassert under den r\u00f8de pilen.<\/li>\n<\/ul>\n<p><img decoding=\"async\" class=\"alignnone size-full wp-image-1011\" src=\"https:\/\/nordicstream.io\/no\/wp-content\/uploads\/sites\/5\/2024\/01\/5866134984090302431_120.jpg\" alt=\"\" width=\"605\" height=\"286\" srcset=\"https:\/\/nordicstream.io\/wp-content\/uploads\/sites\/5\/2024\/01\/5866134984090302431_120.jpg 605w, https:\/\/nordicstream.io\/wp-content\/uploads\/sites\/5\/2024\/01\/5866134984090302431_120-300x142.jpg 300w, https:\/\/nordicstream.io\/wp-content\/uploads\/sites\/5\/2024\/01\/5866134984090302431_120-600x284.jpg 600w\" sizes=\"(max-width: 605px) 100vw, 605px\" \/><\/p>\n<ul class=\"list\">\n<li>G\u00e5 til <a href=\"https:\/\/netiptv.eu\/Upload\" target=\"_new\" rel=\"noopener\">https:\/\/netiptv.eu\/Upload<\/a>.<\/li>\n<li>Fyll inn TV-MAC med MAC-adressen du fikk fra appen.<\/li>\n<li>Klikk p\u00e5 &laquo;Legg til liste&raquo; (Add List).<\/li>\n<\/ul>\n<p><img decoding=\"async\" class=\"alignnone size-full wp-image-1010\" src=\"https:\/\/nordicstream.io\/no\/wp-content\/uploads\/sites\/5\/2024\/01\/5866134984090302432_120.jpg\" alt=\"\" width=\"605\" height=\"400\" srcset=\"https:\/\/nordicstream.io\/wp-content\/uploads\/sites\/5\/2024\/01\/5866134984090302432_120.jpg 605w, https:\/\/nordicstream.io\/wp-content\/uploads\/sites\/5\/2024\/01\/5866134984090302432_120-300x198.jpg 300w, https:\/\/nordicstream.io\/wp-content\/uploads\/sites\/5\/2024\/01\/5866134984090302432_120-600x397.jpg 600w\" sizes=\"(max-width: 605px) 100vw, 605px\" \/><\/p>\n<ul class=\"list\">\n<li>Deretter, lim inn din M3U-URL som ble gitt av NordicStream.<\/li>\n<li>Trykk p\u00e5 &laquo;Legg til liste&raquo; (Add List).<\/li>\n<\/ul>\n<p><img decoding=\"async\" class=\"alignnone size-medium wp-image-1009\" src=\"https:\/\/nordicstream.io\/no\/wp-content\/uploads\/sites\/5\/2024\/01\/5866134984090302433_120-255x400.jpg\" alt=\"\" width=\"255\" height=\"400\" srcset=\"https:\/\/nordicstream.io\/wp-content\/uploads\/sites\/5\/2024\/01\/5866134984090302433_120-255x400.jpg 255w, https:\/\/nordicstream.io\/wp-content\/uploads\/sites\/5\/2024\/01\/5866134984090302433_120-300x471.jpg 300w, https:\/\/nordicstream.io\/wp-content\/uploads\/sites\/5\/2024\/01\/5866134984090302433_120.jpg 436w\" sizes=\"(max-width: 255px) 100vw, 255px\" \/><\/p>\n<ul class=\"list\">\n<li>Start appen p\u00e5 TV-en p\u00e5 nytt.<\/li>\n<\/ul>\n\t\t<\/div>\n\t<\/div>\n\t\n\t<div id=\"accordion-2092792812\" class=\"accordion-item\">\n\t\t<a id=\"accordion-2092792812-label\" class=\"accordion-title plain\" href=\"#accordion-item-smart-iptv\" aria-expanded=\"false\" aria-controls=\"accordion-2092792812-content\" >\n\t\t\t<button class=\"toggle\" aria-label=\"Toggle\"><i class=\"icon-angle-down\"><\/i><\/button>\n\t\t\t<span>Smart IPTV<\/span>\n\t\t<\/a>\n\t\t<div id=\"accordion-2092792812-content\" class=\"accordion-inner\" aria-labelledby=\"accordion-2092792812-label\" >\n\t\t\t\n<ul class=\"list\">\n<li>Start med \u00e5 laste ned appen p\u00e5 din n\u00e5v\u00e6rende TV. S\u00f8k etter &laquo;Smart IPTV&raquo;.<\/li>\n<li>\u00c5pne appen.<\/li>\n<li>Lagre MAC-adressen som vist.<\/li>\n<\/ul>\n<p><img decoding=\"async\" class=\"alignnone size-full wp-image-1004\" src=\"https:\/\/nordicstream.io\/no\/wp-content\/uploads\/sites\/5\/2024\/01\/5866134984090302437_120.jpg\" alt=\"\" width=\"605\" height=\"352\" srcset=\"https:\/\/nordicstream.io\/wp-content\/uploads\/sites\/5\/2024\/01\/5866134984090302437_120.jpg 605w, https:\/\/nordicstream.io\/wp-content\/uploads\/sites\/5\/2024\/01\/5866134984090302437_120-300x175.jpg 300w, https:\/\/nordicstream.io\/wp-content\/uploads\/sites\/5\/2024\/01\/5866134984090302437_120-600x349.jpg 600w\" sizes=\"(max-width: 605px) 100vw, 605px\" \/><\/p>\n<ul class=\"list\">\n<li>G\u00e5 til <a href=\"https:\/\/siptv.app\/mylist\/\" target=\"_new\" rel=\"noopener\">https:\/\/siptv.app\/mylist\/<\/a>.<\/li>\n<li>Fyll inn MAC med MAC-adressen du fikk fra appen p\u00e5 TV-en din.<\/li>\n<li>Deretter lim inn din M3U URL der den gule pilen viser.<\/li>\n<li>VIKTIG: Fyll inn n\u00f8yaktig som den svarte pilen viser: IPTV og deaktiver plist-logoer, OG aktiver EPG-deteksjon.<\/li>\n<li>Klikk deretter p\u00e5 &laquo;Send&raquo; (Submit).<\/li>\n<\/ul>\n<p><img decoding=\"async\" class=\"alignnone size-medium wp-image-1003\" src=\"https:\/\/nordicstream.io\/no\/wp-content\/uploads\/sites\/5\/2024\/01\/5866187017619093775_121-521x400.jpg\" alt=\"\" width=\"521\" height=\"400\" srcset=\"https:\/\/nordicstream.io\/wp-content\/uploads\/sites\/5\/2024\/01\/5866187017619093775_121-521x400.jpg 521w, https:\/\/nordicstream.io\/wp-content\/uploads\/sites\/5\/2024\/01\/5866187017619093775_121-768x590.jpg 768w, https:\/\/nordicstream.io\/wp-content\/uploads\/sites\/5\/2024\/01\/5866187017619093775_121-300x230.jpg 300w, https:\/\/nordicstream.io\/wp-content\/uploads\/sites\/5\/2024\/01\/5866187017619093775_121-600x461.jpg 600w, https:\/\/nordicstream.io\/wp-content\/uploads\/sites\/5\/2024\/01\/5866187017619093775_121.jpg 945w\" sizes=\"(max-width: 521px) 100vw, 521px\" \/><\/p>\n<ul class=\"list\">\n<li>Start appen p\u00e5 TV-en p\u00e5 nytt.<\/li>\n<\/ul>\n\t\t<\/div>\n\t<\/div>\n\t\n\t<div id=\"accordion-4280120248\" class=\"accordion-item\">\n\t\t<a id=\"accordion-4280120248-label\" class=\"accordion-title plain\" href=\"#accordion-item-smart-stb\" aria-expanded=\"false\" aria-controls=\"accordion-4280120248-content\" >\n\t\t\t<button class=\"toggle\" aria-label=\"Toggle\"><i class=\"icon-angle-down\"><\/i><\/button>\n\t\t\t<span>Smart STB<\/span>\n\t\t<\/a>\n\t\t<div id=\"accordion-4280120248-content\" class=\"accordion-inner\" aria-labelledby=\"accordion-4280120248-label\" >\n\t\t\t\n<ul>\n<li>Last ned Smart STB-appen.<\/li>\n<li>Start appen n\u00e5r du ser &laquo;Loading portal&raquo; p\u00e5 TV-skjermen og trykk &laquo;ok&raquo; (knapp i midten).<\/li>\n<li>G\u00e5 til systeminnstillinger.<\/li>\n<li>Skriv ned den virtuelle MAC-adressen og oppgi den n\u00e5r du ber om en test eller kj\u00f8per et abonnement.<\/li>\n<li>G\u00e5 n\u00e5 til <a href=\"https:\/\/smart-stb.net\/\" target=\"_new\" rel=\"noopener\">https:\/\/smart-stb.net\/<\/a> og opprett en konto.<\/li>\n<li>Skriv inn programvare-ID p\u00e5 Smart STB-nettstedet.<\/li>\n<li>Under &laquo;portaler,&raquo; skriv f\u00f8lgende: <a href=\"http:\/\/dinurl:2095\/c\/\" target=\"_new\" rel=\"noopener\">http:\/\/dinurl:2095\/c\/<\/a><\/li>\n<li>Velg &laquo;Lagre&raquo; (Save).<\/li>\n<\/ul>\n\t\t<\/div>\n\t<\/div>\n\t\n\t<div id=\"accordion-1268690048\" class=\"accordion-item\">\n\t\t<a id=\"accordion-1268690048-label\" class=\"accordion-title plain\" href=\"#accordion-item-bay-iptv\" aria-expanded=\"false\" aria-controls=\"accordion-1268690048-content\" >\n\t\t\t<button class=\"toggle\" aria-label=\"Toggle\"><i class=\"icon-angle-down\"><\/i><\/button>\n\t\t\t<span>Bay IPTV<\/span>\n\t\t<\/a>\n\t\t<div id=\"accordion-1268690048-content\" class=\"accordion-inner\" aria-labelledby=\"accordion-1268690048-label\" >\n\t\t\t\n<ul>\n<li>\n<h3>Bay IPTV<\/h3>\n<ul>\n<li>G\u00e5 til TVens App-butikk<\/li>\n<li>S\u00f8k etter programmet Bay Iptv<\/li>\n<li>Det er i din TV App-butikk<br \/>Samsung apps \/ LG innhold<br \/>(Android-bokser s\u00f8ker i Google Play-butikken)<\/li>\n<li>N\u00e5r du har lastet ned Bay Iptv<\/li>\n<li>noter MAC-ADRESSEN din<\/li>\n<li>G\u00e5 til denne siden<br \/><a href=\"https:\/\/cms.bayip.tv\/\"><strong>https:\/\/cms.bayip.tv\/<\/strong><\/a><\/li>\n<\/ul>\n<h3>Fyll ut<\/h3>\n<ul>\n<li>MAC-adresse<\/li>\n<li>Spilleliste-navn<\/li>\n<li>M3u-spilleliste<\/li>\n<li>Merke av i boksen<\/li>\n<li>Jeg er ikke en robot<\/li>\n<li>Trykk p\u00e5 Envoyer<\/li>\n<\/ul>\n<p><strong>Husk at Bay Iptv er et betalt program som koster<\/strong><\/p>\n<ul>\n<li>\u20ac10 100 \u00e5r<\/li>\n<li>\u20ac5 2 \u00e5r<\/li>\n<li>Det er gratis i 7 dager, og n\u00e5r pr\u00f8veperioden er over, m\u00e5 du kj\u00f8pe programmet.<\/li>\n<li>Du gj\u00f8r dette her<br \/><a href=\"https:\/\/cms.bayip.tv\/packages\"><strong>https:\/\/cms.bayip.tv\/packages<\/strong><\/a><\/li>\n<li>Skriv inn MAC-adressen din og betal<\/li>\n<\/ul>\n<\/li>\n<\/ul>\n\t\t<\/div>\n\t<\/div>\n\t\n\t<div id=\"accordion-3867391879\" class=\"accordion-item\">\n\t\t<a id=\"accordion-3867391879-label\" class=\"accordion-title plain\" href=\"#accordion-item-bay-iptv\" aria-expanded=\"false\" aria-controls=\"accordion-3867391879-content\" >\n\t\t\t<button class=\"toggle\" aria-label=\"Toggle\"><i class=\"icon-angle-down\"><\/i><\/button>\n\t\t\t<span>Bay IPTV<\/span>\n\t\t<\/a>\n\t\t<div id=\"accordion-3867391879-content\" class=\"accordion-inner\" aria-labelledby=\"accordion-3867391879-label\" >\n\t\t\t\n<h3>IBO-spiller<\/h3>\n<ol>\n<li>G\u00e5 til TV-en din sin App Store<\/li>\n<li>S\u00f8k etter programmet IBO-spiller<\/li>\n<li>IBO-spilleren er tilgjengelig i Samsung-apper\/LG-innhold (Android-bokser kan s\u00f8ke i Google Play Butikk). N\u00e5r du har lastet ned IBO-spilleren, noter MAC-adressen din og enhetsn\u00f8kkelen<\/li>\n<li>G\u00e5 til denne siden <a href=\"https:\/\/iboiptv.com\/device\/login\"><strong>https:\/\/iboiptv.com\/device\/login<\/strong><\/a><\/li>\n<li>Fyll inn din MAC-adresse og enhetsn\u00f8kkel, trykk p\u00e5 innlogging<\/li>\n<li>Trykk p\u00e5<br \/>+ legg til spilleliste (M3u-lenke)<br \/>Fyll inn M3u- og EPG-lenke<\/li>\n<li>+ legg til XC-spilleliste (Xtream-koder)<br \/>Spillelistenavn<br \/>Brukernavn<br \/>Passord<br \/>Vert = server-URL<br \/>XMLTV EPG-URL<br \/>Sjekk Beskytt denne spillelisten<br \/>Trykk LAGRE<\/li>\n<li>Start IBO-spilleren p\u00e5 nytt, n\u00e5 skal spillelisten v\u00e6re lastet ned<\/li>\n<\/ol>\n<p>I film- og seriegruppene kan du spole fremover og pause etter behov. Direktesendt TV med klokken lar deg se opptil 72 timer tilbake<\/p>\n<p>Husk at <strong>IBO-spilleren<\/strong> er et betalt program som <strong>koster \u20ac6<\/strong><br \/><strong>Det er gratis i 7 dager<\/strong>, og n\u00e5r pr\u00f8veperioden er over, m\u00e5 du kj\u00f8pe programmet.<br \/>Gj\u00f8r dette her <a href=\"https:\/\/iboiptv.com\/device\/login\"><strong>https:\/\/iboiptv.com\/device\/login<\/strong><\/a><br \/>Velg Aktiver<\/p>\n\t\t<\/div>\n\t<\/div>\n\t\n<\/div>\n","protected":false},"excerpt":{"rendered":"","protected":false},"author":1,"featured_media":0,"parent":588,"menu_order":0,"comment_status":"closed","ping_status":"closed","template":"","meta":{"_seopress_robots_primary_cat":"","_seopress_titles_title":"","_seopress_titles_desc":"","_seopress_robots_index":"","footnotes":""},"class_list":["post-820","page","type-page","status-publish","hentry"],"_links":{"self":[{"href":"https:\/\/nordicstream.io\/no\/wp-json\/wp\/v2\/pages\/820","targetHints":{"allow":["GET"]}}],"collection":[{"href":"https:\/\/nordicstream.io\/no\/wp-json\/wp\/v2\/pages"}],"about":[{"href":"https:\/\/nordicstream.io\/no\/wp-json\/wp\/v2\/types\/page"}],"author":[{"embeddable":true,"href":"https:\/\/nordicstream.io\/no\/wp-json\/wp\/v2\/users\/1"}],"replies":[{"embeddable":true,"href":"https:\/\/nordicstream.io\/no\/wp-json\/wp\/v2\/comments?post=820"}],"version-history":[{"count":11,"href":"https:\/\/nordicstream.io\/no\/wp-json\/wp\/v2\/pages\/820\/revisions"}],"predecessor-version":[{"id":4681,"href":"https:\/\/nordicstream.io\/no\/wp-json\/wp\/v2\/pages\/820\/revisions\/4681"}],"up":[{"embeddable":true,"href":"https:\/\/nordicstream.io\/no\/wp-json\/wp\/v2\/pages\/588"}],"wp:attachment":[{"href":"https:\/\/nordicstream.io\/no\/wp-json\/wp\/v2\/media?parent=820"}],"curies":[{"name":"wp","href":"https:\/\/api.w.org\/{rel}","templated":true}]}}