{"id":825,"date":"2023-12-31T18:05:09","date_gmt":"2023-12-31T18:05:09","guid":{"rendered":"https:\/\/nordicstream.tv\/no\/?page_id=825"},"modified":"2024-01-09T04:25:00","modified_gmt":"2024-01-09T03:25:00","slug":"appletv-instruksjoner","status":"publish","type":"page","link":"https:\/\/nordicstream.io\/no\/guider\/appletv-instruksjoner\/","title":{"rendered":"AppleTV Instruksjoner"},"content":{"rendered":"<div class=\"row align-center\"  id=\"row-952403825\">\n\n\t<div id=\"col-1498743583\" class=\"col medium-7 small-12 large-7\"  >\n\t\t\t\t<div class=\"col-inner\"  >\n\t\t\t\n\t\t\t\n\t<div class=\"img has-hover x md-x lg-x y md-y lg-y\" id=\"image_2008731353\">\n\t\t\t\t\t\t\t\t<div class=\"img-inner image-cover dark\" style=\"padding-top:56.25%;\">\n\t\t\t<img decoding=\"async\" width=\"500\" height=\"350\" src=\"https:\/\/nordicstream.io\/wp-content\/uploads\/sites\/5\/2023\/12\/tvip-set-top-box-v410-3_1-2.webp\" class=\"attachment-large size-large\" alt=\"\" srcset=\"https:\/\/nordicstream.io\/wp-content\/uploads\/sites\/5\/2023\/12\/tvip-set-top-box-v410-3_1-2.webp 500w, https:\/\/nordicstream.io\/wp-content\/uploads\/sites\/5\/2023\/12\/tvip-set-top-box-v410-3_1-2-300x210.webp 300w\" sizes=\"(max-width: 500px) 100vw, 500px\" \/>\t\t\t\t\t\t\n\t\t\t\t\t<\/div>\n\t\t\t\t\t\t\t\t\n<style>\n#image_2008731353 {\n  width: 100%;\n}\n<\/style>\n\t<\/div>\n\t\n\t\t<\/div>\n\t\t\t\t\t<\/div>\n\n\t\n\n\t<div id=\"col-2000701171\" class=\"col medium-10 small-12 large-10\"  >\n\t\t\t\t<div class=\"col-inner\"  >\n\t\t\t\n\t\t\t\n<h3>AppleTV Instruksjoner<\/h3>\n<h4>MERK! Fungerer kun med Apple TV 4 og 4k!<\/h4>\n<ul>\n<li>Nedlast og installer GSE Smart Iptv Pro fra App Store til enheten din. Den Pro-versjonen av GSE Smart Iptv Pro koster omtrent SEK 50 i dag. Hvis du bare vil teste, anbefaler vi at du laster ned demoversjonen.<\/li>\n<li>Last ned appen og \u00e5pne den.<\/li>\n<\/ul>\n<p><img decoding=\"async\" class=\"alignnone size-medium wp-image-993\" src=\"https:\/\/nordicstream.io\/no\/wp-content\/uploads\/sites\/5\/2024\/01\/IPTV02-184x400.webp\" alt=\"\" width=\"184\" height=\"400\" srcset=\"https:\/\/nordicstream.io\/wp-content\/uploads\/sites\/5\/2024\/01\/IPTV02-184x400.webp 184w, https:\/\/nordicstream.io\/wp-content\/uploads\/sites\/5\/2024\/01\/IPTV02-369x800.webp 369w, https:\/\/nordicstream.io\/wp-content\/uploads\/sites\/5\/2024\/01\/IPTV02-300x651.webp 300w, https:\/\/nordicstream.io\/wp-content\/uploads\/sites\/5\/2024\/01\/IPTV02.webp 461w\" sizes=\"(max-width: 184px) 100vw, 184px\" \/><\/p>\n<ul>\n<li>Trykk p\u00e5 menyen \u00f8verst til venstre.<\/li>\n<\/ul>\n<p><img decoding=\"async\" class=\"alignnone size-medium wp-image-992\" src=\"https:\/\/nordicstream.io\/no\/wp-content\/uploads\/sites\/5\/2024\/01\/IPTV03-184x400.jpeg\" alt=\"\" width=\"184\" height=\"400\" srcset=\"https:\/\/nordicstream.io\/wp-content\/uploads\/sites\/5\/2024\/01\/IPTV03-184x400.jpeg 184w, https:\/\/nordicstream.io\/wp-content\/uploads\/sites\/5\/2024\/01\/IPTV03-369x800.jpeg 369w, https:\/\/nordicstream.io\/wp-content\/uploads\/sites\/5\/2024\/01\/IPTV03-300x651.jpeg 300w, https:\/\/nordicstream.io\/wp-content\/uploads\/sites\/5\/2024\/01\/IPTV03.jpeg 461w\" sizes=\"(max-width: 184px) 100vw, 184px\" \/><\/p>\n<ul>\n<li>G\u00e5 ned til Xtream Codes Api-fanen.<\/li>\n<\/ul>\n<p><img decoding=\"async\" class=\"alignnone size-medium wp-image-991\" src=\"https:\/\/nordicstream.io\/no\/wp-content\/uploads\/sites\/5\/2024\/01\/IPTV04-184x400.webp\" alt=\"\" width=\"184\" height=\"400\" srcset=\"https:\/\/nordicstream.io\/wp-content\/uploads\/sites\/5\/2024\/01\/IPTV04-184x400.webp 184w, https:\/\/nordicstream.io\/wp-content\/uploads\/sites\/5\/2024\/01\/IPTV04-369x800.webp 369w, https:\/\/nordicstream.io\/wp-content\/uploads\/sites\/5\/2024\/01\/IPTV04-300x651.webp 300w, https:\/\/nordicstream.io\/wp-content\/uploads\/sites\/5\/2024\/01\/IPTV04.webp 461w\" sizes=\"(max-width: 184px) 100vw, 184px\" \/><\/p>\n<ul>\n<li>Trykk p\u00e5 +.<\/li>\n<\/ul>\n<p><img decoding=\"async\" class=\"alignnone size-medium wp-image-990\" src=\"https:\/\/nordicstream.io\/no\/wp-content\/uploads\/sites\/5\/2024\/01\/IPTV05-184x400.webp\" alt=\"\" width=\"184\" height=\"400\" srcset=\"https:\/\/nordicstream.io\/wp-content\/uploads\/sites\/5\/2024\/01\/IPTV05-184x400.webp 184w, https:\/\/nordicstream.io\/wp-content\/uploads\/sites\/5\/2024\/01\/IPTV05-369x800.webp 369w, https:\/\/nordicstream.io\/wp-content\/uploads\/sites\/5\/2024\/01\/IPTV05-300x651.webp 300w, https:\/\/nordicstream.io\/wp-content\/uploads\/sites\/5\/2024\/01\/IPTV05.webp 461w\" sizes=\"(max-width: 184px) 100vw, 184px\" \/><\/p>\n<ul>\n<li>Navngi listen til NordicStream, legg inn informasjonen du mottok fra oss via e-post (Xtream Codes Logg inn). Merk av for automatisk oppdatering og legg til. Deretter klikker du p\u00e5 listen du opprettet (NordicStream).<\/li>\n<\/ul>\n<p><img decoding=\"async\" class=\"alignnone size-medium wp-image-989\" src=\"https:\/\/nordicstream.io\/no\/wp-content\/uploads\/sites\/5\/2024\/01\/IPTV06-184x400.webp\" alt=\"\" width=\"184\" height=\"400\" srcset=\"https:\/\/nordicstream.io\/wp-content\/uploads\/sites\/5\/2024\/01\/IPTV06-184x400.webp 184w, https:\/\/nordicstream.io\/wp-content\/uploads\/sites\/5\/2024\/01\/IPTV06-369x800.webp 369w, https:\/\/nordicstream.io\/wp-content\/uploads\/sites\/5\/2024\/01\/IPTV06-300x651.webp 300w, https:\/\/nordicstream.io\/wp-content\/uploads\/sites\/5\/2024\/01\/IPTV06.webp 461w\" sizes=\"(max-width: 184px) 100vw, 184px\" \/><\/p>\n<ul>\n<li>Trykk n\u00e5 p\u00e5 &laquo;Installer epg-data&raquo; n\u00e5r den er ferdig lastet, begynn bare \u00e5 se.<\/li>\n<\/ul>\n\t\t<\/div>\n\t\t\t\t\t<\/div>\n\n\t\n<\/div>\n","protected":false},"excerpt":{"rendered":"","protected":false},"author":1,"featured_media":0,"parent":588,"menu_order":0,"comment_status":"closed","ping_status":"closed","template":"","meta":{"_seopress_robots_primary_cat":"","_seopress_titles_title":"","_seopress_titles_desc":"","_seopress_robots_index":"","footnotes":""},"class_list":["post-825","page","type-page","status-publish","hentry"],"_links":{"self":[{"href":"https:\/\/nordicstream.io\/no\/wp-json\/wp\/v2\/pages\/825","targetHints":{"allow":["GET"]}}],"collection":[{"href":"https:\/\/nordicstream.io\/no\/wp-json\/wp\/v2\/pages"}],"about":[{"href":"https:\/\/nordicstream.io\/no\/wp-json\/wp\/v2\/types\/page"}],"author":[{"embeddable":true,"href":"https:\/\/nordicstream.io\/no\/wp-json\/wp\/v2\/users\/1"}],"replies":[{"embeddable":true,"href":"https:\/\/nordicstream.io\/no\/wp-json\/wp\/v2\/comments?post=825"}],"version-history":[{"count":7,"href":"https:\/\/nordicstream.io\/no\/wp-json\/wp\/v2\/pages\/825\/revisions"}],"predecessor-version":[{"id":995,"href":"https:\/\/nordicstream.io\/no\/wp-json\/wp\/v2\/pages\/825\/revisions\/995"}],"up":[{"embeddable":true,"href":"https:\/\/nordicstream.io\/no\/wp-json\/wp\/v2\/pages\/588"}],"wp:attachment":[{"href":"https:\/\/nordicstream.io\/no\/wp-json\/wp\/v2\/media?parent=825"}],"curies":[{"name":"wp","href":"https:\/\/api.w.org\/{rel}","templated":true}]}}