{"id":6826,"date":"2025-01-17T09:01:34","date_gmt":"2025-01-17T08:01:34","guid":{"rendered":"https:\/\/nordicstream.tv\/no\/?post_type=product&#038;p=6826"},"modified":"2026-01-19T10:16:29","modified_gmt":"2026-01-19T09:16:29","slug":"12-manader-iptv-z11-pro-box","status":"publish","type":"product","link":"https:\/\/nordicstream.io\/no\/bestill\/12-manader-iptv-z11-pro-box\/","title":{"rendered":"12 m\u00e5nader IPTV + Z11 PRO Box"},"content":{"rendered":"","protected":false},"excerpt":{"rendered":"<p>Kj\u00f8p ditt komplette og ferdiginstallerte IPTV-pakke her. Formula Z10-boksen + 12 m\u00e5neder inkludert. IPTV-abonnement med 12 000+ kanaler og over 25 000+ filmer og 5000+ serier.<\/p>\n<ul class=\"et_pb_pricing\">\n<li>Online 24\/7<\/li>\n<li>Premium-servrar<\/li>\n<li>12.000+ kanaler<\/li>\n<li>25.000+ VOD-filmer<\/li>\n<li>5000+ serier<\/li>\n<li>HD- och FHD-kvalitet<\/li>\n<li>Android, PC, Smart TV<\/li>\n<li>Mag, Tvip, Formuler, Enigma Supported m.m.<\/li>\n<\/ul>\n","protected":false},"featured_media":877,"template":"","meta":{"_seopress_robots_primary_cat":"none","_seopress_titles_title":"","_seopress_titles_desc":"","_seopress_robots_index":""},"product_brand":[],"product_cat":[78],"product_tag":[],"class_list":{"0":"post-6826","1":"product","2":"type-product","3":"status-publish","4":"has-post-thumbnail","6":"product_cat-tv-boks-abonnement","8":"first","9":"instock","10":"shipping-taxable","11":"purchasable","12":"product-type-variable"},"_links":{"self":[{"href":"https:\/\/nordicstream.io\/no\/wp-json\/wp\/v2\/product\/6826","targetHints":{"allow":["GET"]}}],"collection":[{"href":"https:\/\/nordicstream.io\/no\/wp-json\/wp\/v2\/product"}],"about":[{"href":"https:\/\/nordicstream.io\/no\/wp-json\/wp\/v2\/types\/product"}],"wp:featuredmedia":[{"embeddable":true,"href":"https:\/\/nordicstream.io\/no\/wp-json\/wp\/v2\/media\/877"}],"wp:attachment":[{"href":"https:\/\/nordicstream.io\/no\/wp-json\/wp\/v2\/media?parent=6826"}],"wp:term":[{"taxonomy":"product_brand","embeddable":true,"href":"https:\/\/nordicstream.io\/no\/wp-json\/wp\/v2\/product_brand?post=6826"},{"taxonomy":"product_cat","embeddable":true,"href":"https:\/\/nordicstream.io\/no\/wp-json\/wp\/v2\/product_cat?post=6826"},{"taxonomy":"product_tag","embeddable":true,"href":"https:\/\/nordicstream.io\/no\/wp-json\/wp\/v2\/product_tag?post=6826"}],"curies":[{"name":"wp","href":"https:\/\/api.w.org\/{rel}","templated":true}]}}